{"id":47034,"date":"2023-05-02T10:28:30","date_gmt":"2023-05-02T08:28:30","guid":{"rendered":"https:\/\/www.climatecoating.com\/epites-es-elet\/"},"modified":"2025-11-03T12:46:18","modified_gmt":"2025-11-03T11:46:18","slug":"epites-es-elet","status":"publish","type":"page","link":"https:\/\/www.climatecoating.com\/hu\/alkalmazasi-teruletek\/epites-es-elet\/","title":{"rendered":"\u00c9p\u00edt\u00e9s \u00e9s \u00e9let"},"content":{"rendered":"<div class=\"wpb-content-wrapper\"><p>[vc_row row_type=&#8221;row&#8221; use_row_as_full_screen_section=&#8221;no&#8221; type=&#8221;full_width&#8221; text_align=&#8221;left&#8221; background_animation=&#8221;none&#8221; padding_bottom=&#8221;45&#8243; css_animation=&#8221;&#8221;][vc_column][vc_single_image image=&#8221;56249&#8243; img_size=&#8221;full&#8221; css=&#8221;.vc_custom_1762170361604{padding-bottom: 30px !important;}&#8221; qode_css_animation=&#8221;&#8221;][vc_column_text]<\/p>\n<h1>\u00c9p\u00edteni \u00e9s lakni<\/h1>\n<p>[\/vc_column_text][vc_column_text css=&#8221;.vc_custom_1605017559591{padding-bottom: 30px !important;}&#8221;]Hossz\u00fa t\u00e1v\u00fa \u00e9rt\u00e9kmeg\u0151rz\u00e9s, t\u00e1mogatott lak\u00f3k\u00f6rnyezeti eg\u00e9szs\u00e9g \u00e9s energiatakar\u00e9koss\u00e1gi potenci\u00e1l &#8211; ezek azok az el\u0151ny\u00f6k, amelyeket a ClimateCoating<sup>\u00ae<\/sup> bevonatok k\u00edn\u00e1lnak m\u00e1s falfest\u00e9kekkel, tet\u0151- \u00e9s homlokzatbevonatokkal szemben. Fedezze fel a v\u00e1ltozatos probl\u00e9mamegold\u00e1si \u00e9s alkalmaz\u00e1si lehet\u0151s\u00e9geket![\/vc_column_text][vc_row_inner row_type=&#8221;row&#8221; type=&#8221;full_width&#8221; use_row_as_full_screen_section_slide=&#8221;no&#8221; text_align=&#8221;left&#8221; css_animation=&#8221;&#8221;][vc_column_inner width=&#8221;1\/4&#8243;][vc_column_text]ALKALMAZ\u00c1SOK<br \/>\nBELS\u0150[\/vc_column_text][vc_gallery interval=&#8221;5&#8243; images=&#8221;45629,45626,45794,45621,45623&#8243; img_size=&#8221;full&#8221; onclick=&#8221;&#8221; el_class=&#8221;flex-noarrows&#8221;][vc_separator type=&#8221;small&#8221; position=&#8221;left&#8221; border_style=&#8221;&#8221; up=&#8221;18&#8243; down=&#8221;20&#8243; color=&#8221;#d6202d&#8221;][vc_column_text]<a href=\"https:\/\/www.climatecoating.com\/hu\/alkalmazasi-teruletek\/vedelem-a-penesz-ellen\/\">V\u00e9delem a pen\u00e9sz ellen<\/a><\/p>\n<p>Szobahigi\u00e9nia<\/p>\n<p>Kondenz\u00e1tum megel\u0151z\u00e9s<\/p>\n<p>P\u00e1ratartalom szab\u00e1lyoz\u00e1s<\/p>\n<p>A belt\u00e9ri kl\u00edma jav\u00edt\u00e1sa<\/p>\n<p>\u00c9letkomfort<\/p>\n<p>Szagsemlegess\u00e9g<\/p>\n<p>Szennyez\u00e9ssel szembeni ellen\u00e1ll\u00e1s<\/p>\n<p>Energiatakar\u00e9koss\u00e1g<\/p>\n<p>Sz\u00ednstabilit\u00e1s<\/p>\n<p>Akusztikai javul\u00e1s<\/p>\n<p>Szennyez\u0151d\u00e9sek elt\u00e1vol\u00edt\u00e1sa fotokatal\u00edzissel<\/p>\n<p>Vil\u00e1gosabb szoba a f\u00e9nyvisszat\u00fckr\u00f6z\u00e9s miatt<\/p>\n<p>Mennyezeti burkol\u00f3lap \u00e1tfest\u00e9s<\/p>\n<p>V\u00e9d\u0151bevonat PU-habhoz[\/vc_column_text][\/vc_column_inner][vc_column_inner width=&#8221;1\/4&#8243;][vc_column_text]ALKALMAZ\u00c1SOK<br \/>\nK\u00dcLS\u0150[\/vc_column_text][vc_gallery interval=&#8221;5&#8243; images=&#8221;45609,45619,45797,45632,45628&#8243; img_size=&#8221;full&#8221; onclick=&#8221;&#8221; el_class=&#8221;flex-noarrows&#8221;][vc_separator type=&#8221;small&#8221; position=&#8221;left&#8221; border_style=&#8221;&#8221; up=&#8221;18&#8243; down=&#8221;20&#8243; color=&#8221;#d6202d&#8221;][vc_column_text]Energiatakar\u00e9koss\u00e1g<\/p>\n<p>Hossz\u00fa \u00e9lettartam<\/p>\n<p>Reped\u00e9smentess\u00e9g<\/p>\n<p>Robusztuss\u00e1g<\/p>\n<p>Szennyez\u0151d\u00e9s tasz\u00edt\u00f3 hat\u00e1s<\/p>\n<p>Nedvess\u00e9gkezel\u00e9s<\/p>\n<p>T\u0171zg\u00e1tl\u00e1s<\/p>\n<p>T\u00f6rt\u00e9nelmi homlokzatok k\u00edm\u00e9letes kisz\u00e1r\u00edt\u00e1sa<\/p>\n<p>A t\u00f6rt\u00e9nelmi homlokzatok \u00e9rt\u00e9k\u00e9nek meg\u0151rz\u00e9se<\/p>\n<p>V\u00e9d\u0151bevonat PU-habhoz[\/vc_column_text][\/vc_column_inner][vc_column_inner width=&#8221;1\/4&#8243;][vc_column_text]ALKALMAZ\u00c1SOK<br \/>\nTET\u0150[\/vc_column_text][vc_gallery interval=&#8221;3&#8243; images=&#8221;45611,45792,45791&#8243; img_size=&#8221;full&#8221; onclick=&#8221;&#8221; el_class=&#8221;flex-noarrows&#8221;][vc_separator type=&#8221;small&#8221; position=&#8221;left&#8221; border_style=&#8221;&#8221; up=&#8221;18&#8243; down=&#8221;20&#8243; color=&#8221;#d6202d&#8221;][vc_column_text]<a href=\"https:\/\/www.climatecoating.com\/hu\/alkalmazasi-teruletek\/hutes-es-hutesi-koltsegek-csokkentese\/\">H\u0171t\u00e9s \u00e9s h\u0171t\u00e9si k\u00f6lts\u00e9gek cs\u00f6kkent\u00e9se<\/a><\/p>\n<p>Id\u0151j\u00e1r\u00e1s elleni v\u00e9delem<\/p>\n<p>Reped\u00e9s\u00e1thidal\u00e1s<\/p>\n<p>H\u0151csillap\u00edt\u00e1s[\/vc_column_text][\/vc_column_inner][vc_column_inner width=&#8221;1\/4&#8243;][vc_column_text]ALKALMAZ\u00c1SOK<br \/>\nFA[\/vc_column_text][vc_gallery interval=&#8221;3&#8243; images=&#8221;45758,45757,45759&#8243; img_size=&#8221;full&#8221; onclick=&#8221;&#8221; el_class=&#8221;flex-noarrows&#8221;][vc_separator type=&#8221;small&#8221; position=&#8221;left&#8221; border_style=&#8221;&#8221; up=&#8221;18&#8243; down=&#8221;20&#8243; color=&#8221;#d6202d&#8221;][vc_column_text]Hossz\u00fa t\u00e1v\u00fa id\u0151j\u00e1r\u00e1s elleni v\u00e9delem a fa sz\u00e1m\u00e1ra[\/vc_column_text][\/vc_column_inner][\/vc_row_inner][\/vc_column][\/vc_row][vc_row row_type=&#8221;row&#8221; use_row_as_full_screen_section=&#8221;no&#8221; type=&#8221;full_width&#8221; text_align=&#8221;left&#8221; background_animation=&#8221;none&#8221; css_animation=&#8221;&#8221;][vc_column]<div class=\"templatera_shortcode\"><div     class=\"vc_row wpb_row section vc_row-fluid backlink\" style=' text-align:left;'><div class=\" full_section_inner clearfix\"><div class=\"wpb_column vc_column_container vc_col-sm-12\"><div class=\"vc_column-inner\"><div class=\"wpb_wrapper\">\n\t<div class=\"wpb_text_column wpb_content_element \">\n\t\t<div class=\"wpb_wrapper\">\n\t\t\t<p style=\"text-align: center;\"><strong><a href=\"https:\/\/www.climatecoating.com\/hu\/alkalmazasi-teruletek\/\">&lt;&lt; Vissza az alkalmaz\u00e1si ter\u00fcletek \u00e1ttekint\u00e9s\u00e9hez<\/a><\/strong><\/p>\n\n\t\t<\/div>\n\t<\/div><\/div><\/div><\/div><\/div><\/div><\/div>[\/vc_column][\/vc_row]<\/p>\n<\/div>","protected":false},"excerpt":{"rendered":"\u00c9p\u00edteni \u00e9s lakni Hossz\u00fa t\u00e1v\u00fa \u00e9rt\u00e9kmeg\u0151rz\u00e9s, t\u00e1mogatott lak\u00f3k\u00f6rnyezeti eg\u00e9szs\u00e9g \u00e9s energiatakar\u00e9koss\u00e1gi potenci\u00e1l - ezek azok az el\u0151ny\u00f6k, amelyeket a ClimateCoating\u00ae bevonatok k\u00edn\u00e1lnak m\u00e1s falfest\u00e9kekkel, tet\u0151- \u00e9s homlokzatbevonatokkal szemben. Fedezze fel a v\u00e1ltozatos probl\u00e9mamegold\u00e1si \u00e9s alkalmaz\u00e1si lehet\u0151s\u00e9geket! ALKALMAZ\u00c1SOK BELS\u0150 V\u00e9delem a pen\u00e9sz ellen Szobahigi\u00e9nia Kondenz\u00e1tum megel\u0151z\u00e9s...","protected":false},"author":1,"featured_media":0,"parent":47144,"menu_order":105,"comment_status":"closed","ping_status":"closed","template":"","meta":{"footnotes":""},"class_list":["post-47034","page","type-page","status-publish","hentry"],"_links":{"self":[{"href":"https:\/\/www.climatecoating.com\/hu\/wp-json\/wp\/v2\/pages\/47034","targetHints":{"allow":["GET"]}}],"collection":[{"href":"https:\/\/www.climatecoating.com\/hu\/wp-json\/wp\/v2\/pages"}],"about":[{"href":"https:\/\/www.climatecoating.com\/hu\/wp-json\/wp\/v2\/types\/page"}],"author":[{"embeddable":true,"href":"https:\/\/www.climatecoating.com\/hu\/wp-json\/wp\/v2\/users\/1"}],"replies":[{"embeddable":true,"href":"https:\/\/www.climatecoating.com\/hu\/wp-json\/wp\/v2\/comments?post=47034"}],"version-history":[{"count":1,"href":"https:\/\/www.climatecoating.com\/hu\/wp-json\/wp\/v2\/pages\/47034\/revisions"}],"predecessor-version":[{"id":59609,"href":"https:\/\/www.climatecoating.com\/hu\/wp-json\/wp\/v2\/pages\/47034\/revisions\/59609"}],"up":[{"embeddable":true,"href":"https:\/\/www.climatecoating.com\/hu\/wp-json\/wp\/v2\/pages\/47144"}],"wp:attachment":[{"href":"https:\/\/www.climatecoating.com\/hu\/wp-json\/wp\/v2\/media?parent=47034"}],"curies":[{"name":"wp","href":"https:\/\/api.w.org\/{rel}","templated":true}]}}