{"id":47050,"date":"2023-05-02T10:28:31","date_gmt":"2023-05-02T08:28:31","guid":{"rendered":"https:\/\/www.climatecoating.com\/fenntarthatosag-es-kornyezetvedelem\/"},"modified":"2025-11-28T14:30:54","modified_gmt":"2025-11-28T13:30:54","slug":"fenntarthatosag-es-kornyezetvedelem","status":"publish","type":"page","link":"https:\/\/www.climatecoating.com\/hu\/ceg\/fenntarthatosag-es-kornyezetvedelem\/","title":{"rendered":"Fenntarthat\u00f3s\u00e1g \u00e9s k\u00f6rnyezetv\u00e9delem"},"content":{"rendered":"<div class=\"wpb-content-wrapper\"><p>[vc_row row_type=&#8221;row&#8221; use_row_as_full_screen_section=&#8221;no&#8221; type=&#8221;full_width&#8221; text_align=&#8221;left&#8221; background_animation=&#8221;none&#8221; padding_bottom=&#8221;45&#8243; css_animation=&#8221;&#8221;][vc_column][vc_single_image image=&#8221;60338&#8243; img_size=&#8221;full&#8221; css=&#8221;.vc_custom_1764336635195{padding-bottom: 30px !important;}&#8221; qode_css_animation=&#8221;&#8221;][vc_row_inner row_type=&#8221;row&#8221; type=&#8221;full_width&#8221; use_row_as_full_screen_section_slide=&#8221;no&#8221; text_align=&#8221;left&#8221; css_animation=&#8221;&#8221;][vc_column_inner width=&#8221;1\/4&#8243;]<div class=\"ult_row_spacer\"><div class=\"ult-sticky-anchor\"><div class=\"ult-sticky-section ult-sticky \"  data-gutter= '100' data-stick_behaviour= 'stick_with_scroll_row'  data-sticky_position= 'top' data-mobile='no' data-support='no'>[vc_raw_html]W2Ntd2l6YXJkIHdpZGdldD0iMiIgL10=[\/vc_raw_html]<\/div><div class=\"ult-space\"><\/div><\/div><\/div>[\/vc_column_inner][vc_column_inner width=&#8221;3\/4&#8243;][vc_column_text]<\/p>\n<h1>Fenntarthat\u00f3s\u00e1g \u00e9s k\u00f6rnyezetv\u00e9delem<\/h1>\n<p><strong>Term\u00e9kfejleszt\u00e9s\u00fcnk vez\u00e9relve: <em>A kevesebb t\u00f6bb<\/em><\/strong><\/p>\n<p>Olyan term\u00e9keket \u00e1ll\u00edtunk el\u0151, amelyek hozz\u00e1adott \u00e9rt\u00e9ket k\u00e9pviselnek az emberek \u00e9s a k\u00f6rnyezet sz\u00e1m\u00e1ra. Kevesebb energiafogyaszt\u00e1s, kevesebb er\u0151forr\u00e1s felhaszn\u00e1l\u00e1sa. Cser\u00e9be t\u00f6bb energia takar\u00edthat\u00f3 meg, \u00e9s az \u00e9p\u00fcletek \u00e9rt\u00e9ke hossz\u00fa t\u00e1von megmarad.<\/p>\n<p><strong>A term\u00e9kmin\u0151s\u00e9g jelz\u0151t\u00e1bl\u00e1ja: <em>legmagasabb szint<\/em><\/strong><\/p>\n<p>Minden egyes l\u00e9p\u00e9s\u00fcnket \u00e9s megk\u00f6zel\u00edt\u00e9s\u00fcnket minden nap megk\u00e9rd\u0151jelezz\u00fck. Biztos\u00edtjuk, hogy minden t\u00e9tel, amely elhagyja a h\u00e1zunkat, a legjobb min\u0151s\u00e9g\u0171 legyen.<\/p>\n<p><strong>\u00datmutat\u00f3 a k\u00f6rnyezeti fenntarthat\u00f3s\u00e1ghoz:<em> Felel\u0151ss\u00e9g <\/em> <\/strong><\/p>\n<p>Olyan besz\u00e1ll\u00edt\u00f3kat kerest\u00fcnk, akik maguk is k\u00f6vetik a k\u00f6rnyezetbar\u00e1t gazd\u00e1lkod\u00e1s elv\u00e9t, \u00e9s felel\u0151ss\u00e9get v\u00e1llalnak a k\u00f6rnyezet\u00e9rt.[\/vc_column_text][\/vc_column_inner][\/vc_row_inner][\/vc_column][\/vc_row][vc_row row_type=&#8221;row&#8221; use_row_as_full_screen_section=&#8221;no&#8221; type=&#8221;full_width&#8221; text_align=&#8221;left&#8221; background_animation=&#8221;none&#8221; css_animation=&#8221;&#8221; css=&#8221;.vc_custom_1613667582104{padding-bottom: 30px !important;}&#8221;][vc_column][vc_separator type=&#8221;normal&#8221; border_style=&#8221;&#8221;][vc_row_inner row_type=&#8221;row&#8221; type=&#8221;full_width&#8221; use_row_as_full_screen_section_slide=&#8221;no&#8221; text_align=&#8221;left&#8221; css_animation=&#8221;&#8221;][vc_column_inner width=&#8221;2\/5&#8243;][vc_column_text]<\/p>\n<h3>A min\u0151s\u00e9gpolitik\u00e1ban \u00e9s a k\u00f6rnyezetv\u00e9delmi politik\u00e1ban megfogalmazott elveink<\/h3>\n<p>A min\u0151s\u00e9g- \u00e9s k\u00f6rnyezetv\u00e9delmi politika a v\u00e1llalati politik\u00e1nk r\u00e9sz\u00e9t k\u00e9pezi, \u00e9s a SICC Coatings GmbH ig\u00e9ny\u00e9t fejezi ki a term\u00e9k \u00e9s a szolg\u00e1ltat\u00e1s magas min\u0151s\u00e9g\u00e9re vonatkoz\u00f3an \u00fcgyfeleink, a v\u00e1llalat alkalmazottai \u00e9s minden \u00e9rdekcsoport fel\u00e9.<\/p>\n<p>Ugyanakkor a SICC Coatings GmbH elk\u00f6telezett a v\u00e1llalatspecifikus k\u00f6rnyezeti hat\u00e1sok cs\u00f6kkent\u00e9se, s\u0151t lehet\u0151s\u00e9g szerint elker\u00fcl\u00e9se mellett. Ennek alapj\u00e1t az azonos\u00edtott relev\u00e1ns v\u00e1llalatspecifikus k\u00f6rnyezeti szempontok k\u00e9pezik, amelyek megmutatj\u00e1k, hogy hol tal\u00e1lhat\u00f3k k\u00f6rnyezeti terhek.<\/p>\n<p>A SICC Coatings GmbH k\u00f6telezetts\u00e9get v\u00e1llal arra, hogy a k\u00f6rnyezetszennyez\u00e9s elker\u00fcl\u00e9se \u00e9s a vonatkoz\u00f3 jogi k\u00f6telezetts\u00e9gek \u00e9s jogszab\u00e1lyok betart\u00e1sa \u00e9rdek\u00e9ben folyamatos fejleszt\u00e9sre t\u00f6rekszik.<\/p>\n<p>Min\u0151s\u00e9g- \u00e9s k\u00f6rnyezetv\u00e9delmi politik\u00e1nk munk\u00e1ja \u00e9s v\u00e9grehajt\u00e1sa pozit\u00edv hat\u00e1ssal van mind a term\u00e9kek min\u0151s\u00e9g\u00e9re, mind a folyamatok hat\u00e9konys\u00e1g\u00e1ra \u00e9s a k\u00f6rnyezeti hat\u00e1sok cs\u00f6kkent\u00e9s\u00e9re. Min\u0151s\u00e9g- \u00e9s k\u00f6rnyezetv\u00e9delmi politik\u00e1nk tartalm\u00e1t \u00fcgyfeleink, alkalmazottaink \u00e9s \u00e9rdekelt feleink bizalma \u00e9s el\u00e9gedetts\u00e9ge, valamint a k\u00f6rnyezetet \u00e9rint\u0151 valamennyi folyamat akt\u00edv befoly\u00e1sol\u00e1sa k\u00e9pezi.<\/p>\n<p>A min\u0151s\u00e9g- \u00e9s k\u00f6rnyezetir\u00e1ny\u00edt\u00e1si rendszereket mindig fel\u00fclvizsg\u00e1lj\u00e1k a megfelel\u0151s\u00e9g \u00e9s a c\u00e9lnak val\u00f3 megfelel\u00e9s szempontj\u00e1b\u00f3l.[\/vc_column_text][vc_single_image image=&#8221;54030&#8243; img_size=&#8221;full&#8221; css=&#8221;&#8221; qode_css_animation=&#8221;&#8221;][\/vc_column_inner][vc_column_inner width=&#8221;3\/5&#8243;][vc_column_text]<strong>1. alapelv &#8211; K\u00f6rnyezeti hat\u00e1sok &#8211; A k\u00f6rnyezetre gyakorolt hat\u00e1sok<br \/>\n<\/strong>A v\u00e1llalatspecifikus k\u00f6rnyezeti hat\u00e1sok cs\u00f6kkent\u00e9se, vagy m\u00e9g jobb esetben elker\u00fcl\u00e9se. Rendszeresen fel\u00fclvizsg\u00e1ljuk \u00e9s befoly\u00e1soljuk tev\u00e9kenys\u00e9geink, term\u00e9keink \u00e9s szolg\u00e1ltat\u00e1saink jelleg\u00e9t, hat\u00f3k\u00f6r\u00e9t \u00e9s k\u00f6rnyezeti hat\u00e1sait.<\/p>\n<p>2<strong>. alapelv &#8211; A jogszab\u00e1lyok betart\u00e1sa<\/strong> K\u00f6telezetts\u00e9gv\u00e1llal\u00e1s az alkalmazand\u00f3 jogi k\u00f6telezetts\u00e9geknek \u00e9s jogszab\u00e1lyoknak val\u00f3 megfelel\u00e9sre.<\/p>\n<p>3<strong>. alapelv &#8211; C\u00e9lok<\/strong> A min\u0151s\u00e9gi \u00e9s k\u00f6rnyezetv\u00e9delmi c\u00e9lok a min\u0151s\u00e9g- \u00e9s k\u00f6rnyezetv\u00e9delmi politik\u00e1nkon alapulnak.<\/p>\n<p>4<strong>. alapelv &#8211; Vev\u0151k\u00f6zpont\u00fas\u00e1g<\/strong> Vev\u0151inknek \u00e9s partnereinknek \u00edg\u00e9rj\u00fck term\u00e9keink elv\u00e1rt vagy biztos\u00edtott min\u0151s\u00e9g\u00e9t. Tud\u00e1sunkat \u00e9s tapasztalatainkat arra haszn\u00e1ljuk, hogy szakszer\u0171en tal\u00e1lkozzunk \u00fcgyfeleinkkel, \u00e9s v\u00e1laszoljunk k\u00e9rd\u00e9seinkre \u00e9s javaslatainkra.<\/p>\n<p>5<strong>. alapelv &#8211; Folyamatos fejleszt\u00e9s<\/strong> V\u00e1llalatunk hossz\u00fa t\u00e1v\u00fa fejl\u0151d\u00e9s\u00e9nek r\u00e9szek\u00e9nt a term\u00e9kfejleszt\u00e9s \u00e9s term\u00e9km\u00f3dos\u00edt\u00e1s a c\u00e9lunk. Ennek \u00e9rdek\u00e9ben folyamatosan fejlesztj\u00fck saj\u00e1t k\u00e9pz\u00e9si szint\u00fcnket. A min\u0151s\u00e9g- \u00e9s k\u00f6rnyezetir\u00e1ny\u00edt\u00e1si rendszer szint\u00e9n a folyamatos munka \u00e9s fejleszt\u00e9s t\u00e1rgy\u00e1t k\u00e9pezi.<\/p>\n<p>6<strong>. alapelv &#8211; Min\u0151s\u00e9gtudatoss\u00e1g<\/strong> Megfelel\u0151 folyamatok, inform\u00e1ci\u00f3k, k\u00e9pz\u00e9sek \u00e9s utas\u00edt\u00e1sok r\u00e9v\u00e9n fenntartjuk a min\u0151s\u00e9gtudatoss\u00e1got v\u00e1llalatunkban, \u00e9s ezt a gondolkod\u00e1sm\u00f3dot folyamatosan \u00e1tadjuk \u00e9rt\u00e9kes\u00edt\u00e9si partnereinknek.<\/p>\n<p>7<strong>. alapelv &#8211; Kommunik\u00e1ci\u00f3<\/strong> A min\u0151s\u00e9g- \u00e9s k\u00f6rnyezetv\u00e9delmi politik\u00e1t \u00e9s az abb\u00f3l levezetett c\u00e9lkit\u0171z\u00e9seket kommunik\u00e1ljuk v\u00e1llalatunkon bel\u00fcl, valamint \u00fcgyfeleink \u00e9s \u00e9rdekelt feleink fel\u00e9. A k\u00f6zlem\u00e9ny meg\u00e1llap\u00edt\u00e1sai meghat\u00e1roz\u00f3ak a k\u00f6vetkeztet\u00e9sek \u00e9s a tov\u00e1bbi int\u00e9zked\u00e9sek szempontj\u00e1b\u00f3l.[\/vc_column_text][\/vc_column_inner][\/vc_row_inner][\/vc_column][\/vc_row]<\/p>\n<\/div>","protected":false},"excerpt":{"rendered":"<p>[vc_row row_type=&#8221;row&#8221; use_row_as_full_screen_section=&#8221;no&#8221; type=&#8221;full_width&#8221; text_align=&#8221;left&#8221; background_animation=&#8221;none&#8221; padding_bottom=&#8221;45&#8243; css_animation=&#8221;&#8221;][vc_column][vc_single_image image=&#8221;60338&#8243; img_size=&#8221;full&#8221; css=&#8221;.vc_custom_1764336635195{padding-bottom: 30px !important;}&#8221; qode_css_animation=&#8221;&#8221;][vc_row_inner row_type=&#8221;row&#8221; type=&#8221;full_width&#8221; use_row_as_full_screen_section_slide=&#8221;no&#8221; text_align=&#8221;left&#8221; css_animation=&#8221;&#8221;][vc_column_inner width=&#8221;1\/4&#8243;][\/vc_column_inner][vc_column_inner width=&#8221;3\/4&#8243;][vc_column_text] Fenntarthat\u00f3s\u00e1g \u00e9s k\u00f6rnyezetv\u00e9delem Term\u00e9kfejleszt\u00e9s\u00fcnk vez\u00e9relve: A kevesebb t\u00f6bb Olyan term\u00e9keket \u00e1ll\u00edtunk el\u0151, amelyek hozz\u00e1adott \u00e9rt\u00e9ket k\u00e9pviselnek az emberek \u00e9s a k\u00f6rnyezet sz\u00e1m\u00e1ra. Kevesebb energiafogyaszt\u00e1s,&#8230;<\/p>\n","protected":false},"author":1,"featured_media":0,"parent":47236,"menu_order":610,"comment_status":"closed","ping_status":"closed","template":"","meta":{"footnotes":""},"class_list":["post-47050","page","type-page","status-publish","hentry"],"_links":{"self":[{"href":"https:\/\/www.climatecoating.com\/hu\/wp-json\/wp\/v2\/pages\/47050","targetHints":{"allow":["GET"]}}],"collection":[{"href":"https:\/\/www.climatecoating.com\/hu\/wp-json\/wp\/v2\/pages"}],"about":[{"href":"https:\/\/www.climatecoating.com\/hu\/wp-json\/wp\/v2\/types\/page"}],"author":[{"embeddable":true,"href":"https:\/\/www.climatecoating.com\/hu\/wp-json\/wp\/v2\/users\/1"}],"replies":[{"embeddable":true,"href":"https:\/\/www.climatecoating.com\/hu\/wp-json\/wp\/v2\/comments?post=47050"}],"version-history":[{"count":1,"href":"https:\/\/www.climatecoating.com\/hu\/wp-json\/wp\/v2\/pages\/47050\/revisions"}],"predecessor-version":[{"id":60349,"href":"https:\/\/www.climatecoating.com\/hu\/wp-json\/wp\/v2\/pages\/47050\/revisions\/60349"}],"up":[{"embeddable":true,"href":"https:\/\/www.climatecoating.com\/hu\/wp-json\/wp\/v2\/pages\/47236"}],"wp:attachment":[{"href":"https:\/\/www.climatecoating.com\/hu\/wp-json\/wp\/v2\/media?parent=47050"}],"curies":[{"name":"wp","href":"https:\/\/api.w.org\/{rel}","templated":true}]}}