{"id":47054,"date":"2023-05-02T10:28:31","date_gmt":"2023-05-02T08:28:31","guid":{"rendered":"https:\/\/www.climatecoating.com\/adatvedelmi-szabalyzat-eu\/"},"modified":"2023-05-02T10:28:34","modified_gmt":"2023-05-02T08:28:34","slug":"adatvedelmi-szabalyzat-eu","status":"publish","type":"page","link":"https:\/\/www.climatecoating.com\/hu\/jogi\/adatvedelmi-szabalyzat-eu\/","title":{"rendered":"Adatv\u00e9delmi szab\u00e1lyzat (EU)"},"content":{"rendered":"<div class=\"wpb-content-wrapper\"><p>[vc_row row_type=&#8221;row&#8221; use_row_as_full_screen_section=&#8221;no&#8221; type=&#8221;full_width&#8221; text_align=&#8221;left&#8221; background_animation=&#8221;none&#8221; css_animation=&#8221;&#8221;][vc_column][vc_column_text]<\/p>\n<h1>Adatv\u00e9delmi szab\u00e1lyzat (EU)<\/h1>\n<p>\n<!-- Legal document generated by Complianz | GDPR\/CCPA Cookie Consent https:\/\/wordpress.org\/plugins\/complianz-gdpr -->\n<div id=\"cmplz-document\" class=\"cmplz-document privacy-statement cmplz-document-eu\"><p><i>This privacy statement was last updated on 2026.01.13. and applies to citizens and legal permanent residents of the European Economic Area and Switzerland.<\/i><br \/><br \/><\/p><p><p>In this privacy statement, we explain what we do with the data we obtain about you via <a href=\"https:\/\/www.climatecoating.com\/hu\/\">https:\/\/www.climatecoating.com\/hu\/<\/a>. We recommend you carefully read this statement. In our processing we comply with the requirements of privacy legislation. That means, among other things, that:<\/p><ul>\n                <li>we clearly state the purposes for which we process personal data. We do this by means of this privacy statement;<\/li>\n                <li>we aim to limit our collection of personal data to only the personal data required for legitimate purposes;<\/li>\n                <li>we first request your explicit consent to process your personal data in cases requiring your consent;<\/li>\n                <li>we take appropriate security measures to protect your personal data and also require this from parties that process personal data on our behalf;<\/li>\n                <li>we respect your right to access your personal data or have it corrected or deleted, at your request.<\/li>\n            <\/ul><p>If you have any questions, or want to know exactly what data we keep of you, please contact us.<\/p><\/p><h2>1. Purpose, data and retention period<\/h2>We may collect or receive personal information for a number of purposes connected with our business operations which may include the following: (click to expand)<details class=\"cmplz-dropdown dropdown-privacy-statement\"><summary><div><h3>1.1 Contact - Through phone, mail, email and\/or webforms<\/h3><\/div><\/summary><p class=\"cmplz-subtitle\">For this purpose we use the following data:<\/p><p><ul><li>A first and last name<\/li><li>Account name or alias<\/li><li>A home or other physical address, including street name and name of a city or town<\/li><li>An email address<\/li><li>A telephone number<\/li><li>IP Address<\/li><li>Sex<\/li><\/ul><\/p><p class=\"cmplz-subtitle\">The basis on which we may process these data is:<\/p><p><a target=\"_blank\" rel=\"noopener noreferrer nofollow\" href=\"https:\/\/cookiedatabase.org\/legal-bases\/#consent\">Upon the provision of consent.<\/a><\/p><p class=\"cmplz-subtitle\">Retention period<\/p><p>We retain this data until the service is terminated.<\/p><\/details><details class=\"cmplz-dropdown dropdown-privacy-statement\"><summary><div><h3>1.2 Payments<\/h3><\/div><\/summary><p class=\"cmplz-subtitle\">For this purpose we use the following data:<\/p><p><ul><li>A first and last name<\/li><li>A home or other physical address, including street name and name of a city or town<\/li><li>An email address<\/li><li>Account name or alias<\/li><li>Sex<\/li><li>IP Address<\/li><li>A telephone number<\/li><\/ul><\/p><p class=\"cmplz-subtitle\">The basis on which we may process these data is:<\/p><p><a target=\"_blank\" rel=\"noopener noreferrer nofollow\" href=\"https:\/\/cookiedatabase.org\/legal-bases\/#consent\">Upon the provision of consent.<\/a><\/p><p class=\"cmplz-subtitle\">Retention period<\/p><p>We retain this data until the service is terminated.<\/p><\/details><details class=\"cmplz-dropdown dropdown-privacy-statement\"><summary><div><h3>1.3 Registering an account<\/h3><\/div><\/summary><p class=\"cmplz-subtitle\">For this purpose we use the following data:<\/p><p><ul><li>A first and last name<\/li><li>A home or other physical address, including street name and name of a city or town<\/li><li>An email address<\/li><li>Account name or alias<\/li><li>Sex<\/li><li>IP Address<\/li><li>A telephone number<\/li><\/ul><\/p><p class=\"cmplz-subtitle\">The basis on which we may process these data is:<\/p><p><a target=\"_blank\" rel=\"noopener noreferrer nofollow\" href=\"https:\/\/cookiedatabase.org\/legal-bases\/#consent\">Upon the provision of consent.<\/a><\/p><p class=\"cmplz-subtitle\">Retention period<\/p><p>We retain this data until the service is terminated.<\/p><\/details><details class=\"cmplz-dropdown dropdown-privacy-statement\"><summary><div><h3>1.4 To support services or products that a customer wants to buy or has purchased<\/h3><\/div><\/summary><p class=\"cmplz-subtitle\">For this purpose we use the following data:<\/p><p><ul><li>A first and last name<\/li><li>Account name or alias<\/li><li>A home or other physical address, including street name and name of a city or town<\/li><li>An email address<\/li><li>A telephone number<\/li><li>IP Address<\/li><li>Date of birth<\/li><li>Sex<\/li><\/ul><\/p><p class=\"cmplz-subtitle\">The basis on which we may process these data is:<\/p><p><a target=\"_blank\" rel=\"noopener noreferrer nofollow\" href=\"https:\/\/cookiedatabase.org\/legal-bases\/#consent\">Upon the provision of consent.<\/a><\/p><p class=\"cmplz-subtitle\">Retention period<\/p><p>We retain this data until the service is terminated.<\/p><\/details><details class=\"cmplz-dropdown dropdown-privacy-statement\"><summary><div><h3>1.5 To be able to comply with legal obligations<\/h3><\/div><\/summary><p class=\"cmplz-subtitle\">For this purpose we use the following data:<\/p><p><ul><li>A first and last name<\/li><li>A home or other physical address, including street name and name of a city or town<\/li><li>An email address<\/li><li>A telephone number<\/li><\/ul><\/p><p class=\"cmplz-subtitle\">The basis on which we may process these data is:<\/p><p><a target=\"_blank\" rel=\"noopener noreferrer nofollow\" href=\"https:\/\/cookiedatabase.org\/legal-bases\/#consent\">Upon the provision of consent.<\/a><\/p><p class=\"cmplz-subtitle\">Retention period<\/p><p>We retain this data until the service is terminated.<\/p><\/details><details class=\"cmplz-dropdown dropdown-privacy-statement\"><summary><div><h3>1.6 Deliveries<\/h3><\/div><\/summary><p class=\"cmplz-subtitle\">For this purpose we use the following data:<\/p><p><ul><li>A first and last name<\/li><li>A home or other physical address, including street name and name of a city or town<\/li><li>An email address<\/li><li>Account name or alias<\/li><li>Sex<\/li><li>A telephone number<\/li><\/ul><\/p><p class=\"cmplz-subtitle\">The basis on which we may process these data is:<\/p><p><a target=\"_blank\" rel=\"noopener noreferrer nofollow\" href=\"https:\/\/cookiedatabase.org\/legal-bases\/#consent\">Upon the provision of consent.<\/a><\/p><p class=\"cmplz-subtitle\">Retention period<\/p><p>We retain this data until the service is terminated.<\/p><\/details><h2>2. Sharing with other parties<\/h2><p>We only share or disclose this data to processors for the following purposes:<\/p><p class=\"cmplz-subtitle\">Processors<\/p><p><b>Name:<\/b>&nbsp;<br \/>\n            <b>Country:<\/b>&nbsp;<br \/>\n            <b>Purpose:<\/b>&nbsp;<br \/>\n            <\/p><h2>3. Cookies<\/h2><p>Our website uses cookies. For more information about cookies, please refer to our <a href=\"https:\/\/www.climatecoating.com\/hu\/jogi\/cookie-iranyelv-eu\/\">Cookie Policy<\/a>.&nbsp;<\/p><h2>4. Disclosure practices<\/h2><p><p>We disclose personal information if we are required by law or by a court order, in response to a law enforcement agency, to the extent permitted under other provisions of law, to provide information, or for an investigation on a matter related to public safety.<\/p><p>If our website or organisation is taken over, sold, or involved in a merger or acquisition, your details may be disclosed to our advisers and any prospective purchasers and will be passed on to the new owners.<\/p><\/p><p>We have concluded a data Processing Agreement with Google.<\/p><p>Google may not use the data for any other Google services.<\/p><p>The inclusion of full IP addresses is blocked by us.<\/p><h2>5. Security<\/h2><p>We are committed to the security of personal data. We take appropriate security measures to limit abuse of and unauthorized access to personal data. This ensures that only the necessary persons have access to your data, that access to the data is protected, and that our security measures are regularly reviewed.<\/p><h2>6. Third-party websites<\/h2><p>This privacy statement does not apply to third-party websites connected by links on our website. We cannot guarantee that these third parties handle your personal data in a reliable or secure manner. We recommend you read the privacy statements of these websites prior to making use of these websites.<\/p><h2>7. Amendments to this privacy statement<\/h2><p>We reserve the right to make amendments to this privacy statement. It is recommended that you consult this privacy statement regularly in order to be aware of any changes. In addition, we will actively inform you wherever possible.<\/p><h2>8. Accessing and modifying your data<\/h2><p>If you have any questions or want to know which personal data we have about you, please contact us. You can contact us by using the information below. You have the following rights:<\/p><ul>\n                <li>You have the right to know why your personal data is needed, what will happen to it, and how long it will be retained for.<\/li>\n                <li>Right of access: You have the right to access your personal data that is known to us.<\/li>\n                <li>Right to rectification: you have the right to supplement, correct, have deleted or blocked your personal data whenever you wish.<\/li>\n                <li>If you give us your consent to process your data, you have the right to revoke that consent and to have your personal data deleted.<\/li>\n                <li>Right to transfer your data: you have the right to request all your personal data from the controller and transfer it in its entirety to another controller.<\/li>\n                <li>Right to object: you may object to the processing of your data. We comply with this, unless there are justified grounds for processing.<\/li>\n            <\/ul><p>Please make sure to always clearly state who you are, so that we can be certain that we do not modify or delete any data of the wrong person.<\/p><h2>9. Submitting a complaint<\/h2><p>If you are not satisfied with the way in which we handle (a complaint about) the processing of your personal data, you have the right to submit a complaint to the Data Protection Authority.<\/p><h2>10. Data Protection Officer<\/h2><p>Our Data Protection Officer has been registered with the data protection authority in an EU Member State. If you have any questions or requests with respect to this privacy statement or for the Data Protection Officer, you may contact STR Rechtssicher.Org UG (haftungsbeschr\u00e4nkt), via https:\/\/www.rechtssicher.org or extdsb@rechtssicher.org or by telephone on +49 4537 701185<\/p><h2>11. Contact details<\/h2><p>SICC Coatings GmbH<br \/>\n        Wackenbergstra\u00dfe 78 \u2013 82<br \/>\r\nDE-13156 Berlin<br \/>\n        Germany<br \/>\n        Website: <a href=\"https:\/\/www.climatecoating.com\/hu\/\">https:\/\/www.climatecoating.com\/hu\/<\/a> <br \/>\n        Email: <span class=\"cmplz-obfuscate\">i&#110;fo@<span class=\"cmplz-fmail-domain\">e&#120;.&#099;&#111;m<\/span>si&#099;c.&#100;e<\/span> <br \/>\n        Phone number: +49 (0) 30 \/ 50 01 96-0<\/p><h2>Annex<\/h2><p><h3>WPML<\/h3>\r\nWPML verwendet Cookies zur Feststellung der aktuellen Sprache des Besuchers, der zuletzt besuchten Sprache und der Sprache der Benutzer, die sich eingeloggt haben.\r\n\r\nW\u00e4hrend Sie das Plugin verwenden, wird WPML die Daten bez\u00fcglich der Seite \u00fcber den Installer teilen. Dabei werden keine Daten vom Benutzer selbst geteilt.\r\n<h3>WooCommerce<\/h3>\r\n<div class=\"wp-suggested-text\">\r\n<p class=\"privacy-policy-tutorial\">Dieses Beispiel zeigt grundlegende Informationen dar\u00fcber, welche personenbezogenen Daten dein Shop erfassen, speichern und weitergeben sowie wer Zugriff auf diese Daten haben k\u00f6nnte. Abh\u00e4ngig von den aktivierten Einstellungen und den zus\u00e4tzlich genutzten Plugins werden sich die spezifischen Informationen unterscheiden, die dein Shop nutzt. Wir empfehlen eine Rechtsberatung, um zu kl\u00e4ren, welche Informationen deine Datenschutzerkl\u00e4rung enthalten sollte.<\/p>\r\nWir sammeln Informationen \u00fcber Dich w\u00e4hrend des Bestellvorgangs in unserem Shop.\r\n<h2>Was wir sammeln und speichern<\/h2>\r\nW\u00e4hrend du unsere Website besuchst, zeichnen wir auf:\r\n<ul>\r\n \t<li>Angesehene Produkte: Hier zeigen wir dir Produkte, die du vor Kurzem angesehen hast.<\/li>\r\n \t<li>Standort, IP-Adresse und Browser-Typ: Wir verwenden dies f\u00fcr Zwecke wie die Sch\u00e4tzung von Steuern und Versandkosten<\/li>\r\n \t<li>Versandadresse: Wir werden dich auffordern, diese anzugeben, um beispielsweise die Versandkosten bestimmen zu k\u00f6nnen, bevor du eine Bestellung aufgibst, und dir die Bestellung zusenden zu k\u00f6nnen.<\/li>\r\n<\/ul>\r\nWir nutzen auch Cookies, um den Inhalt deines Warenkorbs zu verfolgen, w\u00e4hrend du unsere Website besuchst.\r\n<p class=\"privacy-policy-tutorial\">Hinweis: Du solltest deine Cookie-Richtlinie mit weiteren Details erg\u00e4nzen und hier einen Link zu diesem Bereich setzen.<\/p>\r\nWenn du bei uns einkaufst, werden wir dich auffordern, Informationen wie deinen Namen, deine Rechnungs- und Versandadresse, deine E-Mail-Adresse und deine Telefonnummer, Kreditkartendaten\/Zahlungsdetails sowie optionale Kontoinformationen wie Benutzername und Kennwort anzugeben. Wir nutzen diese Informationen f\u00fcr folgende Zwecke:\r\n<ul>\r\n \t<li>Zusenden von Informationen \u00fcber dein Konto und Bestellung<\/li>\r\n \t<li>Antwort auf deine Anfragen, inklusive Erstattungen und Beschwerden<\/li>\r\n \t<li>Bearbeitung von Zahlungsvorg\u00e4ngen und Verhinderung von Betrug<\/li>\r\n \t<li>Richten Sie Ihr Konto f\u00fcr unseren Shop ein<\/li>\r\n \t<li>Einhaltung aller rechtlichen Verpflichtungen, beispielsweise die Steuerberechnung<\/li>\r\n \t<li>Verbesserung unsere Shop-Angebote<\/li>\r\n \t<li>Senden von Marketing-Nachrichten, wenn du diese erhalten m\u00f6chtest<\/li>\r\n<\/ul>\r\nWenn du ein Konto bei uns erstellst, speichern wir deinen Namen, deine Adresse, deine E-Mail-Adresse und deine Telefonnummer. Diese Angaben werden bei k\u00fcnftigen Bestellungen zum Ausf\u00fcllen der Bezahlinformationen verwendet.\r\n\r\nWir speichern Informationen \u00fcber dich \u00fcblicherweise so lange, wie wir sie f\u00fcr den Zweck der Erfassung und Nutzung ben\u00f6tigen und verpflichtet sind, sie zu speichern. Beispielsweise speichern wir Bestellinformationen f\u00fcr XXX\u00a0Jahre aus Steuer- und Abrechnungsgr\u00fcnden. Dazu geh\u00f6rt dein Name, deine E-Mail-Adresse sowie deine Rechnungs- und Versandadresse.\r\n\r\nWir speichern auch Kommentare oder Bewertungen, wenn du dich dazu entscheidest diese zu hinterlassen.\r\n<h2>Wer aus unserem Team hat Zugang<\/h2>\r\nMitglieder unseres Teams haben Zugang zu den Informationen, die du uns zur Verf\u00fcgung stellst. Zum Beispiel k\u00f6nnen sowohl Administratoren als auch Shop-Manager auf Folgendes zugreifen:\r\n<ul>\r\n \t<li>Bestellinformationen wie gekaufte Produkte, der Zeitpunkt des Kaufs sowie die Versandadresse und<\/li>\r\n \t<li>Kundeninformationen wie dein Name, E-Mail-Adresse, sowie Rechnungs- und Versandinformationen.<\/li>\r\n<\/ul>\r\nUnsere Teammitglieder haben Zugriff auf diese Informationen, um Bestellungen zu bearbeiten, R\u00fcckerstattungen vorzunehmen und Dich zu unterst\u00fctzen.\r\n<h2>Was wir mit anderen teilen<\/h2>\r\n<p class=\"privacy-policy-tutorial\">In diesem Bereich solltest du auff\u00fchren, an wen und zu welchem Zweck du Daten weitergibst. Dies kann unter anderem Analysen, Marketing, Zahlungs-Gateways, Versandanbieter und Drittanbieter-Elemente umfassen.<\/p>\r\nWir teilen Informationen mit Dritten, die uns helfen, Ihnen unsere Bestellungen und Dienstleistungen anzubieten. Beispielsweise --\r\n<h3>Zahlungen<\/h3>\r\n<p class=\"privacy-policy-tutorial\">In diesem Unterbereich solltest du auflisten, welche externen Zahlungsabwickler die Zahlungen in deinem Shop verarbeiten, da diese Kundendaten verarbeiten k\u00f6nnen. Wir verwenden PayPal als Beispiel, wenn du PayPal aber nicht nutzt, solltest du dies entfernen.<\/p>\r\nWir akzeptieren Zahlungen mit PayPal. Bei der Zahlungsabwicklung werden einige deiner Daten an PayPal weitergegeben. Hierbei werden ausschlie\u00dflich erforderliche Informationen f\u00fcr die Verarbeitung oder Durchf\u00fchrung der Zahlung weitergegeben wie beispielsweise Gesamtkaufpreis und Zahlungsinformationen.\r\n\r\nHier kannst du dir die <a href=\"https:\/\/www.paypal.com\/us\/webapps\/mpp\/ua\/privacy-full\">PayPal Datenschutzerkl\u00e4rung<\/a> ansehen.\r\n\r\n<\/div>\r\n<h3>WPML Media Translation<\/h3>\r\nWPML Media Translation wird die E-Mail-Adresse und den Namen jedes Managers, des zugeteilten \u00dcbersetzers sowie den Inhalt selbst an den erweiterten Translation Editor und die beauftragten \u00dcbersetzungsdienste senden.\r\n<h3>WooCommerce Multilingual<\/h3>\r\nWooCommerce Multilingual verwendet Cookies, um bei der Nutzung von Sprachen in Domains die Infos im Einkaufswagen zu verstehen und um Daten zwischen den Domains zu \u00fcbertragen.\r\n\r\nWooCommerce Multilingual verwendet au\u00dferdem Cookies, um die Sprache und W\u00e4hrung der jeweiligen Kundenbestellung zu identifizieren, sowie die Sprache der Berichte, die von WooCommerce erstellt werden. WooCommerce Multilingual erweitert diese Berichte, indem es Informationen zur W\u00e4hrung hinzuf\u00fcgt.\r\n<h3>WPML Translation Management<\/h3>\r\nWPML Translation Management wird die E-Mail-Adresse und den Namen jedes Managers sowie des zugeordneten \u00dcbersetzers und den Inhalt selbst an den erweiterten Translation Editor und die eingesetzten \u00dcbersetzungsdienste senden.\r\n<h3>WPML String Translation<\/h3>\r\nWPML String Translation wird alle Strings an WPMLs erweiterten Translation Editor und an die eingesetzten \u00dcbersetzungsdienste senden.\r\n<h3>Really Simple SSL<\/h3>\r\nReally Simple SSL und Really Simple SSL Add-ons verarbeiten keine personenbezogenen Daten, so dass die DSGVO bei diesen Plugins oder die Benutzung dieser Plugins auf deiner Website keine Anwendung findet. Du findest unsere Datenschutzerkl\u00e4rung <a href=\"https:\/\/really-simple-ssl.com\/privacy-statement\/\" target=\"_blank\" rel=\"noopener\">hier<\/a>.<\/p><\/div>[\/vc_column_text][\/vc_column][\/vc_row]<\/p>\n<\/div>","protected":false},"excerpt":{"rendered":"<p>[vc_row row_type=&#8221;row&#8221; use_row_as_full_screen_section=&#8221;no&#8221; type=&#8221;full_width&#8221; text_align=&#8221;left&#8221; background_animation=&#8221;none&#8221; css_animation=&#8221;&#8221;][vc_column][vc_column_text] Adatv\u00e9delmi szab\u00e1lyzat (EU) [\/vc_column_text][\/vc_column][\/vc_row]<\/p>\n","protected":false},"author":1,"featured_media":0,"parent":47191,"menu_order":820,"comment_status":"closed","ping_status":"closed","template":"","meta":{"footnotes":""},"class_list":["post-47054","page","type-page","status-publish","hentry"],"_links":{"self":[{"href":"https:\/\/www.climatecoating.com\/hu\/wp-json\/wp\/v2\/pages\/47054","targetHints":{"allow":["GET"]}}],"collection":[{"href":"https:\/\/www.climatecoating.com\/hu\/wp-json\/wp\/v2\/pages"}],"about":[{"href":"https:\/\/www.climatecoating.com\/hu\/wp-json\/wp\/v2\/types\/page"}],"author":[{"embeddable":true,"href":"https:\/\/www.climatecoating.com\/hu\/wp-json\/wp\/v2\/users\/1"}],"replies":[{"embeddable":true,"href":"https:\/\/www.climatecoating.com\/hu\/wp-json\/wp\/v2\/comments?post=47054"}],"version-history":[{"count":0,"href":"https:\/\/www.climatecoating.com\/hu\/wp-json\/wp\/v2\/pages\/47054\/revisions"}],"up":[{"embeddable":true,"href":"https:\/\/www.climatecoating.com\/hu\/wp-json\/wp\/v2\/pages\/47191"}],"wp:attachment":[{"href":"https:\/\/www.climatecoating.com\/hu\/wp-json\/wp\/v2\/media?parent=47054"}],"curies":[{"name":"wp","href":"https:\/\/api.w.org\/{rel}","templated":true}]}}