{"id":47068,"date":"2023-05-02T10:28:33","date_gmt":"2023-05-02T08:28:33","guid":{"rendered":"https:\/\/www.climatecoating.com\/kozepuletek\/"},"modified":"2023-08-30T13:05:42","modified_gmt":"2023-08-30T11:05:42","slug":"kozepuletek","status":"publish","type":"page","link":"https:\/\/www.climatecoating.com\/hu\/alkalmazasi-teruletek\/kozepuletek\/","title":{"rendered":"K\u00f6z\u00e9p\u00fcletek"},"content":{"rendered":"<div class=\"wpb-content-wrapper\"><p>[vc_row row_type=&#8221;row&#8221; use_row_as_full_screen_section=&#8221;no&#8221; type=&#8221;full_width&#8221; text_align=&#8221;left&#8221; background_animation=&#8221;none&#8221; padding_bottom=&#8221;45&#8243; css_animation=&#8221;&#8221;][vc_column][vc_single_image image=&#8221;45739&#8243; img_size=&#8221;full&#8221; qode_css_animation=&#8221;&#8221; css=&#8221;.vc_custom_1605018495625{padding-bottom: 30px !important;}&#8221;][vc_column_text]<\/p>\n<h1>K\u00f6z\u00e9p\u00fcletek<\/h1>\n<p>[\/vc_column_text][vc_column_text css=&#8221;.vc_custom_1605018510074{padding-bottom: 30px !important;}&#8221;]Hossz\u00fa folyos\u00f3k, magas mennyezetek, sz\u00e9les tet\u0151k &#8211; j\u00f3, ha fest\u00e9ssel is jelent\u0151s energiamegtakar\u00edt\u00e1s \u00e9rhet\u0151 el. Itt megtudhatja, hogyan. Egy\u00e9bk\u00e9nt a fel\u00faj\u00edt\u00e1si id\u0151k\u00f6z\u00f6k jelent\u0151sen meghosszabb\u00edthat\u00f3k. A ClimateCoating<sup>\u00ae<\/sup> fizikai alapelvei teszik ezt lehet\u0151v\u00e9. [\/vc_column_text][vc_row_inner row_type=&#8221;row&#8221; type=&#8221;full_width&#8221; use_row_as_full_screen_section_slide=&#8221;no&#8221; text_align=&#8221;left&#8221; css_animation=&#8221;&#8221;][vc_column_inner width=&#8221;1\/3&#8243;][vc_column_text]SZOBAKL\u00cdMA[\/vc_column_text][vc_gallery interval=&#8221;5&#8243; images=&#8221;45610,45613,45794,45747,45621&#8243; img_size=&#8221;full&#8221; onclick=&#8221;&#8221; el_class=&#8221;flex-noarrows&#8221;][vc_separator type=&#8221;small&#8221; position=&#8221;left&#8221; border_style=&#8221;&#8221; up=&#8221;18&#8243; down=&#8221;20&#8243; color=&#8221;#d6202d&#8221;][vc_column_text]V\u00e9delem a pen\u00e9sz ellen<\/p>\n<p>Szobahigi\u00e9nia<\/p>\n<p>Kondenz\u00e1tum megel\u0151z\u00e9s<\/p>\n<p>P\u00e1ratartalom szab\u00e1lyoz\u00e1s<\/p>\n<p>A belt\u00e9ri kl\u00edma jav\u00edt\u00e1sa<\/p>\n<p>\u00c9letkomfort<\/p>\n<p>Szagsemlegess\u00e9g<\/p>\n<p>Szennyez\u00e9ssel szembeni ellen\u00e1ll\u00e1s<\/p>\n<p>Energiatakar\u00e9koss\u00e1g<\/p>\n<p>Sz\u00ednstabilit\u00e1s<\/p>\n<p>Akusztikai javul\u00e1s<\/p>\n<p>Vil\u00e1gosabb szoba a f\u00e9nyvisszat\u00fckr\u00f6z\u00e9s miatt<\/p>\n<p>Mennyezeti burkol\u00f3lap \u00e1tfest\u00e9s[\/vc_column_text][\/vc_column_inner][vc_column_inner width=&#8221;1\/3&#8243;][vc_column_text]\u00c9RT\u00c9KMEG\u0150RZ\u00c9S[\/vc_column_text][vc_gallery interval=&#8221;5&#8243; images=&#8221;45609,45631,45633,45797,45619&#8243; img_size=&#8221;full&#8221; onclick=&#8221;&#8221; el_class=&#8221;flex-noarrows&#8221;][vc_separator type=&#8221;small&#8221; position=&#8221;left&#8221; border_style=&#8221;&#8221; up=&#8221;18&#8243; down=&#8221;20&#8243; color=&#8221;#d6202d&#8221;][vc_column_text]Energiatakar\u00e9koss\u00e1g<\/p>\n<p>Hossz\u00fa \u00e9lettartam<\/p>\n<p>Reped\u00e9smentes<\/p>\n<p>Robusztuss\u00e1g<\/p>\n<p>Szennyez\u0151d\u00e9s tasz\u00edt\u00f3 hat\u00e1s<\/p>\n<p>P\u00e1raszab\u00e1lyoz\u00e1s<\/p>\n<p>T\u0171zg\u00e1tl\u00e1s<\/p>\n<p>T\u00f6rt\u00e9nelmi homlokzatok k\u00edm\u00e9letes p\u00e1ramentes\u00edt\u00e9s\u00e9re<\/p>\n<p>A t\u00f6rt\u00e9nelmi homlokzatok \u00e9rt\u00e9k\u00e9nek meg\u0151rz\u00e9se[\/vc_column_text][\/vc_column_inner][vc_column_inner width=&#8221;1\/3&#8243;][vc_column_text]TET\u0150MEGOLD\u00c1SOK[\/vc_column_text][vc_gallery interval=&#8221;3&#8243; images=&#8221;45611,45791,45792&#8243; img_size=&#8221;full&#8221; onclick=&#8221;&#8221; el_class=&#8221;flex-noarrows&#8221;][vc_separator type=&#8221;small&#8221; position=&#8221;left&#8221; border_style=&#8221;&#8221; up=&#8221;18&#8243; down=&#8221;20&#8243; color=&#8221;#d6202d&#8221;][vc_column_text]H\u0171t\u00e9s \u00e9s h\u0171t\u00e9si k\u00f6lts\u00e9gek cs\u00f6kkent\u00e9se<\/p>\n<p>Id\u0151j\u00e1r\u00e1s elleni v\u00e9delem<\/p>\n<p>Reped\u00e9s\u00e1thidal\u00e1s<\/p>\n<p>H\u0151csillap\u00edt\u00e1s[\/vc_column_text][\/vc_column_inner][\/vc_row_inner][\/vc_column][\/vc_row][vc_row row_type=&#8221;row&#8221; use_row_as_full_screen_section=&#8221;no&#8221; type=&#8221;full_width&#8221; text_align=&#8221;left&#8221; background_animation=&#8221;none&#8221; css_animation=&#8221;&#8221;][vc_column]<div class=\"templatera_shortcode\"><div     class=\"vc_row wpb_row section vc_row-fluid backlink\" style=' text-align:left;'><div class=\" full_section_inner clearfix\"><div class=\"wpb_column vc_column_container vc_col-sm-12\"><div class=\"vc_column-inner\"><div class=\"wpb_wrapper\">\n\t<div class=\"wpb_text_column wpb_content_element \">\n\t\t<div class=\"wpb_wrapper\">\n\t\t\t<p style=\"text-align: center;\"><strong><a href=\"https:\/\/www.climatecoating.com\/hu\/alkalmazasi-teruletek\/\">&lt;&lt; Vissza az alkalmaz\u00e1si ter\u00fcletek \u00e1ttekint\u00e9s\u00e9hez<\/a><\/strong><\/p>\n\n\t\t<\/div>\n\t<\/div><\/div><\/div><\/div><\/div><\/div><\/div>[\/vc_column][\/vc_row]<\/p>\n<\/div>","protected":false},"excerpt":{"rendered":"K\u00f6z\u00e9p\u00fcletek Hossz\u00fa folyos\u00f3k, magas mennyezetek, sz\u00e9les tet\u0151k - j\u00f3, ha fest\u00e9ssel is jelent\u0151s energiamegtakar\u00edt\u00e1s \u00e9rhet\u0151 el. Itt megtudhatja, hogyan. Egy\u00e9bk\u00e9nt a fel\u00faj\u00edt\u00e1si id\u0151k\u00f6z\u00f6k jelent\u0151sen meghosszabb\u00edthat\u00f3k. A ClimateCoating\u00ae fizikai alapelvei teszik ezt lehet\u0151v\u00e9. SZOBAKL\u00cdMA V\u00e9delem a pen\u00e9sz ellen Szobahigi\u00e9nia Kondenz\u00e1tum megel\u0151z\u00e9s P\u00e1ratartalom szab\u00e1lyoz\u00e1s A belt\u00e9ri kl\u00edma...","protected":false},"author":1,"featured_media":0,"parent":47144,"menu_order":125,"comment_status":"closed","ping_status":"closed","template":"","meta":{"footnotes":""},"class_list":["post-47068","page","type-page","status-publish","hentry"],"_links":{"self":[{"href":"https:\/\/www.climatecoating.com\/hu\/wp-json\/wp\/v2\/pages\/47068","targetHints":{"allow":["GET"]}}],"collection":[{"href":"https:\/\/www.climatecoating.com\/hu\/wp-json\/wp\/v2\/pages"}],"about":[{"href":"https:\/\/www.climatecoating.com\/hu\/wp-json\/wp\/v2\/types\/page"}],"author":[{"embeddable":true,"href":"https:\/\/www.climatecoating.com\/hu\/wp-json\/wp\/v2\/users\/1"}],"replies":[{"embeddable":true,"href":"https:\/\/www.climatecoating.com\/hu\/wp-json\/wp\/v2\/comments?post=47068"}],"version-history":[{"count":0,"href":"https:\/\/www.climatecoating.com\/hu\/wp-json\/wp\/v2\/pages\/47068\/revisions"}],"up":[{"embeddable":true,"href":"https:\/\/www.climatecoating.com\/hu\/wp-json\/wp\/v2\/pages\/47144"}],"wp:attachment":[{"href":"https:\/\/www.climatecoating.com\/hu\/wp-json\/wp\/v2\/media?parent=47068"}],"curies":[{"name":"wp","href":"https:\/\/api.w.org\/{rel}","templated":true}]}}