{"id":47070,"date":"2023-05-02T10:28:33","date_gmt":"2023-05-02T08:28:33","guid":{"rendered":"https:\/\/www.climatecoating.com\/szolgaltatas\/"},"modified":"2023-05-02T10:28:37","modified_gmt":"2023-05-02T08:28:37","slug":"szolgaltatas","status":"publish","type":"page","link":"https:\/\/www.climatecoating.com\/hu\/ceg\/szolgaltatas\/","title":{"rendered":"Szolg\u00e1ltat\u00e1s"},"content":{"rendered":"<div class=\"wpb-content-wrapper\"><p>[vc_row row_type=&#8221;row&#8221; use_row_as_full_screen_section=&#8221;no&#8221; type=&#8221;full_width&#8221; text_align=&#8221;left&#8221; background_animation=&#8221;none&#8221; padding_bottom=&#8221;45&#8243; css_animation=&#8221;&#8221;][vc_column][vc_single_image image=&#8221;45751&#8243; img_size=&#8221;full&#8221; qode_css_animation=&#8221;&#8221; css=&#8221;.vc_custom_1604618064781{padding-bottom: 30px !important;}&#8221;][\/vc_column][\/vc_row][vc_row row_type=&#8221;row&#8221; use_row_as_full_screen_section=&#8221;no&#8221; type=&#8221;full_width&#8221; text_align=&#8221;left&#8221; background_animation=&#8221;none&#8221; css_animation=&#8221;&#8221;][vc_column width=&#8221;1\/4&#8243; el_class=&#8221;serviceboxes&#8221;]<div class=\"ult_row_spacer\"><div class=\"ult-sticky-anchor\"><div class=\"ult-sticky-section ult-sticky \"  data-gutter= '100' data-stick_behaviour= 'stick_with_scroll_row'  data-sticky_position= 'top' data-mobile='no' data-support='no'>[vc_raw_html]W2Ntd2l6YXJkIHdpZGdldD0iMiIgL10=[\/vc_raw_html]<\/div><div class=\"ult-space\"><\/div><\/div><\/div>[\/vc_column][vc_column width=&#8221;3\/4&#8243;][vc_column_text css=&#8221;.vc_custom_1610449799770{padding-bottom: 20px !important;}&#8221;]<\/p>\n<h1>Szolg\u00e1ltat\u00e1s<\/h1>\n<p>[\/vc_column_text][vc_row_inner row_type=&#8221;row&#8221; type=&#8221;full_width&#8221; use_row_as_full_screen_section_slide=&#8221;no&#8221; text_align=&#8221;left&#8221; css_animation=&#8221;&#8221; css=&#8221;.vc_custom_1610450945201{padding-bottom: 30px !important;}&#8221;][vc_column_inner width=&#8221;1\/3&#8243;]<div class=\"image_with_text\"><img decoding=\"async\" src=\"https:\/\/www.climatecoating.com\/wp-content\/uploads\/2020\/12\/service_Planer-Beratung.jpg\" alt=\"Service - Planer Beratung\" \/><h2 >Tan\u00e1csok a tervez\u0151knek<\/h2><span style=\"margin: 6px 0px;\" class=\"separator transparent\"><\/span>Az \u00d6n projektjei a mi mindennapi munk\u00e1nk. T\u00e1mogatjuk \u00d6nt a bevon\u00e1si feladatokban a tervez\u00e9st\u0151l a megval\u00f3s\u00edt\u00e1sig.<\/div>[\/vc_column_inner][vc_column_inner width=&#8221;1\/3&#8243;]<div class=\"image_with_text\"><img decoding=\"async\" src=\"https:\/\/www.climatecoating.com\/wp-content\/uploads\/2020\/12\/service_Farbfaecher.jpg\" alt=\"Service - Farbf\u00e4cher\" \/><h2 >T\u00f6bbf\u00e9le sz\u00edn az \u00d6n projektj\u00e9hez<\/h2><span style=\"margin: 6px 0px;\" class=\"separator transparent\"><\/span>\u0150k adj\u00e1k meg az alaphangot. Mi val\u00f3ra v\u00e1ltjuk sz\u00edn\u00e1lmait &#8211; t\u00f6bb mint 100 000 sz\u00edn\u00e1rnyalattal, sz\u00edvesen RAL, NCS vagy m\u00e1s elterjedt sz\u00ednrendszer szerint is.<\/div>[\/vc_column_inner][vc_column_inner width=&#8221;1\/3&#8243;]<div class=\"image_with_text\"><img decoding=\"async\" src=\"https:\/\/www.climatecoating.com\/wp-content\/uploads\/2020\/12\/service_Broschuere-Werbemittel.jpg\" alt=\"Service - Brosch\u00fcre Werbemittel\" \/><h2 >K\u00fcl\u00f6nleges term\u00e9kinform\u00e1ci\u00f3k<\/h2><span style=\"margin: 6px 0px;\" class=\"separator transparent\"><\/span>T\u00e1j\u00e9koz\u00f3djon.  <a href=\"https:\/\/www.climatecoating.com\/mediathek\/\">Itt tal\u00e1lja az aktu\u00e1lis term\u00e9kinform\u00e1ci\u00f3kat let\u00f6lthet\u0151 vagy interakt\u00edv form\u00e1ban.<\/a><\/div>[\/vc_column_inner][\/vc_row_inner][vc_row_inner row_type=&#8221;row&#8221; type=&#8221;full_width&#8221; use_row_as_full_screen_section_slide=&#8221;no&#8221; text_align=&#8221;left&#8221; css_animation=&#8221;&#8221; css=&#8221;.vc_custom_1610451346022{padding-bottom: 20px !important;}&#8221;][vc_column_inner width=&#8221;1\/3&#8243;]<div class=\"image_with_text\"><img decoding=\"async\" src=\"https:\/\/www.climatecoating.com\/wp-content\/uploads\/2020\/12\/service_Versand.jpg\" alt=\"Service - Versand\" \/><h2 >Glob\u00e1lis sz\u00e1ll\u00edt\u00e1s<\/h2><span style=\"margin: 6px 0px;\" class=\"separator transparent\"><\/span>\u00c1zsi\u00e1ban r\u00f6vid id\u0151n bel\u00fcl k\u00fcl\u00f6nb\u00f6z\u0151 kont\u00e9ner-k\u00e9szletekre van sz\u00fcks\u00e9ge? B\u00e1rmilyen sz\u00e1ll\u00edt\u00e1st megszervez\u00fcnk \u00d6nnek, az \u00d6n k\u00edv\u00e1ns\u00e1gai szerint.<\/div>[\/vc_column_inner][vc_column_inner width=&#8221;1\/3&#8243;]<div class=\"image_with_text\"><img decoding=\"async\" src=\"https:\/\/www.climatecoating.com\/wp-content\/uploads\/2020\/12\/service_Referenzen.jpg\" alt=\"Service - Referenzen\" \/><h2 >Vil\u00e1gm\u00e9ret\u0171 referenci\u00e1k<\/h2><span style=\"margin: 6px 0px;\" class=\"separator transparent\"><\/span>Gy\u0151z\u0151dj meg a bevonatmegold\u00e1sokr\u00f3l \u00e9s az elsaj\u00e1t\u00edtott kih\u00edv\u00e1sokr\u00f3l.  <a href=\"https:\/\/www.climatecoating.com\/referenzen\/\">Mer\u00fclj\u00f6n el az aj\u00e1nl\u00e1sainkban.<\/a><\/div>[\/vc_column_inner][vc_column_inner width=&#8221;1\/3&#8243;]<div class=\"image_with_text\"><img decoding=\"async\" src=\"https:\/\/www.climatecoating.com\/wp-content\/uploads\/2020\/12\/service_SocialMedia.jpg\" alt=\"Service - SocialMedia\" \/><h2 >K\u00f6z\u00f6ss\u00e9gi m\u00e9dia<\/h2><span style=\"margin: 6px 0px;\" class=\"separator transparent\"><\/span>Itt tal\u00e1l minket \u00e9s partnereinket:<\/p>\n<ul>\n<li><a href=\"https:\/\/www.facebook.com\/climatecoating\">Facebook<\/a><\/li>\n<li><a href=\"https:\/\/www.youtube.com\/channel\/UCSMRr-e31t2xlUXyIAlmw-Q\">YouTube<\/a><\/li>\n<\/ul>\n<p><\/div>[\/vc_column_inner][\/vc_row_inner][vc_column_text css=&#8221;.vc_custom_1610451352838{padding-bottom: 30px !important;}&#8221;]Sz\u00edvesen t\u00e1mogatjuk \u00d6nt szak\u00e9rtelm\u00fcnkkel \u00e9s vil\u00e1gm\u00e9ret\u0171 h\u00e1l\u00f3zatunkkal.<br \/>\n<a href=\"https:\/\/www.climatecoating.com\/kontakt\/\">Vegyen ig\u00e9nybe minket!<\/a>[\/vc_column_text][\/vc_column][\/vc_row]<\/p>\n<\/div>","protected":false},"excerpt":{"rendered":"<p>[vc_row row_type=&#8221;row&#8221; use_row_as_full_screen_section=&#8221;no&#8221; type=&#8221;full_width&#8221; text_align=&#8221;left&#8221; background_animation=&#8221;none&#8221; padding_bottom=&#8221;45&#8243; css_animation=&#8221;&#8221;][vc_column][vc_single_image image=&#8221;45751&#8243; img_size=&#8221;full&#8221; qode_css_animation=&#8221;&#8221; css=&#8221;.vc_custom_1604618064781{padding-bottom: 30px !important;}&#8221;][\/vc_column][\/vc_row][vc_row row_type=&#8221;row&#8221; use_row_as_full_screen_section=&#8221;no&#8221; type=&#8221;full_width&#8221; text_align=&#8221;left&#8221; background_animation=&#8221;none&#8221; css_animation=&#8221;&#8221;][vc_column width=&#8221;1\/4&#8243; el_class=&#8221;serviceboxes&#8221;][\/vc_column][vc_column width=&#8221;3\/4&#8243;][vc_column_text css=&#8221;.vc_custom_1610449799770{padding-bottom: 20px !important;}&#8221;] Szolg\u00e1ltat\u00e1s [\/vc_column_text][vc_row_inner row_type=&#8221;row&#8221; type=&#8221;full_width&#8221; use_row_as_full_screen_section_slide=&#8221;no&#8221; text_align=&#8221;left&#8221; css_animation=&#8221;&#8221; css=&#8221;.vc_custom_1610450945201{padding-bottom: 30px !important;}&#8221;][vc_column_inner width=&#8221;1\/3&#8243;][\/vc_column_inner][vc_column_inner width=&#8221;1\/3&#8243;][\/vc_column_inner][vc_column_inner width=&#8221;1\/3&#8243;][\/vc_column_inner][\/vc_row_inner][vc_row_inner row_type=&#8221;row&#8221; type=&#8221;full_width&#8221; use_row_as_full_screen_section_slide=&#8221;no&#8221; text_align=&#8221;left&#8221; css_animation=&#8221;&#8221; css=&#8221;.vc_custom_1610451346022{padding-bottom:&#8230;<\/p>\n","protected":false},"author":1,"featured_media":0,"parent":47236,"menu_order":685,"comment_status":"closed","ping_status":"closed","template":"","meta":{"footnotes":""},"class_list":["post-47070","page","type-page","status-publish","hentry"],"_links":{"self":[{"href":"https:\/\/www.climatecoating.com\/hu\/wp-json\/wp\/v2\/pages\/47070","targetHints":{"allow":["GET"]}}],"collection":[{"href":"https:\/\/www.climatecoating.com\/hu\/wp-json\/wp\/v2\/pages"}],"about":[{"href":"https:\/\/www.climatecoating.com\/hu\/wp-json\/wp\/v2\/types\/page"}],"author":[{"embeddable":true,"href":"https:\/\/www.climatecoating.com\/hu\/wp-json\/wp\/v2\/users\/1"}],"replies":[{"embeddable":true,"href":"https:\/\/www.climatecoating.com\/hu\/wp-json\/wp\/v2\/comments?post=47070"}],"version-history":[{"count":0,"href":"https:\/\/www.climatecoating.com\/hu\/wp-json\/wp\/v2\/pages\/47070\/revisions"}],"up":[{"embeddable":true,"href":"https:\/\/www.climatecoating.com\/hu\/wp-json\/wp\/v2\/pages\/47236"}],"wp:attachment":[{"href":"https:\/\/www.climatecoating.com\/hu\/wp-json\/wp\/v2\/media?parent=47070"}],"curies":[{"name":"wp","href":"https:\/\/api.w.org\/{rel}","templated":true}]}}