{"id":47087,"date":"2023-05-02T10:28:34","date_gmt":"2023-05-02T08:28:34","guid":{"rendered":"https:\/\/www.climatecoating.com\/adatvedelmi-szabalyzat-egyesult-kiralysag\/"},"modified":"2023-05-02T10:28:35","modified_gmt":"2023-05-02T08:28:35","slug":"adatvedelmi-szabalyzat-egyesult-kiralysag","status":"publish","type":"page","link":"https:\/\/www.climatecoating.com\/hu\/jogi\/adatvedelmi-szabalyzat-egyesult-kiralysag\/","title":{"rendered":"Adatv\u00e9delmi szab\u00e1lyzat (Egyes\u00fclt Kir\u00e1lys\u00e1g)"},"content":{"rendered":"<div class=\"wpb-content-wrapper\"><p>[vc_row row_type=&#8221;row&#8221; use_row_as_full_screen_section=&#8221;no&#8221; type=&#8221;full_width&#8221; text_align=&#8221;left&#8221; background_animation=&#8221;none&#8221; css_animation=&#8221;&#8221;][vc_column][vc_column_text]<\/p>\n<h1>Adatv\u00e9delmi szab\u00e1lyzat (Egyes\u00fclt Kir\u00e1lys\u00e1g)<\/h1>\n<p>Region UK not activated for privacy-statement.[\/vc_column_text][\/vc_column][\/vc_row]<\/p>\n<\/div>","protected":false},"excerpt":{"rendered":"<p>[vc_row row_type=&#8221;row&#8221; use_row_as_full_screen_section=&#8221;no&#8221; type=&#8221;full_width&#8221; text_align=&#8221;left&#8221; background_animation=&#8221;none&#8221; css_animation=&#8221;&#8221;][vc_column][vc_column_text] Adatv\u00e9delmi szab\u00e1lyzat (Egyes\u00fclt Kir\u00e1lys\u00e1g) [\/vc_column_text][\/vc_column][\/vc_row]<\/p>\n","protected":false},"author":1,"featured_media":0,"parent":47191,"menu_order":830,"comment_status":"closed","ping_status":"closed","template":"","meta":{"footnotes":""},"class_list":["post-47087","page","type-page","status-publish","hentry"],"_links":{"self":[{"href":"https:\/\/www.climatecoating.com\/hu\/wp-json\/wp\/v2\/pages\/47087","targetHints":{"allow":["GET"]}}],"collection":[{"href":"https:\/\/www.climatecoating.com\/hu\/wp-json\/wp\/v2\/pages"}],"about":[{"href":"https:\/\/www.climatecoating.com\/hu\/wp-json\/wp\/v2\/types\/page"}],"author":[{"embeddable":true,"href":"https:\/\/www.climatecoating.com\/hu\/wp-json\/wp\/v2\/users\/1"}],"replies":[{"embeddable":true,"href":"https:\/\/www.climatecoating.com\/hu\/wp-json\/wp\/v2\/comments?post=47087"}],"version-history":[{"count":0,"href":"https:\/\/www.climatecoating.com\/hu\/wp-json\/wp\/v2\/pages\/47087\/revisions"}],"up":[{"embeddable":true,"href":"https:\/\/www.climatecoating.com\/hu\/wp-json\/wp\/v2\/pages\/47191"}],"wp:attachment":[{"href":"https:\/\/www.climatecoating.com\/hu\/wp-json\/wp\/v2\/media?parent=47087"}],"curies":[{"name":"wp","href":"https:\/\/api.w.org\/{rel}","templated":true}]}}