{"id":47144,"date":"2023-05-02T10:28:40","date_gmt":"2023-05-02T08:28:40","guid":{"rendered":"https:\/\/www.climatecoating.com\/alkalmazasi-teruletek\/"},"modified":"2024-02-12T14:58:38","modified_gmt":"2024-02-12T13:58:38","slug":"alkalmazasi-teruletek","status":"publish","type":"page","link":"https:\/\/www.climatecoating.com\/hu\/alkalmazasi-teruletek\/","title":{"rendered":"Alkalmaz\u00e1si ter\u00fcletek"},"content":{"rendered":"<div class=\"wpb-content-wrapper\"><p>[vc_row row_type=&#8221;row&#8221; use_row_as_full_screen_section=&#8221;no&#8221; type=&#8221;full_width&#8221; text_align=&#8221;left&#8221; background_animation=&#8221;none&#8221; padding_bottom=&#8221;45&#8243; css_animation=&#8221;&#8221;][vc_column][vc_column_text]<\/p>\n<h1>Alkalmaz\u00e1si ter\u00fcletek<\/h1>\n<p>[\/vc_column_text][vc_column_text css=&#8221;.vc_custom_1692783229514{padding-bottom: 30px !important;}&#8221;]Itt minden alkalmaz\u00e1si ter\u00fcletre \u00e9s ipar\u00e1gi kih\u00edv\u00e1sra tal\u00e1l bevonatmegold\u00e1sokat &#8211; legyen sz\u00f3 ak\u00e1r a napf\u00e9ny visszaver\u00e9s\u00e9r\u0151l vagy az \u00e9p\u00fcletek energiam\u00e9rleg\u00e9nek jav\u00edt\u00e1s\u00e1r\u00f3l. Mert a ClimateCoating<sup>\u00ae<\/sup> term\u00e9kek t\u00f6bb mint fest\u00e9k vagy v\u00e9d\u0151bevonat. Ezek a k\u00f6rnyezetbar\u00e1t \u00e9s hat\u00e9kony funkcion\u00e1lis bevonatok, amelyekre nagyon hossz\u00fa ideig sz\u00e1m\u00edthat.<\/p>\n<p>Az <a href=\"https:\/\/www.climatecoating.com\/hu\/calculus\/\">AI-alap\u00fa Calculus<sup>\u00ae<\/sup> h\u0151m\u00e9rs\u00e9klet-kalkul\u00e1tor<\/a> seg\u00edt l\u00e1that\u00f3v\u00e1 tenni a h\u0151m\u00e9rs\u00e9kletcs\u00f6kkent\u00e9st \u00e9s az energiamegtakar\u00edt\u00e1st &#8211; a ThermoProtect \u00e9s ThermoActive k\u00fcls\u0151 bevonatok alkalmaz\u00e1s\u00e1val.[\/vc_column_text]<div class=\"woocommerce columns-4\"><ul class=\"products columns-4 clearfix default\"><li class=\"product-category product first\">\n\t<a aria-label=\"M\u0171szaki szerkezetek term\u00e9kkateg\u00f3ria megtekint\u00e9se\" href=\"https:\/\/www.climatecoating.com\/hu\/alkalmazasi-teruletek\/muszaki-szerkezetek\/\"><img loading=\"lazy\" decoding=\"async\" src=\"https:\/\/www.climatecoating.com\/wp-content\/uploads\/2020\/10\/Technische-Konstruktionen_600px-300x300.jpg\" alt=\"M\u0171szaki szerkezetek\" width=\"300\" height=\"300\" srcset=\"https:\/\/www.climatecoating.com\/wp-content\/uploads\/2020\/10\/Technische-Konstruktionen_600px-300x300.jpg 300w, https:\/\/www.climatecoating.com\/wp-content\/uploads\/2020\/10\/Technische-Konstruktionen_600px-100x100.jpg 100w, https:\/\/www.climatecoating.com\/wp-content\/uploads\/2020\/10\/Technische-Konstruktionen_600px-150x150.jpg 150w, https:\/\/www.climatecoating.com\/wp-content\/uploads\/2020\/10\/Technische-Konstruktionen_600px-550x550.jpg 550w, https:\/\/www.climatecoating.com\/wp-content\/uploads\/2020\/10\/Technische-Konstruktionen_600px-500x500.jpg 500w, https:\/\/www.climatecoating.com\/wp-content\/uploads\/2020\/10\/Technische-Konstruktionen_600px.jpg 600w\" sizes=\"auto, (max-width: 300px) 100vw, 300px\" \/>\t\t<h2 class=\"woocommerce-loop-category__title\">\n\t\t\tM\u0171szaki szerkezetek <mark class=\"count\">(1)<\/mark>\t\t<\/h2>\n\t\t<\/a><\/li>\n<li class=\"product-category product\">\n\t<a aria-label=\"M\u0171eml\u00e9kv\u00e9delem term\u00e9kkateg\u00f3ria megtekint\u00e9se\" href=\"https:\/\/www.climatecoating.com\/hu\/alkalmazasi-teruletek\/muemlekvedelem\/\"><img loading=\"lazy\" decoding=\"async\" src=\"https:\/\/www.climatecoating.com\/wp-content\/uploads\/2020\/10\/Denkmalschutz_600px-300x300.jpg\" alt=\"M\u0171eml\u00e9kv\u00e9delem\" width=\"300\" height=\"300\" srcset=\"https:\/\/www.climatecoating.com\/wp-content\/uploads\/2020\/10\/Denkmalschutz_600px-300x300.jpg 300w, https:\/\/www.climatecoating.com\/wp-content\/uploads\/2020\/10\/Denkmalschutz_600px-100x100.jpg 100w, https:\/\/www.climatecoating.com\/wp-content\/uploads\/2020\/10\/Denkmalschutz_600px-150x150.jpg 150w, https:\/\/www.climatecoating.com\/wp-content\/uploads\/2020\/10\/Denkmalschutz_600px-550x550.jpg 550w, https:\/\/www.climatecoating.com\/wp-content\/uploads\/2020\/10\/Denkmalschutz_600px-500x500.jpg 500w, https:\/\/www.climatecoating.com\/wp-content\/uploads\/2020\/10\/Denkmalschutz_600px.jpg 600w\" sizes=\"auto, (max-width: 300px) 100vw, 300px\" \/>\t\t<h2 class=\"woocommerce-loop-category__title\">\n\t\t\tM\u0171eml\u00e9kv\u00e9delem <mark class=\"count\">(1)<\/mark>\t\t<\/h2>\n\t\t<\/a><\/li>\n<li class=\"product-category product\">\n\t<a aria-label=\"Ipari \u00e9s speci\u00e1lis megold\u00e1sok term\u00e9kkateg\u00f3ria megtekint\u00e9se\" href=\"https:\/\/www.climatecoating.com\/hu\/alkalmazasi-teruletek\/ipari-es-specialis-megoldasok\/\"><img loading=\"lazy\" decoding=\"async\" src=\"https:\/\/www.climatecoating.com\/wp-content\/uploads\/2020\/10\/Branchen-Spezialloesungen_600px-300x300.jpg\" alt=\"Ipari \u00e9s speci\u00e1lis megold\u00e1sok\" width=\"300\" height=\"300\" srcset=\"https:\/\/www.climatecoating.com\/wp-content\/uploads\/2020\/10\/Branchen-Spezialloesungen_600px-300x300.jpg 300w, https:\/\/www.climatecoating.com\/wp-content\/uploads\/2020\/10\/Branchen-Spezialloesungen_600px-100x100.jpg 100w, https:\/\/www.climatecoating.com\/wp-content\/uploads\/2020\/10\/Branchen-Spezialloesungen_600px-150x150.jpg 150w, https:\/\/www.climatecoating.com\/wp-content\/uploads\/2020\/10\/Branchen-Spezialloesungen_600px-550x550.jpg 550w, https:\/\/www.climatecoating.com\/wp-content\/uploads\/2020\/10\/Branchen-Spezialloesungen_600px-500x500.jpg 500w, https:\/\/www.climatecoating.com\/wp-content\/uploads\/2020\/10\/Branchen-Spezialloesungen_600px.jpg 600w\" sizes=\"auto, (max-width: 300px) 100vw, 300px\" \/>\t\t<h2 class=\"woocommerce-loop-category__title\">\n\t\t\tIpari \u00e9s speci\u00e1lis megold\u00e1sok\t\t<\/h2>\n\t\t<\/a><\/li>\n<li class=\"product-category product last\">\n\t<a aria-label=\"Kert \u00e9s szabadid\u0151 term\u00e9kkateg\u00f3ria megtekint\u00e9se\" href=\"https:\/\/www.climatecoating.com\/hu\/alkalmazasi-teruletek\/kert-es-szabadido\/\"><img loading=\"lazy\" decoding=\"async\" src=\"https:\/\/www.climatecoating.com\/wp-content\/uploads\/2020\/10\/Garten-Freizeit_600px-300x300.jpg\" alt=\"Kert \u00e9s szabadid\u0151\" width=\"300\" height=\"300\" srcset=\"https:\/\/www.climatecoating.com\/wp-content\/uploads\/2020\/10\/Garten-Freizeit_600px-300x300.jpg 300w, https:\/\/www.climatecoating.com\/wp-content\/uploads\/2020\/10\/Garten-Freizeit_600px-100x100.jpg 100w, https:\/\/www.climatecoating.com\/wp-content\/uploads\/2020\/10\/Garten-Freizeit_600px-150x150.jpg 150w, https:\/\/www.climatecoating.com\/wp-content\/uploads\/2020\/10\/Garten-Freizeit_600px-550x550.jpg 550w, https:\/\/www.climatecoating.com\/wp-content\/uploads\/2020\/10\/Garten-Freizeit_600px-500x500.jpg 500w, https:\/\/www.climatecoating.com\/wp-content\/uploads\/2020\/10\/Garten-Freizeit_600px.jpg 600w\" sizes=\"auto, (max-width: 300px) 100vw, 300px\" \/>\t\t<h2 class=\"woocommerce-loop-category__title\">\n\t\t\tKert \u00e9s szabadid\u0151\t\t<\/h2>\n\t\t<\/a><\/li>\n<li class=\"product-category product first\">\n\t<a aria-label=\"\u00c9p\u00edt\u00e9s \u00e9s \u00e9let term\u00e9kkateg\u00f3ria megtekint\u00e9se\" href=\"https:\/\/www.climatecoating.com\/hu\/alkalmazasi-teruletek\/epites-es-elet\/\"><img loading=\"lazy\" decoding=\"async\" src=\"https:\/\/www.climatecoating.com\/wp-content\/uploads\/2025\/10\/Bauen-Wohnen_600px_2-300x300.jpg\" alt=\"\u00c9p\u00edt\u00e9s \u00e9s \u00e9let\" width=\"300\" height=\"300\" srcset=\"https:\/\/www.climatecoating.com\/wp-content\/uploads\/2025\/10\/Bauen-Wohnen_600px_2-300x300.jpg 300w, https:\/\/www.climatecoating.com\/wp-content\/uploads\/2025\/10\/Bauen-Wohnen_600px_2-100x100.jpg 100w, https:\/\/www.climatecoating.com\/wp-content\/uploads\/2025\/10\/Bauen-Wohnen_600px_2-150x150.jpg 150w, https:\/\/www.climatecoating.com\/wp-content\/uploads\/2025\/10\/Bauen-Wohnen_600px_2-550x550.jpg 550w, https:\/\/www.climatecoating.com\/wp-content\/uploads\/2025\/10\/Bauen-Wohnen_600px_2-500x500.jpg 500w, https:\/\/www.climatecoating.com\/wp-content\/uploads\/2025\/10\/Bauen-Wohnen_600px_2.jpg 600w\" sizes=\"auto, (max-width: 300px) 100vw, 300px\" \/>\t\t<h2 class=\"woocommerce-loop-category__title\">\n\t\t\t\u00c9p\u00edt\u00e9s \u00e9s \u00e9let <mark class=\"count\">(16)<\/mark>\t\t<\/h2>\n\t\t<\/a><\/li>\n<li class=\"product-category product\">\n\t<a aria-label=\"\u00c9lelmiszeripar term\u00e9kkateg\u00f3ria megtekint\u00e9se\" href=\"https:\/\/www.climatecoating.com\/hu\/alkalmazasi-teruletek\/elelmiszeripar\/\"><img loading=\"lazy\" decoding=\"async\" src=\"https:\/\/www.climatecoating.com\/wp-content\/uploads\/2020\/10\/Lebensmittelindustrie_600px-300x300.jpg\" alt=\"\u00c9lelmiszeripar\" width=\"300\" height=\"300\" srcset=\"https:\/\/www.climatecoating.com\/wp-content\/uploads\/2020\/10\/Lebensmittelindustrie_600px-300x300.jpg 300w, https:\/\/www.climatecoating.com\/wp-content\/uploads\/2020\/10\/Lebensmittelindustrie_600px-100x100.jpg 100w, https:\/\/www.climatecoating.com\/wp-content\/uploads\/2020\/10\/Lebensmittelindustrie_600px-150x150.jpg 150w, https:\/\/www.climatecoating.com\/wp-content\/uploads\/2020\/10\/Lebensmittelindustrie_600px-550x550.jpg 550w, https:\/\/www.climatecoating.com\/wp-content\/uploads\/2020\/10\/Lebensmittelindustrie_600px-500x500.jpg 500w, https:\/\/www.climatecoating.com\/wp-content\/uploads\/2020\/10\/Lebensmittelindustrie_600px.jpg 600w\" sizes=\"auto, (max-width: 300px) 100vw, 300px\" \/>\t\t<h2 class=\"woocommerce-loop-category__title\">\n\t\t\t\u00c9lelmiszeripar <mark class=\"count\">(3)<\/mark>\t\t<\/h2>\n\t\t<\/a><\/li>\n<li class=\"product-category product\">\n\t<a aria-label=\"Gy\u00e1rt\u00f3ipar term\u00e9kkateg\u00f3ria megtekint\u00e9se\" href=\"https:\/\/www.climatecoating.com\/hu\/alkalmazasi-teruletek\/gyartoipar\/\"><img loading=\"lazy\" decoding=\"async\" src=\"https:\/\/www.climatecoating.com\/wp-content\/uploads\/2020\/10\/Produzierendes-Gewerbe1_600px-300x300.jpg\" alt=\"Gy\u00e1rt\u00f3ipar\" width=\"300\" height=\"300\" srcset=\"https:\/\/www.climatecoating.com\/wp-content\/uploads\/2020\/10\/Produzierendes-Gewerbe1_600px-300x300.jpg 300w, https:\/\/www.climatecoating.com\/wp-content\/uploads\/2020\/10\/Produzierendes-Gewerbe1_600px-100x100.jpg 100w, https:\/\/www.climatecoating.com\/wp-content\/uploads\/2020\/10\/Produzierendes-Gewerbe1_600px-150x150.jpg 150w, https:\/\/www.climatecoating.com\/wp-content\/uploads\/2020\/10\/Produzierendes-Gewerbe1_600px-550x550.jpg 550w, https:\/\/www.climatecoating.com\/wp-content\/uploads\/2020\/10\/Produzierendes-Gewerbe1_600px-500x500.jpg 500w, https:\/\/www.climatecoating.com\/wp-content\/uploads\/2020\/10\/Produzierendes-Gewerbe1_600px.jpg 600w\" sizes=\"auto, (max-width: 300px) 100vw, 300px\" \/>\t\t<h2 class=\"woocommerce-loop-category__title\">\n\t\t\tGy\u00e1rt\u00f3ipar <mark class=\"count\">(4)<\/mark>\t\t<\/h2>\n\t\t<\/a><\/li>\n<li class=\"product-category product last\">\n\t<a aria-label=\"K\u00f6z\u00e9p\u00fcletek term\u00e9kkateg\u00f3ria megtekint\u00e9se\" href=\"https:\/\/www.climatecoating.com\/hu\/alkalmazasi-teruletek\/kozepuletek\/\"><img loading=\"lazy\" decoding=\"async\" src=\"https:\/\/www.climatecoating.com\/wp-content\/uploads\/2020\/10\/Oeffentliche-Gebaeude_2560x1440px-1-300x300.jpg\" alt=\"K\u00f6z\u00e9p\u00fcletek\" width=\"300\" height=\"300\" srcset=\"https:\/\/www.climatecoating.com\/wp-content\/uploads\/2020\/10\/Oeffentliche-Gebaeude_2560x1440px-1-300x300.jpg 300w, https:\/\/www.climatecoating.com\/wp-content\/uploads\/2020\/10\/Oeffentliche-Gebaeude_2560x1440px-1-100x100.jpg 100w, https:\/\/www.climatecoating.com\/wp-content\/uploads\/2020\/10\/Oeffentliche-Gebaeude_2560x1440px-1-150x150.jpg 150w, https:\/\/www.climatecoating.com\/wp-content\/uploads\/2020\/10\/Oeffentliche-Gebaeude_2560x1440px-1-550x550.jpg 550w, https:\/\/www.climatecoating.com\/wp-content\/uploads\/2020\/10\/Oeffentliche-Gebaeude_2560x1440px-1-500x500.jpg 500w, https:\/\/www.climatecoating.com\/wp-content\/uploads\/2020\/10\/Oeffentliche-Gebaeude_2560x1440px-1.jpg 600w\" sizes=\"auto, (max-width: 300px) 100vw, 300px\" \/>\t\t<h2 class=\"woocommerce-loop-category__title\">\n\t\t\tK\u00f6z\u00e9p\u00fcletek <mark class=\"count\">(11)<\/mark>\t\t<\/h2>\n\t\t<\/a><\/li>\n<li class=\"product-category product first\">\n\t<a aria-label=\"Mez\u0151gazdas\u00e1g \u00e9s \u00e1llatteny\u00e9szt\u00e9s term\u00e9kkateg\u00f3ria megtekint\u00e9se\" href=\"https:\/\/www.climatecoating.com\/hu\/alkalmazasi-teruletek\/mezogazdasag-es-allattenyesztes\/\"><img loading=\"lazy\" decoding=\"async\" src=\"https:\/\/www.climatecoating.com\/wp-content\/uploads\/2020\/10\/Landwirtschaft-Tierhaltung_600px-300x300.jpg\" alt=\"Mez\u0151gazdas\u00e1g \u00e9s \u00e1llatteny\u00e9szt\u00e9s\" width=\"300\" height=\"300\" srcset=\"https:\/\/www.climatecoating.com\/wp-content\/uploads\/2020\/10\/Landwirtschaft-Tierhaltung_600px-300x300.jpg 300w, https:\/\/www.climatecoating.com\/wp-content\/uploads\/2020\/10\/Landwirtschaft-Tierhaltung_600px-100x100.jpg 100w, https:\/\/www.climatecoating.com\/wp-content\/uploads\/2020\/10\/Landwirtschaft-Tierhaltung_600px-150x150.jpg 150w, https:\/\/www.climatecoating.com\/wp-content\/uploads\/2020\/10\/Landwirtschaft-Tierhaltung_600px-550x550.jpg 550w, https:\/\/www.climatecoating.com\/wp-content\/uploads\/2020\/10\/Landwirtschaft-Tierhaltung_600px-500x500.jpg 500w, https:\/\/www.climatecoating.com\/wp-content\/uploads\/2020\/10\/Landwirtschaft-Tierhaltung_600px.jpg 600w\" sizes=\"auto, (max-width: 300px) 100vw, 300px\" \/>\t\t<h2 class=\"woocommerce-loop-category__title\">\n\t\t\tMez\u0151gazdas\u00e1g \u00e9s \u00e1llatteny\u00e9szt\u00e9s <mark class=\"count\">(4)<\/mark>\t\t<\/h2>\n\t\t<\/a><\/li>\n<li class=\"product-category product\">\n\t<a aria-label=\"Eg\u00e9szs\u00e9g\u00fcgy term\u00e9kkateg\u00f3ria megtekint\u00e9se\" href=\"https:\/\/www.climatecoating.com\/hu\/alkalmazasi-teruletek\/egeszsegugy\/\"><img loading=\"lazy\" decoding=\"async\" src=\"https:\/\/www.climatecoating.com\/wp-content\/uploads\/2020\/10\/Gesundheitswesen_600px-300x300.jpg\" alt=\"Eg\u00e9szs\u00e9g\u00fcgy\" width=\"300\" height=\"300\" srcset=\"https:\/\/www.climatecoating.com\/wp-content\/uploads\/2020\/10\/Gesundheitswesen_600px-300x300.jpg 300w, https:\/\/www.climatecoating.com\/wp-content\/uploads\/2020\/10\/Gesundheitswesen_600px-100x100.jpg 100w, https:\/\/www.climatecoating.com\/wp-content\/uploads\/2020\/10\/Gesundheitswesen_600px-150x150.jpg 150w, https:\/\/www.climatecoating.com\/wp-content\/uploads\/2020\/10\/Gesundheitswesen_600px-550x550.jpg 550w, https:\/\/www.climatecoating.com\/wp-content\/uploads\/2020\/10\/Gesundheitswesen_600px-500x500.jpg 500w, https:\/\/www.climatecoating.com\/wp-content\/uploads\/2020\/10\/Gesundheitswesen_600px.jpg 600w\" sizes=\"auto, (max-width: 300px) 100vw, 300px\" \/>\t\t<h2 class=\"woocommerce-loop-category__title\">\n\t\t\tEg\u00e9szs\u00e9g\u00fcgy <mark class=\"count\">(1)<\/mark>\t\t<\/h2>\n\t\t<\/a><\/li>\n<li class=\"product-category product\">\n\t<a aria-label=\"Sz\u00e1llodaipar \u00e9s gasztron\u00f3mia term\u00e9kkateg\u00f3ria megtekint\u00e9se\" href=\"https:\/\/www.climatecoating.com\/hu\/alkalmazasi-teruletek\/szallodaipar-es-gasztronomia\/\"><img loading=\"lazy\" decoding=\"async\" src=\"https:\/\/www.climatecoating.com\/wp-content\/uploads\/2020\/10\/Hotellerie-Gastronomie_600px-300x300.jpg\" alt=\"Sz\u00e1llodaipar \u00e9s gasztron\u00f3mia\" width=\"300\" height=\"300\" srcset=\"https:\/\/www.climatecoating.com\/wp-content\/uploads\/2020\/10\/Hotellerie-Gastronomie_600px-300x300.jpg 300w, https:\/\/www.climatecoating.com\/wp-content\/uploads\/2020\/10\/Hotellerie-Gastronomie_600px-100x100.jpg 100w, https:\/\/www.climatecoating.com\/wp-content\/uploads\/2020\/10\/Hotellerie-Gastronomie_600px-150x150.jpg 150w, https:\/\/www.climatecoating.com\/wp-content\/uploads\/2020\/10\/Hotellerie-Gastronomie_600px-550x550.jpg 550w, https:\/\/www.climatecoating.com\/wp-content\/uploads\/2020\/10\/Hotellerie-Gastronomie_600px-500x500.jpg 500w, https:\/\/www.climatecoating.com\/wp-content\/uploads\/2020\/10\/Hotellerie-Gastronomie_600px.jpg 600w\" sizes=\"auto, (max-width: 300px) 100vw, 300px\" \/>\t\t<h2 class=\"woocommerce-loop-category__title\">\n\t\t\tSz\u00e1llodaipar \u00e9s gasztron\u00f3mia <mark class=\"count\">(7)<\/mark>\t\t<\/h2>\n\t\t<\/a><\/li>\n<li class=\"product-category product last\">\n\t<a aria-label=\"K\u00f6zleked\u00e9s \u00e9s k\u00f6zleked\u00e9s term\u00e9kkateg\u00f3ria megtekint\u00e9se\" href=\"https:\/\/www.climatecoating.com\/hu\/alkalmazasi-teruletek\/kozlekedes-es-kozlekedes\/\"><img loading=\"lazy\" decoding=\"async\" src=\"https:\/\/www.climatecoating.com\/wp-content\/uploads\/2020\/10\/Transport-Verkehr_600px-300x300.jpg\" alt=\"K\u00f6zleked\u00e9s \u00e9s k\u00f6zleked\u00e9s\" width=\"300\" height=\"300\" srcset=\"https:\/\/www.climatecoating.com\/wp-content\/uploads\/2020\/10\/Transport-Verkehr_600px-300x300.jpg 300w, https:\/\/www.climatecoating.com\/wp-content\/uploads\/2020\/10\/Transport-Verkehr_600px-100x100.jpg 100w, https:\/\/www.climatecoating.com\/wp-content\/uploads\/2020\/10\/Transport-Verkehr_600px-150x150.jpg 150w, https:\/\/www.climatecoating.com\/wp-content\/uploads\/2020\/10\/Transport-Verkehr_600px-550x550.jpg 550w, https:\/\/www.climatecoating.com\/wp-content\/uploads\/2020\/10\/Transport-Verkehr_600px-500x500.jpg 500w, https:\/\/www.climatecoating.com\/wp-content\/uploads\/2020\/10\/Transport-Verkehr_600px.jpg 600w\" sizes=\"auto, (max-width: 300px) 100vw, 300px\" \/>\t\t<h2 class=\"woocommerce-loop-category__title\">\n\t\t\tK\u00f6zleked\u00e9s \u00e9s k\u00f6zleked\u00e9s <mark class=\"count\">(1)<\/mark>\t\t<\/h2>\n\t\t<\/a><\/li>\n<\/ul>\n<\/div>[\/vc_column][\/vc_row]<\/p>\n<\/div>","protected":false},"excerpt":{"rendered":"<p>[vc_row row_type=&#8221;row&#8221; use_row_as_full_screen_section=&#8221;no&#8221; type=&#8221;full_width&#8221; text_align=&#8221;left&#8221; background_animation=&#8221;none&#8221; padding_bottom=&#8221;45&#8243; css_animation=&#8221;&#8221;][vc_column][vc_column_text] Alkalmaz\u00e1si ter\u00fcletek [\/vc_column_text][vc_column_text css=&#8221;.vc_custom_1692783229514{padding-bottom: 30px !important;}&#8221;]Itt minden alkalmaz\u00e1si ter\u00fcletre \u00e9s ipar\u00e1gi kih\u00edv\u00e1sra tal\u00e1l bevonatmegold\u00e1sokat &#8211; legyen sz\u00f3 ak\u00e1r a napf\u00e9ny visszaver\u00e9s\u00e9r\u0151l vagy az \u00e9p\u00fcletek energiam\u00e9rleg\u00e9nek jav\u00edt\u00e1s\u00e1r\u00f3l. Mert a ClimateCoating\u00ae term\u00e9kek t\u00f6bb mint fest\u00e9k vagy v\u00e9d\u0151bevonat. Ezek a&#8230;<\/p>\n","protected":false},"author":1,"featured_media":0,"parent":0,"menu_order":100,"comment_status":"closed","ping_status":"closed","template":"","meta":{"footnotes":""},"class_list":["post-47144","page","type-page","status-publish","hentry"],"_links":{"self":[{"href":"https:\/\/www.climatecoating.com\/hu\/wp-json\/wp\/v2\/pages\/47144","targetHints":{"allow":["GET"]}}],"collection":[{"href":"https:\/\/www.climatecoating.com\/hu\/wp-json\/wp\/v2\/pages"}],"about":[{"href":"https:\/\/www.climatecoating.com\/hu\/wp-json\/wp\/v2\/types\/page"}],"author":[{"embeddable":true,"href":"https:\/\/www.climatecoating.com\/hu\/wp-json\/wp\/v2\/users\/1"}],"replies":[{"embeddable":true,"href":"https:\/\/www.climatecoating.com\/hu\/wp-json\/wp\/v2\/comments?post=47144"}],"version-history":[{"count":0,"href":"https:\/\/www.climatecoating.com\/hu\/wp-json\/wp\/v2\/pages\/47144\/revisions"}],"wp:attachment":[{"href":"https:\/\/www.climatecoating.com\/hu\/wp-json\/wp\/v2\/media?parent=47144"}],"curies":[{"name":"wp","href":"https:\/\/api.w.org\/{rel}","templated":true}]}}