{"id":47167,"date":"2023-05-02T10:28:49","date_gmt":"2023-05-02T08:28:49","guid":{"rendered":"https:\/\/www.climatecoating.com\/tanyasi-haz\/"},"modified":"2023-08-30T12:48:11","modified_gmt":"2023-08-30T10:48:11","slug":"tanyasi-haz","status":"publish","type":"page","link":"https:\/\/www.climatecoating.com\/hu\/hivatkozasok\/tanyasi-haz\/","title":{"rendered":"Tanyasi h\u00e1z"},"content":{"rendered":"<div class=\"wpb-content-wrapper\"><p>[vc_row row_type=&#8221;row&#8221; use_row_as_full_screen_section=&#8221;no&#8221; type=&#8221;full_width&#8221; text_align=&#8221;left&#8221; background_animation=&#8221;none&#8221; padding_top=&#8221;14&#8243; padding_bottom=&#8221;100&#8243; css_animation=&#8221;&#8221;][vc_column][vc_column_text]<\/p>\n<h1>Referenci\u00e1k &#8211; paraszth\u00e1z<\/h1>\n<p>[\/vc_column_text]<div class='projects_holder_outer v3 portfolio_with_space portfolio_with_hover_text  qode-filter-position-left'>\n\t    \t<div class='projects_holder clearfix v3 hover_text portfolio_default_image '>\n\t\t<article class=\"mix portfolio_category_3221\">\n    <div class='image_holder elegant_hover'>\n        \n<span class='image'><img loading=\"lazy\" decoding=\"async\" width=\"550\" height=\"498\" src=\"https:\/\/www.climatecoating.com\/wp-content\/uploads\/2020\/07\/Sanierung-Bauernhaus-in-den-Niederlanden_07-550x498.jpg\" class=\"attachment-portfolio-default size-portfolio-default wp-post-image\" alt=\"\" srcset=\"https:\/\/www.climatecoating.com\/wp-content\/uploads\/2020\/07\/Sanierung-Bauernhaus-in-den-Niederlanden_07-550x498.jpg 550w, https:\/\/www.climatecoating.com\/wp-content\/uploads\/2020\/07\/Sanierung-Bauernhaus-in-den-Niederlanden_07-480x434.jpg 480w, https:\/\/www.climatecoating.com\/wp-content\/uploads\/2020\/07\/Sanierung-Bauernhaus-in-den-Niederlanden_07-125x112.jpg 125w\" sizes=\"auto, (max-width: 550px) 100vw, 550px\" \/><\/span>\n                    <a class='portfolio_link_class' href='https:\/\/www.climatecoating.com\/hu\/hivatkozasok\/referencia\/felujitas-paraszthaz-hollandiaban\/' target='_self'><\/a>\n\t\t\n        <div class=\"portfolio_shader\"><\/div>\n<div class=\"text_holder\">\n\t<div class=\"text_holder_inner\">\n\t\t<div class=\"text_holder_inner2\">\n\t\t\t<h4 class=\"portfolio_title\" > Fel\u00faj\u00edt\u00e1s paraszth\u00e1z Hollandi\u00e1ban<\/h4><h6 class=\"portfolio_subtitle\"> <\/h6>\t\t<\/div>\n\t<\/div>\n<\/div>\n\n\n\t    \n    <\/div>\n<\/article>\n\t\t\t\t\t<div class='filler'><\/div>\n\t\t\t\t\t\t\t\t\t<div class='filler'><\/div>\n\t\t\t\t\t\t\t\t\t<div class='filler'><\/div>\n\t\t\t\t\t<\/div>\n\n    \n\t<\/div>\n[\/vc_column][\/vc_row][vc_row row_type=&#8221;row&#8221; use_row_as_full_screen_section=&#8221;no&#8221; type=&#8221;full_width&#8221; text_align=&#8221;left&#8221; background_animation=&#8221;none&#8221; css_animation=&#8221;&#8221;][vc_column][\/vc_column][\/vc_row]<\/p>\n<\/div>","protected":false},"excerpt":{"rendered":"Foltos falak \u00e1tfestve Ezt a r\u00e9gi hollandiai \u00e9p\u00fcletet 2013-ban ClimateCoating\u00ae ThermoProtect bevonattal \u00faj\u00edtott\u00e1k fel. A probl\u00e9m\u00e1t az jelentette, hogy a kor\u00e1bbi, ist\u00e1ll\u00f3\u00e9p\u00fcletk\u00e9nt val\u00f3 haszn\u00e1lat miatt a k\u00fcls\u0151 falak bizonyos folyad\u00e9kokat felsz\u00edvtak \u00e9s elsz\u00ednez\u0151dtek. A ClimateCoating\u00ae Exterior haszn\u00e1lata a helyes d\u00f6nt\u00e9s volt, mivel megakad\u00e1lyozta a foltok...","protected":false},"author":1,"featured_media":0,"parent":47505,"menu_order":420,"comment_status":"closed","ping_status":"closed","template":"","meta":{"footnotes":""},"class_list":["post-47167","page","type-page","status-publish","hentry"],"_links":{"self":[{"href":"https:\/\/www.climatecoating.com\/hu\/wp-json\/wp\/v2\/pages\/47167","targetHints":{"allow":["GET"]}}],"collection":[{"href":"https:\/\/www.climatecoating.com\/hu\/wp-json\/wp\/v2\/pages"}],"about":[{"href":"https:\/\/www.climatecoating.com\/hu\/wp-json\/wp\/v2\/types\/page"}],"author":[{"embeddable":true,"href":"https:\/\/www.climatecoating.com\/hu\/wp-json\/wp\/v2\/users\/1"}],"replies":[{"embeddable":true,"href":"https:\/\/www.climatecoating.com\/hu\/wp-json\/wp\/v2\/comments?post=47167"}],"version-history":[{"count":0,"href":"https:\/\/www.climatecoating.com\/hu\/wp-json\/wp\/v2\/pages\/47167\/revisions"}],"up":[{"embeddable":true,"href":"https:\/\/www.climatecoating.com\/hu\/wp-json\/wp\/v2\/pages\/47505"}],"wp:attachment":[{"href":"https:\/\/www.climatecoating.com\/hu\/wp-json\/wp\/v2\/media?parent=47167"}],"curies":[{"name":"wp","href":"https:\/\/api.w.org\/{rel}","templated":true}]}}