{"id":47197,"date":"2023-05-02T10:28:51","date_gmt":"2023-05-02T08:28:51","guid":{"rendered":"https:\/\/www.climatecoating.com\/jogi\/impresszum\/"},"modified":"2023-05-02T10:28:58","modified_gmt":"2023-05-02T08:28:58","slug":"impresszum","status":"publish","type":"page","link":"https:\/\/www.climatecoating.com\/hu\/jogi\/impresszum\/","title":{"rendered":"Impresszum"},"content":{"rendered":"<div class=\"wpb-content-wrapper\"><p>[vc_row row_type=&#8221;row&#8221; use_row_as_full_screen_section=&#8221;no&#8221; type=&#8221;full_width&#8221; text_align=&#8221;left&#8221; background_animation=&#8221;none&#8221; padding_bottom=&#8221;45&#8243; css_animation=&#8221;&#8221;][vc_column][vc_column_text]<\/p>\n<h1>Impresszum<\/h1>\n<p><strong>SICC Coatings GmbH<\/strong><br \/>\nWackenbergstra\u00dfe 78 &#8211; 82<br \/>\nDE-13156 Berlin<\/p>\n<p>Tel.: +49 (0) 30 \/ 50 01 96-0<br \/>\nFax: +49 (0) 30 \/ 50 01 96-20<br \/>\nE-mail: <span id=\"cloakd78a1e11def09a9b63740395e79511bf\"><br \/>\n  <a href=\"mailto:info@sicc.de\">info@sicc.de<\/a><br \/>\n<\/span><\/p>\n<p><strong>\u00dcgyvezet\u0151 igazgat\u00f3:<\/strong> Waldemar Walczok<br \/>\n<strong>Nyilv\u00e1ntart\u00f3 b\u00edr\u00f3s\u00e1g:<\/strong> Berlin-Charlottenburgi Helyi B\u00edr\u00f3s\u00e1g<br \/>\n<strong>Nyilv\u00e1ntart\u00e1si sz\u00e1m:<\/strong> HRB 88630<br \/>\n<strong>Forgalmiad\u00f3-azonos\u00edt\u00f3:<\/strong> DE813670303<\/p>\n<p><strong>K\u00e9p kreditpontok<\/strong><br \/>\n\u00a92010 Terry J Alcorn, Inc.[\/vc_column_text][vc_separator type=&#8221;transparent&#8221; border_style=&#8221;&#8221; up=&#8221;20&#8243; down=&#8221;0&#8243; icon_pack=&#8221;font_awesome&#8221;][vc_column_text]<\/p>\n<h2 class=\"\">DISCLAIMER<\/h2>\n<h3 class=\"\">Felel\u0151ss\u00e9g a tartalom\u00e9rt<\/h3>\n<p class=\"hyp hyphenate\">Oldalaink tartalm\u00e1t a legnagyobb gondoss\u00e1ggal \u00e1ll\u00edtottuk \u00f6ssze. A tartalom helyess\u00e9g\u00e9\u00e9rt, teljess\u00e9g\u00e9\u00e9rt \u00e9s naprak\u00e9szs\u00e9g\u00e9\u00e9rt azonban nem tudunk felel\u0151ss\u00e9get v\u00e1llalni. Szolg\u00e1ltat\u00f3k\u00e9nt az \u00e1ltal\u00e1nos t\u00f6rv\u00e9nyeknek megfelel\u0151en felel\u0151sek vagyunk az ezeken az oldalakon tal\u00e1lhat\u00f3 saj\u00e1t tartalmunk\u00e9rt. Szolg\u00e1ltat\u00f3k\u00e9nt azonban nem vagyunk k\u00f6telesek figyelemmel k\u00eds\u00e9rni a harmadik f\u00e9l \u00e1ltal tov\u00e1bb\u00edtott vagy t\u00e1rolt inform\u00e1ci\u00f3kat, vagy kivizsg\u00e1lni az illeg\u00e1lis tev\u00e9kenys\u00e9gre utal\u00f3 k\u00f6r\u00fclm\u00e9nyeket. Ez nem \u00e9rinti az inform\u00e1ci\u00f3k elt\u00e1vol\u00edt\u00e1s\u00e1ra vagy felhaszn\u00e1l\u00e1s\u00e1nak megakad\u00e1lyoz\u00e1s\u00e1ra vonatkoz\u00f3, az \u00e1ltal\u00e1nos t\u00f6rv\u00e9nyeknek megfelel\u0151 k\u00f6telezetts\u00e9geket. E tekintetben azonban a felel\u0151ss\u00e9gre von\u00e1s csak a konkr\u00e9t jogs\u00e9rt\u00e9sr\u0151l val\u00f3 tudom\u00e1sszerz\u00e9st\u0151l kezdve lehets\u00e9ges. Ha ilyen jogs\u00e9rt\u00e9sr\u0151l szerez\u00fcnk tudom\u00e1st, azonnal elt\u00e1vol\u00edtjuk a tartalmat.<\/p>\n<h3>Felel\u0151ss\u00e9g a linkek\u00e9rt<\/h3>\n<p class=\"hyp hyphenate\">Aj\u00e1nlatunk harmadik felek k\u00fcls\u0151 weboldalaira mutat\u00f3 linkeket tartalmaz, amelyek tartalm\u00e1ra nincs befoly\u00e1sunk. Ez\u00e9rt nem tudunk felel\u0151ss\u00e9get v\u00e1llalni ezek\u00e9rt a k\u00fcls\u0151 tartalmak\u00e9rt. A hivatkozott oldalak tartalm\u00e1\u00e9rt mindig a mindenkori szolg\u00e1ltat\u00f3 vagy az oldalak \u00fczemeltet\u0151je a felel\u0151s. A linkelt oldalakat a linkel\u00e9s id\u0151pontj\u00e1ban ellen\u0151rizt\u00fck az esetleges jogi jogs\u00e9rt\u00e9sek szempontj\u00e1b\u00f3l. Az illeg\u00e1lis tartalmak nem voltak felismerhet\u0151k a linkel\u00e9skor. A hivatkozott oldalak tartalm\u00e1nak \u00e1lland\u00f3 ellen\u0151rz\u00e9se azonban nem \u00e9sszer\u0171 a t\u00f6rv\u00e9nys\u00e9rt\u00e9s konkr\u00e9t jelei n\u00e9lk\u00fcl. Ha tudom\u00e1st szerz\u00fcnk b\u00e1rmilyen t\u00f6rv\u00e9nys\u00e9rt\u00e9sr\u0151l, azonnal elt\u00e1vol\u00edtjuk az ilyen linkeket.<\/p>\n<h3>Szerz\u0151i jog<\/h3>\n<p class=\"hyp hyphenate\">Az oldal \u00fczemeltet\u0151i \u00e1ltal ezen oldalakon l\u00e9trehozott tartalmak \u00e9s m\u0171vek a n\u00e9met szerz\u0151i jog hat\u00e1lya al\u00e1 tartoznak. A sokszoros\u00edt\u00e1shoz, szerkeszt\u00e9shez, terjeszt\u00e9shez \u00e9s a szerz\u0151i jog korl\u00e1tain k\u00edv\u00fcli b\u00e1rmilyen felhaszn\u00e1l\u00e1shoz az adott szerz\u0151 vagy alkot\u00f3 \u00edr\u00e1sos hozz\u00e1j\u00e1rul\u00e1sa sz\u00fcks\u00e9ges. Az oldal let\u00f6lt\u00e9se \u00e9s m\u00e1sol\u00e1sa kiz\u00e1r\u00f3lag mag\u00e1njelleg\u0171, nem kereskedelmi c\u00e9l\u00fa felhaszn\u00e1l\u00e1sra enged\u00e9lyezett. Amennyiben az ezen az oldalon tal\u00e1lhat\u00f3 tartalom nem az \u00fczemeltet\u0151 \u00e1ltal k\u00e9sz\u00fclt, a harmadik felek szerz\u0151i jogait tiszteletben tartjuk. K\u00fcl\u00f6n\u00f6sen a harmadik f\u00e9lt\u0151l sz\u00e1rmaz\u00f3 tartalmakat azonos\u00edtj\u00e1k. Amennyiben m\u00e9gis tudom\u00e1s\u00e1ra jutna, hogy szerz\u0151i jogokat s\u00e9rtett, k\u00e9rj\u00fck, t\u00e1j\u00e9koztasson minket err\u0151l. Ha tudom\u00e1st szerz\u00fcnk b\u00e1rmilyen jogs\u00e9rt\u00e9sr\u0151l, azonnal elt\u00e1vol\u00edtjuk az ilyen tartalmakat.<\/p>\n<h3>K\u00e9p kreditpontok<\/h3>\n<p class=\"hyp hyphenate\">Saj\u00e1t k\u00e9pek, Photodune.net, iStockphoto.com, \u00a9Kadmy &#8211; Fotolia.de<\/p>\n<h3>Online vitarendez\u00e9si platform (ODR platform)<\/h3>\n<p class=\"hyp hyphenate\">Az Eur\u00f3pai Bizotts\u00e1g l\u00e9trehozott egy honlapot a v\u00e1llalkoz\u00f3k \u00e9s fogyaszt\u00f3k k\u00f6z\u00f6tti online vitarendez\u00e9shez (ODR-platform), amely a <a href=\"http:\/\/ec.europa.eu\/consumers\/odr\/\" target=\"_blank\" rel=\"noopener noreferrer\">http:\/\/ec.europa.eu\/consumers\/odr\/<\/a> c\u00edmen \u00e9rhet\u0151 el.<\/p>\n<p>[\/vc_column_text][\/vc_column][\/vc_row]<\/p>\n<\/div>","protected":false},"excerpt":{"rendered":"<p>[vc_row row_type=&#8221;row&#8221; use_row_as_full_screen_section=&#8221;no&#8221; type=&#8221;full_width&#8221; text_align=&#8221;left&#8221; background_animation=&#8221;none&#8221; padding_bottom=&#8221;45&#8243; css_animation=&#8221;&#8221;][vc_column][vc_column_text] Impresszum SICC Coatings GmbH Wackenbergstra\u00dfe 78 &#8211; 82 DE-13156 Berlin Tel.: +49 (0) 30 \/ 50 01 96-0 Fax: +49 (0) 30 \/ 50 01 96-20 E-mail: info@sicc.de \u00dcgyvezet\u0151 igazgat\u00f3: Waldemar Walczok Nyilv\u00e1ntart\u00f3 b\u00edr\u00f3s\u00e1g: Berlin-Charlottenburgi Helyi B\u00edr\u00f3s\u00e1g&#8230;<\/p>\n","protected":false},"author":1,"featured_media":0,"parent":47191,"menu_order":810,"comment_status":"closed","ping_status":"closed","template":"","meta":{"footnotes":""},"class_list":["post-47197","page","type-page","status-publish","hentry"],"_links":{"self":[{"href":"https:\/\/www.climatecoating.com\/hu\/wp-json\/wp\/v2\/pages\/47197","targetHints":{"allow":["GET"]}}],"collection":[{"href":"https:\/\/www.climatecoating.com\/hu\/wp-json\/wp\/v2\/pages"}],"about":[{"href":"https:\/\/www.climatecoating.com\/hu\/wp-json\/wp\/v2\/types\/page"}],"author":[{"embeddable":true,"href":"https:\/\/www.climatecoating.com\/hu\/wp-json\/wp\/v2\/users\/1"}],"replies":[{"embeddable":true,"href":"https:\/\/www.climatecoating.com\/hu\/wp-json\/wp\/v2\/comments?post=47197"}],"version-history":[{"count":0,"href":"https:\/\/www.climatecoating.com\/hu\/wp-json\/wp\/v2\/pages\/47197\/revisions"}],"up":[{"embeddable":true,"href":"https:\/\/www.climatecoating.com\/hu\/wp-json\/wp\/v2\/pages\/47191"}],"wp:attachment":[{"href":"https:\/\/www.climatecoating.com\/hu\/wp-json\/wp\/v2\/media?parent=47197"}],"curies":[{"name":"wp","href":"https:\/\/api.w.org\/{rel}","templated":true}]}}