{"id":47236,"date":"2023-05-02T10:28:53","date_gmt":"2023-05-02T08:28:53","guid":{"rendered":"https:\/\/www.climatecoating.com\/ceg\/"},"modified":"2023-05-24T19:48:40","modified_gmt":"2023-05-24T17:48:40","slug":"ceg","status":"publish","type":"page","link":"https:\/\/www.climatecoating.com\/hu\/ceg\/","title":{"rendered":"C\u00e9g"},"content":{"rendered":"<div class=\"wpb-content-wrapper\"><p>[vc_row row_type=&#8221;row&#8221; use_row_as_full_screen_section=&#8221;no&#8221; type=&#8221;full_width&#8221; text_align=&#8221;left&#8221; background_animation=&#8221;none&#8221; padding_bottom=&#8221;45&#8243; css_animation=&#8221;&#8221;][vc_column][vc_single_image image=&#8221;45905&#8243; img_size=&#8221;full&#8221; qode_css_animation=&#8221;&#8221; css=&#8221;.vc_custom_1612614583248{padding-bottom: 30px !important;}&#8221;][vc_row_inner row_type=&#8221;row&#8221; type=&#8221;full_width&#8221; use_row_as_full_screen_section_slide=&#8221;no&#8221; text_align=&#8221;left&#8221; css_animation=&#8221;&#8221;][vc_column_inner width=&#8221;1\/4&#8243;][\/vc_column_inner][vc_column_inner width=&#8221;3\/4&#8243;][vc_column_text]<\/p>\n<h1>C\u00e9g<\/h1>\n<p>A berlini SICC Coatings GmbH a kl\u00edmaakt\u00edv bevonatok vezet\u0151 szakosodott sz\u00e1ll\u00edt\u00f3ja, amely a leghosszabb tapasztalattal rendelkezik minden \u00e9ghajlati z\u00f3n\u00e1ban \u00e9s alkalmaz\u00e1si ter\u00fcleten. A funkcion\u00e1lis bevonatok f\u00e9nyvisszaver\u0151 membr\u00e1ntechnol\u00f3gi\u00e1n alapulnak. A technol\u00f3gia energiatakar\u00e9koss\u00e1gi hat\u00e1s\u00e1\u00e9rt a SICC Coatings 2018-ban elnyerte a &#8220;N\u00e9met Innov\u00e1ci\u00f3s D\u00edjat&#8221;, Szingap\u00farban pedig az &#8220;Energiahat\u00e9konys\u00e1gi D\u00edjat&#8221;.<\/p>\n<ul>\n<li>2003 A v\u00e1llalatot SICC GmbH n\u00e9ven alap\u00edtott\u00e1k<\/li>\n<li>Term\u00e9kfejleszt\u00e9s \u00e9s gy\u00e1rt\u00e1s N\u00e9metorsz\u00e1gban<\/li>\n<li>14 alkalmazott a berlini k\u00f6zpontban<\/li>\n<li>Vil\u00e1gm\u00e9ret\u0171 k\u00e9pviselet a partnerc\u00e9gek r\u00e9v\u00e9n<\/li>\n<li>C\u00e9lcsoportok: \u00c9p\u00edt\u00e9szek, tervez\u0151k, kereskedelmi \u00e9p\u00edt\u0151k, lak\u00e1s\u00e9p\u00edt\u0151 c\u00e9gek, ipari v\u00e1llalatok, feldolgoz\u00f3 c\u00e9gek, szakkeresked\u0151k.<\/li>\n<li>2018 N\u00e9vv\u00e1ltoz\u00e1s SICC Coatings GmbH-ra<\/li>\n<\/ul>\n<\/div>","protected":false},"excerpt":{"rendered":"<p>C\u00e9g A berlini SICC Coatings GmbH a kl\u00edmaakt\u00edv bevonatok vezet\u0151 szakosodott sz\u00e1ll\u00edt\u00f3ja, amely a leghosszabb tapasztalattal rendelkezik minden \u00e9ghajlati z\u00f3n\u00e1ban \u00e9s alkalmaz\u00e1si ter\u00fcleten. A funkcion\u00e1lis bevonatok f\u00e9nyvisszaver\u0151 membr\u00e1ntechnol\u00f3gi\u00e1n alapulnak. A technol\u00f3gia energiatakar\u00e9koss\u00e1gi hat\u00e1s\u00e1\u00e9rt a SICC Coatings 2018-ban elnyerte a &#8220;N\u00e9met Innov\u00e1ci\u00f3s D\u00edjat&#8221;, Szingap\u00farban pedig az&#8230;<\/p>\n","protected":false},"author":1,"featured_media":0,"parent":0,"menu_order":600,"comment_status":"closed","ping_status":"closed","template":"","meta":{"footnotes":""},"class_list":["post-47236","page","type-page","status-publish","hentry"],"_links":{"self":[{"href":"https:\/\/www.climatecoating.com\/hu\/wp-json\/wp\/v2\/pages\/47236","targetHints":{"allow":["GET"]}}],"collection":[{"href":"https:\/\/www.climatecoating.com\/hu\/wp-json\/wp\/v2\/pages"}],"about":[{"href":"https:\/\/www.climatecoating.com\/hu\/wp-json\/wp\/v2\/types\/page"}],"author":[{"embeddable":true,"href":"https:\/\/www.climatecoating.com\/hu\/wp-json\/wp\/v2\/users\/1"}],"replies":[{"embeddable":true,"href":"https:\/\/www.climatecoating.com\/hu\/wp-json\/wp\/v2\/comments?post=47236"}],"version-history":[{"count":0,"href":"https:\/\/www.climatecoating.com\/hu\/wp-json\/wp\/v2\/pages\/47236\/revisions"}],"wp:attachment":[{"href":"https:\/\/www.climatecoating.com\/hu\/wp-json\/wp\/v2\/media?parent=47236"}],"curies":[{"name":"wp","href":"https:\/\/api.w.org\/{rel}","templated":true}]}}