{"id":47237,"date":"2023-05-02T10:28:53","date_gmt":"2023-05-02T08:28:53","guid":{"rendered":"https:\/\/www.climatecoating.com\/ipari-alkalmazasok\/"},"modified":"2023-05-02T10:28:58","modified_gmt":"2023-05-02T08:28:58","slug":"ipari-alkalmazasok","status":"publish","type":"page","link":"https:\/\/www.climatecoating.com\/hu\/termekek\/ipari-alkalmazasok\/","title":{"rendered":"Ipari alkalmaz\u00e1sok"},"content":{"rendered":"<div class=\"wpb-content-wrapper\"><p>[vc_row row_type=&#8221;row&#8221; use_row_as_full_screen_section=&#8221;no&#8221; type=&#8221;full_width&#8221; text_align=&#8221;left&#8221; background_animation=&#8221;none&#8221; padding_top=&#8221;50&#8243; css_animation=&#8221;&#8221;][vc_column][vc_column_text]<\/p>\n<h1>Term\u00e9kek &#8211; Ipari alkalmaz\u00e1sok<\/h1>\n<p>[\/vc_column_text]<div class=\"woocommerce columns-4 \"><ul class=\"products columns-4 clearfix default\">        <li class=\"product type-product post-47139 status-publish first instock product_cat-kozlekedes-es-kozlekedes product_cat-muszaki-szerkezetek product_cat-elelmiszeripar product_cat-ipari-alkalmazasok product_cat-gyartoipar product_cat-mezogazdasag-es-allattenyesztes product_cat-alkalmazasi-teruletek product_cat-epites-es-elet has-post-thumbnail taxable shipping-taxable product-type-variable\">\n\n                        <div class=\"top-product-section\">\n\n                <a class=\"product_list_thumb_link\" href=\"https:\/\/www.climatecoating.com\/hu\/produkt\/industrypecial\/\">\n                    <span class=\"image-wrapper\">\n                    <img loading=\"lazy\" decoding=\"async\" width=\"300\" height=\"300\" src=\"https:\/\/www.climatecoating.com\/wp-content\/uploads\/2020\/08\/12500ml_INDUSTRY-SPECIAL-m_frei-300x300.jpg\" class=\"attachment-woocommerce_thumbnail size-woocommerce_thumbnail\" alt=\"IndustrySpecial\" srcset=\"https:\/\/www.climatecoating.com\/wp-content\/uploads\/2020\/08\/12500ml_INDUSTRY-SPECIAL-m_frei-300x300.jpg 300w, https:\/\/www.climatecoating.com\/wp-content\/uploads\/2020\/08\/12500ml_INDUSTRY-SPECIAL-m_frei-100x100.jpg 100w, https:\/\/www.climatecoating.com\/wp-content\/uploads\/2020\/08\/12500ml_INDUSTRY-SPECIAL-m_frei-600x600.jpg 600w, https:\/\/www.climatecoating.com\/wp-content\/uploads\/2020\/08\/12500ml_INDUSTRY-SPECIAL-m_frei-1024x1024.jpg 1024w, https:\/\/www.climatecoating.com\/wp-content\/uploads\/2020\/08\/12500ml_INDUSTRY-SPECIAL-m_frei-150x150.jpg 150w, https:\/\/www.climatecoating.com\/wp-content\/uploads\/2020\/08\/12500ml_INDUSTRY-SPECIAL-m_frei-768x768.jpg 768w, https:\/\/www.climatecoating.com\/wp-content\/uploads\/2020\/08\/12500ml_INDUSTRY-SPECIAL-m_frei-1536x1536.jpg 1536w, https:\/\/www.climatecoating.com\/wp-content\/uploads\/2020\/08\/12500ml_INDUSTRY-SPECIAL-m_frei-550x550.jpg 550w, https:\/\/www.climatecoating.com\/wp-content\/uploads\/2020\/08\/12500ml_INDUSTRY-SPECIAL-m_frei-500x500.jpg 500w, https:\/\/www.climatecoating.com\/wp-content\/uploads\/2020\/08\/12500ml_INDUSTRY-SPECIAL-m_frei-1000x1000.jpg 1000w, https:\/\/www.climatecoating.com\/wp-content\/uploads\/2020\/08\/12500ml_INDUSTRY-SPECIAL-m_frei-700x700.jpg 700w, https:\/\/www.climatecoating.com\/wp-content\/uploads\/2020\/08\/12500ml_INDUSTRY-SPECIAL-m_frei-1100x1100.jpg 1100w, https:\/\/www.climatecoating.com\/wp-content\/uploads\/2020\/08\/12500ml_INDUSTRY-SPECIAL-m_frei.jpg 1920w\" sizes=\"auto, (max-width: 300px) 100vw, 300px\" \/>                    <\/span>\n                <\/a>\n\n                <div class=\"add-to-cart-button-outer\"><div class=\"add-to-cart-button-inner\"><div class=\"add-to-cart-button-inner2\"><a href=\"https:\/\/www.climatecoating.com\/hu\/produkt\/industrypecial\/\" aria-describedby=\"woocommerce_loop_add_to_cart_link_describedby_47139\" data-quantity=\"1\" class=\"qbutton add-to-cart-button button product_type_variable\" data-product_id=\"47139\" data-product_sku=\"\" aria-label=\"V\u00e1lasszunk &ldquo;IndustrySpecial&rdquo; lehet\u0151s\u00e9gek k\u00f6z\u00fcl\" rel=\"nofollow\">Optionen w\u00e4hlen<\/a><\/div><\/div><\/div>\t<span id=\"woocommerce_loop_add_to_cart_link_describedby_47139\" class=\"screen-reader-text\">\n\t\t\t<\/span>\n\n            <\/div>\n\n            <div class=\"product_info_box\">\n\t            <span class=\"product-categories\"><a href=\"https:\/\/www.climatecoating.com\/hu\/alkalmazasi-teruletek\/kozlekedes-es-kozlekedes\/\" rel=\"tag\">K\u00f6zleked\u00e9s \u00e9s k\u00f6zleked\u00e9s<\/a>, <a href=\"https:\/\/www.climatecoating.com\/hu\/alkalmazasi-teruletek\/muszaki-szerkezetek\/\" rel=\"tag\">M\u0171szaki szerkezetek<\/a>, <a href=\"https:\/\/www.climatecoating.com\/hu\/alkalmazasi-teruletek\/elelmiszeripar\/\" rel=\"tag\">\u00c9lelmiszeripar<\/a>, <a href=\"https:\/\/www.climatecoating.com\/hu\/termekek\/ipari-alkalmazasok\/\" rel=\"tag\">Ipari alkalmaz\u00e1sok<\/a>, <a href=\"https:\/\/www.climatecoating.com\/hu\/alkalmazasi-teruletek\/gyartoipar\/\" rel=\"tag\">Gy\u00e1rt\u00f3ipar<\/a>, <a href=\"https:\/\/www.climatecoating.com\/hu\/alkalmazasi-teruletek\/mezogazdasag-es-allattenyesztes\/\" rel=\"tag\">Mez\u0151gazdas\u00e1g \u00e9s \u00e1llatteny\u00e9szt\u00e9s<\/a>, <a href=\"https:\/\/www.climatecoating.com\/hu\/alkalmazasi-teruletek\/\" rel=\"tag\">Alkalmaz\u00e1si ter\u00fcletek<\/a>, <a href=\"https:\/\/www.climatecoating.com\/hu\/alkalmazasi-teruletek\/epites-es-elet\/\" rel=\"tag\">\u00c9p\u00edt\u00e9s \u00e9s \u00e9let<\/a><\/span>\n                <a href=\"https:\/\/www.climatecoating.com\/hu\/produkt\/industrypecial\/\" class=\"product-category\">\n                    <span class=\"product-title\">IndustrySpecial<\/span>\n\n                    \n\n\n\n                <\/a>\n            <\/div>\n\n            \n\n\n\n<div class=\"add-to-cart-button-outer\"><div class=\"add-to-cart-button-inner\"><div class=\"add-to-cart-button-inner2\"><a href=\"https:\/\/www.climatecoating.com\/hu\/produkt\/industrypecial\/\" aria-describedby=\"woocommerce_loop_add_to_cart_link_describedby_47139\" data-quantity=\"1\" class=\"qbutton add-to-cart-button button product_type_variable\" data-product_id=\"47139\" data-product_sku=\"\" aria-label=\"V\u00e1lasszunk &ldquo;IndustrySpecial&rdquo; lehet\u0151s\u00e9gek k\u00f6z\u00fcl\" rel=\"nofollow\">Optionen w\u00e4hlen<\/a><\/div><\/div><\/div>\t<span id=\"woocommerce_loop_add_to_cart_link_describedby_47139\" class=\"screen-reader-text\">\n\t\t\t<\/span>\n        <\/li>\n\n        <\/ul>\n<\/div>[\/vc_column][\/vc_row]<\/p>\n<\/div>","protected":false},"excerpt":{"rendered":"<p>[vc_row row_type=&#8221;row&#8221; use_row_as_full_screen_section=&#8221;no&#8221; type=&#8221;full_width&#8221; text_align=&#8221;left&#8221; background_animation=&#8221;none&#8221; padding_top=&#8221;50&#8243; css_animation=&#8221;&#8221;][vc_column][vc_column_text] Term\u00e9kek &#8211; Ipari alkalmaz\u00e1sok [\/vc_column_text][\/vc_column][\/vc_row]<\/p>\n","protected":false},"author":1,"featured_media":0,"parent":47292,"menu_order":250,"comment_status":"closed","ping_status":"closed","template":"","meta":{"footnotes":""},"class_list":["post-47237","page","type-page","status-publish","hentry"],"_links":{"self":[{"href":"https:\/\/www.climatecoating.com\/hu\/wp-json\/wp\/v2\/pages\/47237","targetHints":{"allow":["GET"]}}],"collection":[{"href":"https:\/\/www.climatecoating.com\/hu\/wp-json\/wp\/v2\/pages"}],"about":[{"href":"https:\/\/www.climatecoating.com\/hu\/wp-json\/wp\/v2\/types\/page"}],"author":[{"embeddable":true,"href":"https:\/\/www.climatecoating.com\/hu\/wp-json\/wp\/v2\/users\/1"}],"replies":[{"embeddable":true,"href":"https:\/\/www.climatecoating.com\/hu\/wp-json\/wp\/v2\/comments?post=47237"}],"version-history":[{"count":0,"href":"https:\/\/www.climatecoating.com\/hu\/wp-json\/wp\/v2\/pages\/47237\/revisions"}],"up":[{"embeddable":true,"href":"https:\/\/www.climatecoating.com\/hu\/wp-json\/wp\/v2\/pages\/47292"}],"wp:attachment":[{"href":"https:\/\/www.climatecoating.com\/hu\/wp-json\/wp\/v2\/media?parent=47237"}],"curies":[{"name":"wp","href":"https:\/\/api.w.org\/{rel}","templated":true}]}}