{"id":47337,"date":"2023-05-02T10:29:42","date_gmt":"2023-05-02T08:29:42","guid":{"rendered":"https:\/\/www.climatecoating.com\/alkalmazasi-teruletek\/mezogazdasag-es-allattenyesztes\/"},"modified":"2023-08-30T13:08:47","modified_gmt":"2023-08-30T11:08:47","slug":"mezogazdasag-es-allattenyesztes","status":"publish","type":"page","link":"https:\/\/www.climatecoating.com\/hu\/alkalmazasi-teruletek\/mezogazdasag-es-allattenyesztes\/","title":{"rendered":"Mez\u0151gazdas\u00e1g \u00e9s \u00e1llatteny\u00e9szt\u00e9s"},"content":{"rendered":"<div class=\"wpb-content-wrapper\"><p>[vc_row row_type=&#8221;row&#8221; use_row_as_full_screen_section=&#8221;no&#8221; type=&#8221;full_width&#8221; text_align=&#8221;left&#8221; background_animation=&#8221;none&#8221; padding_bottom=&#8221;45&#8243; css_animation=&#8221;&#8221;][vc_column][vc_single_image image=&#8221;45737&#8243; img_size=&#8221;full&#8221; qode_css_animation=&#8221;&#8221; css=&#8221;.vc_custom_1605019142328{padding-bottom: 30px !important;}&#8221;][vc_column_text]<\/p>\n<h1>Mez\u0151gazdas\u00e1g \u00e9s \u00e1llatteny\u00e9szt\u00e9s<\/h1>\n<p>[\/vc_column_text][vc_column_text css=&#8221;.vc_custom_1612426583983{padding-bottom: 30px !important;}&#8221;]A mez\u0151gazdas\u00e1gi termel\u0151knek k\u00fcl\u00f6n\u00f6sen gazdas\u00e1gosan kell elj\u00e1rniuk. A ClimateCoating<sup>\u00ae<\/sup> falfest\u00e9kek, vakolatok \u00e9s tet\u0151bevonatok kiv\u00e1l\u00f3 v\u00e9delmet ny\u00fajtanak az ist\u00e1ll\u00f3k, pajt\u00e1k, rakt\u00e1rak vagy lovard\u00e1k \u00e9p\u00fcletszerkezet\u00e9nek. Ha ez energi\u00e1t takar\u00edt meg, megakad\u00e1lyozza a pen\u00e9sz- vagy alg\u00e1sod\u00e1st, \u00e9s jelent\u0151sen cs\u00f6kkenti a fel\u00fcleti szennyez\u0151d\u00e9st, akkor h\u00e1rom hozz\u00e1adott \u00e9rt\u00e9k \u00e1ll az \u00d6n oldal\u00e1n.[\/vc_column_text][vc_row_inner row_type=&#8221;row&#8221; type=&#8221;full_width&#8221; use_row_as_full_screen_section_slide=&#8221;no&#8221; text_align=&#8221;left&#8221; css_animation=&#8221;&#8221;][vc_column_inner width=&#8221;1\/4&#8243;][vc_column_text]ALKALMAZ\u00c1SOK<br \/>\nBELS\u0150[\/vc_column_text][vc_gallery interval=&#8221;3&#8243; images=&#8221;45794,45747,45610&#8243; img_size=&#8221;full&#8221; onclick=&#8221;&#8221; el_class=&#8221;flex-noarrows&#8221;][vc_separator type=&#8221;small&#8221; position=&#8221;left&#8221; border_style=&#8221;&#8221; up=&#8221;18&#8243; down=&#8221;20&#8243; color=&#8221;#d6202d&#8221;][vc_column_text]Szobahigi\u00e9nia \u00e9s pen\u00e9sz elleni v\u00e9delem<\/p>\n<p>Kondenz\u00e1tum megel\u0151z\u00e9s \u00e9s p\u00e1ratartalom szab\u00e1lyoz\u00e1s<\/p>\n<p>A belt\u00e9ri kl\u00edma \u00e9s az \u00e9letkomfort jav\u00edt\u00e1sa<\/p>\n<p>Szennyez\u00e9s\u00e1ll\u00f3s\u00e1g \u00e9s fotokatal\u00edzis<\/p>\n<p>Energiatakar\u00e9koss\u00e1g \u00e9s gazdas\u00e1gi hat\u00e9konys\u00e1g<\/p>\n<p>Mennyezeti burkol\u00f3lap \u00e1tfest\u00e9s<\/p>\n<p>Vil\u00e1gosabb szoba a f\u00e9nyvisszat\u00fckr\u00f6z\u00e9s miatt<\/p>\n<p>V\u00e9d\u0151bevonat PU habhoz[\/vc_column_text][\/vc_column_inner][vc_column_inner width=&#8221;1\/4&#8243;][vc_column_text]ALKALMAZ\u00c1SOK<br \/>\nK\u00dcLS\u0150[\/vc_column_text][vc_gallery interval=&#8221;3&#8243; images=&#8221;45609,45632,45630&#8243; img_size=&#8221;full&#8221; onclick=&#8221;&#8221; el_class=&#8221;flex-noarrows&#8221;][vc_separator type=&#8221;small&#8221; position=&#8221;left&#8221; border_style=&#8221;&#8221; up=&#8221;18&#8243; down=&#8221;20&#8243; color=&#8221;#d6202d&#8221;][vc_column_text]Az \u00e9p\u00fclet energiam\u00e9rleg\u00e9nek jav\u00edt\u00e1sa<\/p>\n<p>Tart\u00f3ss\u00e1g, reped\u00e9smentess\u00e9g \u00e9s robusztuss\u00e1g<\/p>\n<p>Az alg\u00e1k, a moha \u00e9s a gomb\u00e1k n\u00f6veked\u00e9s\u00e9nek cs\u00f6kkent\u00e9se<\/p>\n<p>Nedvess\u00e9gszab\u00e1lyoz\u00e1s \u00e9s h\u0151m\u00e9rs\u00e9klet-szab\u00e1lyoz\u00e1s<\/p>\n<p>T\u00f6rt\u00e9nelmi homlokzatok: K\u00edm\u00e9letes p\u00e1ramentes\u00edt\u00e9s \u00e9s \u00e9rt\u00e9kmeg\u0151rz\u00e9s<\/p>\n<p>T\u0171zg\u00e1tl\u00e1s<\/p>\n<p>V\u00e9d\u0151bevonat PU-habhoz[\/vc_column_text][\/vc_column_inner][vc_column_inner width=&#8221;1\/4&#8243;][vc_column_text]ALKALMAZ\u00c1SOK<br \/>\nTET\u0150[\/vc_column_text][vc_gallery interval=&#8221;3&#8243; images=&#8221;45611,45791,45792&#8243; img_size=&#8221;full&#8221; onclick=&#8221;&#8221; el_class=&#8221;flex-noarrows&#8221;][vc_separator type=&#8221;small&#8221; position=&#8221;left&#8221; border_style=&#8221;&#8221; up=&#8221;18&#8243; down=&#8221;20&#8243; color=&#8221;#d6202d&#8221;][vc_column_text]<a href=\"&quot;https:\/\/www.climatecoating.com\/hu\/alkalmazasi-teruletek\/hutes-es-hutesi-koltsegek-csokkentese\/\">H\u0171t\u00e9s \u00e9s a h\u0171t\u00e9si kapacit\u00e1s cs\u00f6kkent\u00e9se<\/a><\/p>\n<p>Id\u0151j\u00e1r\u00e1s elleni v\u00e9delem \u00e9s tart\u00f3ss\u00e1g<\/p>\n<p>Reped\u00e9s\u00e1thidal\u00e1s<\/p>\n<p>H\u0151csillap\u00edt\u00e1s[\/vc_column_text][\/vc_column_inner][vc_column_inner width=&#8221;1\/4&#8243;][vc_column_text]ALKALMAZ\u00c1SOK<br \/>\nFA[\/vc_column_text][vc_gallery interval=&#8221;3&#8243; images=&#8221;45758,45757,45759&#8243; img_size=&#8221;full&#8221; onclick=&#8221;&#8221; el_class=&#8221;flex-noarrows&#8221;][vc_separator type=&#8221;small&#8221; position=&#8221;left&#8221; border_style=&#8221;&#8221; up=&#8221;18&#8243; down=&#8221;20&#8243; color=&#8221;#d6202d&#8221;][vc_column_text]Hossz\u00fa t\u00e1v\u00fa id\u0151j\u00e1r\u00e1s elleni v\u00e9delem[\/vc_column_text][\/vc_column_inner][\/vc_row_inner][\/vc_column][\/vc_row][vc_row row_type=&#8221;row&#8221; use_row_as_full_screen_section=&#8221;no&#8221; type=&#8221;full_width&#8221; text_align=&#8221;left&#8221; background_animation=&#8221;none&#8221; css_animation=&#8221;&#8221;][vc_column]<div class=\"templatera_shortcode\"><div     class=\"vc_row wpb_row section vc_row-fluid backlink\" style=' text-align:left;'><div class=\" full_section_inner clearfix\"><div class=\"wpb_column vc_column_container vc_col-sm-12\"><div class=\"vc_column-inner\"><div class=\"wpb_wrapper\">\n\t<div class=\"wpb_text_column wpb_content_element \">\n\t\t<div class=\"wpb_wrapper\">\n\t\t\t<p style=\"text-align: center;\"><strong><a href=\"https:\/\/www.climatecoating.com\/hu\/alkalmazasi-teruletek\/\">&lt;&lt; Vissza az alkalmaz\u00e1si ter\u00fcletek \u00e1ttekint\u00e9s\u00e9hez<\/a><\/strong><\/p>\n\n\t\t<\/div>\n\t<\/div><\/div><\/div><\/div><\/div><\/div><\/div>[\/vc_column][\/vc_row]<\/p>\n<\/div>","protected":false},"excerpt":{"rendered":"Mez\u0151gazdas\u00e1g \u00e9s \u00e1llatteny\u00e9szt\u00e9s A mez\u0151gazdas\u00e1gi termel\u0151knek k\u00fcl\u00f6n\u00f6sen gazdas\u00e1gosan kell elj\u00e1rniuk. A ClimateCoating\u00ae falfest\u00e9kek, vakolatok \u00e9s tet\u0151bevonatok kiv\u00e1l\u00f3 v\u00e9delmet ny\u00fajtanak az ist\u00e1ll\u00f3k, pajt\u00e1k, rakt\u00e1rak vagy lovard\u00e1k \u00e9p\u00fcletszerkezet\u00e9nek. Ha ez energi\u00e1t takar\u00edt meg, megakad\u00e1lyozza a pen\u00e9sz- vagy alg\u00e1sod\u00e1st, \u00e9s jelent\u0151sen cs\u00f6kkenti a fel\u00fcleti szennyez\u0151d\u00e9st, akkor h\u00e1rom hozz\u00e1adott...","protected":false},"author":1,"featured_media":0,"parent":47144,"menu_order":140,"comment_status":"closed","ping_status":"closed","template":"","meta":{"footnotes":""},"class_list":["post-47337","page","type-page","status-publish","hentry"],"_links":{"self":[{"href":"https:\/\/www.climatecoating.com\/hu\/wp-json\/wp\/v2\/pages\/47337","targetHints":{"allow":["GET"]}}],"collection":[{"href":"https:\/\/www.climatecoating.com\/hu\/wp-json\/wp\/v2\/pages"}],"about":[{"href":"https:\/\/www.climatecoating.com\/hu\/wp-json\/wp\/v2\/types\/page"}],"author":[{"embeddable":true,"href":"https:\/\/www.climatecoating.com\/hu\/wp-json\/wp\/v2\/users\/1"}],"replies":[{"embeddable":true,"href":"https:\/\/www.climatecoating.com\/hu\/wp-json\/wp\/v2\/comments?post=47337"}],"version-history":[{"count":0,"href":"https:\/\/www.climatecoating.com\/hu\/wp-json\/wp\/v2\/pages\/47337\/revisions"}],"up":[{"embeddable":true,"href":"https:\/\/www.climatecoating.com\/hu\/wp-json\/wp\/v2\/pages\/47144"}],"wp:attachment":[{"href":"https:\/\/www.climatecoating.com\/hu\/wp-json\/wp\/v2\/media?parent=47337"}],"curies":[{"name":"wp","href":"https:\/\/api.w.org\/{rel}","templated":true}]}}