{"id":47353,"date":"2023-05-02T11:46:21","date_gmt":"2023-05-02T09:46:21","guid":{"rendered":"https:\/\/www.climatecoating.com\/home\/"},"modified":"2025-12-12T10:33:08","modified_gmt":"2025-12-12T09:33:08","slug":"home","status":"publish","type":"page","link":"https:\/\/www.climatecoating.com\/hu\/","title":{"rendered":"Home"},"content":{"rendered":"<div class=\"wpb-content-wrapper\"><p>[vc_row row_type=&#8221;row&#8221; use_row_as_full_screen_section=&#8221;no&#8221; type=&#8221;grid&#8221; text_align=&#8221;left&#8221; background_animation=&#8221;none&#8221; css_animation=&#8221;&#8221;][vc_column][vc_column_text]<\/p>\n<h1 class=\"homeheadone\">ClimateCoating<sup>\u00ae<\/sup> &#8211;<br \/>\nintelligens funkcion\u00e1lis bevonatok \u00e9p\u00fcletek, bels\u0151 terek \u00e9s ipari alkalmaz\u00e1sok sz\u00e1m\u00e1ra.<br \/>\nK\u00f6rnyezetbar\u00e1t. Hatalmas. Hat\u00e9kony.<\/h1>\n<h2 class=\"homeheadtwo\">Made in Germany. Neked k\u00e9sz\u00fclt.<\/h2>\n<p>[\/vc_column_text][vc_separator type=&#8221;normal&#8221; border_style=&#8221;&#8221; thickness=&#8221;1&#8243; up=&#8221;10&#8243; down=&#8221;0&#8243; color=&#8221;#c4c4c4&#8243;][\/vc_column][\/vc_row][vc_row row_type=&#8221;row&#8221; use_row_as_full_screen_section=&#8221;no&#8221; type=&#8221;grid&#8221; text_align=&#8221;left&#8221; background_animation=&#8221;none&#8221; padding_top=&#8221;26&#8243; css_animation=&#8221;&#8221; background_color=&#8221;#ffffff&#8221;][vc_column width=&#8221;1\/2&#8243;][vc_raw_html css=&#8221;.vc_custom_1765531958065{padding-right: 10px !important;}&#8221;]JTNDYSUyMGhyZWYlM0QlMjJodHRwcyUzQSUyRiUyRnd3dy55b3V0dWJlLmNvbSUyRmVtYmVkJTJGVEZIX3UzbTdJRkElM0ZhdXRvcGxheSUzRDElMjIlMjBjbGFzcyUzRCUyMnZpZGVvLXRodW1ibmFpbCUyMiUzRSUwRCUwQSUyMCUyMCUzQ2ltZyUyMHNyYyUzRCUyMmh0dHBzJTNBJTJGJTJGaW1nLnlvdXR1YmUuY29tJTJGdmklMkZURkhfdTNtN0lGQSUyRm1heHJlc2RlZmF1bHQuanBnJTIyJTIwYWx0JTNEJTIyVmlkZW8lMjBUaHVtYm5haWwlMjIlM0UlMEQlMEElM0MlMkZhJTNFJTBEJTBBJTBEJTBBJTNDc3R5bGUlM0UlMEQlMEEudmlkZW8tdGh1bWJuYWlsJTIwJTdCJTBEJTBBJTIwJTIwZGlzcGxheSUzQSUyMGJsb2NrJTNCJTBEJTBBJTIwJTIwd2lkdGglM0ElMjAxMDAlMjUlM0IlMEQlMEElMjAlMjBtYXgtd2lkdGglM0ElMjA1MzNweCUzQiUyMCUyRiUyQSUyMEJyZWl0ZSUyMGRlcyUyMFBsYXllcnMlMjAlMkElMkYlMEQlMEElMjAlMjBhc3BlY3QtcmF0aW8lM0ElMjAxNiUyMCUyRiUyMDklM0IlMjAlMkYlMkElMjBoJUMzJUE0bHQlMjBkYXMlMjBTZWl0ZW52ZXJoJUMzJUE0bHRuaXMlMjAlMkElMkYlMEQlMEElMjAlMjBvdmVyZmxvdyUzQSUyMGhpZGRlbiUzQiUwRCUwQSU3RCUwRCUwQSUwRCUwQS52aWRlby10aHVtYm5haWwlMjBpbWclMjAlN0IlMEQlMEElMjAlMjB3aWR0aCUzQSUyMDEwMCUyNSUzQiUwRCUwQSUyMCUyMGhlaWdodCUzQSUyMDEwMCUyNSUzQiUwRCUwQSUyMCUyMG9iamVjdC1maXQlM0ElMjBjb3ZlciUzQiUyMCUyRiUyQSUyMGYlQzMlQkNsbHQlMjBkZW4lMjBDb250YWluZXIlMkMlMjBrZWluZSUyMHNjaHdhcnplbiUyMEJhbGtlbiUyMCUyQSUyRiUwRCUwQSUyMCUyMGRpc3BsYXklM0ElMjBibG9jayUzQiUwRCUwQSU3RCUwRCUwQSUzQyUyRnN0eWxlJTNF[\/vc_raw_html][\/vc_column][vc_column width=&#8221;1\/2&#8243;][vc_column_text]<\/p>\n<h3 class=\"homeheadthree\">Meggy\u0151z\u0151 technol\u00f3gia<\/h3>\n<p>[\/vc_column_text][vc_separator type=&#8221;small&#8221; position=&#8221;left&#8221; border_style=&#8221;&#8221; up=&#8221;18&#8243; down=&#8221;20&#8243; color=&#8221;#d6202d&#8221;][vc_column_text]A ClimateCoating<sup>\u00ae<\/sup> term\u00e9kek fizikailag seg\u00edtenek az anyag-, energia- \u00e9s munkaer\u0151-forr\u00e1sok megtakar\u00edt\u00e1s\u00e1ban. Az egyed\u00fcl\u00e1ll\u00f3 f\u00e9nyvisszaver\u0151 membr\u00e1ntechnol\u00f3gia fenntarthat\u00f3 m\u00f3don v\u00e9di az \u00e9p\u00edt\u0151anyagokat, meg\u0151rzi az \u00e9rt\u00e9keket a j\u00f6v\u0151 gener\u00e1ci\u00f3i sz\u00e1m\u00e1ra \u00e9s v\u00e9di a k\u00f6rnyezetet.<\/p>\n<p>Ak\u00e1r a nedves helyis\u00e9gek, p\u00e9ld\u00e1ul f\u00fcrd\u0151szob\u00e1k, pinc\u00e9k \u00e9s konyh\u00e1k pen\u00e9szesed\u00e9s\u00e9nek megel\u0151z\u00e9s\u00e9re, ak\u00e1r a homlokzatok hossz\u00fa t\u00e1v\u00fa algamentes\u00edt\u00e9s\u00e9re, ak\u00e1r a tet\u0151k felmeleged\u00e9se elleni v\u00e9delemre &#8211; a ClimateCoating<sup>\u00ae<\/sup> bevonatok vil\u00e1gszerte seg\u00edtenek a probl\u00e9m\u00e1k megold\u00e1s\u00e1ban \u00e9s az \u00fcgyfelek meggy\u0151z\u00e9s\u00e9ben.<\/p>\n<p><a href=\"https:\/\/www.climatecoating.com\/hu\/termekek\/\">A term\u00e9k technol\u00f3gi\u00e1j\u00e1r\u00f3l<\/a>[\/vc_column_text][\/vc_column][\/vc_row][vc_row row_type=&#8221;row&#8221; use_row_as_full_screen_section=&#8221;no&#8221; type=&#8221;grid&#8221; text_align=&#8221;left&#8221; background_animation=&#8221;none&#8221; padding_top=&#8221;30&#8243; padding_bottom=&#8221;0&#8243; css_animation=&#8221;&#8221;][vc_column][vc_separator type=&#8221;normal&#8221; border_style=&#8221;&#8221; thickness=&#8221;1&#8243; up=&#8221;10&#8243; down=&#8221;0&#8243; color=&#8221;#c4c4c4&#8243;][vc_column_text]<strong>\u00dajdons\u00e1g: A <a href=\"https:\/\/www.climatecoating.com\/hu\/calculus\/\">Calculus<sup>\u00ae<\/sup> mesters\u00e9ges intelligencia alap\u00fa h\u0151m\u00e9rs\u00e9klet-kalkul\u00e1tor<\/a> seg\u00edts\u00e9g\u00e9vel el\u0151rejelz\u00e9seket lehet k\u00e9sz\u00edteni arra vonatkoz\u00f3an, hogyan v\u00e1ltozik a bels\u0151 h\u0151m\u00e9rs\u00e9klet az \u00e9p\u00fclet k\u00fcl\u00f6nb\u00f6z\u0151 bevonatai eset\u00e9n. Ebb\u0151l levezethet\u0151 a k\u00fcl\u00f6nb\u00f6z\u0151 \u00e9p\u00fclett\u00edpusok lehets\u00e9ges energiamegtakar\u00edt\u00e1sa elt\u00e9r\u0151 \u00e9ghajlati k\u00f6r\u00fclm\u00e9nyek k\u00f6z\u00f6tt.<\/strong>[\/vc_column_text][vc_separator type=&#8221;normal&#8221; border_style=&#8221;&#8221; thickness=&#8221;1&#8243; up=&#8221;10&#8243; down=&#8221;0&#8243; color=&#8221;#c4c4c4&#8243;][\/vc_column][\/vc_row][vc_row row_type=&#8221;row&#8221; use_row_as_full_screen_section=&#8221;no&#8221; type=&#8221;grid&#8221; text_align=&#8221;left&#8221; background_animation=&#8221;none&#8221; padding_top=&#8221;29&#8243; css_animation=&#8221;&#8221; background_color=&#8221;#ffffff&#8221;][vc_column width=&#8221;1\/2&#8243;][vc_column_text]<\/p>\n<h3 class=\"homeheadthree\">Alkalmaz\u00e1si ter\u00fcletek<\/h3>\n<p>[\/vc_column_text][vc_separator type=&#8221;small&#8221; position=&#8221;left&#8221; border_style=&#8221;&#8221; up=&#8221;18&#8243; down=&#8221;20&#8243; color=&#8221;#d6202d&#8221;][vc_column_text]A ClimateCoating<sup>\u00ae<\/sup> term\u00e9kek klasszikus alkalmaz\u00e1si ter\u00fcletei a homlokzatok, tet\u0151k, bels\u0151 terek, faelemek, valamint a kont\u00e9nerek \u00e9s tart\u00e1lyok. Ak\u00e1r a h\u0171v\u00f6s \u00e9szakon, ak\u00e1r a forr\u00f3 d\u00e9len, ak\u00e1r a nedves keleten, a bevonatok fizikai hat\u00f3elvei szinte minden \u00e9ghajlati z\u00f3n\u00e1ban \u00e9rv\u00e9nyes\u00fclnek.<\/p>\n<p>A belt\u00e9ri alkalmaz\u00e1sok eset\u00e9ben a term\u00e9ktechnol\u00f3gia eg\u00e9szs\u00e9ges belt\u00e9ri kl\u00edm\u00e1t teremt, az er\u0151forr\u00e1sok meg\u0151rz\u00e9se \u00e9s az energiafogyaszt\u00e1s fenntarthat\u00f3 cs\u00f6kkent\u00e9se mellett. A k\u00fclt\u00e9r sz\u00e1m\u00e1ra ez v\u00e9delmet jelent az id\u0151j\u00e1r\u00e1s ellen, ugyanakkor pozit\u00edv hat\u00e1ssal van az \u00e9p\u00fclet energiam\u00e9rleg\u00e9re. A technol\u00f3gia ez\u00e9rt t\u00f6bb d\u00edjat is kapott.<\/p>\n<p><a href=\"https:\/\/www.climatecoating.com\/hu\/alkalmazasi-teruletek\/\">Az alkalmaz\u00e1si ter\u00fcletekre<\/a>[\/vc_column_text][\/vc_column][vc_column width=&#8221;1\/2&#8243;][vc_single_image image=&#8221;45726&#8243; img_size=&#8221;full&#8221; qode_css_animation=&#8221;element_from_fade&#8221; transition_delay=&#8221;0.2&#8243;][\/vc_column][\/vc_row][vc_row row_type=&#8221;row&#8221; use_row_as_full_screen_section=&#8221;no&#8221; type=&#8221;grid&#8221; text_align=&#8221;left&#8221; background_animation=&#8221;none&#8221; padding_top=&#8221;30&#8243; padding_bottom=&#8221;0&#8243; css_animation=&#8221;&#8221;][vc_column][vc_separator type=&#8221;normal&#8221; border_style=&#8221;&#8221; thickness=&#8221;1&#8243; up=&#8221;10&#8243; down=&#8221;0&#8243; color=&#8221;#c4c4c4&#8243;][\/vc_column][\/vc_row][vc_row row_type=&#8221;row&#8221; use_row_as_full_screen_section=&#8221;no&#8221; type=&#8221;grid&#8221; text_align=&#8221;left&#8221; background_animation=&#8221;none&#8221; padding_top=&#8221;69&#8243; padding_bottom=&#8221;40&#8243; css_animation=&#8221;&#8221; background_color=&#8221;#ffffff&#8221;][vc_column width=&#8221;1\/3&#8243;][vc_column_text]<\/p>\n<h4 class=\"homeheadfour\">Mi\u00e9rt kl\u00edma-bevonat<\/h4>\n<p>[\/vc_column_text][vc_separator type=&#8221;transparent&#8221; border_style=&#8221;&#8221; thickness=&#8221;1&#8243; up=&#8221;7&#8243; down=&#8221;0&#8243;][vc_column_text]<\/p>\n<h5>K\u00f6rnyezetbar\u00e1t<\/h5>\n<p>[\/vc_column_text][vc_separator type=&#8221;small&#8221; position=&#8221;left&#8221; border_style=&#8221;&#8221; up=&#8221;18&#8243; down=&#8221;20&#8243; color=&#8221;#d6202d&#8221;][vc_column_text]A term\u00e9kek megfelelnek a vil\u00e1g egyik legszigor\u00fabb vegyianyag-kibocs\u00e1t\u00e1si szabv\u00e1ny\u00e1nak, \u00e9s a &#8220;Greenguard&#8221; arany min\u0151s\u00edt\u00e9ssel rendelkeznek. Term\u00e9keink haszn\u00e1lata hozz\u00e1j\u00e1rul a<sub>CO2-kibocs\u00e1t\u00e1s<\/sub> cs\u00f6kkent\u00e9s\u00e9hez, mivel kevesebb energi\u00e1ra van sz\u00fcks\u00e9g a f\u0171t\u00e9shez vagy h\u0171t\u00e9shez. \u00c9s b\u00edzhat abban, hogy megfelel\u00fcnk a DIN EN ISO 9001:2015 \u00e9s 14001:2015 szerinti min\u0151s\u00e9g- \u00e9s k\u00f6rnyezetir\u00e1ny\u00edt\u00e1s magas k\u00f6vetelm\u00e9nyeinek.[\/vc_column_text][vc_separator type=&#8221;transparent&#8221; border_style=&#8221;&#8221; up=&#8221;49&#8243; down=&#8221;0&#8243;][\/vc_column][vc_column width=&#8221;1\/3&#8243;][vc_column_text]<\/p>\n<h4 class=\"homeheadfour\">Mi\u00e9rt kl\u00edma-bevonat<\/h4>\n<p>[\/vc_column_text][vc_separator type=&#8221;transparent&#8221; border_style=&#8221;&#8221; thickness=&#8221;1&#8243; up=&#8221;7&#8243; down=&#8221;0&#8243;][vc_column_text]<\/p>\n<h5>Er\u0151teljes<\/h5>\n<p>[\/vc_column_text][vc_separator type=&#8221;small&#8221; position=&#8221;left&#8221; border_style=&#8221;&#8221; up=&#8221;18&#8243; down=&#8221;20&#8243; color=&#8221;#d6202d&#8221;][vc_column_text]A term\u00e9ktechnol\u00f3gia, a formul\u00e1ci\u00f3 \u00e9s a diszperzi\u00f3 kiv\u00e1l\u00f3 min\u0151s\u00e9g\u0171 \u00f6sszetev\u0151i olyan tulajdons\u00e1gokat hoztak l\u00e9tre, mint a nagyon magas napf\u00e9nyvisszaver\u0151 k\u00e9pess\u00e9g \u00e9s a hosszan tart\u00f3 sz\u00ednstabilit\u00e1s, a szennyez\u0151d\u00e9s\u00e1ll\u00f3s\u00e1g \u00e9s a robusztuss\u00e1g, a rugalmass\u00e1g \u00e9s a tart\u00f3ss\u00e1g. A fest\u00e9kek \u00e9s falsz\u00ednek \u00e1tlagon fel\u00fcli tart\u00f3ss\u00e1got \u00e9s stabilit\u00e1st biztos\u00edtanak, amelyre sz\u00e1m\u00edthat.[\/vc_column_text][vc_separator type=&#8221;transparent&#8221; border_style=&#8221;&#8221; up=&#8221;49&#8243; down=&#8221;0&#8243;][\/vc_column][vc_column width=&#8221;1\/3&#8243;][vc_column_text]<\/p>\n<h4 class=\"homeheadfour\">Mi\u00e9rt kl\u00edma-bevonat<\/h4>\n<p>[\/vc_column_text][vc_separator type=&#8221;transparent&#8221; border_style=&#8221;&#8221; thickness=&#8221;1&#8243; up=&#8221;7&#8243; down=&#8221;0&#8243;][vc_column_text]<\/p>\n<h5>Hat\u00e9kony<\/h5>\n<p>[\/vc_column_text][vc_separator type=&#8221;small&#8221; position=&#8221;left&#8221; border_style=&#8221;&#8221; up=&#8221;18&#8243; down=&#8221;20&#8243; color=&#8221;#d6202d&#8221;][vc_column_text]A ClimateCoating<sup>\u00ae<\/sup> term\u00e9kek gyakorlati megold\u00e1sokat k\u00edn\u00e1lnak a probl\u00e9m\u00e1kra. A falakon megjelen\u0151 pen\u00e9sz, az alg\u00e1k, a moha, a homlokzati szennyez\u0151d\u00e9sek, a homlokzati szennyez\u0151d\u00e9sek hat\u00e9konyan lek\u00fczdhet\u0151k, megel\u0151zhet\u0151k vagy elker\u00fclhet\u0151k. A tet\u0151k, bels\u0151 terek, kont\u00e9nerek vagy tart\u00e1lyok f\u0171t\u00e9se jelent\u0151sen cs\u00f6kken. Minden pozit\u00edv hat\u00e1s meggy\u0151z\u0151 id\u0151-, k\u00f6lts\u00e9gvet\u00e9si \u00e9s vonzer\u0151-el\u0151ny\u00f6kben mutatkozik meg. Az <a href=\"https:\/\/www.climatecoating.com\/hu\/calculus\/\">AI-alap\u00fa Calculus<sup>\u00ae<\/sup> h\u0151m\u00e9rs\u00e9klet-kalkul\u00e1tor<\/a> seg\u00edt megj\u00f3solni a lehets\u00e9ges h\u0151m\u00e9rs\u00e9kletcs\u00f6kkent\u00e9st \u00e9s energiamegtakar\u00edt\u00e1st.[\/vc_column_text][vc_separator type=&#8221;transparent&#8221; border_style=&#8221;&#8221; up=&#8221;49&#8243; down=&#8221;0&#8243;][\/vc_column][\/vc_row][vc_row row_type=&#8221;row&#8221; use_row_as_full_screen_section=&#8221;no&#8221; type=&#8221;grid&#8221; text_align=&#8221;left&#8221; background_animation=&#8221;none&#8221; css_animation=&#8221;&#8221;][vc_column][vc_separator type=&#8221;normal&#8221; border_style=&#8221;&#8221;][\/vc_column][\/vc_row][vc_row row_type=&#8221;row&#8221; use_row_as_full_screen_section=&#8221;no&#8221; type=&#8221;full_width&#8221; text_align=&#8221;center&#8221; background_animation=&#8221;none&#8221; css_animation=&#8221;&#8221;][vc_column][vc_column_text]<\/p>\n<h3 style=\"text-align: center;\">ClimateCoating \u00e9s SICC sz\u00e1mokban<\/h3>\n<p>[\/vc_column_text][vc_row_inner row_type=&#8221;row&#8221; type=&#8221;grid&#8221; use_row_as_full_screen_section_slide=&#8221;no&#8221; text_align=&#8221;left&#8221; padding_top=&#8221;40&#8243; padding_bottom=&#8221;40&#8243; css_animation=&#8221;&#8221; el_class=&#8221;equal&#8221;][vc_column_inner width=&#8221;1\/4&#8243; css=&#8221;.vc_custom_1613982841115{background-image: url(https:\/\/www.climatecoating.com\/wp-content\/uploads\/2020\/11\/Zahlen-54Anzahl.jpg?id=23606) !important;background-position: center !important;background-repeat: no-repeat !important;background-size: cover !important;}&#8221; offset=&#8221;vc_col-lg-3 vc_col-md-2 vc_col-xs-12&#8243;]<div class=\"q_counter_holder  center\" style=\"\"><span class=\"counter  random\" style=\"color: #ffffff;\">54<\/span><p class=\"counter_text\" style=\"color: #ffffff;\">Egy\u00fcttm\u0171k\u00f6d\u0151 orsz\u00e1gok \u00e9s partnerek sz\u00e1ma<\/p><\/div>[\/vc_column_inner][vc_column_inner width=&#8221;1\/4&#8243; css=&#8221;.vc_custom_1613982867424{background-image: url(https:\/\/www.climatecoating.com\/wp-content\/uploads\/2020\/11\/Zahlen-2003Das-Jahr.jpg?id=23608) !important;background-position: center !important;background-repeat: no-repeat !important;background-size: cover !important;}&#8221; offset=&#8221;vc_col-lg-3 vc_col-md-2 vc_col-xs-12&#8243;]<div class=\"q_counter_holder  center\" style=\"\"><span class=\"counter  random\" style=\"color: #ffffff;\">2003<\/span><p class=\"counter_text\" style=\"color: #ffffff;\">A SICC Coatings berlini ind\u00edt\u00e1s\u00e1nak \u00e9ve<\/p><\/div>[\/vc_column_inner][vc_column_inner width=&#8221;1\/4&#8243; css=&#8221;.vc_custom_1613982882313{background-image: url(https:\/\/www.climatecoating.com\/wp-content\/uploads\/2020\/11\/Zahlen-Basisprodukte.jpg?id=23604) !important;background-position: center !important;background-repeat: no-repeat !important;background-size: cover !important;}&#8221; offset=&#8221;vc_col-lg-3 vc_col-md-2 vc_col-xs-12&#8243;]<div class=\"q_counter_holder  center\" style=\"\"><span class=\"counter  random\" style=\"color: #ffffff;\">22<\/span><p class=\"counter_text\" style=\"color: #ffffff;\">Alapvet\u0151 term\u00e9kek k\u00fclt\u00e9ri, belt\u00e9ri, tet\u0151- \u00e9s faanyagok sz\u00e1m\u00e1ra<\/p><\/div>[\/vc_column_inner][vc_column_inner width=&#8221;1\/4&#8243; css=&#8221;.vc_custom_1613982929879{background-image: url(https:\/\/www.climatecoating.com\/wp-content\/uploads\/2020\/10\/Projekte-Realsiert_283x200px-1.jpg?id=23163) !important;background-position: center !important;background-repeat: no-repeat !important;background-size: cover !important;}&#8221; offset=&#8221;vc_col-lg-3 vc_col-md-2 vc_col-xs-12&#8243;]<div class=\"q_counter_holder  center\" style=\"\"><span class=\"counter  random\" style=\"color: #ffffff;\">35.000<\/span><p class=\"counter_text\" style=\"color: #ffffff;\">Eur\u00f3p\u00e1ban, \u00c1zsi\u00e1ban, Afrik\u00e1ban, Amerik\u00e1ban megval\u00f3s\u00edtott projektek<\/p><\/div>[\/vc_column_inner][\/vc_row_inner][\/vc_column][\/vc_row][vc_row row_type=&#8221;row&#8221; use_row_as_full_screen_section=&#8221;no&#8221; type=&#8221;grid&#8221; text_align=&#8221;left&#8221; background_animation=&#8221;none&#8221; css_animation=&#8221;&#8221;][vc_column][vc_separator type=&#8221;normal&#8221; border_style=&#8221;&#8221;][\/vc_column][\/vc_row][vc_row row_type=&#8221;row&#8221; use_row_as_full_screen_section=&#8221;no&#8221; type=&#8221;grid&#8221; text_align=&#8221;left&#8221; background_animation=&#8221;none&#8221; css_animation=&#8221;&#8221; css=&#8221;.vc_custom_1595509034713{margin-top: 30px !important;margin-bottom: 80px !important;}&#8221;][vc_column]<div class='qode_carousels_holder clearfix with_space'><div class='qode_carousels '  data-number_of_items = 5><ul class='slides'><li class='item'><div class=\"carousel_item_holder\"><a href='https:\/\/www.climatecoating.com\/unternehmen\/auszeichnungen-zertifikate\/' target='_self'><span class='first_image_holder '><img src='https:\/\/www.climatecoating.com\/wp-content\/uploads\/2025\/10\/ECO-EPD-Logo-rgb.png' alt='Zertifikat Environmental Product Declaration'><\/span><\/a><\/div><\/li><li class='item'><div class=\"carousel_item_holder\"><a href='https:\/\/www.climatecoating.com\/unternehmen\/auszeichnungen-zertifikate\/' target='_self'><span class='first_image_holder '><img src='https:\/\/www.climatecoating.com\/wp-content\/uploads\/2024\/08\/German-Innovation-Award-2024-Special.jpg' alt='A N\u00e9met Innov\u00e1ci\u00f3s D\u00edj 2024 kit\u00fcntetettje'><\/span><\/a><\/div><\/li><li class='item'><div class=\"carousel_item_holder\"><a href='https:\/\/www.climatecoating.com\/hu\/ceg\/dijak-es-tanusitvanyok\/' target='_self'><span class='first_image_holder '><img src='https:\/\/www.climatecoating.com\/wp-content\/uploads\/2020\/06\/zertifikat_energie_effizienz_made_in_germany.jpg' alt='Tan\u00fas\u00edtv\u00e1ny Energiahat\u00e9konys\u00e1g Made in Germany'><\/span><\/a><\/div><\/li><li class='item'><div class=\"carousel_item_holder\"><a href='https:\/\/www.climatecoating.com\/hu\/ceg\/dijak-es-tanusitvanyok\/' target='_self'><span class='first_image_holder '><img src='https:\/\/www.climatecoating.com\/wp-content\/uploads\/2020\/06\/zertifikat_greenguard.jpg' alt='Tan\u00fas\u00edtv\u00e1ny Greenguard'><\/span><\/a><\/div><\/li><li class='item'><div class=\"carousel_item_holder\"><a href='https:\/\/www.climatecoating.com\/hu\/ceg\/dijak-es-tanusitvanyok\/' target='_self'><span class='first_image_holder '><img src='https:\/\/www.climatecoating.com\/wp-content\/uploads\/2020\/06\/zertifikat_srebrny_full.jpg' alt='Tan\u00fas\u00edtv\u00e1ny Srebrny'><\/span><\/a><\/div><\/li><li class='item'><div class=\"carousel_item_holder\"><span class='first_image_holder '><img src='https:\/\/www.climatecoating.com\/wp-content\/uploads\/2020\/12\/trenner-1.png' alt='V\u00e1laszt\u00f3'><\/span><\/div><\/li><li class='item'><div class=\"carousel_item_holder\"><a href='https:\/\/www.climatecoating.com\/hu\/ceg\/dijak-es-tanusitvanyok\/' target='_self'><span class='first_image_holder '><img src='https:\/\/www.climatecoating.com\/wp-content\/uploads\/2020\/06\/zertifikat_r_and_d_services.jpg' alt='Tan\u00fas\u00edtv\u00e1ny K+F szolg\u00e1ltat\u00e1sok'><\/span><\/a><\/div><\/li><li class='item'><div class=\"carousel_item_holder\"><a href='https:\/\/www.climatecoating.com\/hu\/ceg\/dijak-es-tanusitvanyok\/' target='_self'><span class='first_image_holder '><img src='https:\/\/www.climatecoating.com\/wp-content\/uploads\/2020\/06\/zertifikat_energy_globe.jpg' alt='Energy Globe d\u00edj'><\/span><\/a><\/div><\/li><li class='item'><div class=\"carousel_item_holder\"><a href='https:\/\/www.climatecoating.com\/hu\/ceg\/dijak-es-tanusitvanyok\/' target='_self'><span class='first_image_holder '><img src='https:\/\/www.climatecoating.com\/wp-content\/uploads\/2020\/06\/zertifikat_deutsches_patent_und_markenamt.jpg' alt='Tan\u00fas\u00edtv\u00e1ny N\u00e9met Szabadalmi \u00e9s V\u00e9djegyhivatal'><\/span><\/a><\/div><\/li><li class='item'><div class=\"carousel_item_holder\"><a href='https:\/\/www.climatecoating.com\/hu\/ceg\/dijak-es-tanusitvanyok\/' target='_self'><span class='first_image_holder '><img src='https:\/\/www.climatecoating.com\/wp-content\/uploads\/2020\/06\/zertifikat_csbt.jpg' alt='Tan\u00fas\u00edtv\u00e1ny CSTB'><\/span><\/a><\/div><\/li><li class='item'><div class=\"carousel_item_holder\"><a href='https:\/\/www.climatecoating.com\/hu\/ceg\/dijak-es-tanusitvanyok\/' target='_self'><span class='first_image_holder '><img src='https:\/\/www.climatecoating.com\/wp-content\/uploads\/2020\/06\/zertifikat_prix_de_linnovation.jpg' alt='D\u00edj Prix de L&#8217;innovation'><\/span><\/a><\/div><\/li><li class='item'><div class=\"carousel_item_holder\"><a href='https:\/\/www.climatecoating.com\/hu\/ceg\/dijak-es-tanusitvanyok\/' target='_self'><span class='first_image_holder '><img src='https:\/\/www.climatecoating.com\/wp-content\/uploads\/2020\/06\/zertifikat_green_label_singapore.jpg' alt='Green Label Singapore tan\u00fas\u00edtv\u00e1ny'><\/span><\/a><\/div><\/li><li class='item'><div class=\"carousel_item_holder\"><a href='https:\/\/www.climatecoating.com\/hu\/ceg\/dijak-es-tanusitvanyok\/' target='_self'><span class='first_image_holder '><img src='https:\/\/www.climatecoating.com\/wp-content\/uploads\/2020\/06\/zertifikat_iqnet.jpg' alt='IQNet tan\u00fas\u00edtv\u00e1ny'><\/span><\/a><\/div><\/li><li class='item'><div class=\"carousel_item_holder\"><a href='https:\/\/www.climatecoating.com\/hu\/ceg\/dijak-es-tanusitvanyok\/' target='_self'><span class='first_image_holder '><img src='https:\/\/www.climatecoating.com\/wp-content\/uploads\/2020\/06\/zertifikat_aec.jpg' alt='All Electric Challenge d\u00edj'><\/span><\/a><\/div><\/li><li class='item'><div class=\"carousel_item_holder\"><a href='https:\/\/www.climatecoating.com\/hu\/ceg\/dijak-es-tanusitvanyok\/' target='_self'><span class='first_image_holder '><img src='https:\/\/www.climatecoating.com\/wp-content\/uploads\/2020\/11\/zertifikat_impb.png' alt='IMPiB tan\u00fas\u00edtv\u00e1ny'><\/span><\/a><\/div><\/li><li class='item'><div class=\"carousel_item_holder\"><a href='https:\/\/www.climatecoating.com\/hu\/ceg\/dijak-es-tanusitvanyok\/' target='_self'><span class='first_image_holder '><img src='https:\/\/www.climatecoating.com\/wp-content\/uploads\/2020\/11\/zertifikat_green_building_material.jpg' alt='Tan\u00fas\u00edtv\u00e1ny Z\u00f6ld \u00e9p\u00edt\u0151anyag'><\/span><\/a><\/div><\/li><li class='item'><div class=\"carousel_item_holder\"><a href='https:\/\/www.climatecoating.com\/hu\/ceg\/dijak-es-tanusitvanyok\/' target='_self'><span class='first_image_holder '><img src='https:\/\/www.climatecoating.com\/wp-content\/uploads\/2020\/06\/zertifikat_narodowy_institut.jpg' alt='Tan\u00fas\u00edtv\u00e1ny Narodowy Int\u00e9zet'><\/span><\/a><\/div><\/li><li class='item'><div class=\"carousel_item_holder\"><a href='https:\/\/www.climatecoating.com\/hu\/ceg\/dijak-es-tanusitvanyok\/' target='_self'><span class='first_image_holder '><img src='https:\/\/www.climatecoating.com\/wp-content\/uploads\/2020\/11\/zertifikat_energy_efficiency_award.jpg' alt='Energiahat\u00e9konys\u00e1gi d\u00edj'><\/span><\/a><\/div><\/li><li class='item'><div class=\"carousel_item_holder\"><a href='https:\/\/www.climatecoating.com\/hu\/ceg\/dijak-es-tanusitvanyok\/' target='_self'><span class='first_image_holder '><img src='https:\/\/www.climatecoating.com\/wp-content\/uploads\/2020\/06\/zertifikat_german_innovation.jpg' alt='N\u00e9met innov\u00e1ci\u00f3s d\u00edj'><\/span><\/a><\/div><\/li><li class='item'><div class=\"carousel_item_holder\"><a href='https:\/\/www.climatecoating.com\/hu\/ceg\/dijak-es-tanusitvanyok\/' target='_self'><span class='first_image_holder '><img src='https:\/\/www.climatecoating.com\/wp-content\/uploads\/2023\/03\/ADZ-Siegel-SICC-Coatings-GmbH_web.jpg' alt='A j\u00f6v\u0151 munkaad\u00f3ja d\u00edj'><\/span><\/a><\/div><\/li><li class='item'><div class=\"carousel_item_holder\"><a href='https:\/\/www.climatecoating.com\/hu\/ceg\/dijak-es-tanusitvanyok\/' target='_self'><span class='first_image_holder '><img src='https:\/\/www.climatecoating.com\/wp-content\/uploads\/2022\/07\/zertifikat_crrc.png' alt='Cool Roof Rating Council tan\u00fas\u00edtv\u00e1ny'><\/span><\/a><\/div><\/li><\/ul><ul class=\"caroufredsel-direction-nav\"><li class=\"caroufredsel-prev-holder\"><a id=\"caroufredsel-prev\" class=\"qode_carousel_prev caroufredsel-navigation-item caroufredsel-prev\" href=\"javascript: void(0)\"><span class=\"arrow_carrot-left\"><\/span><\/a><\/li><li class=\"caroufredsel-next-holder\"><a class=\"qode_carousel_next caroufredsel-next caroufredsel-navigation-item\" id=\"caroufredsel-next\" href=\"javascript: void(0)\"><span class=\"arrow_carrot-right\"><\/span><\/a><\/li><\/ul><\/div><\/div>[\/vc_column][\/vc_row]<\/p>\n<\/div>","protected":false},"excerpt":{"rendered":"<p>[vc_row row_type=&#8221;row&#8221; use_row_as_full_screen_section=&#8221;no&#8221; type=&#8221;grid&#8221; text_align=&#8221;left&#8221; background_animation=&#8221;none&#8221; css_animation=&#8221;&#8221;][vc_column][vc_column_text] ClimateCoating\u00ae &#8211; intelligens funkcion\u00e1lis bevonatok \u00e9p\u00fcletek, bels\u0151 terek \u00e9s ipari alkalmaz\u00e1sok sz\u00e1m\u00e1ra. K\u00f6rnyezetbar\u00e1t. Hatalmas. Hat\u00e9kony. Made in Germany. Neked k\u00e9sz\u00fclt. [\/vc_column_text][vc_separator type=&#8221;normal&#8221; border_style=&#8221;&#8221; thickness=&#8221;1&#8243; up=&#8221;10&#8243; down=&#8221;0&#8243; color=&#8221;#c4c4c4&#8243;][\/vc_column][\/vc_row][vc_row row_type=&#8221;row&#8221; use_row_as_full_screen_section=&#8221;no&#8221; type=&#8221;grid&#8221; text_align=&#8221;left&#8221; background_animation=&#8221;none&#8221; padding_top=&#8221;26&#8243; css_animation=&#8221;&#8221; background_color=&#8221;#ffffff&#8221;][vc_column width=&#8221;1\/2&#8243;][vc_raw_html css=&#8221;.vc_custom_1765531958065{padding-right: 10px&#8230;<\/p>\n","protected":false},"author":1,"featured_media":0,"parent":0,"menu_order":0,"comment_status":"closed","ping_status":"closed","template":"full_width.php","meta":{"footnotes":""},"class_list":["post-47353","page","type-page","status-publish","hentry"],"_links":{"self":[{"href":"https:\/\/www.climatecoating.com\/hu\/wp-json\/wp\/v2\/pages\/47353","targetHints":{"allow":["GET"]}}],"collection":[{"href":"https:\/\/www.climatecoating.com\/hu\/wp-json\/wp\/v2\/pages"}],"about":[{"href":"https:\/\/www.climatecoating.com\/hu\/wp-json\/wp\/v2\/types\/page"}],"author":[{"embeddable":true,"href":"https:\/\/www.climatecoating.com\/hu\/wp-json\/wp\/v2\/users\/1"}],"replies":[{"embeddable":true,"href":"https:\/\/www.climatecoating.com\/hu\/wp-json\/wp\/v2\/comments?post=47353"}],"version-history":[{"count":3,"href":"https:\/\/www.climatecoating.com\/hu\/wp-json\/wp\/v2\/pages\/47353\/revisions"}],"predecessor-version":[{"id":61011,"href":"https:\/\/www.climatecoating.com\/hu\/wp-json\/wp\/v2\/pages\/47353\/revisions\/61011"}],"wp:attachment":[{"href":"https:\/\/www.climatecoating.com\/hu\/wp-json\/wp\/v2\/media?parent=47353"}],"curies":[{"name":"wp","href":"https:\/\/api.w.org\/{rel}","templated":true}]}}