{"id":61157,"date":"2023-05-02T10:27:24","date_gmt":"2023-05-02T08:27:24","guid":{"rendered":"https:\/\/www.climatecoating.com\/ceg\/hirek\/"},"modified":"2025-12-16T12:21:50","modified_gmt":"2025-12-16T11:21:50","slug":"hirek-2","status":"publish","type":"page","link":"https:\/\/www.climatecoating.com\/hu\/ceg\/hirek-2\/","title":{"rendered":"H\u00edrek"},"content":{"rendered":"<div class=\"wpb-content-wrapper\"><p>[vc_row row_type=&#8221;row&#8221; use_row_as_full_screen_section=&#8221;no&#8221; type=&#8221;full_width&#8221; text_align=&#8221;left&#8221; background_animation=&#8221;none&#8221; css_animation=&#8221;&#8221;][vc_column][vc_single_image image=&#8221;60140&#8243; img_size=&#8221;full&#8221; css=&#8221;.vc_custom_1764325158516{padding-bottom: 30px !important;}&#8221; qode_css_animation=&#8221;&#8221;][\/vc_column][\/vc_row][vc_row row_type=&#8221;row&#8221; use_row_as_full_screen_section=&#8221;no&#8221; type=&#8221;full_width&#8221; text_align=&#8221;left&#8221; background_animation=&#8221;none&#8221; padding_bottom=&#8221;45&#8243; css_animation=&#8221;&#8221;][vc_column width=&#8221;1\/4&#8243;][vc_row_inner row_type=&#8221;row&#8221; type=&#8221;full_width&#8221; use_row_as_full_screen_section_slide=&#8221;no&#8221; text_align=&#8221;left&#8221; css_animation=&#8221;&#8221;][vc_column_inner]<div class=\"ult_row_spacer\"><div class=\"ult-sticky-anchor\"><div class=\"ult-sticky-section ult-sticky \"  data-gutter= '100' data-stick_behaviour= 'stick_with_scroll_row'  data-sticky_position= 'top' data-mobile='no' data-support='no'>[vc_raw_html]W2Ntd2l6YXJkIHdpZGdldD0iMiIgL10=[\/vc_raw_html]<\/div><div class=\"ult-space\"><\/div><\/div><\/div>[\/vc_column_inner][\/vc_row_inner][\/vc_column][vc_column width=&#8221;3\/4&#8243;][vc_column_text]<\/p>\n<h1>News<\/h1>\n<p>[\/vc_column_text][vc_separator type=&#8221;normal&#8221; border_style=&#8221;&#8221; down=&#8221;30&#8243;]<div class='latest_post_holder boxes two_columns six_rows'><ul><li class=\"clearfix\"><div class=\"boxes_image\"><a href=\"https:\/\/www.climatecoating.com\/hu\/a-jovo-munkaadoja-dij\/\"><img loading=\"lazy\" decoding=\"async\" width=\"550\" height=\"498\" src=\"https:\/\/www.climatecoating.com\/wp-content\/uploads\/2023\/03\/ADZ-Preisverleihung_2023_web-550x498.jpg\" class=\"attachment-portfolio-default size-portfolio-default wp-post-image\" alt=\"D\u00edj\u00e1tad\u00f3 \u00fcnneps\u00e9g A j\u00f6v\u0151 munk\u00e1ltat\u00f3ja 2023\" srcset=\"https:\/\/www.climatecoating.com\/wp-content\/uploads\/2023\/03\/ADZ-Preisverleihung_2023_web-550x498.jpg 550w, https:\/\/www.climatecoating.com\/wp-content\/uploads\/2023\/03\/ADZ-Preisverleihung_2023_web-480x434.jpg 480w, https:\/\/www.climatecoating.com\/wp-content\/uploads\/2023\/03\/ADZ-Preisverleihung_2023_web-125x112.jpg 125w\" sizes=\"auto, (max-width: 550px) 100vw, 550px\" \/><span class=\"latest_post_overlay\"><i class=\"icon_plus\" aria-hidden=\"true\"><\/i><\/span><\/a><\/div><div class=\"latest_post\" ><div class=\"latest_post_text\"><span class=\"date_holder post_info_section\"><span class=\"date\">2023.05.02.<\/span><\/span><h2 class=\"latest_post_title \"><a href=\"https:\/\/www.climatecoating.com\/hu\/a-jovo-munkaadoja-dij\/\">A j\u00f6v\u0151 munkaad\u00f3ja&#8221; d\u00edj<\/a><\/h2><p class=\"excerpt\">A SICC Coatings a &#8220;j\u00f6v\u0151 munkaad\u00f3ja&#8221;. A SICC Coatings GmbH m\u00e1rcius 14-\u00e9n elnyerte a &#8220;A j\u00f6v\u0151 munkaad\u00f3ja&#8221; d\u00edjat a N\u00e9met Innov\u00e1ci\u00f3s Int\u00e9zet a Fenntarthat\u00f3s\u00e1g\u00e9rt \u00e9s a Digitaliz\u00e1ci\u00f3\u00e9rt (DIND) \u00e1ltal. A technol\u00f3giai \u00e9s kutat\u00e1si r\u00e9szleg munkat\u00e1rsai, Franziska Felsch \u00e9s Marius Sprenger Hamburgban vett\u00e9k \u00e1t a d\u00edjat......<\/p><\/div><\/div><\/li><li class=\"clearfix\"><div class=\"boxes_image\"><a href=\"https:\/\/www.climatecoating.com\/hu\/a-sicc-coatings-gmbh-20-eves-fennallasa\/\"><img loading=\"lazy\" decoding=\"async\" width=\"550\" height=\"498\" src=\"https:\/\/www.climatecoating.com\/wp-content\/uploads\/2023\/03\/SICC_20Jahre-550x498.jpg\" class=\"attachment-portfolio-default size-portfolio-default wp-post-image\" alt=\"SICC 20 \u00e9v\" srcset=\"https:\/\/www.climatecoating.com\/wp-content\/uploads\/2023\/03\/SICC_20Jahre-550x498.jpg 550w, https:\/\/www.climatecoating.com\/wp-content\/uploads\/2023\/03\/SICC_20Jahre-480x434.jpg 480w, https:\/\/www.climatecoating.com\/wp-content\/uploads\/2023\/03\/SICC_20Jahre-125x112.jpg 125w\" sizes=\"auto, (max-width: 550px) 100vw, 550px\" \/><span class=\"latest_post_overlay\"><i class=\"icon_plus\" aria-hidden=\"true\"><\/i><\/span><\/a><\/div><div class=\"latest_post\" ><div class=\"latest_post_text\"><span class=\"date_holder post_info_section\"><span class=\"date\">2023.05.02.<\/span><\/span><h2 class=\"latest_post_title \"><a href=\"https:\/\/www.climatecoating.com\/hu\/a-sicc-coatings-gmbh-20-eves-fennallasa\/\">A SICC Coatings GmbH 20 \u00e9ves fenn\u00e1ll\u00e1sa<\/a><\/h2><p class=\"excerpt\">Intelligens funkcion\u00e1lis bevonatok &#8211; K\u00f6rnyezetbar\u00e1t &#8211; Nagy teljes\u00edtm\u00e9ny\u0171 &#8211; Hat\u00e9kony &#8211; Fenntarthat\u00f3 &#8211; Eg\u00e9szs\u00e9ges belt\u00e9ri kl\u00edma &#8211; Napf\u00e9nyvisszaver\u0151 k\u00e9pess\u00e9g &#8211; Energiahat\u00e9konys\u00e1g made in Germany &#8211; Greenguard Gold &#8211; N\u00e9met innov\u00e1ci\u00f3s d\u00edj &#8211; ISO 9001 &#8211; ISO 14001 &#8211; K+F szolg\u00e1ltat\u00e1sok &#8211; CRRC min\u0151s\u00edt\u00e9s &#8211; Energiahat\u00e9konys\u00e1gi......<\/p><\/div><\/div><\/li><li class=\"clearfix\"><div class=\"boxes_image\"><a href=\"https:\/\/www.climatecoating.com\/hu\/online-a-calculus-mesterseges-intelligencia-alapu-homerseklet-kalkulator\/\"><img loading=\"lazy\" decoding=\"async\" width=\"550\" height=\"498\" src=\"https:\/\/www.climatecoating.com\/wp-content\/uploads\/2023\/03\/KI-Tool_01_1920x1920px-550x498.jpg\" class=\"attachment-portfolio-default size-portfolio-default wp-post-image\" alt=\"H\u0151m\u00e9rs\u00e9klet kalkul\u00e1tor Calculus\" srcset=\"https:\/\/www.climatecoating.com\/wp-content\/uploads\/2023\/03\/KI-Tool_01_1920x1920px-550x498.jpg 550w, https:\/\/www.climatecoating.com\/wp-content\/uploads\/2023\/03\/KI-Tool_01_1920x1920px-480x434.jpg 480w, https:\/\/www.climatecoating.com\/wp-content\/uploads\/2023\/03\/KI-Tool_01_1920x1920px-125x112.jpg 125w\" sizes=\"auto, (max-width: 550px) 100vw, 550px\" \/><span class=\"latest_post_overlay\"><i class=\"icon_plus\" aria-hidden=\"true\"><\/i><\/span><\/a><\/div><div class=\"latest_post\" ><div class=\"latest_post_text\"><span class=\"date_holder post_info_section\"><span class=\"date\">2023.05.02.<\/span><\/span><h2 class=\"latest_post_title \"><a href=\"https:\/\/www.climatecoating.com\/hu\/online-a-calculus-mesterseges-intelligencia-alapu-homerseklet-kalkulator\/\">Online a Calculus<sup>\u00ae<\/sup> mesters\u00e9ges intelligencia alap\u00fa h\u0151m\u00e9rs\u00e9klet-kalkul\u00e1tor<\/a><\/h2><p class=\"excerpt\">Mintegy h\u00e1rom \u00e9vnyi el\u0151k\u00e9sz\u00edt\u00e9s ut\u00e1n el\u00e9rhet\u0151v\u00e9 tett\u00fck a nyilv\u00e1noss\u00e1g sz\u00e1m\u00e1ra a Calculus\u00ae mesters\u00e9ges intelligencia alap\u00fa h\u0151m\u00e9rs\u00e9klet-kalkul\u00e1tort. Az Egyes\u00fclt Arab Em\u00edrs\u00e9gekbeli AD Ports Group logisztikai c\u00e9ggel \u00e9s a n\u00e9metorsz\u00e1gi M&amp;M Network-Ing UG start-up v\u00e1llalkoz\u00e1ssal nemzetk\u00f6zi egy\u00fcttm\u0171k\u00f6d\u00e9sben kifejlesztett\u00fck azt a webes eszk\u00f6zt, amely l\u00e1that\u00f3v\u00e1 teszi a h\u0151m\u00e9rs\u00e9kletcs\u00f6kken\u00e9st......<\/p><\/div><\/div><\/li><\/ul><\/div>[\/vc_column][\/vc_row]<\/p>\n<\/div>","protected":false},"excerpt":{"rendered":"<p>[vc_row row_type=&#8221;row&#8221; use_row_as_full_screen_section=&#8221;no&#8221; type=&#8221;full_width&#8221; text_align=&#8221;left&#8221; background_animation=&#8221;none&#8221; css_animation=&#8221;&#8221;][vc_column][vc_single_image image=&#8221;60140&#8243; img_size=&#8221;full&#8221; css=&#8221;.vc_custom_1764325158516{padding-bottom: 30px !important;}&#8221; qode_css_animation=&#8221;&#8221;][\/vc_column][\/vc_row][vc_row row_type=&#8221;row&#8221; use_row_as_full_screen_section=&#8221;no&#8221; type=&#8221;full_width&#8221; text_align=&#8221;left&#8221; background_animation=&#8221;none&#8221; padding_bottom=&#8221;45&#8243; css_animation=&#8221;&#8221;][vc_column width=&#8221;1\/4&#8243;][vc_row_inner row_type=&#8221;row&#8221; type=&#8221;full_width&#8221; use_row_as_full_screen_section_slide=&#8221;no&#8221; text_align=&#8221;left&#8221; css_animation=&#8221;&#8221;][vc_column_inner][\/vc_column_inner][\/vc_row_inner][\/vc_column][vc_column width=&#8221;3\/4&#8243;][vc_column_text] News [\/vc_column_text][vc_separator type=&#8221;normal&#8221; border_style=&#8221;&#8221; down=&#8221;30&#8243;][\/vc_column][\/vc_row]<\/p>\n","protected":false},"author":1,"featured_media":0,"parent":47236,"menu_order":605,"comment_status":"closed","ping_status":"closed","template":"blog-animated.php","meta":{"footnotes":""},"class_list":["post-61157","page","type-page","status-publish","hentry"],"_links":{"self":[{"href":"https:\/\/www.climatecoating.com\/hu\/wp-json\/wp\/v2\/pages\/61157","targetHints":{"allow":["GET"]}}],"collection":[{"href":"https:\/\/www.climatecoating.com\/hu\/wp-json\/wp\/v2\/pages"}],"about":[{"href":"https:\/\/www.climatecoating.com\/hu\/wp-json\/wp\/v2\/types\/page"}],"author":[{"embeddable":true,"href":"https:\/\/www.climatecoating.com\/hu\/wp-json\/wp\/v2\/users\/1"}],"replies":[{"embeddable":true,"href":"https:\/\/www.climatecoating.com\/hu\/wp-json\/wp\/v2\/comments?post=61157"}],"version-history":[{"count":2,"href":"https:\/\/www.climatecoating.com\/hu\/wp-json\/wp\/v2\/pages\/61157\/revisions"}],"predecessor-version":[{"id":61180,"href":"https:\/\/www.climatecoating.com\/hu\/wp-json\/wp\/v2\/pages\/61157\/revisions\/61180"}],"up":[{"embeddable":true,"href":"https:\/\/www.climatecoating.com\/hu\/wp-json\/wp\/v2\/pages\/47236"}],"wp:attachment":[{"href":"https:\/\/www.climatecoating.com\/hu\/wp-json\/wp\/v2\/media?parent=61157"}],"curies":[{"name":"wp","href":"https:\/\/api.w.org\/{rel}","templated":true}]}}