{"id":61238,"date":"2023-05-02T10:27:25","date_gmt":"2023-05-02T08:27:25","guid":{"rendered":"https:\/\/www.climatecoating.com\/ceg\/sajto\/"},"modified":"2025-12-17T12:02:15","modified_gmt":"2025-12-17T11:02:15","slug":"sajto-2","status":"publish","type":"page","link":"https:\/\/www.climatecoating.com\/hu\/ceg\/sajto-2\/","title":{"rendered":"Sajt\u00f3"},"content":{"rendered":"<div class=\"wpb-content-wrapper\"><p>[vc_row row_type=&#8221;row&#8221; use_row_as_full_screen_section=&#8221;no&#8221; type=&#8221;full_width&#8221; text_align=&#8221;left&#8221; background_animation=&#8221;none&#8221; css_animation=&#8221;&#8221;][vc_column][vc_single_image image=&#8221;60138&#8243; img_size=&#8221;full&#8221; css=&#8221;.vc_custom_1764323544892{padding-bottom: 30px !important;}&#8221; qode_css_animation=&#8221;&#8221;][\/vc_column][\/vc_row][vc_row row_type=&#8221;row&#8221; use_row_as_full_screen_section=&#8221;no&#8221; type=&#8221;full_width&#8221; text_align=&#8221;left&#8221; background_animation=&#8221;none&#8221; padding_bottom=&#8221;45&#8243; css_animation=&#8221;&#8221;][vc_column width=&#8221;1\/4&#8243;][vc_row_inner row_type=&#8221;row&#8221; type=&#8221;full_width&#8221; use_row_as_full_screen_section_slide=&#8221;no&#8221; text_align=&#8221;left&#8221; css_animation=&#8221;&#8221;][vc_column_inner]<div class=\"ult_row_spacer\"><div class=\"ult-sticky-anchor\"><div class=\"ult-sticky-section ult-sticky \"  data-gutter= '100' data-stick_behaviour= 'stick_with_scroll_row'  data-sticky_position= 'top' data-mobile='no' data-support='no'>[vc_raw_html]W2Ntd2l6YXJkIHdpZGdldD0iMiIgL10=[\/vc_raw_html]<\/div><div class=\"ult-space\"><\/div><\/div><\/div>[\/vc_column_inner][\/vc_row_inner][\/vc_column][vc_column width=&#8221;3\/4&#8243;][vc_column_text]<\/p>\n<h1>Sajt\u00f3<\/h1>\n<p>[\/vc_column_text][vc_separator type=&#8221;normal&#8221; border_style=&#8221;&#8221; down=&#8221;30&#8243;]<div class='latest_post_holder boxes two_columns six_rows'><ul><li class=\"clearfix\"><div class=\"boxes_image\"><a href=\"https:\/\/www.climatecoating.com\/hu\/sajtokozlemeny-fenyt-viszunk-a-sotetsegbe-a-lumen-nel\/\"><img loading=\"lazy\" decoding=\"async\" width=\"550\" height=\"498\" src=\"https:\/\/www.climatecoating.com\/wp-content\/uploads\/2022\/02\/Lumen_Applikation_01-550x498.jpg\" class=\"attachment-portfolio-default size-portfolio-default wp-post-image\" alt=\"\" srcset=\"https:\/\/www.climatecoating.com\/wp-content\/uploads\/2022\/02\/Lumen_Applikation_01-550x498.jpg 550w, https:\/\/www.climatecoating.com\/wp-content\/uploads\/2022\/02\/Lumen_Applikation_01-480x434.jpg 480w, https:\/\/www.climatecoating.com\/wp-content\/uploads\/2022\/02\/Lumen_Applikation_01-125x112.jpg 125w\" sizes=\"auto, (max-width: 550px) 100vw, 550px\" \/><span class=\"latest_post_overlay\"><i class=\"icon_plus\" aria-hidden=\"true\"><\/i><\/span><\/a><\/div><div class=\"latest_post\" ><div class=\"latest_post_text\"><span class=\"date_holder post_info_section\"><span class=\"date\">2023.05.02.<\/span><\/span><h2 class=\"latest_post_title \"><a href=\"https:\/\/www.climatecoating.com\/hu\/sajtokozlemeny-fenyt-viszunk-a-sotetsegbe-a-lumen-nel\/\">Sajt\u00f3k\u00f6zlem\u00e9ny: F\u00e9nyt visz\u00fcnk a s\u00f6t\u00e9ts\u00e9gbe a &#8220;Lumen&#8221;-nel<\/a><\/h2><p class=\"excerpt\">Berlin, 2021. szeptember &#8211; Az elegend\u0151 f\u00e9ny nagy szerepet j\u00e1tszik, k\u00fcl\u00f6n\u00f6sen a s\u00f6t\u00e9t \u00e9vszakban. A rosszul megvil\u00e1g\u00edtott helyis\u00e9gek nemcsak a koncentr\u00e1ci\u00f3t \u00e9s a hangulatot befoly\u00e1solj\u00e1k, hanem m\u00e9g az eg\u00e9szs\u00e9get is rontj\u00e1k. Tanul\u00f3szoba, konyha, el\u0151szoba: minden helyis\u00e9gnek m\u00e1s \u00e9s m\u00e1s ig\u00e9nyei vannak a f\u00e9nyer\u0151ss\u00e9g \u00e9s a......<\/p><\/div><\/div><\/li><li class=\"clearfix\"><div class=\"boxes_image\"><a href=\"https:\/\/www.climatecoating.com\/hu\/sajtokozlemeny-a-sicc-coatings-gmbh-segit-energiat-megtakaritani-a-thermoplus-belso-falfestekkel\/\"><img loading=\"lazy\" decoding=\"async\" width=\"550\" height=\"498\" src=\"https:\/\/www.climatecoating.com\/wp-content\/uploads\/2022\/11\/SICC-Coatings_PM-04_2022_ThermoPlus_Bild_01-550x498.png\" class=\"attachment-portfolio-default size-portfolio-default wp-post-image\" alt=\"\" srcset=\"https:\/\/www.climatecoating.com\/wp-content\/uploads\/2022\/11\/SICC-Coatings_PM-04_2022_ThermoPlus_Bild_01-550x498.png 550w, https:\/\/www.climatecoating.com\/wp-content\/uploads\/2022\/11\/SICC-Coatings_PM-04_2022_ThermoPlus_Bild_01-480x434.png 480w, https:\/\/www.climatecoating.com\/wp-content\/uploads\/2022\/11\/SICC-Coatings_PM-04_2022_ThermoPlus_Bild_01-125x112.png 125w\" sizes=\"auto, (max-width: 550px) 100vw, 550px\" \/><span class=\"latest_post_overlay\"><i class=\"icon_plus\" aria-hidden=\"true\"><\/i><\/span><\/a><\/div><div class=\"latest_post\" ><div class=\"latest_post_text\"><span class=\"date_holder post_info_section\"><span class=\"date\">2023.05.02.<\/span><\/span><h2 class=\"latest_post_title \"><a href=\"https:\/\/www.climatecoating.com\/hu\/sajtokozlemeny-a-sicc-coatings-gmbh-segit-energiat-megtakaritani-a-thermoplus-belso-falfestekkel\/\">Sajt\u00f3k\u00f6zlem\u00e9ny: A SICC Coatings GmbH seg\u00edt energi\u00e1t megtakar\u00edtani a ThermoPlus bels\u0151 falfest\u00e9kkel<\/a><\/h2><p class=\"excerpt\">Plusz melegs\u00e9g \u00e9s lak\u00f3komfort Berlin, 2022. okt\u00f3ber &#8211; Az energiatakar\u00e9koss\u00e1g politikai ig\u00e9nye egyre s\u00fcrget\u0151bb\u00e9 v\u00e1lik. A k\u00f6lts\u00e9gmegtakar\u00edt\u00e1s \u00e9rdek\u00e9ben kevesebb f\u0171t\u00e9st kell haszn\u00e1lni. Ez cs\u00f6kkenti az energiafogyaszt\u00e1st, ugyanakkor neh\u00e9zkes a kellemes belt\u00e9ri kl\u00edma biztos\u00edt\u00e1sa. A berlini sz\u00e9khely\u0171 SICC Coatings c\u00e9g a ThermoPlus kiv\u00e1l\u00f3 min\u0151s\u00e9g\u0171, speci\u00e1lis bels\u0151......<\/p><\/div><\/div><\/li><li class=\"clearfix\"><div class=\"boxes_image\"><a href=\"https:\/\/www.climatecoating.com\/hu\/sajtokozlemeny-muveszet-a-reflektorfenyben\/\"><img loading=\"lazy\" decoding=\"async\" width=\"550\" height=\"498\" src=\"https:\/\/www.climatecoating.com\/wp-content\/uploads\/2022\/01\/Die-Kunst-im-Rampenlicht_01-550x498.jpg\" class=\"attachment-portfolio-default size-portfolio-default wp-post-image\" alt=\"August Rodin h\u00edres bronzfigur\u00e1ja &quot;L&#039;eternelle idol&quot; az Opelvillenben. A szoba s\u00f6t\u00e9t bordeaux-i v\u00f6r\u00f6sben jelenik meg, \u00e9s megfelel\u0151 keretet ad a szobornak. A &quot;Lumen&quot; megn\u00f6velt diff\u00faz reflexi\u00f3s \u00e9rt\u00e9ke kiv\u00e1l\u00f3 f\u00e9nykibocs\u00e1t\u00e1st tesz lehet\u0151v\u00e9 m\u00e9g s\u00f6t\u00e9t \u00e1rnyalatok eset\u00e9n is. Fot\u00f3: Frank M\u00f6llenberg\" srcset=\"https:\/\/www.climatecoating.com\/wp-content\/uploads\/2022\/01\/Die-Kunst-im-Rampenlicht_01-550x498.jpg 550w, https:\/\/www.climatecoating.com\/wp-content\/uploads\/2022\/01\/Die-Kunst-im-Rampenlicht_01-480x434.jpg 480w, https:\/\/www.climatecoating.com\/wp-content\/uploads\/2022\/01\/Die-Kunst-im-Rampenlicht_01-125x112.jpg 125w\" sizes=\"auto, (max-width: 550px) 100vw, 550px\" \/><span class=\"latest_post_overlay\"><i class=\"icon_plus\" aria-hidden=\"true\"><\/i><\/span><\/a><\/div><div class=\"latest_post\" ><div class=\"latest_post_text\"><span class=\"date_holder post_info_section\"><span class=\"date\">2023.05.02.<\/span><\/span><h2 class=\"latest_post_title \"><a href=\"https:\/\/www.climatecoating.com\/hu\/sajtokozlemeny-muveszet-a-reflektorfenyben\/\">Sajt\u00f3k\u00f6zlem\u00e9ny: M\u0171v\u00e9szet a reflektorf\u00e9nyben<\/a><\/h2><p class=\"excerpt\">Berlin, 2021. november &#8211; A ki\u00e1ll\u00edt\u00e1sok vizu\u00e1lis \u00e9lm\u00e9nye a sz\u00ednek \u00e9s a f\u00e9ny k\u00f6lcs\u00f6nhat\u00e1s\u00e1n m\u00falik. Ez l\u00e1that\u00f3 a r\u00fcsselsheimi Opelvillen ki\u00e1ll\u00edt\u00e1sain. A ki\u00e1ll\u00edt\u00e1si helysz\u00edn m\u00e1r \u00e9vek \u00f3ta a berlini SICC Coatings gy\u00e1rt\u00f3 &#8220;Lumen&#8221; fal- \u00e9s mennyezetfest\u00e9k\u00e9t haszn\u00e1lja. &#8220;Egy ki\u00e1ll\u00edt\u00e1son fontos, hogy a ki\u00e1ll\u00edtott darabokat megfelel\u0151......<\/p><\/div><\/div><\/li><li class=\"clearfix\"><div class=\"boxes_image\"><a href=\"https:\/\/www.climatecoating.com\/hu\/sajtokozlemeny-innovativ-homlokzati-bevonat-segit-penzt-megtakaritani\/\"><img loading=\"lazy\" decoding=\"async\" width=\"550\" height=\"498\" src=\"https:\/\/www.climatecoating.com\/wp-content\/uploads\/2022\/06\/SICC-Coatings_PM-01_2022_ThermoProtect_BILD-01-550x498.jpg\" class=\"attachment-portfolio-default size-portfolio-default wp-post-image\" alt=\"\" srcset=\"https:\/\/www.climatecoating.com\/wp-content\/uploads\/2022\/06\/SICC-Coatings_PM-01_2022_ThermoProtect_BILD-01-550x498.jpg 550w, https:\/\/www.climatecoating.com\/wp-content\/uploads\/2022\/06\/SICC-Coatings_PM-01_2022_ThermoProtect_BILD-01-480x434.jpg 480w, https:\/\/www.climatecoating.com\/wp-content\/uploads\/2022\/06\/SICC-Coatings_PM-01_2022_ThermoProtect_BILD-01-125x112.jpg 125w\" sizes=\"auto, (max-width: 550px) 100vw, 550px\" \/><span class=\"latest_post_overlay\"><i class=\"icon_plus\" aria-hidden=\"true\"><\/i><\/span><\/a><\/div><div class=\"latest_post\" ><div class=\"latest_post_text\"><span class=\"date_holder post_info_section\"><span class=\"date\">2023.05.02.<\/span><\/span><h2 class=\"latest_post_title \"><a href=\"https:\/\/www.climatecoating.com\/hu\/sajtokozlemeny-innovativ-homlokzati-bevonat-segit-penzt-megtakaritani\/\">Sajt\u00f3k\u00f6zlem\u00e9ny: Innovat\u00edv homlokzati bevonat seg\u00edt p\u00e9nzt megtakar\u00edtani<\/a><\/h2><p class=\"excerpt\">Berlin, m\u00e1jus 2022 &#8211; A WGP Perleberg eG lak\u00e1ssz\u00f6vetkezet tulajdon\u00e1ban \u00f6sszesen 30 t\u00f6bbszintes lak\u00f3\u00e9p\u00fclet van. Az 1990-es \u00e9vek k\u00f6zep\u00e9n v\u00e9gzett \u00e1tfog\u00f3 homlokzatfel\u00faj\u00edt\u00e1s ut\u00e1n azonban az els\u0151 \u00e9p\u00fcleteken r\u00f6vid id\u0151 ut\u00e1n ism\u00e9t az alg\u00e1sod\u00e1s \u00e9s gomb\u00e1sod\u00e1s nyomai jelentek meg. A sz\u00f6vetkezet vezet\u0151je, Wolfgang Gelleszun az ingatlanjai......<\/p><\/div><\/div><\/li><li class=\"clearfix\"><div class=\"boxes_image\"><a href=\"https:\/\/www.climatecoating.com\/hu\/sajtokozlemeny-berlini-szekhelyu-vallalat-mesterseges-intelligencia-eszkozt-fejleszt-a-nagyobb-energiahatekonysag-erdekeben\/\"><img loading=\"lazy\" decoding=\"async\" width=\"550\" height=\"498\" src=\"https:\/\/www.climatecoating.com\/wp-content\/uploads\/2023\/03\/KI-Tool-Calculus-Ansicht_aus-Pressemitteilung-01-2023_-550x498.jpg\" class=\"attachment-portfolio-default size-portfolio-default wp-post-image\" alt=\"AI eszk\u00f6z Calculus n\u00e9zet a 01-2023 sajt\u00f3k\u00f6zlem\u00e9nyb\u0151l\" srcset=\"https:\/\/www.climatecoating.com\/wp-content\/uploads\/2023\/03\/KI-Tool-Calculus-Ansicht_aus-Pressemitteilung-01-2023_-550x498.jpg 550w, https:\/\/www.climatecoating.com\/wp-content\/uploads\/2023\/03\/KI-Tool-Calculus-Ansicht_aus-Pressemitteilung-01-2023_-480x434.jpg 480w, https:\/\/www.climatecoating.com\/wp-content\/uploads\/2023\/03\/KI-Tool-Calculus-Ansicht_aus-Pressemitteilung-01-2023_-125x112.jpg 125w\" sizes=\"auto, (max-width: 550px) 100vw, 550px\" \/><span class=\"latest_post_overlay\"><i class=\"icon_plus\" aria-hidden=\"true\"><\/i><\/span><\/a><\/div><div class=\"latest_post\" ><div class=\"latest_post_text\"><span class=\"date_holder post_info_section\"><span class=\"date\">2023.05.02.<\/span><\/span><h2 class=\"latest_post_title \"><a href=\"https:\/\/www.climatecoating.com\/hu\/sajtokozlemeny-berlini-szekhelyu-vallalat-mesterseges-intelligencia-eszkozt-fejleszt-a-nagyobb-energiahatekonysag-erdekeben\/\">Sajt\u00f3k\u00f6zlem\u00e9ny: Berlini sz\u00e9khely\u0171 v\u00e1llalat mesters\u00e9ges intelligencia eszk\u00f6zt fejleszt a nagyobb energiahat\u00e9konys\u00e1g \u00e9rdek\u00e9ben<\/a><\/h2><p class=\"excerpt\">Berlini sz\u00e9khely\u0171 v\u00e1llalat mesters\u00e9ges intelligencia eszk\u00f6zt fejleszt a nagyobb energiahat\u00e9konys\u00e1g \u00e9rdek\u00e9ben Berlin, 2023. febru\u00e1r &#8211; A digitaliz\u00e1ci\u00f3 t\u00e9m\u00e1ja egyre fontosabb szerepet kap a t\u00e1rsadalmi, gazdas\u00e1gi \u00e9s politikai \u00e9let szinte minden ter\u00fclet\u00e9n. Az \u00e9p\u00edt\u0151iparban is j\u00f3l l\u00e1that\u00f3ak a folyamatok \u00e9s strukt\u00far\u00e1k digitaliz\u00e1l\u00e1s\u00e1ra ir\u00e1nyul\u00f3 er\u0151fesz\u00edt\u00e9sek. A kis-......<\/p><\/div><\/div><\/li><li class=\"clearfix\"><div class=\"boxes_image\"><a href=\"https:\/\/www.climatecoating.com\/hu\/sajtokozlemeny-klimaaktiv-epuletbevonat-made-in-germany-tesztelve-abu-dhabiban\/\"><img loading=\"lazy\" decoding=\"async\" width=\"550\" height=\"498\" src=\"https:\/\/www.climatecoating.com\/wp-content\/uploads\/2022\/06\/SICC-Coatings_PM-02_2022_AD-Ports-Kooperation_Products-550x498.jpg\" class=\"attachment-portfolio-default size-portfolio-default wp-post-image\" alt=\"\" srcset=\"https:\/\/www.climatecoating.com\/wp-content\/uploads\/2022\/06\/SICC-Coatings_PM-02_2022_AD-Ports-Kooperation_Products-550x498.jpg 550w, https:\/\/www.climatecoating.com\/wp-content\/uploads\/2022\/06\/SICC-Coatings_PM-02_2022_AD-Ports-Kooperation_Products-480x434.jpg 480w, https:\/\/www.climatecoating.com\/wp-content\/uploads\/2022\/06\/SICC-Coatings_PM-02_2022_AD-Ports-Kooperation_Products-125x112.jpg 125w\" sizes=\"auto, (max-width: 550px) 100vw, 550px\" \/><span class=\"latest_post_overlay\"><i class=\"icon_plus\" aria-hidden=\"true\"><\/i><\/span><\/a><\/div><div class=\"latest_post\" ><div class=\"latest_post_text\"><span class=\"date_holder post_info_section\"><span class=\"date\">2023.05.02.<\/span><\/span><h2 class=\"latest_post_title \"><a href=\"https:\/\/www.climatecoating.com\/hu\/sajtokozlemeny-klimaaktiv-epuletbevonat-made-in-germany-tesztelve-abu-dhabiban\/\">Sajt\u00f3k\u00f6zlem\u00e9ny: Kl\u00edmaakt\u00edv \u00e9p\u00fcletbevonat &#8211; Made in Germany, tesztelve Abu Dhabiban<\/a><\/h2><p class=\"excerpt\">Kutat\u00e1si projektben bizony\u00edtott hat\u00e9konys\u00e1g Berlin, j\u00fanius 2022 &#8211; A berlini sz\u00e9khely\u0171 SICC Coatings c\u00e9g ThermoActive \u00e9s ThermoProtect ClimateCoating term\u00e9kei az Egyes\u00fclt Arab Em\u00edrs\u00e9gekbeli Abu Dhabi Ports Group logisztikai c\u00e9ggel egy\u00fcttm\u0171k\u00f6dve egy tanulm\u00e1ny r\u00e9szek\u00e9nt k\u00e9sz\u00fcltek. A h\u00e1rom h\u00f3napos kutat\u00e1si projekt sor\u00e1n n\u00e9gy 40 l\u00e1b hossz\u00fa sz\u00e1ll\u00edt\u00f3kont\u00e9nert......<\/p><\/div><\/div><\/li><li class=\"clearfix\"><div class=\"boxes_image\"><a href=\"https:\/\/www.climatecoating.com\/hu\/sajtokozlemeny-a-berlini-szekhelyu-kkv-befektet-az-epuletfizikai-ai-modellek-kutatasaba\/\"><img loading=\"lazy\" decoding=\"async\" width=\"550\" height=\"498\" src=\"https:\/\/www.climatecoating.com\/wp-content\/uploads\/2021\/02\/Wohnbloecke-in-Botkyrka_11-550x498.jpg\" class=\"attachment-portfolio-default size-portfolio-default wp-post-image\" alt=\"\" srcset=\"https:\/\/www.climatecoating.com\/wp-content\/uploads\/2021\/02\/Wohnbloecke-in-Botkyrka_11-550x498.jpg 550w, https:\/\/www.climatecoating.com\/wp-content\/uploads\/2021\/02\/Wohnbloecke-in-Botkyrka_11-480x434.jpg 480w, https:\/\/www.climatecoating.com\/wp-content\/uploads\/2021\/02\/Wohnbloecke-in-Botkyrka_11-125x112.jpg 125w\" sizes=\"auto, (max-width: 550px) 100vw, 550px\" \/><span class=\"latest_post_overlay\"><i class=\"icon_plus\" aria-hidden=\"true\"><\/i><\/span><\/a><\/div><div class=\"latest_post\" ><div class=\"latest_post_text\"><span class=\"date_holder post_info_section\"><span class=\"date\">2023.05.02.<\/span><\/span><h2 class=\"latest_post_title \"><a href=\"https:\/\/www.climatecoating.com\/hu\/sajtokozlemeny-a-berlini-szekhelyu-kkv-befektet-az-epuletfizikai-ai-modellek-kutatasaba\/\">Sajt\u00f3k\u00f6zlem\u00e9ny: A berlini sz\u00e9khely\u0171 kkv befektet az \u00e9p\u00fcletfizikai AI-modellek kutat\u00e1s\u00e1ba<\/a><\/h2><p class=\"excerpt\">A SICC Coatings GmbH saj\u00e1t sz\u00e1m\u00edt\u00e1si szoftvert fejleszt ki Berlin, 2022. szeptember &#8211; A berlini sz\u00e9khely\u0171 SICC Coatings GmbH folytatja kutat\u00e1si tev\u00e9kenys\u00e9g\u00e9t, \u00e9s a mainzi M&amp;M Network-Ing UG-val egy\u00fcttm\u0171k\u00f6dve egy \u00e9p\u00fcletfizikai AI-modellt fejleszt. A modell egy olyan internetes eszk\u00f6z alapj\u00e1t k\u00e9pezi, amely kisz\u00e1m\u00edtja, hogy a......<\/p><\/div><\/div><\/li><li class=\"clearfix\"><div class=\"boxes_image\"><a href=\"https:\/\/www.climatecoating.com\/hu\/sajtokozlemeny-a-homlokzati-bevonat-mint-hatekony-energiatakarekossagi-segedeszkoz\/\"><img loading=\"lazy\" decoding=\"async\" width=\"550\" height=\"498\" src=\"https:\/\/www.climatecoating.com\/wp-content\/uploads\/2023\/04\/SICC-Coatings_PM-02_2023_ThermoProtect-Bild-01-550x498.jpg\" class=\"attachment-portfolio-default size-portfolio-default wp-post-image\" alt=\"Jav\u00edtani kell a n\u00e9metorsz\u00e1gi \u00e9p\u00fclet\u00e1llom\u00e1ny energiahat\u00e9konys\u00e1g\u00e1t. Ehhez hozz\u00e1j\u00e1rulhat t\u00f6bbek k\u00f6z\u00f6tt a SICC Coatings GmbH ThermoProtect homlokzati bevonata. A term\u00e9k h\u0151- \u00e9s nedvess\u00e9gszab\u00e1lyoz\u00f3 tulajdons\u00e1gainak k\u00f6sz\u00f6nhet\u0151en v\u00e9di a k\u00fcls\u0151 falat.\" srcset=\"https:\/\/www.climatecoating.com\/wp-content\/uploads\/2023\/04\/SICC-Coatings_PM-02_2023_ThermoProtect-Bild-01-550x498.jpg 550w, https:\/\/www.climatecoating.com\/wp-content\/uploads\/2023\/04\/SICC-Coatings_PM-02_2023_ThermoProtect-Bild-01-480x434.jpg 480w, https:\/\/www.climatecoating.com\/wp-content\/uploads\/2023\/04\/SICC-Coatings_PM-02_2023_ThermoProtect-Bild-01-125x112.jpg 125w\" sizes=\"auto, (max-width: 550px) 100vw, 550px\" \/><span class=\"latest_post_overlay\"><i class=\"icon_plus\" aria-hidden=\"true\"><\/i><\/span><\/a><\/div><div class=\"latest_post\" ><div class=\"latest_post_text\"><span class=\"date_holder post_info_section\"><span class=\"date\">2023.05.02.<\/span><\/span><h2 class=\"latest_post_title \"><a href=\"https:\/\/www.climatecoating.com\/hu\/sajtokozlemeny-a-homlokzati-bevonat-mint-hatekony-energiatakarekossagi-segedeszkoz\/\">Sajt\u00f3k\u00f6zlem\u00e9ny: A homlokzati bevonat mint hat\u00e9kony energiatakar\u00e9koss\u00e1gi seg\u00e9deszk\u00f6z<\/a><\/h2><p class=\"excerpt\">ThermoProtect a SICC Coatings GmbH-t\u00f3l Berlin, 2023. \u00e1prilis &#8211; N\u00e9metorsz\u00e1gban teljes lend\u00fclettel folyik az energia\u00e1t\u00e1ll\u00e1s. A N\u00e9met Energia\u00fcgyn\u00f6ks\u00e9g (dena) szerint N\u00e9metorsz\u00e1gban mintegy 21 milli\u00f3 \u00e9p\u00fclet van, amelyek egy\u00fcttesen a teljes v\u00e9gs\u0151 energiafogyaszt\u00e1s 35 sz\u00e1zal\u00e9k\u00e1\u00e9rt felel\u0151sek. Ebben az \u00e1gazatban hatalmas megtakar\u00edt\u00e1si potenci\u00e1l rejlik, \u00e9s az \u00e9p\u00fcletek......<\/p><\/div><\/div><\/li><\/ul><\/div>[\/vc_column][\/vc_row]<\/p>\n<\/div>","protected":false},"excerpt":{"rendered":"<p>[vc_row row_type=&#8221;row&#8221; use_row_as_full_screen_section=&#8221;no&#8221; type=&#8221;full_width&#8221; text_align=&#8221;left&#8221; background_animation=&#8221;none&#8221; css_animation=&#8221;&#8221;][vc_column][vc_single_image image=&#8221;60138&#8243; img_size=&#8221;full&#8221; css=&#8221;.vc_custom_1764323544892{padding-bottom: 30px !important;}&#8221; qode_css_animation=&#8221;&#8221;][\/vc_column][\/vc_row][vc_row row_type=&#8221;row&#8221; use_row_as_full_screen_section=&#8221;no&#8221; type=&#8221;full_width&#8221; text_align=&#8221;left&#8221; background_animation=&#8221;none&#8221; padding_bottom=&#8221;45&#8243; css_animation=&#8221;&#8221;][vc_column width=&#8221;1\/4&#8243;][vc_row_inner row_type=&#8221;row&#8221; type=&#8221;full_width&#8221; use_row_as_full_screen_section_slide=&#8221;no&#8221; text_align=&#8221;left&#8221; css_animation=&#8221;&#8221;][vc_column_inner][\/vc_column_inner][\/vc_row_inner][\/vc_column][vc_column width=&#8221;3\/4&#8243;][vc_column_text] Sajt\u00f3 [\/vc_column_text][vc_separator type=&#8221;normal&#8221; border_style=&#8221;&#8221; down=&#8221;30&#8243;][\/vc_column][\/vc_row]<\/p>\n","protected":false},"author":1,"featured_media":0,"parent":47236,"menu_order":670,"comment_status":"closed","ping_status":"closed","template":"","meta":{"footnotes":""},"class_list":["post-61238","page","type-page","status-publish","hentry"],"_links":{"self":[{"href":"https:\/\/www.climatecoating.com\/hu\/wp-json\/wp\/v2\/pages\/61238","targetHints":{"allow":["GET"]}}],"collection":[{"href":"https:\/\/www.climatecoating.com\/hu\/wp-json\/wp\/v2\/pages"}],"about":[{"href":"https:\/\/www.climatecoating.com\/hu\/wp-json\/wp\/v2\/types\/page"}],"author":[{"embeddable":true,"href":"https:\/\/www.climatecoating.com\/hu\/wp-json\/wp\/v2\/users\/1"}],"replies":[{"embeddable":true,"href":"https:\/\/www.climatecoating.com\/hu\/wp-json\/wp\/v2\/comments?post=61238"}],"version-history":[{"count":6,"href":"https:\/\/www.climatecoating.com\/hu\/wp-json\/wp\/v2\/pages\/61238\/revisions"}],"predecessor-version":[{"id":61507,"href":"https:\/\/www.climatecoating.com\/hu\/wp-json\/wp\/v2\/pages\/61238\/revisions\/61507"}],"up":[{"embeddable":true,"href":"https:\/\/www.climatecoating.com\/hu\/wp-json\/wp\/v2\/pages\/47236"}],"wp:attachment":[{"href":"https:\/\/www.climatecoating.com\/hu\/wp-json\/wp\/v2\/media?parent=61238"}],"curies":[{"name":"wp","href":"https:\/\/api.w.org\/{rel}","templated":true}]}}