{"id":61501,"date":"2023-05-02T10:28:55","date_gmt":"2023-05-02T08:28:55","guid":{"rendered":"https:\/\/www.climatecoating.com\/ceg\/fogalomtar\/"},"modified":"2026-02-03T15:41:38","modified_gmt":"2026-02-03T14:41:38","slug":"uegyfelteruelet","status":"publish","type":"page","link":"https:\/\/www.climatecoating.com\/hu\/uegyfelteruelet\/","title":{"rendered":"\u00dcgyf\u00e9lter\u00fclet"},"content":{"rendered":"<div class=\"wpb-content-wrapper\"><p>[vc_row row_type=&#8221;row&#8221; use_row_as_full_screen_section=&#8221;no&#8221; type=&#8221;full_width&#8221; text_align=&#8221;left&#8221; background_animation=&#8221;none&#8221; css_animation=&#8221;&#8221;][vc_column][vc_single_image image=&#8221;62828&#8243; img_size=&#8221;full&#8221; css=&#8221;.vc_custom_1766060041546{padding-bottom: 30px !important;}&#8221; qode_css_animation=&#8221;&#8221;][\/vc_column][\/vc_row][vc_row row_type=&#8221;row&#8221; use_row_as_full_screen_section=&#8221;no&#8221; type=&#8221;full_width&#8221; text_align=&#8221;left&#8221; background_animation=&#8221;none&#8221; padding_bottom=&#8221;45&#8243; css_animation=&#8221;&#8221;][vc_column width=&#8221;1\/4&#8243;]<div class=\"ult_row_spacer\"><div class=\"ult-sticky-anchor\"><div class=\"ult-sticky-section ult-sticky \"  data-gutter= '100' data-stick_behaviour= 'stick_with_scroll_row'  data-sticky_position= 'top' data-mobile='no' data-support='no'>[vc_raw_html css=&#8221;&#8221;]JTVCY213aXphcmQlMjB3aWRnZXQlM0QyJTJGJTVEJTBEJTBB[\/vc_raw_html]<\/div><div class=\"ult-space\"><\/div><\/div><\/div>[\/vc_column][vc_column width=&#8221;3\/4&#8243;][vc_column_text css=&#8221;.vc_custom_1766480460093{padding-bottom: 30px !important;}&#8221;]<\/p>\n<h1>\u00dcgyf\u00e9lter\u00fclet<\/h1>\n<p>A <strong data-start=\"339\" data-end=\"356\">SICC Coatings<\/strong> \u00fcgyf\u00e9lter\u00fclete az \u00d6n k\u00f6zponti platformja az \u00e9ghajlat-akt\u00edv funkcion\u00e1lis sz\u00ednekkel kapcsolatos ismeretek, digit\u00e1lis eszk\u00f6z\u00f6k \u00e9s gyakorlati megold\u00e1sok sz\u00e1m\u00e1ra. Seg\u00edt \u00d6nnek a projektek hat\u00e9kony megtervez\u00e9s\u00e9ben, a megalapozott d\u00f6nt\u00e9sek meghozatal\u00e1ban \u00e9s a technol\u00f3gi\u00e1nkban rejl\u0151 lehet\u0151s\u00e9gek teljes k\u00f6r\u0171 kihaszn\u00e1l\u00e1s\u00e1ban.<\/p>\n<p data-start=\"646\" data-end=\"886\"><strong data-start=\"646\" data-end=\"664\">\ud83d\udd0d KI-Calculus<\/strong><br data-start=\"664\" data-end=\"667\" \/>Intelligens tervez\u00e9si seg\u00e9dletek az energiahat\u00e9konys\u00e1g, a CO\u2082-cs\u00f6kkent\u00e9s \u00e9s a megtakar\u00edt\u00e1si lehet\u0151s\u00e9gek \u00e9rt\u00e9kel\u00e9s\u00e9hez. Szimul\u00e1ljon forgat\u00f3k\u00f6nyveket, \u00e9s szerezzen megb\u00edzhat\u00f3 alapot a d\u00f6nt\u00e9shozatalhoz &#8211; gyorsan, \u00e1tl\u00e1that\u00f3an \u00e9s adatokra alapozva.<\/p>\n<p data-start=\"888\" data-end=\"1066\"><strong data-start=\"888\" data-end=\"904\">\ud83d\udcc1 M\u00e9diak\u00f6zpont<\/strong><br data-start=\"904\" data-end=\"907\" \/>K\u00f6zponti hozz\u00e1f\u00e9r\u00e9s a term\u00e9keinkr\u0151l \u00e9s azok el\u0151nyeir\u0151l, a term\u00e9ktechnol\u00f3gi\u00e1r\u00f3l \u00e9s sok m\u00e1sr\u00f3l sz\u00f3l\u00f3 vide\u00f3khoz &#8211; \u00e1ttekinthet\u0151en, naprak\u00e9szen \u00e9s b\u00e1rmikor el\u00e9rhet\u0151en.<\/p>\n<p data-start=\"1068\" data-end=\"1309\"><strong data-start=\"1068\" data-end=\"1085\">\ud83c\udf0d Referenci\u00e1k<\/strong><br data-start=\"1085\" data-end=\"1088\" \/>Inspir\u00e1l\u00f3djon a vil\u00e1gszerte megval\u00f3sult projektekb\u0151l. Fedezze fel a gyakorlati alkalmaz\u00e1si p\u00e9ld\u00e1kat, \u00e9s tudja meg, hogyan m\u0171k\u00f6dnek megold\u00e1saink a k\u00fcl\u00f6nb\u00f6z\u0151 \u00e9ghajlati \u00f6vezetekben \u00e9s alkalmaz\u00e1si ter\u00fcleteken.<\/p>\n<p data-start=\"1311\" data-end=\"1476\"><strong data-start=\"1311\" data-end=\"1320\">\u2753 GYIK<\/strong><br data-start=\"1320\" data-end=\"1323\" \/>Kompakt v\u00e1laszok a technol\u00f3gi\u00e1val, alkalmaz\u00e1ssal, hat\u00e1ssal \u00e9s v\u00e9grehajt\u00e1ssal kapcsolatos gyakran feltett k\u00e9rd\u00e9sekre &#8211; \u00e1ttekinthet\u0151en bemutatva a tervez\u00e9s, konzult\u00e1ci\u00f3 \u00e9s d\u00f6nt\u00e9shozatal \u00e9rdek\u00e9ben.<\/p>\n<p data-start=\"1478\" data-end=\"1664\"><strong data-start=\"1478\" data-end=\"1489\">\ud83d\udcf0 Blog<\/strong><br data-start=\"1489\" data-end=\"1492\" \/>Aktu\u00e1lis cikkek a technol\u00f3gi\u00e1r\u00f3l, fenntarthat\u00f3s\u00e1gr\u00f3l, kutat\u00e1sr\u00f3l \u00e9s piaci trendekr\u0151l. Maradjon naprak\u00e9sz az \u00e9ghajlat-akt\u00edv fel\u00fcletek ter\u00fclet\u00e9n t\u00f6rt\u00e9n\u0151 \u00faj\u00edt\u00e1sokr\u00f3l \u00e9s fejleszt\u00e9sekr\u0151l.<\/p>\n<p data-start=\"1666\" data-end=\"1833\">\ud83d\udcd8 <strong data-start=\"1666\" data-end=\"1680\">Fogalomt\u00e1r<\/strong><br data-start=\"1680\" data-end=\"1683\" \/>Gyors t\u00e1j\u00e9koz\u00f3d\u00e1s a szakterminol\u00f3gi\u00e1ban. A vil\u00e1gosan magyar\u00e1zott kifejez\u00e9sek biztos\u00edtj\u00e1k a magabiztoss\u00e1got a m\u0171szaki \u00e9s tudom\u00e1nyos tartalmak kezel\u00e9se sor\u00e1n.<\/p>\n<p>[\/vc_column_text][\/vc_column][\/vc_row]<\/p>\n<\/div>","protected":false},"excerpt":{"rendered":"<p>[vc_row row_type=&#8221;row&#8221; use_row_as_full_screen_section=&#8221;no&#8221; type=&#8221;full_width&#8221; text_align=&#8221;left&#8221; background_animation=&#8221;none&#8221; css_animation=&#8221;&#8221;][vc_column][vc_single_image image=&#8221;62828&#8243; img_size=&#8221;full&#8221; css=&#8221;.vc_custom_1766060041546{padding-bottom: 30px !important;}&#8221; qode_css_animation=&#8221;&#8221;][\/vc_column][\/vc_row][vc_row row_type=&#8221;row&#8221; use_row_as_full_screen_section=&#8221;no&#8221; type=&#8221;full_width&#8221; text_align=&#8221;left&#8221; background_animation=&#8221;none&#8221; padding_bottom=&#8221;45&#8243; css_animation=&#8221;&#8221;][vc_column width=&#8221;1\/4&#8243;][\/vc_column][vc_column width=&#8221;3\/4&#8243;][vc_column_text css=&#8221;.vc_custom_1766480460093{padding-bottom: 30px !important;}&#8221;] \u00dcgyf\u00e9lter\u00fclet A SICC Coatings \u00fcgyf\u00e9lter\u00fclete az \u00d6n k\u00f6zponti platformja az \u00e9ghajlat-akt\u00edv funkcion\u00e1lis sz\u00ednekkel kapcsolatos ismeretek, digit\u00e1lis eszk\u00f6z\u00f6k \u00e9s gyakorlati megold\u00e1sok&#8230;<\/p>\n","protected":false},"author":1,"featured_media":0,"parent":0,"menu_order":600,"comment_status":"closed","ping_status":"closed","template":"","meta":{"footnotes":""},"class_list":["post-61501","page","type-page","status-publish","hentry"],"_links":{"self":[{"href":"https:\/\/www.climatecoating.com\/hu\/wp-json\/wp\/v2\/pages\/61501","targetHints":{"allow":["GET"]}}],"collection":[{"href":"https:\/\/www.climatecoating.com\/hu\/wp-json\/wp\/v2\/pages"}],"about":[{"href":"https:\/\/www.climatecoating.com\/hu\/wp-json\/wp\/v2\/types\/page"}],"author":[{"embeddable":true,"href":"https:\/\/www.climatecoating.com\/hu\/wp-json\/wp\/v2\/users\/1"}],"replies":[{"embeddable":true,"href":"https:\/\/www.climatecoating.com\/hu\/wp-json\/wp\/v2\/comments?post=61501"}],"version-history":[{"count":14,"href":"https:\/\/www.climatecoating.com\/hu\/wp-json\/wp\/v2\/pages\/61501\/revisions"}],"predecessor-version":[{"id":63014,"href":"https:\/\/www.climatecoating.com\/hu\/wp-json\/wp\/v2\/pages\/61501\/revisions\/63014"}],"wp:attachment":[{"href":"https:\/\/www.climatecoating.com\/hu\/wp-json\/wp\/v2\/media?parent=61501"}],"curies":[{"name":"wp","href":"https:\/\/api.w.org\/{rel}","templated":true}]}}