{"id":47010,"date":"2020-08-26T10:00:22","date_gmt":"2020-08-26T08:00:22","guid":{"rendered":"https:\/\/www.climatecoating.com\/produkt\/glossplus\/"},"modified":"2024-12-10T17:00:04","modified_gmt":"2024-12-10T16:00:04","slug":"glossplus","status":"publish","type":"product","link":"https:\/\/www.climatecoating.com\/hu\/produkt\/glossplus\/","title":{"rendered":"GlossPlus"},"content":{"rendered":"<p>A GlossPlus egy sz\u00edntelen, v\u00edzb\u00e1zis\u00fa, UV-blokkol\u00f3val ell\u00e1tott v\u00e9d\u0151bevonat k\u00fclt\u00e9ri haszn\u00e1latra. A GlossPlus jav\u00edtja a ClimateCoating<sup>\u00ae<\/sup> bevonatok tiszt\u00edthat\u00f3s\u00e1g\u00e1t \u00e9s n\u00f6veli azok mechanikai ellen\u00e1ll\u00e1s\u00e1t.<br \/>\nA ClimateCoating<sup>\u00ae<\/sup> bevonatokon val\u00f3 alkalmaz\u00e1s eset\u00e9n<\/p>\n","protected":false},"excerpt":{"rendered":"<p><strong>Sz\u00edntelen \u00e9s f\u00e9nyes v\u00e9d\u0151bevonat UV-blokkol\u00f3val<\/strong><\/p>\n<p>Az \u00e9p\u00fclet ragyog\u00f3 megjelen\u00e9se.<\/p>\n","protected":false},"featured_media":45622,"template":"","meta":[],"product_brand":[],"product_cat":[3107,3115,3036],"product_tag":[],"class_list":{"0":"post-47010","1":"product","2":"type-product","3":"status-publish","4":"has-post-thumbnail","6":"product_cat-alkalmazasi-teruletek","7":"product_cat-epites-es-elet","8":"product_cat-tovabbi-termekek","10":"first","11":"instock","12":"taxable","13":"shipping-taxable","14":"purchasable","15":"product-type-variable"},"_links":{"self":[{"href":"https:\/\/www.climatecoating.com\/hu\/wp-json\/wp\/v2\/product\/47010","targetHints":{"allow":["GET"]}}],"collection":[{"href":"https:\/\/www.climatecoating.com\/hu\/wp-json\/wp\/v2\/product"}],"about":[{"href":"https:\/\/www.climatecoating.com\/hu\/wp-json\/wp\/v2\/types\/product"}],"wp:featuredmedia":[{"embeddable":true,"href":"https:\/\/www.climatecoating.com\/hu\/wp-json\/wp\/v2\/media\/45622"}],"wp:attachment":[{"href":"https:\/\/www.climatecoating.com\/hu\/wp-json\/wp\/v2\/media?parent=47010"}],"wp:term":[{"taxonomy":"product_brand","embeddable":true,"href":"https:\/\/www.climatecoating.com\/hu\/wp-json\/wp\/v2\/product_brand?post=47010"},{"taxonomy":"product_cat","embeddable":true,"href":"https:\/\/www.climatecoating.com\/hu\/wp-json\/wp\/v2\/product_cat?post=47010"},{"taxonomy":"product_tag","embeddable":true,"href":"https:\/\/www.climatecoating.com\/hu\/wp-json\/wp\/v2\/product_tag?post=47010"}],"curies":[{"name":"wp","href":"https:\/\/api.w.org\/{rel}","templated":true}]}}