{"id":47018,"date":"2020-08-09T15:39:52","date_gmt":"2020-08-09T13:39:52","guid":{"rendered":"https:\/\/www.climatecoating.com\/produkt\/thermovital\/"},"modified":"2024-12-10T17:00:10","modified_gmt":"2024-12-10T16:00:10","slug":"thermovital","status":"publish","type":"product","link":"https:\/\/www.climatecoating.com\/hu\/produkt\/thermovital\/","title":{"rendered":"ThermoVital"},"content":{"rendered":"<p><strong>Pen\u00e9sznek val\u00f3 kitetts\u00e9g &#8211; Mi\u00e9rt olyan vesz\u00e9lyes a pen\u00e9sz<\/strong><br \/>\nA pen\u00e9szfoltok a falakon nemcsak cs\u00fany\u00e1n n\u00e9znek ki, hanem mindenekel\u0151tt eg\u00e9szs\u00e9g\u00fcgyi kock\u00e1zatot jelentenek. A pen\u00e9szsp\u00f3r\u00e1k m\u00e1r kis mennyis\u00e9gben is kiv\u00e1lthatnak allergi\u00e1s reakci\u00f3kat, nagyobb mennyis\u00e9gben pedig k\u00e1ros\u00edthatj\u00e1k a szervezetet.<\/p>\n<p>A pen\u00e9szgomb\u00e1knak t\u00e1panyagokra \u00e9s nedvess\u00e9gre van sz\u00fcks\u00e9g\u00fck a n\u00f6veked\u00e9shez. Mivel a t\u00e1panyagok t\u00f6bb\u00e9-kev\u00e9sb\u00e9 k\u00f6nnyen hozz\u00e1f\u00e9rhet\u0151 form\u00e1ban vannak jelen az \u00e9p\u00fcletekben, a nedvess\u00e9g d\u00f6nt\u0151 jelent\u0151s\u00e9g\u0171. A h\u0151m\u00e9rs\u00e9klet \u00e9s a pH-\u00e9rt\u00e9k meglehet\u0151sen al\u00e1rendelt szerepet j\u00e1tszik, mivel a pen\u00e9szgomb\u00e1k a h\u0151m\u00e9rs\u00e9klet \u00e9s a pH-\u00e9rt\u00e9kek sz\u00e9les tartom\u00e1ny\u00e1ban k\u00e9pesek n\u00f6vekedni. Ha m\u00e1r l\u00e1that\u00f3ak a fekete pen\u00e9szfoltok vagy a feh\u00e9r pen\u00e9szpelyhek, int\u00e9zkedni kell.<\/p>\n<p><strong> 1,2,3 &#8230;pen\u00e9szmentes &#8211; A pen\u00e9sz szisztematikus elt\u00e1vol\u00edt\u00e1sa<\/strong><\/p>\n<ol>\n<li>A l\u00e1that\u00f3 pen\u00e9szkult\u00far\u00e1k kezel\u00e9se <a href=\"https:\/\/www.climatecoating.com\/hu\/term%C3%A9k\/sanosil-s010\/\" target=\"_blank\" rel=\"noopener\">Sanosil S010-vel<\/a><\/li>\n<li>A helyis\u00e9g leveg\u0151j\u00e9nek \u00e9s m\u00e1sodlagos szennyez\u0151d\u00e9s\u00e9nek kezel\u00e9se <a href=\"https:\/\/www.climatecoating.com\/hu\/term%C3%A9k\/sanosil-s003\/\" target=\"_blank\" rel=\"noopener\">Sanosil S003-mal<\/a><\/li>\n<li>ThermoVital bels\u0151 bevonat a hossz\u00fa t\u00e1v\u00fa \u00e9s tiszt\u00e1n fizikai v\u00e9delem \u00e9rdek\u00e9ben az \u00fajb\u00f3li pen\u00e9szesed\u00e9s ellen.<\/li>\n<\/ol>\n<p><strong>Fizikai hat\u00e1s &#8211; nagy el\u0151ny<\/strong><br \/>\nA ThermoVital a pen\u00e9sz elleni v\u00e9d\u0151pajzs, amely biztos\u00edtja a szobahigi\u00e9ni\u00e1t \u00e9s az eg\u00e9szs\u00e9ges \u00e9letet. Az egyed\u00fcl\u00e1ll\u00f3 diszperzi\u00f3 fizikailag el\u0151seg\u00edti a falak sz\u00e1rad\u00e1s\u00e1t az \u00e9p\u00fclet egyens\u00falyi nedvess\u00e9gszintj\u00e9ig, \u00e9s szab\u00e1lyozza a helyis\u00e9g p\u00e1ratartalm\u00e1t. Mikroszkopikus ker\u00e1mia \u00fcreges g\u00f6mb\u00f6k milli\u00f3i, kiv\u00e1l\u00f3 min\u0151s\u00e9g\u0171 akril polimerek, pigmentek \u00e9s szinkroniz\u00e1l\u00f3 aktiv\u00e1torok felel\u0151sek ez\u00e9rt. A bevonat a felhord\u00e1s ut\u00e1n v\u00e1ltoz\u00f3an nyitott a diff\u00fazi\u00f3ra. T\u00e1mogatja a nedvess\u00e9g kapill\u00e1ris \u00faton t\u00f6rt\u00e9n\u0151 t\u00e1voz\u00e1s\u00e1t a falb\u00f3l, \u00e9s \u00edgy megsz\u00fcnteti a pen\u00e9szed\u00e9s alapj\u00e1t. Egy m\u00e1sik pozit\u00edv hat\u00e1s: a h\u0151hidak cs\u00f6kkennek, \u00e9s a helyis\u00e9gben megn\u0151 a h\u0151komfort.<\/p>\n<p><strong>A megel\u0151z\u00e9s jobb, mint a gy\u00f3gy\u00edt\u00e1s &#8211; Okos megel\u0151z\u00e9s minden sz\u00ednben<\/strong><br \/>\nHa ezt meg akarja el\u0151zni, akkor a fokozott nedvess\u00e9gterhel\u00e9s\u0171 helyis\u00e9geket azonnal ThermoVitallal bevonhatja (festheti): Konyha, f\u00fcrd\u0151szoba \u00e9s pince vagy az eg\u00e9sz lak\u00e1s vagy rakt\u00e1r. Mivel a ThermoVital a <a href=\"https:\/\/www.climatecoating.com\/hu\/term%C3%A9k\/thermoplus\/\" target=\"_blank\" rel=\"noopener\">ThermoPlus<\/a> tov\u00e1bbfejleszt\u00e9se, a sz\u00ednkialak\u00edt\u00e1snak nincsenek korl\u00e1tai. A diszperzi\u00f3 a RAL sz\u00edn\u00e1rnyalatok szerint is keverhet\u0151. A feldolgozott speci\u00e1lis fest\u00e9k gomba\u00f6l\u0151 szerekt\u0151l mentes \u00e9s szinte szagtalan.<\/p>\n","protected":false},"excerpt":{"rendered":"<p><strong>Innovat\u00edv v\u00e9delem a pen\u00e9sz ellen<\/strong><\/p>\n<p>Semmi es\u00e9ly a pen\u00e9szed\u00e9sre! A ThermoVital a fizikailag hat\u00e9kony, hossz\u00fa t\u00e1v\u00fa v\u00e9delem, amely biztos\u00edtja a szobahigi\u00e9ni\u00e1t \u00e9s az eg\u00e9szs\u00e9ges \u00e9letet. A ThermoVital hossz\u00fa t\u00e1v\u00fa v\u00e9delmet ny\u00fajt a falakon kialakul\u00f3 pen\u00e9szgomb\u00e1sod\u00e1s ellen, ak\u00e1r a fokozott p\u00e1ratartalm\u00fa helyis\u00e9gek, p\u00e9ld\u00e1ul, konyh\u00e1k \u00e9s pinc\u00e9k, ak\u00e1r a gy\u00e1rt\u00f3csarnokok \u00e9s rakt\u00e1rak eset\u00e9ben, p\u00e9ld\u00e1ul az. A speci\u00e1lis fest\u00e9k szab\u00e1lyozza a p\u00e1ratartalmat \u00e9s cs\u00f6kkenti a h\u0151hidak negat\u00edv hat\u00e1sait.<\/p>\n<p>Minden ClimateCoating<sup>\u00ae<\/sup> bevonat \u00e9s sz\u00edn a f\u00e9nyvisszaver\u0151 membr\u00e1ntechnol\u00f3gi\u00e1n alapul, \u00e9s tiszt\u00e1n fizikai hat\u00e1s\u00fa. A k\u00f6rnyezetbar\u00e1t \u00e9s nagy teljes\u00edtm\u00e9ny\u0171 bevonatok 2003 \u00f3ta vil\u00e1gszerte leny\u0171g\u00f6zik a felhaszn\u00e1l\u00f3kat k\u00fcl\u00f6nleges tulajdons\u00e1gaikkal \u00e9s magas k\u00f6lts\u00e9ghat\u00e9konys\u00e1gukkal.<\/p>\n","protected":false},"featured_media":45794,"template":"","meta":[],"product_brand":[],"product_cat":[3147,3107,3115,3132,3133,3134,3135,3136,3141],"product_tag":[],"class_list":{"0":"post-47018","1":"product","2":"type-product","3":"status-publish","4":"has-post-thumbnail","6":"product_cat-belul","7":"product_cat-alkalmazasi-teruletek","8":"product_cat-epites-es-elet","9":"product_cat-elelmiszeripar","10":"product_cat-gyartoipar","11":"product_cat-kozepuletek","12":"product_cat-mezogazdasag-es-allattenyesztes","13":"product_cat-egeszsegugy","14":"product_cat-szallodaipar-es-gasztronomia","16":"first","17":"instock","18":"taxable","19":"shipping-taxable","20":"purchasable","21":"product-type-variable"},"_links":{"self":[{"href":"https:\/\/www.climatecoating.com\/hu\/wp-json\/wp\/v2\/product\/47018","targetHints":{"allow":["GET"]}}],"collection":[{"href":"https:\/\/www.climatecoating.com\/hu\/wp-json\/wp\/v2\/product"}],"about":[{"href":"https:\/\/www.climatecoating.com\/hu\/wp-json\/wp\/v2\/types\/product"}],"wp:featuredmedia":[{"embeddable":true,"href":"https:\/\/www.climatecoating.com\/hu\/wp-json\/wp\/v2\/media\/45794"}],"wp:attachment":[{"href":"https:\/\/www.climatecoating.com\/hu\/wp-json\/wp\/v2\/media?parent=47018"}],"wp:term":[{"taxonomy":"product_brand","embeddable":true,"href":"https:\/\/www.climatecoating.com\/hu\/wp-json\/wp\/v2\/product_brand?post=47018"},{"taxonomy":"product_cat","embeddable":true,"href":"https:\/\/www.climatecoating.com\/hu\/wp-json\/wp\/v2\/product_cat?post=47018"},{"taxonomy":"product_tag","embeddable":true,"href":"https:\/\/www.climatecoating.com\/hu\/wp-json\/wp\/v2\/product_tag?post=47018"}],"curies":[{"name":"wp","href":"https:\/\/api.w.org\/{rel}","templated":true}]}}