{"id":47020,"date":"2020-08-26T10:14:18","date_gmt":"2020-08-26T08:14:18","guid":{"rendered":"https:\/\/www.climatecoating.com\/produkt\/sanosil-s010\/"},"modified":"2024-12-10T16:59:58","modified_gmt":"2024-12-10T15:59:58","slug":"sanosil-s010","status":"publish","type":"product","link":"https:\/\/www.climatecoating.com\/hu\/produkt\/sanosil-s010\/","title":{"rendered":"Sanosil S010"},"content":{"rendered":"<p>A Sanosil S010-t a l\u00e1that\u00f3an elsz\u00ednez\u0151d\u00f6tt ter\u00fcletekre kell permetezni.<br \/>\nAz expoz\u00edci\u00f3s id\u0151 mind\u00f6ssze 25-30 perc.<\/p>\n<p><strong>Hat\u00e9kony du\u00f3<\/strong><br \/>\nA Sanosil S003 \u00e9s S010 hat\u00e1stalan\u00edtja a pen\u00e9szgomb\u00e1k toxinjait \u00e9s allerg\u00e9njeit mind a falon, mind a leveg\u0151ben. Eddig nem ismert olyan mikroorganizmus, amelyet a Sanosil S003 \u00e9s S010 ne inaktiv\u00e1lna. A j\u00f3 anyagkompatibilit\u00e1s v\u00e9di az \u00e9p\u00fcletszerkezetet.<\/p>\n<p>A Sanosil S003 \u00e9s S010 k\u00f6rnyezetbar\u00e1t \u00e9s teljesen \u00e1rtalmatlan az emberi szervezetre az alkalmaz\u00e1s ut\u00e1n. A term\u00e9kek ez\u00e9rt minden lak\u00f3t\u00e9rben, ak\u00e1r a konyh\u00e1ban vagy a gyerekszob\u00e1ban is b\u00e1tran haszn\u00e1lhat\u00f3k. A szob\u00e1k a kezel\u00e9s ut\u00e1n azonnal \u00fajra lakhat\u00f3v\u00e1 v\u00e1lnak.<\/p>\n<p>A Sanosil S003 \u00e9s S010 magas fert\u0151tlen\u00edt\u0151 potenci\u00e1llal rendelkezik \u00e9s nem m\u00e9rgez\u0151, a feldolgoz\u00e1s ut\u00e1n lebomlik a v\u00edzben l\u00e9v\u0151 eredeti \u00f6sszetev\u0151kre. A lev\u00e1lasztott tap\u00e9t\u00e1t \u00e9s egy\u00e9b anyagokat a kezel\u00e9s ut\u00e1n egyszer\u0171en a h\u00e1ztart\u00e1si hullad\u00e9kkal egy\u00fctt \u00e1rtalmatlan\u00edtj\u00e1k.<\/p>\n<p>A Sanosil S003 \u00e9s S010 haszn\u00e1lata sor\u00e1n a fokozott sp\u00f3rakitetts\u00e9g elleni v\u00e9delem \u00e9rdek\u00e9ben egy\u00e9ni v\u00e9d\u0151int\u00e9zked\u00e9sekre, p\u00e9ld\u00e1ul v\u00e9d\u0151ruh\u00e1ra \u00e9s l\u00e9gz\u0151maszkra van sz\u00fcks\u00e9g.<\/p>\n","protected":false},"excerpt":{"rendered":"<p><strong>Pen\u00e9szg\u00e1tl\u00f3 szer<\/strong><\/p>\n<p>A Sanosil S010 egy pen\u00e9szgomba-puszt\u00edt\u00f3 szer, amely a l\u00e1that\u00f3 pen\u00e9szkult\u00far\u00e1kat kezeli.<\/p>\n","protected":false},"featured_media":45745,"template":"","meta":[],"product_brand":[],"product_cat":[3035,3036],"product_tag":[],"class_list":{"0":"post-47020","1":"product","2":"type-product","3":"status-publish","4":"has-post-thumbnail","6":"product_cat-termekek","7":"product_cat-tovabbi-termekek","9":"first","10":"instock","11":"taxable","12":"shipping-taxable","13":"purchasable","14":"product-type-simple"},"_links":{"self":[{"href":"https:\/\/www.climatecoating.com\/hu\/wp-json\/wp\/v2\/product\/47020","targetHints":{"allow":["GET"]}}],"collection":[{"href":"https:\/\/www.climatecoating.com\/hu\/wp-json\/wp\/v2\/product"}],"about":[{"href":"https:\/\/www.climatecoating.com\/hu\/wp-json\/wp\/v2\/types\/product"}],"wp:featuredmedia":[{"embeddable":true,"href":"https:\/\/www.climatecoating.com\/hu\/wp-json\/wp\/v2\/media\/45745"}],"wp:attachment":[{"href":"https:\/\/www.climatecoating.com\/hu\/wp-json\/wp\/v2\/media?parent=47020"}],"wp:term":[{"taxonomy":"product_brand","embeddable":true,"href":"https:\/\/www.climatecoating.com\/hu\/wp-json\/wp\/v2\/product_brand?post=47020"},{"taxonomy":"product_cat","embeddable":true,"href":"https:\/\/www.climatecoating.com\/hu\/wp-json\/wp\/v2\/product_cat?post=47020"},{"taxonomy":"product_tag","embeddable":true,"href":"https:\/\/www.climatecoating.com\/hu\/wp-json\/wp\/v2\/product_tag?post=47020"}],"curies":[{"name":"wp","href":"https:\/\/api.w.org\/{rel}","templated":true}]}}