{"id":47061,"date":"2020-08-26T09:54:18","date_gmt":"2020-08-26T07:54:18","guid":{"rendered":"https:\/\/www.climatecoating.com\/produkt\/fixplus\/"},"modified":"2024-12-10T17:00:05","modified_gmt":"2024-12-10T16:00:05","slug":"fixplus","status":"publish","type":"product","link":"https:\/\/www.climatecoating.com\/hu\/produkt\/fixplus\/","title":{"rendered":"FixPlus"},"content":{"rendered":"<p>A FixPlus a DIN 18500 szabv\u00e1nynak megfelel\u0151en megszil\u00e1rd\u00edtja az \u00f6sszes vakolathordoz\u00f3t, ha azok teherb\u00edr\u00f3 k\u00e9pess\u00e9ge nem elegend\u0151, \u00e9s be\u00e1ll\u00edtja a nedvsz\u00edv\u00f3 k\u00e9pess\u00e9g\u00fcket. A FixPlus nagyon j\u00f3l behatol az aljzatba, gyorsan sz\u00e1rad, nyitott a diff\u00fazi\u00f3ra, old\u00f3szermentes \u00e9s nagy v\u00e9gs\u0151 szil\u00e1rds\u00e1g\u00fa.<\/p>\n","protected":false},"excerpt":{"rendered":"<p><strong>Alapoz\u00f3 koncentr\u00e1tum az \u00e1sv\u00e1nyi aljzatok nedvsz\u00edv\u00f3 k\u00e9pess\u00e9g\u00e9nek be\u00e1ll\u00edt\u00e1s\u00e1ra<\/strong><\/p>\n<p>A j\u00f3 felk\u00e9sz\u00fcl\u00e9s a csata fele.<\/p>\n","protected":false},"featured_media":45623,"template":"","meta":[],"product_brand":[],"product_cat":[3107,3115,3036],"product_tag":[],"class_list":{"0":"post-47061","1":"product","2":"type-product","3":"status-publish","4":"has-post-thumbnail","6":"product_cat-alkalmazasi-teruletek","7":"product_cat-epites-es-elet","8":"product_cat-tovabbi-termekek","10":"first","11":"instock","12":"taxable","13":"shipping-taxable","14":"purchasable","15":"product-type-variable"},"_links":{"self":[{"href":"https:\/\/www.climatecoating.com\/hu\/wp-json\/wp\/v2\/product\/47061","targetHints":{"allow":["GET"]}}],"collection":[{"href":"https:\/\/www.climatecoating.com\/hu\/wp-json\/wp\/v2\/product"}],"about":[{"href":"https:\/\/www.climatecoating.com\/hu\/wp-json\/wp\/v2\/types\/product"}],"wp:featuredmedia":[{"embeddable":true,"href":"https:\/\/www.climatecoating.com\/hu\/wp-json\/wp\/v2\/media\/45623"}],"wp:attachment":[{"href":"https:\/\/www.climatecoating.com\/hu\/wp-json\/wp\/v2\/media?parent=47061"}],"wp:term":[{"taxonomy":"product_brand","embeddable":true,"href":"https:\/\/www.climatecoating.com\/hu\/wp-json\/wp\/v2\/product_brand?post=47061"},{"taxonomy":"product_cat","embeddable":true,"href":"https:\/\/www.climatecoating.com\/hu\/wp-json\/wp\/v2\/product_cat?post=47061"},{"taxonomy":"product_tag","embeddable":true,"href":"https:\/\/www.climatecoating.com\/hu\/wp-json\/wp\/v2\/product_tag?post=47061"}],"curies":[{"name":"wp","href":"https:\/\/api.w.org\/{rel}","templated":true}]}}