{"id":47064,"date":"2020-08-26T10:09:51","date_gmt":"2020-08-26T08:09:51","guid":{"rendered":"https:\/\/www.climatecoating.com\/produkt\/zincprimer\/"},"modified":"2024-12-10T17:00:00","modified_gmt":"2024-12-10T16:00:00","slug":"zinkprimer","status":"publish","type":"product","link":"https:\/\/www.climatecoating.com\/hu\/produkt\/zinkprimer\/","title":{"rendered":"ZincPrimer"},"content":{"rendered":"<p>A ZincPrimer egy vizes, old\u00f3szer-, \u00f3lom- \u00e9s kr\u00f3mmentes akrilgyanta alap\u00fa tapad\u00e1sfokoz\u00f3 bels\u0151 \u00e9s k\u00fcls\u0151 haszn\u00e1latra. A ZincPrimer tapad\u00e1sfokoz\u00f3k\u00e9nt haszn\u00e1lhat\u00f3 sz\u00ednesf\u00e9mek, p\u00e9ld\u00e1ul cink, horganyzott ac\u00e9l, rozsdamentes ac\u00e9l, alum\u00edniumac\u00e9l, alum\u00ednium \u00e9s r\u00e9z eset\u00e9ben, valamint alapoz\u00f3k\u00e9nt is haszn\u00e1lhat\u00f3 vas- \u00e9s ac\u00e9lfel\u00fcletek korr\u00f3zi\u00f3v\u00e9delm\u00e9re.<\/p>\n","protected":false},"excerpt":{"rendered":"<p><strong>Felhaszn\u00e1l\u00e1sra k\u00e9sz tapad\u00e1sfokoz\u00f3 sz\u00ednesf\u00e9mekhez<\/strong><\/p>\n<p>A j\u00f3 tapad\u00e1shoz er\u0151s partnerre van sz\u00fcks\u00e9g. A ZincPrimer ide\u00e1lis kieg\u00e9sz\u00edt\u0151je minden ClimateCoating<sup>\u00ae<\/sup> bevonatnak a sz\u00ednesf\u00e9meken.<\/p>\n","protected":false},"featured_media":45792,"template":"","meta":[],"product_brand":[],"product_cat":[3107,3115,3036],"product_tag":[],"class_list":{"0":"post-47064","1":"product","2":"type-product","3":"status-publish","4":"has-post-thumbnail","6":"product_cat-alkalmazasi-teruletek","7":"product_cat-epites-es-elet","8":"product_cat-tovabbi-termekek","10":"first","11":"instock","12":"taxable","13":"shipping-taxable","14":"purchasable","15":"product-type-variable"},"_links":{"self":[{"href":"https:\/\/www.climatecoating.com\/hu\/wp-json\/wp\/v2\/product\/47064","targetHints":{"allow":["GET"]}}],"collection":[{"href":"https:\/\/www.climatecoating.com\/hu\/wp-json\/wp\/v2\/product"}],"about":[{"href":"https:\/\/www.climatecoating.com\/hu\/wp-json\/wp\/v2\/types\/product"}],"wp:featuredmedia":[{"embeddable":true,"href":"https:\/\/www.climatecoating.com\/hu\/wp-json\/wp\/v2\/media\/45792"}],"wp:attachment":[{"href":"https:\/\/www.climatecoating.com\/hu\/wp-json\/wp\/v2\/media?parent=47064"}],"wp:term":[{"taxonomy":"product_brand","embeddable":true,"href":"https:\/\/www.climatecoating.com\/hu\/wp-json\/wp\/v2\/product_brand?post=47064"},{"taxonomy":"product_cat","embeddable":true,"href":"https:\/\/www.climatecoating.com\/hu\/wp-json\/wp\/v2\/product_cat?post=47064"},{"taxonomy":"product_tag","embeddable":true,"href":"https:\/\/www.climatecoating.com\/hu\/wp-json\/wp\/v2\/product_tag?post=47064"}],"curies":[{"name":"wp","href":"https:\/\/api.w.org\/{rel}","templated":true}]}}