{"id":47092,"date":"2020-08-26T09:46:31","date_gmt":"2020-08-26T07:46:31","guid":{"rendered":"https:\/\/www.climatecoating.com\/produkt\/lumen\/"},"modified":"2025-10-29T20:42:51","modified_gmt":"2025-10-29T19:42:51","slug":"lumen","status":"publish","type":"product","link":"https:\/\/www.climatecoating.com\/hu\/produkt\/lumen\/","title":{"rendered":"Lumen"},"content":{"rendered":"<p><strong>F\u00e9nyer\u0151s\u00edt\u0151 belt\u00e9ri haszn\u00e1latra<\/strong><br \/>\nF\u00fcggetlen kutat\u00e1sok azt mutatj\u00e1k, hogy a t\u00e9nylegesen m\u00e9rt diff\u00faz f\u00e9nyvisszaver\u0151d\u00e9si \u00e9rt\u00e9k minden \u00e1rnyalatn\u00e1l jelent\u0151sen magasabb, mint a professzion\u00e1lis f\u00e9nysz\u00e1m\u00edt\u00f3 programokban, p\u00e9ld\u00e1ul a Dialuxban haszn\u00e1lt szabv\u00e1nyos \u00e9rt\u00e9kek. Az apr\u00f3 \u00fcvegker\u00e1mia \u00fcreges g\u00f6mb\u00f6k milli\u00f3i a feh\u00e9r sz\u00edn eset\u00e9ben 6 %-t\u00f3l a fekete sz\u00edn eset\u00e9ben 420 %-ra jav\u00edtj\u00e1k a diff\u00faz visszaver\u0151d\u00e9si \u00e9rt\u00e9ket.<br \/>\nAz \u00e9p\u00edt\u00e9szek \u00e9s tervez\u0151k most m\u00e1r kreat\u00edvabban haszn\u00e1lhatj\u00e1k a s\u00f6t\u00e9t \u00e1rnyalatokat \u00e9s \u00e1rnyalatokat is. A Lumen sz\u00f3 szerint f\u00e9nyt \u00e9s sz\u00ednt ad a kort\u00e1rs bels\u0151 tereknek.<\/p>\n<p>A falfest\u00e9k egyes\u00edti a maxim\u00e1lis funkcionalit\u00e1st, az innov\u00e1ci\u00f3t \u00e9s a sz\u00ednv\u00e1laszt\u00e9kot, \u00e9s ott haszn\u00e1lj\u00e1k, ahol<strong> k\u00fcl\u00f6n\u00f6sen j\u00f3 f\u00e9nykibocs\u00e1t\u00e1sra van sz\u00fcks\u00e9g:<\/strong> irod\u00e1kban, iskol\u00e1kban, gondoz\u00e1si l\u00e9tes\u00edtm\u00e9nyekben, st\u00fadi\u00f3kban, valamint m\u0171helyekben \u00e9s m\u00fazeumokban. Term\u00e9szetesen otthon is.<\/p>\n","protected":false},"excerpt":{"rendered":"<p><strong>Kiv\u00e1l\u00f3 f\u00e9nyvisszaver\u0151 k\u00e9pess\u00e9g<\/strong><br \/>\nA Lumen a belt\u00e9ri f\u00e9nyer\u0151s\u00edt\u0151. A rendk\u00edv\u00fcl hat\u00e9kony bevonat jobb f\u00e9nyer\u0151egyens\u00falyt \u00e9s er\u0151sebb f\u00e9nykibocs\u00e1t\u00e1st biztos\u00edt a helyis\u00e9gekben, m\u00e9g s\u00f6t\u00e9t \u00e1rny\u00e9kol\u00f3k eset\u00e9n is.<\/p>\n<p>Minden ClimateCoating<sup>\u00ae<\/sup> bevonat \u00e9s sz\u00edn a f\u00e9nyvisszaver\u0151 membr\u00e1ntechnol\u00f3gi\u00e1n alapul, \u00e9s tiszt\u00e1n fizikai hat\u00e1s\u00fa. A k\u00f6rnyezetbar\u00e1t \u00e9s nagy teljes\u00edtm\u00e9ny\u0171 bevonatok 2003 \u00f3ta vil\u00e1gszerte leny\u0171g\u00f6zik a felhaszn\u00e1l\u00f3kat k\u00fcl\u00f6nleges tulajdons\u00e1gaikkal \u00e9s magas k\u00f6lts\u00e9ghat\u00e9konys\u00e1gukkal.<\/p>\n","protected":false},"featured_media":45613,"template":"","meta":[],"product_brand":[],"product_cat":[3134,3141,3107,3147,3115],"product_tag":[],"class_list":{"0":"post-47092","1":"product","2":"type-product","3":"status-publish","4":"has-post-thumbnail","6":"product_cat-kozepuletek","7":"product_cat-szallodaipar-es-gasztronomia","8":"product_cat-alkalmazasi-teruletek","9":"product_cat-belul","10":"product_cat-epites-es-elet","12":"first","13":"instock","14":"taxable","15":"shipping-taxable","16":"purchasable","17":"product-type-variable"},"_links":{"self":[{"href":"https:\/\/www.climatecoating.com\/hu\/wp-json\/wp\/v2\/product\/47092","targetHints":{"allow":["GET"]}}],"collection":[{"href":"https:\/\/www.climatecoating.com\/hu\/wp-json\/wp\/v2\/product"}],"about":[{"href":"https:\/\/www.climatecoating.com\/hu\/wp-json\/wp\/v2\/types\/product"}],"wp:featuredmedia":[{"embeddable":true,"href":"https:\/\/www.climatecoating.com\/hu\/wp-json\/wp\/v2\/media\/45613"}],"wp:attachment":[{"href":"https:\/\/www.climatecoating.com\/hu\/wp-json\/wp\/v2\/media?parent=47092"}],"wp:term":[{"taxonomy":"product_brand","embeddable":true,"href":"https:\/\/www.climatecoating.com\/hu\/wp-json\/wp\/v2\/product_brand?post=47092"},{"taxonomy":"product_cat","embeddable":true,"href":"https:\/\/www.climatecoating.com\/hu\/wp-json\/wp\/v2\/product_cat?post=47092"},{"taxonomy":"product_tag","embeddable":true,"href":"https:\/\/www.climatecoating.com\/hu\/wp-json\/wp\/v2\/product_tag?post=47092"}],"curies":[{"name":"wp","href":"https:\/\/api.w.org\/{rel}","templated":true}]}}