{"id":47093,"date":"2020-08-26T10:09:34","date_gmt":"2020-08-26T08:09:34","guid":{"rendered":"https:\/\/www.climatecoating.com\/produkt\/rustprimer\/"},"modified":"2024-12-10T17:00:02","modified_gmt":"2024-12-10T16:00:02","slug":"rustprimer","status":"publish","type":"product","link":"https:\/\/www.climatecoating.com\/hu\/produkt\/rustprimer\/","title":{"rendered":"RustPrimer"},"content":{"rendered":"<p>A RustPrimer egy v\u00edzb\u00e1zis\u00fa, old\u00f3szer-, \u00f3lom- \u00e9s kr\u00f3mmentes, akrilgyanta alap\u00fa korr\u00f3zi\u00f3v\u00e9d\u0151 alapoz\u00f3 bels\u0151 \u00e9s k\u00fcls\u0151 haszn\u00e1latra. A RustPrimer alapoz\u00f3t vas- \u00e9s ac\u00e9lfel\u00fcletek korr\u00f3zi\u00f3v\u00e9delm\u00e9re haszn\u00e1lj\u00e1k.<\/p>\n","protected":false},"excerpt":{"rendered":"<p><strong>Felhaszn\u00e1l\u00e1sra k\u00e9sz korr\u00f3zi\u00f3v\u00e9delem vasfel\u00fcletek sz\u00e1m\u00e1ra<\/strong><\/p>\n<p>Ha a dolgok nagyon rozsd\u00e1sodnak, a RustPrimer csod\u00e1kra k\u00e9pes, \u00e9s biztos\u00edtja a megfelel\u0151 tapad\u00e1st.<\/p>\n","protected":false},"featured_media":45791,"template":"","meta":[],"product_brand":[],"product_cat":[3107,3115,3036],"product_tag":[],"class_list":{"0":"post-47093","1":"product","2":"type-product","3":"status-publish","4":"has-post-thumbnail","6":"product_cat-alkalmazasi-teruletek","7":"product_cat-epites-es-elet","8":"product_cat-tovabbi-termekek","10":"first","11":"instock","12":"taxable","13":"shipping-taxable","14":"purchasable","15":"product-type-variable"},"_links":{"self":[{"href":"https:\/\/www.climatecoating.com\/hu\/wp-json\/wp\/v2\/product\/47093","targetHints":{"allow":["GET"]}}],"collection":[{"href":"https:\/\/www.climatecoating.com\/hu\/wp-json\/wp\/v2\/product"}],"about":[{"href":"https:\/\/www.climatecoating.com\/hu\/wp-json\/wp\/v2\/types\/product"}],"wp:featuredmedia":[{"embeddable":true,"href":"https:\/\/www.climatecoating.com\/hu\/wp-json\/wp\/v2\/media\/45791"}],"wp:attachment":[{"href":"https:\/\/www.climatecoating.com\/hu\/wp-json\/wp\/v2\/media?parent=47093"}],"wp:term":[{"taxonomy":"product_brand","embeddable":true,"href":"https:\/\/www.climatecoating.com\/hu\/wp-json\/wp\/v2\/product_brand?post=47093"},{"taxonomy":"product_cat","embeddable":true,"href":"https:\/\/www.climatecoating.com\/hu\/wp-json\/wp\/v2\/product_cat?post=47093"},{"taxonomy":"product_tag","embeddable":true,"href":"https:\/\/www.climatecoating.com\/hu\/wp-json\/wp\/v2\/product_tag?post=47093"}],"curies":[{"name":"wp","href":"https:\/\/api.w.org\/{rel}","templated":true}]}}