{"id":47112,"date":"2020-08-09T15:35:45","date_gmt":"2020-08-09T13:35:45","guid":{"rendered":"https:\/\/www.climatecoating.com\/produkt\/thermoactive\/"},"modified":"2025-10-29T19:33:31","modified_gmt":"2025-10-29T18:33:31","slug":"thermoactive","status":"publish","type":"product","link":"https:\/\/www.climatecoating.com\/hu\/produkt\/thermoactive\/","title":{"rendered":"ThermoActive"},"content":{"rendered":"<p>Az innovat\u00edv \u00f6sszet\u00e9tel \u00e9s a kiv\u00e1l\u00f3 min\u0151s\u00e9g\u0171 alapanyagok biztos\u00edtj\u00e1k, hogy a bevonat felhord\u00e1sa ut\u00e1n egy kiv\u00e1l\u00f3 tulajdons\u00e1gokkal rendelkez\u0151, rugalmas \u00e9s f\u00e9nyvisszaver\u0151 membr\u00e1n alakuljon ki:<\/p>\n<ul>\n<li>Nagyon magas napf\u00e9nyvisszaver\u0151d\u00e9s<\/li>\n<li>Hossz\u00fa t\u00e1v\u00fa anyag\u00e1ll\u00f3s\u00e1g<\/li>\n<li>\u00c1tlagon fel\u00fcli rugalmass\u00e1g \u00e9s robusztuss\u00e1g<\/li>\n<li>V\u00edzz\u00e1r\u00f3s\u00e1g \/ csapad\u00e9kz\u00e1r\u00f3s\u00e1g<\/li>\n<li>H\u0151m\u00e9rs\u00e9klet\u00e1ll\u00f3s\u00e1g -40 \u00e9s + 150\u00b0C k\u00f6z\u00f6tt<\/li>\n<\/ul>\n<p><strong>Magas reflexi\u00f3s \u00e9rt\u00e9kek &#8211; majdnem olyan, mint a h\u00f3<\/strong><br \/>\nA ThermoActive tet\u0151bevonat a napf\u00e9ny t\u00f6bb mint 91%-\u00e1t k\u00e9pes visszaverni. Ez egy bizony\u00edtott cs\u00facs\u00e9rt\u00e9k. A tiszta h\u00f3 100%-ban visszaveri a napf\u00e9nyt.<\/p>\n<p><strong>K\u00f6lts\u00e9gcs\u00f6kkent\u00e9s passz\u00edv l\u00e9gkondicion\u00e1l\u00e1ssal<\/strong><\/p>\n<p>A ThermoActive f\u00e9nyvisszaver\u0151 bevonat elnyeli a nedvess\u00e9ge,, amely a napsug\u00e1rz\u00e1s hat\u00e1s\u00e1ra napk\u00f6zben elp\u00e1rolog \u00e9s h\u0171ti a tet\u0151szerkezetet. A tet\u0151t nem felt\u00e9tlen\u00fcl kell feh\u00e9rre festeni. A s\u00f6t\u00e9tebb \u00e1rnyalatokkal a p\u00e1rolg\u00e1s r\u00e9v\u00e9n nagy h\u0171t\u00e9si teljes\u00edtm\u00e9ny \u00e9rhet\u0151 el. Ily m\u00f3don a h\u0171t\u00e9sre ford\u00edtott energiafogyaszt\u00e1s mindenk\u00e9ppen cs\u00f6kkenthet\u0151, \u00e9s hozz\u00e1j\u00e1rul a CO<sub>2<\/sub>-kibocs\u00e1t\u00e1s cs\u00f6kkent\u00e9s\u00e9hez.<\/p>\n<p><img loading=\"lazy\" decoding=\"async\" class=\"size-full wp-image-44757 alignleft\" title=\"Calculus\" src=\"https:\/\/www.climatecoating.com\/wp-content\/uploads\/2023\/02\/Calculus_Button_80px.png\" alt=\"Calculus\" width=\"80\" height=\"80\" \/><\/p>\n<p><a href=\"https:\/\/www.climatecoating.com\/hu\/calculus\/\"><strong>A h\u0151m\u00e9rs\u00e9klet-kalkul\u00e1torhoz Calculus<\/strong><sup><strong>\u00ae<\/strong><\/sup>,<\/a> a mesters\u00e9ges intelligencia alap\u00fa webes eszk\u00f6z a belt\u00e9ri h\u0151m\u00e9rs\u00e9kletk\u00fcl\u00f6nbs\u00e9gek el\u0151rejelz\u00e9s\u00e9re \u00e9s a lehets\u00e9ges energiamegtakar\u00edt\u00e1sok levezet\u00e9s\u00e9re, ha a falakat \u00e9s\/vagy tet\u0151ket a ClimateCoating<sup>\u00ae<\/sup> ThermoProtect \u00e9s ThermoActive term\u00e9kekkel vonj\u00e1k be.<\/p>\n<p><strong>A tet\u0151szerkezet \u00e9lettartam\u00e1nak meghosszabb\u00edt\u00e1sa<\/strong><br \/>\nA ThermoActive kiv\u00e1l\u00f3 rugalmass\u00e1ga lehet\u0151v\u00e9 teszi az anyag\u00e1tmenetek probl\u00e9mamentes \u00e1thidal\u00e1s\u00e1t, m\u00e9gpedig -40\u00b0C \u00e9s +150\u00b0C k\u00f6z\u00f6tti h\u0151m\u00e9rs\u00e9kleten. A tet\u0151 tov\u00e1bbra is v\u00edzhatlan marad. A bevonat rendk\u00edv\u00fcl robusztus \u00e9s \u00e9rz\u00e9ketlen a k\u00f6rnyezeti hat\u00e1sokra, p\u00e9ld\u00e1ul savakra, l\u00fagokra, \u00f3zonra, nitrog\u00e9n- \u00e9s k\u00e9noxidokra. A bevonat emellett rendk\u00edv\u00fcl UV-\u00e1ll\u00f3. A fest\u00e9k hossz\u00fa t\u00e1von sem t\u00f6rik meg, nem pattog le a sz\u00e9ls\u0151s\u00e9ges id\u0151j\u00e1r\u00e1s ellen\u00e9re sem. Mindez egy\u00fcttesen meghosszabb\u00edtja a tet\u0151szerkezet \u00e9lettartam\u00e1t \u00e9s cs\u00f6kkenti a karbantart\u00e1si k\u00f6lts\u00e9geket.<\/p>\n","protected":false},"excerpt":{"rendered":"<p><strong>Kiv\u00e1l\u00f3 h\u0171t\u00e9si teljes\u00edtm\u00e9ny\u0171 f\u00e9nyvisszaver\u0151 tet\u0151bevonat<\/strong><\/p>\n<p>A ThermoActive a klimatiz\u00e1l\u00f3 tet\u0151bevonat. H\u0171v\u00f6sebb helyis\u00e9geket biztos\u00edt a forr\u00f3 nap alatt. A ThermoActive meghosszabb\u00edtja a tet\u0151szerkezet \u00e9lettartam\u00e1t \u00e9s cs\u00f6kkenti a h\u0151m\u00e9rs\u00e9kletet az \u00e9p\u00fclet belsej\u00e9ben. Ez\u00e1ltal er\u0151forr\u00e1sokat takar\u00edt meg a tet\u0151 karbantart\u00e1s\u00e1ra, \u00e9s cs\u00f6kkenti a l\u00e9gkondicion\u00e1l\u00f3 rendszerek energiafogyaszt\u00e1s\u00e1t.<\/p>\n<p>Minden ClimateCoating<sup>\u00ae<\/sup> bevonat \u00e9s sz\u00edn a f\u00e9nyvisszaver\u0151 membr\u00e1ntechnol\u00f3gi\u00e1n alapul, \u00e9s tiszt\u00e1n fizikai hat\u00e1s\u00fa. A k\u00f6rnyezetbar\u00e1t \u00e9s nagy teljes\u00edtm\u00e9ny\u0171 bevonatok 2003 \u00f3ta vil\u00e1gszerte leny\u0171g\u00f6zik a felhaszn\u00e1l\u00f3kat k\u00fcl\u00f6nleges tulajdons\u00e1gaikkal \u00e9s magas k\u00f6lts\u00e9ghat\u00e9konys\u00e1gukkal.<\/p>\n<p>A ThermoActive megfelel a <a href=\"https:\/\/www.climatecoating.com\/hu\/ceg\/dijak-es-tanusitvanyok\/\" target=\"_blank\" rel=\"noopener\">Cool Roof Rating Council (CRRC<\/a>) k\u00f6vetelm\u00e9nyeinek <a href=\"https:\/\/www.climatecoating.com\/hu\/ceg\/dijak-es-tanusitvanyok\/\" target=\"_blank\" rel=\"noopener\">, l\u00e1sd a 004450-es \u00e9rtes\u00edt\u00e9st<\/a>.<\/p>\n<p>&nbsp;<\/p>\n","protected":false},"featured_media":45611,"template":"","meta":[],"product_brand":[],"product_cat":[3115,3132,3133,3173,3134,3135,3107],"product_tag":[],"class_list":{"0":"post-47112","1":"product","2":"type-product","3":"status-publish","4":"has-post-thumbnail","6":"product_cat-epites-es-elet","7":"product_cat-elelmiszeripar","8":"product_cat-gyartoipar","9":"product_cat-kulso","10":"product_cat-kozepuletek","11":"product_cat-mezogazdasag-es-allattenyesztes","12":"product_cat-alkalmazasi-teruletek","14":"first","15":"instock","16":"taxable","17":"shipping-taxable","18":"purchasable","19":"product-type-variable"},"_links":{"self":[{"href":"https:\/\/www.climatecoating.com\/hu\/wp-json\/wp\/v2\/product\/47112","targetHints":{"allow":["GET"]}}],"collection":[{"href":"https:\/\/www.climatecoating.com\/hu\/wp-json\/wp\/v2\/product"}],"about":[{"href":"https:\/\/www.climatecoating.com\/hu\/wp-json\/wp\/v2\/types\/product"}],"wp:featuredmedia":[{"embeddable":true,"href":"https:\/\/www.climatecoating.com\/hu\/wp-json\/wp\/v2\/media\/45611"}],"wp:attachment":[{"href":"https:\/\/www.climatecoating.com\/hu\/wp-json\/wp\/v2\/media?parent=47112"}],"wp:term":[{"taxonomy":"product_brand","embeddable":true,"href":"https:\/\/www.climatecoating.com\/hu\/wp-json\/wp\/v2\/product_brand?post=47112"},{"taxonomy":"product_cat","embeddable":true,"href":"https:\/\/www.climatecoating.com\/hu\/wp-json\/wp\/v2\/product_cat?post=47112"},{"taxonomy":"product_tag","embeddable":true,"href":"https:\/\/www.climatecoating.com\/hu\/wp-json\/wp\/v2\/product_tag?post=47112"}],"curies":[{"name":"wp","href":"https:\/\/api.w.org\/{rel}","templated":true}]}}