{"id":47122,"date":"2020-08-26T09:45:36","date_gmt":"2020-08-26T07:45:36","guid":{"rendered":"https:\/\/www.climatecoating.com\/produkt\/thermoplus\/"},"modified":"2025-11-29T23:16:10","modified_gmt":"2025-11-29T22:16:10","slug":"thermoplus","status":"publish","type":"product","link":"https:\/\/www.climatecoating.com\/hu\/produkt\/thermoplus\/","title":{"rendered":"ThermoPlus"},"content":{"rendered":"<p><strong>A legjobb belt\u00e9ri kl\u00edma az \u00e9letkomfort\u00e9rt minden \u00e9vszakban<\/strong><br \/>\n<em>Ny\u00e1ron<\/em> a bevonat elnyeli a felesleges nedvess\u00e9get a szoba leveg\u0151j\u00e9b\u0151l, \u00e9s kiegyenl\u00edti azt a sz\u00e1razabb szoba leveg\u0151j\u00e9vel (entr\u00f3pia elve1). P\u00e1rolg\u00f3 h\u0171t\u00e9s keletkezik, amely egyszerre h\u0171ti a falfel\u00fcleteket \u00e9s cs\u00f6kkenti a magas szobah\u0151m\u00e9rs\u00e9kletet.<\/p>\n<p><em>T\u00e9len<\/em>, amikor a leveg\u0151 p\u00e1ratartalma alacsonyabb, a bevonat elnyeli a szoba meleg\u00e9t, egyenletesen elvezeti \u00e9s a szob\u00e1ba sug\u00e1rozza &#8211; mint egy cser\u00e9pk\u00e1lyha. Ennek eredm\u00e9nyek\u00e9ppen a <a href=\"https:\/\/www.climatecoating.com\/hu\/ceg\/fogalomtar\/\" target=\"_blank\" rel=\"noopener\">konvekci\u00f3s \u00e1raml\u00e1sok<\/a> \u00e9s a <a href=\"https:\/\/www.climatecoating.com\/hu\/ceg\/fogalomtar\/\" target=\"_blank\" rel=\"noopener\">h\u0151hidak<\/a> minim\u00e1lisra cs\u00f6kkennek, \u00e9s az als\u00f3 \u00e9s fels\u0151 r\u00e9sz k\u00f6z\u00f6tti h\u0151m\u00e9rs\u00e9kletk\u00fcl\u00f6nbs\u00e9g cs\u00f6kken. A szoba h\u0151komfortja \u00e9rezhet\u0151en megn\u0151.<\/p>\n<p><strong> Optim\u00e1lis p\u00e1ratartalom a helyis\u00e9gben<\/strong><br \/>\nHa a helyis\u00e9g leveg\u0151je p\u00e1r\u00e1s, a ThermoPlus v\u00e9kony fel\u00fclet\u00e9n v\u00edzmolekul\u00e1kat t\u00e1rol. Cser\u00e9be a fel\u00fclet nedvess\u00e9get bocs\u00e1t ki a helyis\u00e9g leveg\u0151j\u00e9be, ha az t\u00fal sz\u00e1raz. A ThermoPlus \u00fagy van be\u00e1ll\u00edtva, hogy a helyis\u00e9g p\u00e1ratartalma az ide\u00e1lis, 55% k\u00f6r\u00fcli tartom\u00e1nyban maradjon.<\/p>\n<p><strong> Fel\u00faj\u00edt\u00e1si intervallumok: A t\u00f6bb itt kevesebbet jelent<\/strong><br \/>\nA ThermoPlus \u00e1tlagon fel\u00fcli \u00e9lm\u00e9nyt ny\u00fajt, mivel a falfest\u00e9k elektrosztatikus antitestes hat\u00e1sa cs\u00f6kkenti a por \u00e9s a nikotin felhalmoz\u00f3d\u00e1s\u00e1t a bevont falfel\u00fcleteken. A szennyez\u0151d\u00e9sr\u00e9szecsk\u00e9k nem k\u00e9peznek k\u00e9miai k\u00f6t\u00e9st a fel\u00fclettel. A kiv\u00e1l\u00f3 min\u0151s\u00e9g\u0171 nyersanyagok \u00e9s pigmentek kiv\u00e1l\u00f3 f\u00e9ny\u00e1ll\u00f3s\u00e1got biztos\u00edtanak, \u00e9s ellens\u00falyozz\u00e1k a fakul\u00e1s, a s\u00e1rgul\u00e1s \u00e9s a kr\u00e9tafoltok kialakul\u00e1s\u00e1t. A falak az el\u0151szob\u00e1ban \u00e9s a nappaliban, az irod\u00e1ban vagy az \u00e9tteremben sok\u00e1ig ragyog\u00f3an sz\u00e9pek maradnak. A k\u00f6vetkez\u0151 fel\u00faj\u00edt\u00e1si beruh\u00e1z\u00e1s a f\u00e9nyvisszaver\u0151 membr\u00e1ntechnol\u00f3gi\u00e1nak k\u00f6sz\u00f6nhet\u0151en messzebb van a j\u00f6v\u0151ben, mint a hagyom\u00e1nyos falfest\u00e9kek eset\u00e9ben.<\/p>\n<p><strong> Sz\u00ednes soksz\u00edn\u0171s\u00e9g a kreat\u00edv emberek sz\u00e1m\u00e1ra<\/strong><br \/>\nA ThermoPlus bels\u0151 falfest\u00e9k nem hagy k\u00edv\u00e1nnival\u00f3t maga ut\u00e1n a kreat\u00edv sz\u00edntervez\u00e9s ter\u00e9n, \u00e9s a k\u00f6rnyezet- \u00e9s eg\u00e9szs\u00e9gk\u00edm\u00e9l\u0151 tulajdons\u00e1gaival is pontokat szerez. A szok\u00e1sos egyszer\u0171 felhord\u00e1s szinte minden aljzaton siker\u00fcl ecsettel, hengerrel vagy l\u00e9gmentes sz\u00f3r\u00e1ssal.<\/p>\n","protected":false},"excerpt":{"rendered":"<p><strong>Ide\u00e1lis belt\u00e9ri kl\u00edma \u00e9s sz\u00e9les sz\u00ednv\u00e1laszt\u00e9k<\/strong><br \/>\nA ThermoPlus a hatalmas sz\u00ednv\u00e1laszt\u00e9k mellett olyan tulajdons\u00e1gokat k\u00edn\u00e1l, amelyek szab\u00e1lyozz\u00e1k a belt\u00e9ri kl\u00edm\u00e1t \u00e9s jav\u00edtj\u00e1k a lak\u00f3komfortot. Ez pozit\u00edv hat\u00e1ssal van a h\u0151m\u00e9rs\u00e9kletre, a p\u00e1ratartalomra.<\/p>\n<p>Minden ClimateCoating<sup>\u00ae<\/sup> bevonat \u00e9s sz\u00edn a f\u00e9nyvisszaver\u0151 membr\u00e1ntechnol\u00f3gi\u00e1n alapul, \u00e9s tiszt\u00e1n fizikai hat\u00e1s\u00fa. A k\u00f6rnyezetbar\u00e1t \u00e9s nagy teljes\u00edtm\u00e9ny\u0171 bevonatok 2003 \u00f3ta vil\u00e1gszerte leny\u0171g\u00f6zik a felhaszn\u00e1l\u00f3kat k\u00fcl\u00f6nleges tulajdons\u00e1gaikkal \u00e9s magas k\u00f6lts\u00e9ghat\u00e9konys\u00e1gukkal.<\/p>\n","protected":false},"featured_media":60391,"template":"","meta":[],"product_brand":[],"product_cat":[3134,3141,3147,3107,3115],"product_tag":[],"class_list":{"0":"post-47122","1":"product","2":"type-product","3":"status-publish","4":"has-post-thumbnail","6":"product_cat-kozepuletek","7":"product_cat-szallodaipar-es-gasztronomia","8":"product_cat-belul","9":"product_cat-alkalmazasi-teruletek","10":"product_cat-epites-es-elet","12":"first","13":"instock","14":"taxable","15":"shipping-taxable","16":"purchasable","17":"product-type-variable"},"_links":{"self":[{"href":"https:\/\/www.climatecoating.com\/hu\/wp-json\/wp\/v2\/product\/47122","targetHints":{"allow":["GET"]}}],"collection":[{"href":"https:\/\/www.climatecoating.com\/hu\/wp-json\/wp\/v2\/product"}],"about":[{"href":"https:\/\/www.climatecoating.com\/hu\/wp-json\/wp\/v2\/types\/product"}],"wp:featuredmedia":[{"embeddable":true,"href":"https:\/\/www.climatecoating.com\/hu\/wp-json\/wp\/v2\/media\/60391"}],"wp:attachment":[{"href":"https:\/\/www.climatecoating.com\/hu\/wp-json\/wp\/v2\/media?parent=47122"}],"wp:term":[{"taxonomy":"product_brand","embeddable":true,"href":"https:\/\/www.climatecoating.com\/hu\/wp-json\/wp\/v2\/product_brand?post=47122"},{"taxonomy":"product_cat","embeddable":true,"href":"https:\/\/www.climatecoating.com\/hu\/wp-json\/wp\/v2\/product_cat?post=47122"},{"taxonomy":"product_tag","embeddable":true,"href":"https:\/\/www.climatecoating.com\/hu\/wp-json\/wp\/v2\/product_tag?post=47122"}],"curies":[{"name":"wp","href":"https:\/\/api.w.org\/{rel}","templated":true}]}}