{"id":47139,"date":"2020-08-09T15:35:45","date_gmt":"2020-08-09T13:35:45","guid":{"rendered":"https:\/\/www.climatecoating.com\/produkt\/iparkulonleges\/"},"modified":"2024-12-10T17:00:12","modified_gmt":"2024-12-10T16:00:12","slug":"industrypecial","status":"publish","type":"product","link":"https:\/\/www.climatecoating.com\/hu\/produkt\/industrypecial\/","title":{"rendered":"IndustrySpecial"},"content":{"rendered":"<p><strong>A mindenes<\/strong><br \/>\nAz IndustrySpecial sz\u00e1mos felhaszn\u00e1l\u00e1si lehet\u0151s\u00e9ge a h\u0151m\u00e9rs\u00e9klet stabiliz\u00e1l\u00e1s\u00e1ra szolg\u00e1l\u00f3 egyszer\u0171 sil\u00f3tart\u00e1ly-bevonattal kezd\u0151dik, \u00e9s kiterjed a nedvess\u00e9g \u00e9s a p\u00e1ralecsap\u00f3d\u00e1s elleni v\u00e9delemre, az elektrosztatikai v\u00e9delemre \u00e9s \u00e1rny\u00e9kol\u00e1sra, a h\u0151- \u00e9s hangszigetel\u00e9sre, a fel\u00fclet megn\u00f6vel\u00e9s\u00e9re \u00e9s a f\u00e9nyvisszaver\u0151d\u00e9sre. IndustrySpecial egy igazi multitalentum!<\/p>\n<p><strong>Rendk\u00edv\u00fcl rugalmas<\/strong><br \/>\nAz IndustrySpecial bevonat ellen\u00e1ll a mechanikai ig\u00e9nybev\u00e9telnek. Az egyik bal oldali k\u00e9pen l\u00e1that\u00f3 17 mm sz\u00e9les f\u00e9m perfor\u00e1lt szalagot t\u00f6bbsz\u00f6r meg lehet hajl\u00edtani vagy ak\u00e1r el is lehet csavarni. A bevonat nem mutat reped\u00e9seket. Az IndustrySpecial rendk\u00edv\u00fcl ny\u00fajthat\u00f3, k\u00e9pes \u00e1thidalni a k\u00fcl\u00f6nb\u00f6z\u0151 anyagokat, \u00e9s tart\u00f3san elrejti a legapr\u00f3bb reped\u00e9seket is.<\/p>\n<p><strong>Tipikus alkalmaz\u00e1si tartom\u00e1ny -40\u00b0C \u00e9s +150\u00b0C k\u00f6z\u00f6tt<\/strong><\/p>\n<p>Az IndustrySpecial magas h\u0151m\u00e9rs\u00e9kleti ellen\u00e1ll\u00e1s\u00e1t \u00e9s az agressz\u00edv k\u00f6rnyezeti hat\u00e1sokkal szembeni ellen\u00e1ll\u00e1s\u00e1t \u00fcgyfeleink vil\u00e1gszerte nagyra \u00e9rt\u00e9kelik. Eddig bevonva:<\/p>\n<ul>\n<li>Tart\u00e1lyok, sil\u00f3k, nagym\u00e9ret\u0171 kont\u00e9nerek<\/li>\n<li>Cs\u00f6vek, rudak<\/li>\n<li>Kont\u00e9nerek, f\u00e9mdobozok<\/li>\n<li>Csarnokburkolat<\/li>\n<li>S\u00e1trak<\/li>\n<li>rugalmas m\u0171anyag fel\u00fcletek<\/li>\n<\/ul>\n<p>Egy nagyon konkr\u00e9t probl\u00e9m\u00e1t szeretne megoldani bevonattal?<br \/>\nAkkor \u00f6r\u00f6mmel tal\u00e1ljuk meg \u00d6nnel egy\u00fctt a <a href=\"https:\/\/www.climatecoating.com\/hu\/alkalmazasi-teruletek\/ipari-es-specialis-megoldasok\/\">SpecialSolution<\/a>.<\/p>\n","protected":false},"excerpt":{"rendered":"<p><strong>Sokoldal\u00fa bevonat az iparban<\/strong><\/p>\n<p>Az IndustrySpecial egy ellen\u00e1ll\u00f3 v\u00e9d\u0151bevonat, amely -40\u00b0C \u00e9s +150\u00b0C k\u00f6z\u00f6tti h\u0151m\u00e9rs\u00e9klet-\u00e1ll\u00f3s\u00e1ggal rendelkezik.<\/p>\n<p>Minden ClimateCoating\u00a9 bevonat \u00e9s sz\u00edn a f\u00e9nyvisszaver\u0151 membr\u00e1ntechnol\u00f3gi\u00e1n alapul, \u00e9s tiszt\u00e1n fizikai hat\u00e1s\u00fa. A k\u00f6rnyezetbar\u00e1t \u00e9s nagy teljes\u00edtm\u00e9ny\u0171 bevonatok 2003 \u00f3ta vil\u00e1gszerte leny\u0171g\u00f6zik a felhaszn\u00e1l\u00f3kat k\u00fcl\u00f6nleges tulajdons\u00e1gaikkal \u00e9s magas k\u00f6lts\u00e9ghat\u00e9konys\u00e1gukkal.<\/p>\n","protected":false},"featured_media":45630,"template":"","meta":[],"product_brand":[],"product_cat":[3107,3115,3191,3192,3132,3193,3133,3135],"product_tag":[],"class_list":{"0":"post-47139","1":"product","2":"type-product","3":"status-publish","4":"has-post-thumbnail","6":"product_cat-alkalmazasi-teruletek","7":"product_cat-epites-es-elet","8":"product_cat-kozlekedes-es-kozlekedes","9":"product_cat-muszaki-szerkezetek","10":"product_cat-elelmiszeripar","11":"product_cat-ipari-alkalmazasok","12":"product_cat-gyartoipar","13":"product_cat-mezogazdasag-es-allattenyesztes","15":"first","16":"instock","17":"taxable","18":"shipping-taxable","19":"product-type-variable"},"_links":{"self":[{"href":"https:\/\/www.climatecoating.com\/hu\/wp-json\/wp\/v2\/product\/47139","targetHints":{"allow":["GET"]}}],"collection":[{"href":"https:\/\/www.climatecoating.com\/hu\/wp-json\/wp\/v2\/product"}],"about":[{"href":"https:\/\/www.climatecoating.com\/hu\/wp-json\/wp\/v2\/types\/product"}],"wp:featuredmedia":[{"embeddable":true,"href":"https:\/\/www.climatecoating.com\/hu\/wp-json\/wp\/v2\/media\/45630"}],"wp:attachment":[{"href":"https:\/\/www.climatecoating.com\/hu\/wp-json\/wp\/v2\/media?parent=47139"}],"wp:term":[{"taxonomy":"product_brand","embeddable":true,"href":"https:\/\/www.climatecoating.com\/hu\/wp-json\/wp\/v2\/product_brand?post=47139"},{"taxonomy":"product_cat","embeddable":true,"href":"https:\/\/www.climatecoating.com\/hu\/wp-json\/wp\/v2\/product_cat?post=47139"},{"taxonomy":"product_tag","embeddable":true,"href":"https:\/\/www.climatecoating.com\/hu\/wp-json\/wp\/v2\/product_tag?post=47139"}],"curies":[{"name":"wp","href":"https:\/\/api.w.org\/{rel}","templated":true}]}}