{"id":47159,"date":"2020-08-09T15:05:04","date_gmt":"2020-08-09T13:05:04","guid":{"rendered":"https:\/\/www.climatecoating.com\/produkt\/pu-biztonsagos-toltoanyag\/"},"modified":"2024-12-10T17:00:16","modified_gmt":"2024-12-10T16:00:16","slug":"pu-safe-filler","status":"publish","type":"product","link":"https:\/\/www.climatecoating.com\/hu\/produkt\/pu-safe-filler\/","title":{"rendered":"PU Safe Filler"},"content":{"rendered":"<p>A PU Safe Filler v\u00e1ltoz\u00f3 diff\u00fazi\u00f3s nyitotts\u00e1ga lehet\u0151v\u00e9 teszi, hogy belt\u00e9ren \u00e9s k\u00fclt\u00e9ren egyar\u00e1nt haszn\u00e1lhat\u00f3 legyen. A PU Safe Filler plaszto-elasztikusan sz\u00e1rad, v\u00edz\u00e1ll\u00f3, k\u00e9miailag semleges \u00e9s szagtalan. A t\u00f6lt\u0151anyag nagyfok\u00fa rugalmass\u00e1ga k\u00fcl\u00f6n\u00f6sen fontos az \u00e9p\u00edt\u0151elemek h\u0151- \u00e9s szerkezeti mozg\u00e1sai eset\u00e9n, mivel ez biztos\u00edtja a megszak\u00edt\u00e1s n\u00e9lk\u00fcli t\u00f6m\u00edt\u0151fel\u00fcletet. A PU Safe Filler j\u00f3l tapad minden hagyom\u00e1nyos \u00e9p\u00edt\u0151anyaghoz, p\u00e9ld\u00e1ul a PVC-hez, valamint a fest\u00e9kkel vagy sz\u00ednes m\u0171anyag f\u00f3li\u00e1val bevont alum\u00edniumhoz. A t\u00f6m\u00edt\u0151anyagot klasszikusan ajt\u00f3- \u00e9s ablakszerel\u00e9sn\u00e9l haszn\u00e1lj\u00e1k, amikor PU-habbal dolgoznak.<\/p>\n","protected":false},"excerpt":{"rendered":"<p><strong>T\u00f6m\u00edt\u0151anyag PU habhoz<\/strong><\/p>\n<p>A PU Safe Filler egy t\u00f6m\u00edt\u0151anyag vagy t\u00f6lt\u0151anyag poliuret\u00e1nhabra val\u00f3 felhord\u00e1sra. A t\u00f6lt\u0151anyag lez\u00e1rja a PU-hab p\u00f3rusait, \u00e9s homog\u00e9n fel\u00fcletet hoz l\u00e9tre a PU Safe Coatinggal t\u00f6rt\u00e9n\u0151 tov\u00e1bbi feldolgoz\u00e1shoz.<\/p>\n","protected":false},"featured_media":45797,"template":"","meta":[],"product_brand":[],"product_cat":[3107,3115,3134,3198,3199,3141,3035],"product_tag":[],"class_list":{"0":"post-47159","1":"product","2":"type-product","3":"status-publish","4":"has-post-thumbnail","6":"product_cat-alkalmazasi-teruletek","7":"product_cat-epites-es-elet","8":"product_cat-kozepuletek","9":"product_cat-kulso-alkalmazasok","10":"product_cat-ablakok-tomitese","11":"product_cat-szallodaipar-es-gasztronomia","12":"product_cat-termekek","14":"first","15":"instock","16":"taxable","17":"shipping-taxable","18":"purchasable","19":"product-type-simple"},"_links":{"self":[{"href":"https:\/\/www.climatecoating.com\/hu\/wp-json\/wp\/v2\/product\/47159","targetHints":{"allow":["GET"]}}],"collection":[{"href":"https:\/\/www.climatecoating.com\/hu\/wp-json\/wp\/v2\/product"}],"about":[{"href":"https:\/\/www.climatecoating.com\/hu\/wp-json\/wp\/v2\/types\/product"}],"wp:featuredmedia":[{"embeddable":true,"href":"https:\/\/www.climatecoating.com\/hu\/wp-json\/wp\/v2\/media\/45797"}],"wp:attachment":[{"href":"https:\/\/www.climatecoating.com\/hu\/wp-json\/wp\/v2\/media?parent=47159"}],"wp:term":[{"taxonomy":"product_brand","embeddable":true,"href":"https:\/\/www.climatecoating.com\/hu\/wp-json\/wp\/v2\/product_brand?post=47159"},{"taxonomy":"product_cat","embeddable":true,"href":"https:\/\/www.climatecoating.com\/hu\/wp-json\/wp\/v2\/product_cat?post=47159"},{"taxonomy":"product_tag","embeddable":true,"href":"https:\/\/www.climatecoating.com\/hu\/wp-json\/wp\/v2\/product_tag?post=47159"}],"curies":[{"name":"wp","href":"https:\/\/api.w.org\/{rel}","templated":true}]}}