{"id":47160,"date":"2020-08-09T14:37:27","date_gmt":"2020-08-09T12:37:27","guid":{"rendered":"https:\/\/www.climatecoating.com\/produkt\/pu-biztonsagos-bevonat\/"},"modified":"2024-12-10T17:00:18","modified_gmt":"2024-12-10T16:00:18","slug":"pu-safe-coating","status":"publish","type":"product","link":"https:\/\/www.climatecoating.com\/hu\/produkt\/pu-safe-coating\/","title":{"rendered":"PU Safe Coating"},"content":{"rendered":"<p>Ez a m\u00f3dszer az ablakok \u00e9s ajt\u00f3k t\u00f6m\u00edt\u00e9s\u00e9re a be\u00e9p\u00edt\u00e9s sor\u00e1n egyszer\u0171bb \u00e9s gazdas\u00e1gosabb, mint a Compriband, a h\u00e9zagt\u00f6m\u00edt\u0151 szalag vagy a f\u00f3lia hagyom\u00e1nyos m\u00f3dszerei. Az \u00faj m\u00f3dszerrel az ablak k\u00f6r\u00f6s-k\u00f6r\u00fcl t\u00f6m\u00f6r marad, hidegben \u00e9s melegben, zuhog\u00f3 es\u0151ben \u00e9s hossz\u00fa sz\u00e1razs\u00e1gban egyar\u00e1nt.<\/p>\n<p>A PU Safe Coating v\u00e1ltoz\u00f3 diff\u00fazi\u00f3s nyitotts\u00e1ga lehet\u0151v\u00e9 teszi, hogy belt\u00e9ren \u00e9s k\u00fclt\u00e9ren egyar\u00e1nt haszn\u00e1lhat\u00f3 legyen. A PU Safe Coating rugalmas membr\u00e1nt k\u00e9pez. A j\u00f3 benne: A membr\u00e1nk\u00e9pz\u0151 t\u00f6m\u00edt\u0151bevonat p\u00e1raz\u00e1r\u00f3s\u00e1ga v\u00e1ltoz\u00f3. Alkalmazkodik a k\u00f6rnyezeti felt\u00e9telekhez oly m\u00f3don, hogy &#8211; a g\u0151znyom\u00e1s gradiens\u00e9t\u0151l f\u00fcgg\u0151en &#8211; elz\u00e1rja vagy \u00e1tengedi a g\u00e1zt.<\/p>\n<p>A PU Safe Coating minden hagyom\u00e1nyos anyaghoz j\u00f3l tapad, \u00e9s egyszer\u0171en ecsettel kell felvinni &#8211; lehet\u0151leg k\u00e9tszer, hogy a term\u00e9k tulajdons\u00e1gai optim\u00e1lisan \u00e9rv\u00e9nyes\u00fclhessenek. A sz\u00f3r\u00e1snak mind a h\u0151szigetel\u0151 r\u00e9teget (PU szerel\u0151hab), mind az \u00f6sszes illeszt\u00e9st, valamint minim\u00e1lisan az ablak- vagy ajt\u00f3keret k\u00f6r\u00fcli \u00e9rintkez\u0151 fel\u00fcleteket le kell fednie.<\/p>\n<p>A PU Safe Coating a ThermoPlus bels\u0151 falfest\u00e9kkel vagy a ThermoProtect homlokzatfest\u00e9kkel egy\u00fctt alkalmazva minimaliz\u00e1lja, illetve megakad\u00e1lyozza a hideghidak kialakul\u00e1s\u00e1t! Tov\u00e1bbi inform\u00e1ci\u00f3\u00e9rt forduljon tapasztalt alkalmaz\u00e1si tan\u00e1csad\u00f3inkhoz.<\/p>\n","protected":false},"excerpt":{"rendered":"<p><strong>A hat\u00e9kony v\u00e9d\u0151bevonat a PU-habhoz<\/strong><\/p>\n<p>A PU Safe Coating egy t\u00f6m\u00edt\u0151bevonat, amely a poliuret\u00e1nhabra alkalmazhat\u00f3 v\u00e9d\u0151bevonatk\u00e9nt ablak- \u00e9s ajt\u00f3szerel\u00e9sn\u00e9l. Gyorsan \u00e9s egyszer\u0171en alkalmazhat\u00f3, v\u00edz\u00e1ll\u00f3, rugalmas \u00e9s v\u00e9d\u0151 membr\u00e1nt k\u00e9pez pontosan ott, ahol a k\u00fcl\u00f6nb\u00f6z\u0151 anyagok tal\u00e1lkoznak.<\/p>\n<p>A PU Safe Coating innovat\u00edv, k\u00f6rnyezetbar\u00e1t, hat\u00e9kony \u00e9s er\u0151teljes.<\/p>\n","protected":false},"featured_media":45619,"template":"","meta":[],"product_brand":[],"product_cat":[3107,3115,3134,3198,3199,3141],"product_tag":[],"class_list":{"0":"post-47160","1":"product","2":"type-product","3":"status-publish","4":"has-post-thumbnail","6":"product_cat-alkalmazasi-teruletek","7":"product_cat-epites-es-elet","8":"product_cat-kozepuletek","9":"product_cat-kulso-alkalmazasok","10":"product_cat-ablakok-tomitese","11":"product_cat-szallodaipar-es-gasztronomia","13":"first","14":"instock","15":"taxable","16":"shipping-taxable","17":"purchasable","18":"product-type-variable"},"_links":{"self":[{"href":"https:\/\/www.climatecoating.com\/hu\/wp-json\/wp\/v2\/product\/47160","targetHints":{"allow":["GET"]}}],"collection":[{"href":"https:\/\/www.climatecoating.com\/hu\/wp-json\/wp\/v2\/product"}],"about":[{"href":"https:\/\/www.climatecoating.com\/hu\/wp-json\/wp\/v2\/types\/product"}],"wp:featuredmedia":[{"embeddable":true,"href":"https:\/\/www.climatecoating.com\/hu\/wp-json\/wp\/v2\/media\/45619"}],"wp:attachment":[{"href":"https:\/\/www.climatecoating.com\/hu\/wp-json\/wp\/v2\/media?parent=47160"}],"wp:term":[{"taxonomy":"product_brand","embeddable":true,"href":"https:\/\/www.climatecoating.com\/hu\/wp-json\/wp\/v2\/product_brand?post=47160"},{"taxonomy":"product_cat","embeddable":true,"href":"https:\/\/www.climatecoating.com\/hu\/wp-json\/wp\/v2\/product_cat?post=47160"},{"taxonomy":"product_tag","embeddable":true,"href":"https:\/\/www.climatecoating.com\/hu\/wp-json\/wp\/v2\/product_tag?post=47160"}],"curies":[{"name":"wp","href":"https:\/\/api.w.org\/{rel}","templated":true}]}}