{"id":47176,"date":"2020-07-22T23:05:45","date_gmt":"2020-07-22T21:05:45","guid":{"rendered":"https:\/\/www.climatecoating.com\/produkt\/termeszet\/"},"modified":"2024-12-10T17:00:24","modified_gmt":"2024-12-10T16:00:24","slug":"nature","status":"publish","type":"product","link":"https:\/\/www.climatecoating.com\/hu\/produkt\/nature\/","title":{"rendered":"Nature"},"content":{"rendered":"<p><strong>High-tech bevonat, amely megtartja \u00edg\u00e9ret\u00e9t<\/strong><br \/>\nA ClimateCoating<sup>\u00ae<\/sup>-Nature haszn\u00e1lat\u00e1val a faelemek v\u00e9dve vannak \u00e9s rendk\u00edv\u00fcl hossz\u00fa ideig sz\u00e9pek maradnak. A tapad\u00e1s, a rugalmass\u00e1g \u00e9s a sz\u00e9ls\u0151s\u00e9ges ellen\u00e1ll\u00e1s k\u00f6lcs\u00f6nhat\u00e1sa a duzzad\u00e1s \u00e9s zsugorod\u00e1s cs\u00f6kkent\u00e9s\u00e9vel kombin\u00e1lva ide\u00e1lis m\u00f3don k\u00e9slelteti a fa \u00f6reged\u00e9si folyamat\u00e1t. Nem h\u00e1mlik a sz\u00edn, nem fakul. \u00cdg\u00e9rem!<\/p>\n<p>A f\u00e9nyvisszaver\u0151 membr\u00e1ntechnol\u00f3gia biztos\u00edtja, hogy m\u00e9g a s\u00f6t\u00e9t sz\u00ednek is viszonylag h\u0171v\u00f6sen hagyj\u00e1k a fel\u00fcletet a napf\u00e9nyben. <strong>M\u00e9g egy s\u00f6t\u00e9tre festett fabungal\u00f3ban is kellemesen temper\u00e1lt marad a ny\u00e1r, k\u00f6sz\u00f6nhet\u0151en a bevonat magas f\u00e9nyvisszaver\u0151 k\u00e9pess\u00e9g\u00e9nek.<\/strong> Az \u00fcvegker\u00e1mia \u00fcreges g\u00f6mb\u00f6k teszik ezt lehet\u0151v\u00e9.<\/p>\n<p><strong>Alkalmaz\u00e1si ter\u00fcletek<\/strong><br \/>\nA Nature-t korl\u00e1tozottan m\u00e9retstabil faelemek (hornyolt lemezek, gerend\u00e1k, red\u0151ny\u00f6k \u00e9s kapuk) \u00e9s nem m\u00e9retstabil faelemek (erk\u00e9lykorl\u00e1tok, zsindelyek, pergol\u00e1k \u00e9s ker\u00edt\u00e9sek) sz\u00e1m\u00e1ra tervezt\u00e9k.<\/p>\n<p>M\u00edg a Nature \u00e1tl\u00e1tszatlan bevonatk\u00e9nt sz\u00e1mos sz\u00edn\u00e1rnyalatban kaphat\u00f3, a vastagfilmes NatureGlaze korl\u00e1tozott sz\u00ednsk\u00e1la \u00e1ll rendelkez\u00e9sre. A term\u00e9kegy\u00fcttest a haszn\u00e1latra k\u00e9sz alapoz\u00f3, a NaturePrimer teszi teljess\u00e9.<\/p>\n","protected":false},"excerpt":{"rendered":"<p><strong>Sz\u00ednezett \u00e9s id\u0151j\u00e1r\u00e1s\u00e1ll\u00f3 faanyagv\u00e9d\u0151szer &#8211; \u00e1tl\u00e1tszatlan<\/strong><\/p>\n<p>A Nature egy \u00e1tl\u00e1tszatlan high-tech bevonat minden korl\u00e1tozottan m\u00e9retpontos \u00e9s<br \/>\nnem m\u00e9retstabil faelemek k\u00fclt\u00e9ri ter\u00fcleteken. Rendk\u00edv\u00fcl id\u0151j\u00e1r\u00e1s\u00e1ll\u00f3 \u00e9s tart\u00f3san rugalmas, a Nature a t\u00f6k\u00e9letes faanyagv\u00e9d\u0151szer \u00e9vekig!<\/p>\n","protected":false},"featured_media":45761,"template":"","meta":[],"product_brand":[],"product_cat":[3107,3235],"product_tag":[],"class_list":{"0":"post-47176","1":"product","2":"type-product","3":"status-publish","4":"has-post-thumbnail","6":"product_cat-alkalmazasi-teruletek","7":"product_cat-faanyagvedelem","9":"first","10":"instock","11":"taxable","12":"shipping-taxable","13":"purchasable","14":"product-type-variable"},"_links":{"self":[{"href":"https:\/\/www.climatecoating.com\/hu\/wp-json\/wp\/v2\/product\/47176","targetHints":{"allow":["GET"]}}],"collection":[{"href":"https:\/\/www.climatecoating.com\/hu\/wp-json\/wp\/v2\/product"}],"about":[{"href":"https:\/\/www.climatecoating.com\/hu\/wp-json\/wp\/v2\/types\/product"}],"wp:featuredmedia":[{"embeddable":true,"href":"https:\/\/www.climatecoating.com\/hu\/wp-json\/wp\/v2\/media\/45761"}],"wp:attachment":[{"href":"https:\/\/www.climatecoating.com\/hu\/wp-json\/wp\/v2\/media?parent=47176"}],"wp:term":[{"taxonomy":"product_brand","embeddable":true,"href":"https:\/\/www.climatecoating.com\/hu\/wp-json\/wp\/v2\/product_brand?post=47176"},{"taxonomy":"product_cat","embeddable":true,"href":"https:\/\/www.climatecoating.com\/hu\/wp-json\/wp\/v2\/product_cat?post=47176"},{"taxonomy":"product_tag","embeddable":true,"href":"https:\/\/www.climatecoating.com\/hu\/wp-json\/wp\/v2\/product_tag?post=47176"}],"curies":[{"name":"wp","href":"https:\/\/api.w.org\/{rel}","templated":true}]}}