{"id":47251,"date":"2020-07-22T23:18:11","date_gmt":"2020-07-22T21:18:11","guid":{"rendered":"https:\/\/www.climatecoating.com\/produkt\/natureprimer\/"},"modified":"2024-12-10T17:00:20","modified_gmt":"2024-12-10T16:00:20","slug":"natureprimer","status":"publish","type":"product","link":"https:\/\/www.climatecoating.com\/hu\/produkt\/natureprimer\/","title":{"rendered":"NaturePrimer"},"content":{"rendered":"<p>A ClimateCoating<sup>\u00ae<\/sup>-NaturePrimer \u00e9s -Nature t\u00f6k\u00e9letes du\u00f3 a k\u00fcls\u0151 faelemek \u00e1tl\u00e1tszatlan v\u00e9delm\u00e9re. A tapad\u00e1s, a rugalmass\u00e1g \u00e9s a sz\u00e9ls\u0151s\u00e9ges ellen\u00e1ll\u00e1s k\u00f6lcs\u00f6nhat\u00e1sa a duzzad\u00e1s \u00e9s zsugorod\u00e1s cs\u00f6kkent\u00e9s\u00e9vel kombin\u00e1lva ide\u00e1lis m\u00f3don k\u00e9slelteti a fa \u00f6reged\u00e9si folyamat\u00e1t.<\/p>\n","protected":false},"excerpt":{"rendered":"<p><strong>Felhaszn\u00e1l\u00e1sra k\u00e9sz tapad\u00e1sfokoz\u00f3 k\u00fcls\u0151 faelemekhez<\/strong><\/p>\n<p>A NaturePrimer egy haszn\u00e1latra k\u00e9sz alapoz\u00f3 korl\u00e1tozottan m\u00e9retstabil \u00e9s nem m\u00e9retstabil k\u00fcls\u0151 faelemekhez. A f\u00e9nyvisszaver\u0151 membr\u00e1ntechnol\u00f3gi\u00e1n alapul, v\u00e1ltoz\u00f3an diff\u00fazi\u00f3san nyitott \u00e9s a term\u00e9szet tulajdons\u00e1gaihoz igazodik.<\/p>\n","protected":false},"featured_media":45762,"template":"","meta":[],"product_brand":[],"product_cat":[3107,3235],"product_tag":[],"class_list":{"0":"post-47251","1":"product","2":"type-product","3":"status-publish","4":"has-post-thumbnail","6":"product_cat-alkalmazasi-teruletek","7":"product_cat-faanyagvedelem","9":"first","10":"instock","11":"taxable","12":"shipping-taxable","13":"purchasable","14":"product-type-variable"},"_links":{"self":[{"href":"https:\/\/www.climatecoating.com\/hu\/wp-json\/wp\/v2\/product\/47251","targetHints":{"allow":["GET"]}}],"collection":[{"href":"https:\/\/www.climatecoating.com\/hu\/wp-json\/wp\/v2\/product"}],"about":[{"href":"https:\/\/www.climatecoating.com\/hu\/wp-json\/wp\/v2\/types\/product"}],"wp:featuredmedia":[{"embeddable":true,"href":"https:\/\/www.climatecoating.com\/hu\/wp-json\/wp\/v2\/media\/45762"}],"wp:attachment":[{"href":"https:\/\/www.climatecoating.com\/hu\/wp-json\/wp\/v2\/media?parent=47251"}],"wp:term":[{"taxonomy":"product_brand","embeddable":true,"href":"https:\/\/www.climatecoating.com\/hu\/wp-json\/wp\/v2\/product_brand?post=47251"},{"taxonomy":"product_cat","embeddable":true,"href":"https:\/\/www.climatecoating.com\/hu\/wp-json\/wp\/v2\/product_cat?post=47251"},{"taxonomy":"product_tag","embeddable":true,"href":"https:\/\/www.climatecoating.com\/hu\/wp-json\/wp\/v2\/product_tag?post=47251"}],"curies":[{"name":"wp","href":"https:\/\/api.w.org\/{rel}","templated":true}]}}