{"id":47273,"date":"2020-07-22T22:57:30","date_gmt":"2020-07-22T20:57:30","guid":{"rendered":"https:\/\/www.climatecoating.com\/produkt\/stuccoprimer\/"},"modified":"2024-12-10T17:00:26","modified_gmt":"2024-12-10T16:00:26","slug":"stuccoprimer","status":"publish","type":"product","link":"https:\/\/www.climatecoating.com\/hu\/produkt\/stuccoprimer\/","title":{"rendered":"StuccoPrimer"},"content":{"rendered":"<p><strong>Minden alapra alkalmas<\/strong><br \/>\nA StuccoPrimer cs\u00f6kkenti az aljzat nedvsz\u00edv\u00f3 k\u00e9pess\u00e9g\u00e9t, \u00e9s lehet\u0151v\u00e9 teszi, hogy a StuccoTex szinte minden aljzaton megtapadjon. A felhord\u00e1s nagyon egyszer\u0171: egy hagyom\u00e1nyos ecsettel, fest\u0151ecsettel vagy fest\u0151hengerrel kell felvinni. Az alapoz\u00f3 tapad\u00e1sfokoz\u00f3 k\u00e9szen \u00e1ll a haszn\u00e1latra.<\/p>\n","protected":false},"excerpt":{"rendered":"<p><strong>Felhaszn\u00e1l\u00e1sra k\u00e9sz alapoz\u00f3 a StuccoTex<\/strong><\/p>\n<p style=\"background: white; vertical-align: baseline; margin: 15.0pt 0cm 15.0pt 0cm;\"><span lang=\"HU\" style=\"font-size: 11.5pt; font-family: Raleway; color: #4a4a49; background: white;\">A StuccoPrimer alkalmass\u00e1 teszi az aljzatot a StuccoTex felhord\u00e1s\u00e1ra. Az alapoz\u00f3 szinte minden aljzatra, p\u00e9ld\u00e1ul r\u00e9gi vakolatra \u00e9s \u00faj vakolatra is alkalmazhat\u00f3. Reflekt\u00edv membr\u00e1ntechnol\u00f3gi\u00e1n alapul, v\u00e1ltoz\u00f3an diff\u00fazi\u00f3san nyitott, \u00e9s \u00edgy t\u00f6k\u00e9letes \u201cszerepl\u0151je\u201d a StuccoTex vakolatrendszernek.<\/span><\/p>\n","protected":false},"featured_media":45612,"template":"","meta":[],"product_brand":[],"product_cat":[3134,3147,3107,3115,3173],"product_tag":[],"class_list":{"0":"post-47273","1":"product","2":"type-product","3":"status-publish","4":"has-post-thumbnail","6":"product_cat-kozepuletek","7":"product_cat-belul","8":"product_cat-alkalmazasi-teruletek","9":"product_cat-epites-es-elet","10":"product_cat-kulso","12":"first","13":"instock","14":"taxable","15":"shipping-taxable","16":"purchasable","17":"product-type-variable"},"_links":{"self":[{"href":"https:\/\/www.climatecoating.com\/hu\/wp-json\/wp\/v2\/product\/47273","targetHints":{"allow":["GET"]}}],"collection":[{"href":"https:\/\/www.climatecoating.com\/hu\/wp-json\/wp\/v2\/product"}],"about":[{"href":"https:\/\/www.climatecoating.com\/hu\/wp-json\/wp\/v2\/types\/product"}],"wp:featuredmedia":[{"embeddable":true,"href":"https:\/\/www.climatecoating.com\/hu\/wp-json\/wp\/v2\/media\/45612"}],"wp:attachment":[{"href":"https:\/\/www.climatecoating.com\/hu\/wp-json\/wp\/v2\/media?parent=47273"}],"wp:term":[{"taxonomy":"product_brand","embeddable":true,"href":"https:\/\/www.climatecoating.com\/hu\/wp-json\/wp\/v2\/product_brand?post=47273"},{"taxonomy":"product_cat","embeddable":true,"href":"https:\/\/www.climatecoating.com\/hu\/wp-json\/wp\/v2\/product_cat?post=47273"},{"taxonomy":"product_tag","embeddable":true,"href":"https:\/\/www.climatecoating.com\/hu\/wp-json\/wp\/v2\/product_tag?post=47273"}],"curies":[{"name":"wp","href":"https:\/\/api.w.org\/{rel}","templated":true}]}}