{"id":47286,"date":"2020-07-22T23:13:11","date_gmt":"2020-07-22T21:13:11","guid":{"rendered":"https:\/\/www.climatecoating.com\/produkt\/natureglaze\/"},"modified":"2024-12-10T17:00:22","modified_gmt":"2024-12-10T16:00:22","slug":"natureglaze","status":"publish","type":"product","link":"https:\/\/www.climatecoating.com\/hu\/produkt\/natureglaze\/","title":{"rendered":"NatureGlaze"},"content":{"rendered":"<p><strong>High-tech bevonat, amely megtartja \u00edg\u00e9ret\u00e9t<\/strong><br \/>\nA ClimateCoating<sup>\u00ae<\/sup> NatureGlaze haszn\u00e1lat\u00e1val a faelemek v\u00e9dve vannak \u00e9s rendk\u00edv\u00fcl hossz\u00fa ideig sz\u00e9pek maradnak. A tapad\u00e1s, a rugalmass\u00e1g \u00e9s a sz\u00e9ls\u0151s\u00e9ges ellen\u00e1ll\u00e1s k\u00f6lcs\u00f6nhat\u00e1sa a duzzad\u00e1s \u00e9s zsugorod\u00e1s cs\u00f6kkent\u00e9s\u00e9vel kombin\u00e1lva ide\u00e1lis m\u00f3don k\u00e9slelteti a fa \u00f6reged\u00e9si folyamat\u00e1t. Nem h\u00e1mlik a sz\u00edn, nem fakul. \u00cdg\u00e9rem!<\/p>\n<p><strong>Alkalmaz\u00e1si ter\u00fcletek<\/strong><br \/>\nA NatureGlaze-t korl\u00e1tozottan m\u00e9retstabil faalkatr\u00e9szekhez (hornyolt lemezek, gerend\u00e1k, red\u0151ny\u00f6k \u00e9s kapuk) \u00e9s nem m\u00e9retstabil faalkatr\u00e9szekhez (erk\u00e9lykorl\u00e1tok, zsindelyek, pergol\u00e1k \u00e9s ker\u00edt\u00e9sek) tervezt\u00e9k.<\/p>\n<p>M\u00edg a NatureGlaze vastagr\u00e9teg\u0171 m\u00e1z egy kezelhet\u0151 sz\u00ednsk\u00e1l\u00e1t k\u00edn\u00e1l, addig a Nature fed\u0151bevonat sz\u00e1mos sz\u00edn\u00e1rnyalatban kaphat\u00f3. A term\u00e9kegy\u00fcttest a haszn\u00e1latra k\u00e9sz alapoz\u00f3, a NaturePrimer teszi teljess\u00e9.<\/p>\n","protected":false},"excerpt":{"rendered":"<p><strong>Sz\u00ednezett \u00e9s id\u0151j\u00e1r\u00e1s\u00e1ll\u00f3 faanyagv\u00e9d\u0151 szer \u2013 \u00e1ttetsz\u0151<\/strong><\/p>\n<p>A NatureGlaze egy m\u00e1zol\u00f3 high-tech bevonat minden korl\u00e1tozottan m\u00e9retstabil \u00e9s nem m\u00e9retstabil k\u00fcls\u0151 faelemhez. Rendk\u00edv\u00fcl id\u0151j\u00e1r\u00e1s\u00e1ll\u00f3 \u00e9s tart\u00f3san rugalmas, a Nature a t\u00f6k\u00e9letes fav\u00e9delem \u00e9vekig!<\/p>\n<p><strong>Csak profiknak! K\u00e9rj\u00fck, vegye fel vel\u00fcnk a kapcsolatot ezzel a term\u00e9kkel kapcsolatban.<\/strong><\/p>\n","protected":false},"featured_media":45760,"template":"","meta":[],"product_brand":[],"product_cat":[3107,3235],"product_tag":[],"class_list":{"0":"post-47286","1":"product","2":"type-product","3":"status-publish","4":"has-post-thumbnail","6":"product_cat-alkalmazasi-teruletek","7":"product_cat-faanyagvedelem","9":"first","10":"instock","11":"taxable","12":"shipping-taxable","13":"product-type-variable"},"_links":{"self":[{"href":"https:\/\/www.climatecoating.com\/hu\/wp-json\/wp\/v2\/product\/47286","targetHints":{"allow":["GET"]}}],"collection":[{"href":"https:\/\/www.climatecoating.com\/hu\/wp-json\/wp\/v2\/product"}],"about":[{"href":"https:\/\/www.climatecoating.com\/hu\/wp-json\/wp\/v2\/types\/product"}],"wp:featuredmedia":[{"embeddable":true,"href":"https:\/\/www.climatecoating.com\/hu\/wp-json\/wp\/v2\/media\/45760"}],"wp:attachment":[{"href":"https:\/\/www.climatecoating.com\/hu\/wp-json\/wp\/v2\/media?parent=47286"}],"wp:term":[{"taxonomy":"product_brand","embeddable":true,"href":"https:\/\/www.climatecoating.com\/hu\/wp-json\/wp\/v2\/product_brand?post=47286"},{"taxonomy":"product_cat","embeddable":true,"href":"https:\/\/www.climatecoating.com\/hu\/wp-json\/wp\/v2\/product_cat?post=47286"},{"taxonomy":"product_tag","embeddable":true,"href":"https:\/\/www.climatecoating.com\/hu\/wp-json\/wp\/v2\/product_tag?post=47286"}],"curies":[{"name":"wp","href":"https:\/\/api.w.org\/{rel}","templated":true}]}}