{"id":47300,"date":"2020-07-22T22:51:20","date_gmt":"2020-07-22T20:51:20","guid":{"rendered":"https:\/\/www.climatecoating.com\/produkt\/stuccotex-280\/"},"modified":"2024-12-10T17:00:28","modified_gmt":"2024-12-10T16:00:28","slug":"stuccotex-280","status":"publish","type":"product","link":"https:\/\/www.climatecoating.com\/hu\/produkt\/stuccotex-280\/","title":{"rendered":"StuccoTex 280"},"content":{"rendered":"<p>K\u00f6nny\u0171, gyorsan felhordhat\u00f3 \u00e9s rendk\u00edv\u00fcl id\u0151j\u00e1r\u00e1s\u00e1ll\u00f3 &#8211; a vakolatnak a feldolgoz\u00e1s \u00e9s a tulajdons\u00e1gai szempontj\u00e1b\u00f3l ilyennek kell lennie. A StuccoTex 280 m\u00e9g enn\u00e9l is t\u00f6bbet tud, mivel rendk\u00edv\u00fcl rugalmas \u00e9s cs\u00f6kkenti a h\u0151fesz\u00fclts\u00e9geket, \u00edgy ig\u00e9nyes aljzatokra, p\u00e9ld\u00e1ul f\u00e1ra is alkalmazhat\u00f3. Az innovat\u00edv term\u00e9ktechnol\u00f3gia teszi ezt lehet\u0151v\u00e9.<\/p>\n<ul>\n<li>0,85 kg\/dm\u00b3 k\u00f6nny\u0171<\/li>\n<li>rendk\u00edv\u00fcl rugalmas<\/li>\n<li>kb. 2,0-2,8 mm szemcse \u00e1tm\u00e9r\u0151<\/li>\n<\/ul>\n<p><strong>Szerkezet \u00e9s sz\u00edn<\/strong><br \/>\nA sz\u00ednvakolat durva szemcs\u00e9j\u0171, \u00e9s dekorat\u00edv, homog\u00e9n szerkezet\u0171 fel\u00fcletet hoz l\u00e9tre. V\u00e1laszthat a klasszikus feh\u00e9r \u00e9s a nagyon sz\u00e9p, modern pasztell \u00e1rnyalatok k\u00f6z\u00fcl. Amennyiben s\u00f6t\u00e9tebb homlokzati sz\u00ednt akar, akkor fesse fel\u00fcl a fel\u00fcletet ThermoProtect homlokzati bevonattal. Ez a homlokzatfest\u00e9k meg\u0151rzi a StuccoTex 280 \u00f6sszes kiv\u00e1l\u00f3 tulajdons\u00e1g\u00e1t. A f\u00e9nyer\u0151 referencia\u00e9rt\u00e9keket nem kell betartani.<\/p>\n<p><strong>K\u00f6nny\u0171 alkalmaz\u00e1s<\/strong><\/p>\n<p>Ezt a durva szemcs\u00e9t 3,5 bar nyom\u00e1ssal permetezik, \u00e9s ut\u00e1na nem kell sim\u00edtani. Vagy rozsdamentes ac\u00e9l sim\u00edt\u00f3val is felvihet\u0151, szemvastags\u00e1g\u00fara kaparva \u00e9s elsim\u00edtva. A StuccoTex 280 nem d\u00f6rzs\u00f6lhet\u0151!<br \/>\nA StuccoTex haszn\u00e1latra k\u00e9sz, \u00e9s v\u00edzzel be\u00e1ll\u00edthat\u00f3 a k\u00edv\u00e1nt \u00fczemi viszkozit\u00e1sra.<\/p>\n","protected":false},"excerpt":{"rendered":"<p><strong>Fed\u0151 textur\u00e1lt k\u00f6nny\u0171 sz\u00ednvakolat, amely cs\u00f6kkenti a k\u00fcls\u0151 h\u0151terhel\u00e9st<\/strong><\/p>\n<p>A StuccoTex 280 textur\u00e1lt sz\u00ednvakolat fajs\u00falya csak 0,85 kg\/dm\u00b3 olyan k\u00f6nny\u0171, hogy nem befoly\u00e1solja az \u00e9p\u00fclet statikai viszonyait. A k\u00fcls\u0151 termikus h\u0151fesz\u00fclts\u00e9g cs\u00f6kken, mivel a StuccoTex 280 rendk\u00edv\u00fcl rugalmas. Ezt a k\u00f6nny\u0171 vakolatot gyakorlatilag meg lehet hajl\u00edtani! Ez azt jelenti, hogy szinten minden aljzaton, p\u00e9ld\u00e1ul f\u00e1n is haszn\u00e1lhat\u00f3.<\/p>\n<p>Minden ClimateCoating<sup>\u00ae<\/sup> bevonat \u00e9s sz\u00edn a f\u00e9nyvisszaver\u0151 membr\u00e1ntechnol\u00f3gi\u00e1n alapul, \u00e9s tiszt\u00e1n fizikai hat\u00e1s\u00fa. A k\u00f6rnyezetbar\u00e1t \u00e9s nagy teljes\u00edtm\u00e9ny\u0171 bevonatok 2003 \u00f3ta vil\u00e1gszerte leny\u0171g\u00f6zik a felhaszn\u00e1l\u00f3kat k\u00fcl\u00f6nleges tulajdons\u00e1gaikkal \u00e9s magas k\u00f6lts\u00e9ghat\u00e9konys\u00e1gukkal.<\/p>\n","protected":false},"featured_media":45616,"template":"","meta":[],"product_brand":[],"product_cat":[3107,3115,3173,3134,3147],"product_tag":[],"class_list":{"0":"post-47300","1":"product","2":"type-product","3":"status-publish","4":"has-post-thumbnail","6":"product_cat-alkalmazasi-teruletek","7":"product_cat-epites-es-elet","8":"product_cat-kulso","9":"product_cat-kozepuletek","10":"product_cat-belul","12":"first","13":"instock","14":"taxable","15":"shipping-taxable","16":"purchasable","17":"product-type-variable"},"_links":{"self":[{"href":"https:\/\/www.climatecoating.com\/hu\/wp-json\/wp\/v2\/product\/47300","targetHints":{"allow":["GET"]}}],"collection":[{"href":"https:\/\/www.climatecoating.com\/hu\/wp-json\/wp\/v2\/product"}],"about":[{"href":"https:\/\/www.climatecoating.com\/hu\/wp-json\/wp\/v2\/types\/product"}],"wp:featuredmedia":[{"embeddable":true,"href":"https:\/\/www.climatecoating.com\/hu\/wp-json\/wp\/v2\/media\/45616"}],"wp:attachment":[{"href":"https:\/\/www.climatecoating.com\/hu\/wp-json\/wp\/v2\/media?parent=47300"}],"wp:term":[{"taxonomy":"product_brand","embeddable":true,"href":"https:\/\/www.climatecoating.com\/hu\/wp-json\/wp\/v2\/product_brand?post=47300"},{"taxonomy":"product_cat","embeddable":true,"href":"https:\/\/www.climatecoating.com\/hu\/wp-json\/wp\/v2\/product_cat?post=47300"},{"taxonomy":"product_tag","embeddable":true,"href":"https:\/\/www.climatecoating.com\/hu\/wp-json\/wp\/v2\/product_tag?post=47300"}],"curies":[{"name":"wp","href":"https:\/\/api.w.org\/{rel}","templated":true}]}}