{"id":47324,"date":"2020-07-22T22:26:08","date_gmt":"2020-07-22T20:26:08","guid":{"rendered":"https:\/\/www.climatecoating.com\/produkt\/tortenelem\/"},"modified":"2024-12-10T17:00:32","modified_gmt":"2024-12-10T16:00:32","slug":"history","status":"publish","type":"product","link":"https:\/\/www.climatecoating.com\/hu\/produkt\/history\/","title":{"rendered":"History"},"content":{"rendered":"<p>A r\u00e9gi \u00e9p\u00fcletekben szinte minden falazat v\u00edzzel \u00e9s s\u00f3val szennyezett. Ez magyar\u00e1zza a m\u0171eml\u00e9kv\u00e9delem optim\u00e1lis kapill\u00e1ris \u00e9s diff\u00fazi\u00f3san nyitott bevonattal szembeni k\u00f6vetelm\u00e9ny\u00e9t, amelynek minden\u00e1ron meg kell akad\u00e1lyoznia a s\u00f3 \u00e9s a nedvess\u00e9g felhalmoz\u00f3d\u00e1s\u00e1t, \u00e9s ellen kell \u00e1llnia minden modern k\u00f6rnyezeti ig\u00e9nybev\u00e9telnek.<\/p>\n<p><strong>K\u00edm\u00e9letesebb kapill\u00e1ris sz\u00e1r\u00edt\u00e1s<\/strong><br \/>\nA leghat\u00e9konyabb falsz\u00e1r\u00edt\u00e1si mechanizmus a kapill\u00e1ris sz\u00e1r\u00edt\u00e1s, amelynek sor\u00e1n a v\u00edz \u00e9s a s\u00f3 a falfel\u00fclet belsej\u00e9b\u0151l kifel\u00e9 \u00e1ramlik. A <em>History<\/em> bevonat lehet\u0151v\u00e9 teszi a k\u00edm\u00e9letesebb falsz\u00e1r\u00edt\u00e1st az \u00e9p\u00fclet egyens\u00falyi nedvess\u00e9gszintj\u00e9ig, \u00e9s mint membr\u00e1nviselked\u00e9s\u00e9vel, megakad\u00e1lyozza a k\u00fcls\u0151 nedvess\u00e9g bejut\u00e1s\u00e1t, p\u00e9ld\u00e1ul az es\u0151b\u0151l. Az alg\u00e1k, a moha \u00e9s a gomb\u00e1k nem tal\u00e1lnak fel\u00fclet\u00e9n t\u00e1ptalajt, \u00e9s a homlokzatok sok \u00e9ven \u00e1t meg\u0151rzik \u00e9rt\u00e9kes kin\u00e9zet\u00fcket \u2013 a <em>History<\/em> fizikai tulajdons\u00e1gainak \u00e9s kiv\u00e1l\u00f3 min\u0151s\u00e9g\u0171 \u00f6sszet\u00e9tel\u00e9nek k\u00f6sz\u00f6nhet\u0151en.<\/p>\n","protected":false},"excerpt":{"rendered":"<p><strong>\u00a0\u00c9rt\u00e9kmeg\u0151rz\u0151 homlokzatv\u00e9delem k\u00edm\u00e9letes falsz\u00e1r\u00edt\u00e1ssal <\/strong><\/p>\n<p>K\u00edm\u00e9letes kapill\u00e1ris sz\u00e1rad\u00e1s \u00e9s kiegyens\u00falyozott nedvess\u00e9gkezel\u00e9s jellemzi a <em>History<\/em> homlokzatbevonatot a m\u0171eml\u00e9k \u00e9p\u00fcletek homlokzatain. Ezenk\u00edv\u00fcl a <em>History<\/em> hat\u00e9konyan megakad\u00e1lyozza a nedvess\u00e9g \u00fajb\u00f3li bejut\u00e1s\u00e1t \u2013 teljesen term\u00e9szetes, fizikai m\u00f3don.<\/p>\n<p>Minden\u00a0ClimateCoating<sup>\u00ae<\/sup>\u00a0bevonat a f\u00e9nyvisszaver\u0151 membr\u00e1ntechnol\u00f3gi\u00e1n alapul, \u00e9s tiszt\u00e1n fizikai hat\u00e1s\u00fa. A k\u00f6rnyezetbar\u00e1t bevonatok 2003 \u00f3ta vil\u00e1gszerte leny\u0171g\u00f6zik a felhaszn\u00e1l\u00f3kat k\u00fcl\u00f6nleges tulajdons\u00e1gaikkal \u00e9s magas k\u00f6lts\u00e9ghat\u00e9konys\u00e1gukkal.<\/p>\n","protected":false},"featured_media":45615,"template":"","meta":[],"product_brand":[],"product_cat":[3296,3107,3173,3297],"product_tag":[],"class_list":{"0":"post-47324","1":"product","2":"type-product","3":"status-publish","4":"has-post-thumbnail","6":"product_cat-muemlekvedelem","7":"product_cat-alkalmazasi-teruletek","8":"product_cat-kulso","9":"product_cat-a-tortenelmi-homlokzatok-vedelme","11":"first","12":"instock","13":"taxable","14":"shipping-taxable","15":"purchasable","16":"product-type-variable"},"_links":{"self":[{"href":"https:\/\/www.climatecoating.com\/hu\/wp-json\/wp\/v2\/product\/47324","targetHints":{"allow":["GET"]}}],"collection":[{"href":"https:\/\/www.climatecoating.com\/hu\/wp-json\/wp\/v2\/product"}],"about":[{"href":"https:\/\/www.climatecoating.com\/hu\/wp-json\/wp\/v2\/types\/product"}],"wp:featuredmedia":[{"embeddable":true,"href":"https:\/\/www.climatecoating.com\/hu\/wp-json\/wp\/v2\/media\/45615"}],"wp:attachment":[{"href":"https:\/\/www.climatecoating.com\/hu\/wp-json\/wp\/v2\/media?parent=47324"}],"wp:term":[{"taxonomy":"product_brand","embeddable":true,"href":"https:\/\/www.climatecoating.com\/hu\/wp-json\/wp\/v2\/product_brand?post=47324"},{"taxonomy":"product_cat","embeddable":true,"href":"https:\/\/www.climatecoating.com\/hu\/wp-json\/wp\/v2\/product_cat?post=47324"},{"taxonomy":"product_tag","embeddable":true,"href":"https:\/\/www.climatecoating.com\/hu\/wp-json\/wp\/v2\/product_tag?post=47324"}],"curies":[{"name":"wp","href":"https:\/\/api.w.org\/{rel}","templated":true}]}}