{"id":48177,"date":"2020-05-26T19:37:20","date_gmt":"2020-05-26T17:37:20","guid":{"rendered":"https:\/\/www.climatecoating.com\/produkt\/thermoprotect-2\/"},"modified":"2025-10-29T13:42:40","modified_gmt":"2025-10-29T12:42:40","slug":"thermoprotect","status":"publish","type":"product","link":"https:\/\/www.climatecoating.com\/hu\/produkt\/thermoprotect\/","title":{"rendered":"ThermoProtect"},"content":{"rendered":"<p>A ThermoProtect k\u00e9sz homlokzati bevonat nedvess\u00e9g- \u00e9s h\u0151m\u00e9rs\u00e9kletszab\u00e1lyoz\u00f3 tulajdons\u00e1gokkal rendelkezik. Cs\u00f6kkenti az algak\u00e9pz\u0151d\u00e9st \u00e9s cs\u00f6kkenti az energiafogyaszt\u00e1st. A poliakril\u00e1t-diszperzi\u00f3 egyed\u00fcl\u00e1ll\u00f3 szint\u00e9zise \u00fcreges ker\u00e1miagy\u00f6ngy\u00f6kkel \u00e9s aktiv\u00e1torokkal a felhord\u00e1s ut\u00e1n f\u00e9nyvisszaver\u0151 membr\u00e1nt hoz l\u00e9tre, amely az \u00e1tlagosn\u00e1l hosszabb ideig biztos\u00edtja az \u00e9p, sz\u00e1raz \u00e9s id\u0151j\u00e1r\u00e1smentes homlokzatot.<\/p>\n<p><strong>P\u00e1r\u00e1tlan\u00edt\u00e1s<\/strong><br \/>\nEz a membr\u00e1n olyan g\u00e1tk\u00e9nt m\u0171k\u00f6dik, amely megv\u00e9di a falazatot a csapad\u00e9k \u00e9s a kondenzv\u00edz behatol\u00e1s\u00e1t\u00f3l. A kapill\u00e1ris hat\u00e1s ugyanakkor p\u00e1r\u00e1tlan\u00edtja a falazatot. A sz\u00e1raz falazat sokkal jobban szigetel, mint a nedves! Cs\u00f6kken az \u00e1tviteli h\u0151vesztes\u00e9g. A sz\u00e1raz falazat t\u00e9len hat\u00e9konyabban nyeli el az alacsonyan \u00e1ll\u00f3 napf\u00e9nyt, \u00e9s \u00edgy jav\u00edtja az \u00e9p\u00fclet energiam\u00e9rleg\u00e9t. <a href=\"https:\/\/www.climatecoating.com\/hu\/hivatkozasok\/referencia\/apartmanhazak-botkyrka\/\">Egy sv\u00e9dorsz\u00e1gi p\u00e9lda 12%-os energiamegtakar\u00edt\u00e1ssal.<\/a><\/p>\n<p><a href=\"https:\/\/www.climatecoating.com\/hu\/calculus\/\"><strong><img loading=\"lazy\" decoding=\"async\" class=\"size-full wp-image-44757 alignleft\" title=\"Calculus\" src=\"https:\/\/www.climatecoating.com\/wp-content\/uploads\/2023\/02\/Calculus_Button_80px.png\" alt=\"Calculus\" width=\"80\" height=\"80\" \/>A h\u0151m\u00e9rs\u00e9klet-kalkul\u00e1torhoz Calculus<\/strong> <sup><strong>\u00ae<\/strong>,<\/sup><\/a>a mesters\u00e9ges intelligencia alap\u00fa webes eszk\u00f6z a belt\u00e9ri h\u0151m\u00e9rs\u00e9kleti k\u00fcl\u00f6nbs\u00e9gek el\u0151rejelz\u00e9s\u00e9re \u00e9s a lehets\u00e9ges energiamegtakar\u00edt\u00e1sok levezet\u00e9s\u00e9re, ha a falakat \u00e9s\/vagy tet\u0151ket a ClimateCoating<sup>\u00ae<\/sup> ThermoProtect \u00e9s ThermoActive term\u00e9kekkel vonj\u00e1k be.<\/p>\n<p><strong>H\u0151m\u00e9rs\u00e9klet szab\u00e1lyoz\u00e1s<\/strong><br \/>\nNy\u00e1ron a k\u00fcls\u0151 falakat a r\u00f6vidhull\u00e1m\u00fa napf\u00e9ny visszaver\u0151d\u00e9se \u00e9s az ir\u00e1ny\u00edtott p\u00e1rolg\u00e1si folyamatok h\u0171tik. Ez cs\u00f6kkenti a h\u0171t\u00e9si terhel\u00e9st \u00e9s ez\u00e1ltal az energiak\u00f6lts\u00e9geket. Ugyanakkor a k\u00fcls\u0151 falakat sz\u00e1razon tartja, ami ellens\u00falyozza az alg\u00e1sod\u00e1s kialakul\u00e1s\u00e1t, k\u00fcl\u00f6n\u00f6sen a szigetelt homlokzatokon.<br \/>\nMeleg \u00e9ghajlaton t\u00f6rt\u00e9n\u0151 haszn\u00e1lat eset\u00e9n cs\u00f6kken a h\u0151sz\u00e1ll\u00edt\u00e1s a k\u00fclvil\u00e1gb\u00f3l a bels\u0151 t\u00e9rbe.<\/p>\n","protected":false},"excerpt":{"rendered":"<p><strong>Hossz\u00fa \u00e9lettartam\u00fa homlokzatv\u00e9delem energiatakar\u00e9kos hat\u00e1ssal<\/strong><\/p>\n<p>A haszn\u00e1latra k\u00e9sz homlokzati bevonat v\u00e9d az id\u0151j\u00e1r\u00e1s, az alg\u00e1k, a moha \u00e9s a gomb\u00e1sod\u00e1s ellen, \u00e9s jav\u00edtja az \u00e9p\u00fclet eg\u00e9sz \u00e9ves energiam\u00e9rleg\u00e9t. A ThermoProtect homlokzatfest\u00e9k \u00e9s kiv\u00e1l\u00f3 min\u0151s\u00e9g\u0171 diszperzi\u00f3, amely sz\u00e1razon tartja a homlokzatot, szab\u00e1lyozza a nedvess\u00e9get \u00e9s a h\u0151m\u00e9rs\u00e9kletet, valamint \u00e1tlagon fel\u00fcli robusztussal \u00e9s tart\u00f3ss\u00e1ggal rendelkezik.<\/p>\n<p>Minden ClimateCoating<sup>\u00ae<\/sup> bevonat a f\u00e9nyvisszaver\u0151 membr\u00e1ntechnol\u00f3gi\u00e1n alapul, \u00e9s tiszt\u00e1n fizikailag m\u0171k\u00f6dik. A k\u00f6rnyezetbar\u00e1t \u00e9s nagy teljes\u00edtm\u00e9ny\u0171 bevonatok 2003 \u00f3ta vil\u00e1gszerte leny\u0171g\u00f6zik a felhaszn\u00e1l\u00f3kat k\u00fcl\u00f6nleges tulajdons\u00e1gaikkal \u00e9s magas k\u00f6lts\u00e9ghat\u00e9konys\u00e1gukkal.<\/p>\n","protected":false},"featured_media":45609,"template":"","meta":[],"product_brand":[],"product_cat":[3173,3134,3141,3107,3115],"product_tag":[],"class_list":{"0":"post-48177","1":"product","2":"type-product","3":"status-publish","4":"has-post-thumbnail","6":"product_cat-kulso","7":"product_cat-kozepuletek","8":"product_cat-szallodaipar-es-gasztronomia","9":"product_cat-alkalmazasi-teruletek","10":"product_cat-epites-es-elet","12":"first","13":"instock","14":"taxable","15":"shipping-taxable","16":"purchasable","17":"product-type-variable"},"_links":{"self":[{"href":"https:\/\/www.climatecoating.com\/hu\/wp-json\/wp\/v2\/product\/48177","targetHints":{"allow":["GET"]}}],"collection":[{"href":"https:\/\/www.climatecoating.com\/hu\/wp-json\/wp\/v2\/product"}],"about":[{"href":"https:\/\/www.climatecoating.com\/hu\/wp-json\/wp\/v2\/types\/product"}],"wp:featuredmedia":[{"embeddable":true,"href":"https:\/\/www.climatecoating.com\/hu\/wp-json\/wp\/v2\/media\/45609"}],"wp:attachment":[{"href":"https:\/\/www.climatecoating.com\/hu\/wp-json\/wp\/v2\/media?parent=48177"}],"wp:term":[{"taxonomy":"product_brand","embeddable":true,"href":"https:\/\/www.climatecoating.com\/hu\/wp-json\/wp\/v2\/product_brand?post=48177"},{"taxonomy":"product_cat","embeddable":true,"href":"https:\/\/www.climatecoating.com\/hu\/wp-json\/wp\/v2\/product_cat?post=48177"},{"taxonomy":"product_tag","embeddable":true,"href":"https:\/\/www.climatecoating.com\/hu\/wp-json\/wp\/v2\/product_tag?post=48177"}],"curies":[{"name":"wp","href":"https:\/\/api.w.org\/{rel}","templated":true}]}}