{"id":54252,"date":"2020-05-27T11:58:52","date_gmt":"2020-05-27T09:58:52","guid":{"rendered":"https:\/\/www.climatecoating.com\/?post_type=product&#038;p=54252"},"modified":"2025-05-21T17:45:54","modified_gmt":"2025-05-21T15:45:54","slug":"isotex-r70","status":"publish","type":"product","link":"https:\/\/www.climatecoating.com\/hu\/produkt\/isotex-r70\/","title":{"rendered":"IsoTex R70"},"content":{"rendered":"<p>Az IsoTex R70 egy nagyon k\u00f6nny\u0171, \u00e1sv\u00e1nyi h\u0151szigetel\u0151 vakolat k\u00fcls\u0151 (\u00e9s bels\u0151) haszn\u00e1latra. Magas szerkezeti h\u0151\u00e1ll\u00f3s\u00e1g jellemzi, \u00e9s seg\u00edt korl\u00e1tozni az \u00e9p\u00fcletb\u0151l t\u00f6rt\u00e9n\u0151 h\u0151sziv\u00e1rg\u00e1st. Ugyanakkor a vakolat &#8211; k\u00fcl\u00f6n\u00f6sen a <a href=\"https:\/\/www.climatecoating.com\/hu\/term\u00e9k\/thermoprotect\/\" target=\"_blank\" rel=\"noopener\">ThermoProtect<\/a> homlokzati bevonattal kombin\u00e1lva &#8211; t\u00e1mogatja a falazat sz\u00e1rad\u00e1si folyamat\u00e1t es\u0151 ut\u00e1n. Az Isotex R70 T1 h\u0151vezet\u00e9si t\u00e9nyez\u0151je 0,077 &lt; 0,10 W\/mK.<\/p>\n<p>A szemcsem\u00e9ret miatt ez egy viszonylag puha vakolat. A 4,0-4,5 kg\/m\u00b2-es t\u00f6meg\u00e9vel k\u00f6nny\u0171 a homlokzaton, \u00e9s nem ig\u00e9nyel r\u00f6gz\u00edt\u00e9si seg\u00e9deszk\u00f6z\u00f6ket. A h\u0151szigetel\u0151 vakolat mechanikusan vagy k\u00e9zzel hordhat\u00f3 fel, \u00e9s k\u00f6nnyen kezelhet\u0151. Az IsoTex R70 k\u00f6nnyen felhordhat\u00f3 sim\u00edt\u00f3val vagy permetez\u0151vel.<\/p>\n<p>&nbsp;<\/p>\n<p><strong>ClimateCoating\u00ae IsoTex rendszer &#8211; A homlokzat energiatakar\u00e9kos du\u00f3ja<\/strong><\/p>\n<p><strong>A probl\u00e9ma: a<\/strong> k\u00fcls\u0151 falak &#8211; fest\u00e9kr\u00e9teggel vagy an\u00e9lk\u00fcl &#8211; magukba sz\u00edvj\u00e1k a vizet, m\u00e9ghozz\u00e1 ann\u00e1l jobban, min\u00e9l tov\u00e1bb esik az es\u0151. A v\u00edznek \u00fajra ki kell jutnia a falb\u00f3l. Ez p\u00e1rolg\u00e1s \u00fatj\u00e1n t\u00f6rt\u00e9nik. A p\u00e1rolg\u00f3 h\u0171t\u00e9s nagy mennyis\u00e9g\u0171 energi\u00e1t von el, amit a f\u0171t\u00e9ssel kell kompenz\u00e1lni.<\/p>\n<p><strong>A megold\u00e1s:<\/strong> h\u0151szigetel\u0151 rendszer plusz f\u00e9nyvisszaver\u0151 membr\u00e1ntechnol\u00f3gia<br \/>\nA ClimateCoating\u00ae bevonat, amely membr\u00e1nk\u00e9nt viselkedik, es\u0151ben elnyeli a v\u00edz egy r\u00e9sz\u00e9t an\u00e9lk\u00fcl, hogy azt a m\u00f6g\u00f6tte l\u00e9v\u0151 falra tov\u00e1bb\u00edtan\u00e1. A membr\u00e1n ezut\u00e1n elz\u00e1r\u00f3dik, \u00e9s b\u00e1rmennyi ideig esik az es\u0151, nem sz\u00edv\u00f3dik fel t\u00f6bb v\u00edz. Ez\u00e1ltal minim\u00e1lisra cs\u00f6kken a p\u00e1rolg\u00e1s m\u00e9rt\u00e9ke. A bevonat ez\u00e9rt &#8220;v\u00edztasz\u00edt\u00f3nak&#8221; mondhat\u00f3, az EN 998-1 szabv\u00e1ny szerinti k\u00fcls\u0151 vakolatokhoz hasonl\u00f3an.<br \/>\nA bevonat (ThermoProtect) a k\u00f6rnyezeti hat\u00e1sokkal, p\u00e9ld\u00e1ul az UV-sug\u00e1rz\u00e1ssal vagy az es\u0151v\u00edzben l\u00e9v\u0151 savakkal szemben is nagyon ellen\u00e1ll\u00f3. Az antisztatikus hat\u00e1s jelent\u0151sen cs\u00f6kkenti a por tapad\u00e1s\u00e1t. Dokument\u00e1ltak m\u00e1r olyan bevont homlokzatokat, amelyeken a membr\u00e1nszer\u0171 bevonat m\u00e9g t\u00f6bb mint 20 \u00e9v eltelt\u00e9vel is \u00e9p \u00e9s reped\u00e9smentes, \u00edgy az energiatakar\u00e9koss\u00e1gi hat\u00e1s garant\u00e1lt.<\/p>\n<p>A homlokzati bevonat (ThermoProtect az Isotex R70 h\u0151szigetel\u0151 vakolattal kombin\u00e1lva) e pozit\u00edv tulajdons\u00e1gai egy\u00e9rtelm\u0171v\u00e9 teszik, hogy milyen el\u0151ny\u00f6kkel j\u00e1r a forradalmi IsoTex h\u0151szigetel\u0151 rendszer: hossz\u00fa \u00e9lettartam, teljes v\u00e9delem minden id\u0151j\u00e1r\u00e1si behat\u00e1ssal szemben, valamint a f\u0171t\u00e9si \u00e9s l\u00e9gkondicion\u00e1l\u00e1si k\u00f6lts\u00e9gek jelent\u0151s cs\u00f6kkent\u00e9se.<\/p>\n<p><strong>PS: A falazat nedvess\u00e9g\u00e9nek egy sz\u00e1zal\u00e9kos cs\u00f6kkent\u00e9s\u00e9vel ak\u00e1r 10 sz\u00e1zal\u00e9kot is megtakar\u00edthat a f\u0171t\u00e9si k\u00f6lts\u00e9geken!<\/strong><\/p>\n","protected":false},"excerpt":{"rendered":"<p><strong>A k\u00f6nny\u0171 \u00e1sv\u00e1nyi alap\u00fa h\u0151szigetel\u0151 vakolat<\/strong><\/p>\n<p>Az IsoTex R70 egy nagyon k\u00f6nny\u0171, \u00e1sv\u00e1nyi h\u0151szigetel\u0151 vakolat k\u00fcls\u0151 (\u00e9s bels\u0151) haszn\u00e1latra. Magas szerkezeti h\u0151\u00e1ll\u00f3s\u00e1g jellemzi, \u00e9s seg\u00edt korl\u00e1tozni az \u00e9p\u00fcletb\u0151l t\u00f6rt\u00e9n\u0151 h\u0151sziv\u00e1rg\u00e1st. Ugyanakkor a vakolat &#8211; k\u00fcl\u00f6n\u00f6sen a <a href=\"https:\/\/www.climatecoating.com\/hu\/term\u00e9k\/thermoprotect\/\" target=\"_blank\" rel=\"noopener\">ThermoProtect<\/a> homlokzati bevonattal kombin\u00e1lva &#8211; t\u00e1mogatja a falazat sz\u00e1rad\u00e1si folyamat\u00e1t es\u0151 ut\u00e1n. Az Isotex R70 T1 h\u0151vezet\u00e9si t\u00e9nyez\u0151je 0,077 &lt; 0,10 W\/mK.<\/p>\n","protected":false},"featured_media":54309,"template":"","meta":[],"product_brand":[],"product_cat":[3327,3107,3115,3134,3141,3147,3173,3319],"product_tag":[],"class_list":{"0":"post-54252","1":"product","2":"type-product","3":"status-publish","4":"has-post-thumbnail","6":"product_cat-epuelet-kuelso","7":"product_cat-alkalmazasi-teruletek","8":"product_cat-epites-es-elet","9":"product_cat-kozepuletek","10":"product_cat-szallodaipar-es-gasztronomia","11":"product_cat-belul","12":"product_cat-kulso","13":"product_cat-kivueli-alkalmazasok-hu","15":"first","16":"instock","17":"taxable","18":"shipping-taxable","19":"purchasable","20":"product-type-variable"},"_links":{"self":[{"href":"https:\/\/www.climatecoating.com\/hu\/wp-json\/wp\/v2\/product\/54252","targetHints":{"allow":["GET"]}}],"collection":[{"href":"https:\/\/www.climatecoating.com\/hu\/wp-json\/wp\/v2\/product"}],"about":[{"href":"https:\/\/www.climatecoating.com\/hu\/wp-json\/wp\/v2\/types\/product"}],"wp:featuredmedia":[{"embeddable":true,"href":"https:\/\/www.climatecoating.com\/hu\/wp-json\/wp\/v2\/media\/54309"}],"wp:attachment":[{"href":"https:\/\/www.climatecoating.com\/hu\/wp-json\/wp\/v2\/media?parent=54252"}],"wp:term":[{"taxonomy":"product_brand","embeddable":true,"href":"https:\/\/www.climatecoating.com\/hu\/wp-json\/wp\/v2\/product_brand?post=54252"},{"taxonomy":"product_cat","embeddable":true,"href":"https:\/\/www.climatecoating.com\/hu\/wp-json\/wp\/v2\/product_cat?post=54252"},{"taxonomy":"product_tag","embeddable":true,"href":"https:\/\/www.climatecoating.com\/hu\/wp-json\/wp\/v2\/product_tag?post=54252"}],"curies":[{"name":"wp","href":"https:\/\/api.w.org\/{rel}","templated":true}]}}