{"id":42025,"date":"2022-03-29T19:08:03","date_gmt":"2022-03-29T17:08:03","guid":{"rendered":"https:\/\/www.climatecoating.com\/impronta\/"},"modified":"2022-03-29T19:08:16","modified_gmt":"2022-03-29T17:08:16","slug":"impronta","status":"publish","type":"page","link":"https:\/\/www.climatecoating.com\/it\/legale\/impronta\/","title":{"rendered":"Impronta"},"content":{"rendered":"<div class=\"wpb-content-wrapper\"><p>[vc_row row_type=&#8221;row&#8221; use_row_as_full_screen_section=&#8221;no&#8221; type=&#8221;full_width&#8221; text_align=&#8221;left&#8221; background_animation=&#8221;none&#8221; padding_bottom=&#8221;45&#8243; css_animation=&#8221;&#8221;][vc_column][vc_column_text]<\/p>\n<h1>Impronta<\/h1>\n<p><strong>SICC Coatings GmbH<\/strong><br \/>\nWackenbergstra\u00dfe 78 &#8211; 82<br \/>\nDE-13156 Berlino<\/p>\n<p>Tel.: +49 (0) 30 \/ 50 01 96-0<br \/>\nFax: +49 (0) 30 \/ 50 01 96-20<br \/>\nE-mail: <span id=\"cloakd78a1e11def09a9b63740395e79511bf\"><br \/>\n  <a href=\"mailto:info@sicc.de\">info@sicc.de<\/a><br \/>\n<\/span><\/p>\n<p><strong>Amministratore delegato:<\/strong> Waldemar Walczok<br \/>\nTribunale del<strong>registro:<\/strong> tribunale locale di Berlino-Charlottenburg<br \/>\n<strong>Numero di registrazione:<\/strong> HRB 88630<br \/>\n<strong>ID dell&#8217;imposta sulle vendite:<\/strong> DE813670303<\/p>\n<p><strong>Crediti d&#8217;immagine<\/strong><br \/>\n\u00a92010 Terry J Alcorn, Inc.[\/vc_column_text][vc_separator type=&#8221;transparent&#8221; border_style=&#8221;&#8221; up=&#8221;20&#8243; down=&#8221;0&#8243; icon_pack=&#8221;font_awesome&#8221;][vc_column_text]<\/p>\n<h2 class=\"\">DISCLAIMER<\/h2>\n<h3 class=\"\">Responsabilit\u00e0 per i contenuti<\/h3>\n<p class=\"hyp hyphenate\">I contenuti delle nostre pagine sono stati creati con la massima cura. Tuttavia, non possiamo assumere alcuna responsabilit\u00e0 per la correttezza, la completezza e l&#8217;attualit\u00e0 dei contenuti. Come fornitore di servizi, siamo responsabili del nostro contenuto su queste pagine in conformit\u00e0 con le leggi generali. Tuttavia, come fornitore di servizi, non siamo obbligati a monitorare le informazioni trasmesse o memorizzate da terzi o a indagare su circostanze che indicano attivit\u00e0 illegali. Gli obblighi di rimuovere o bloccare l&#8217;uso di informazioni in conformit\u00e0 con le leggi generali rimangono inalterati da questo. Tuttavia, la responsabilit\u00e0 in questo senso \u00e8 possibile solo dal momento della conoscenza di una violazione concreta. Se veniamo a conoscenza di tali violazioni, rimuoveremo immediatamente tali contenuti.<\/p>\n<h3>Responsabilit\u00e0 per i link<\/h3>\n<p class=\"hyp hyphenate\">La nostra offerta contiene link a siti web esterni di terzi, sui cui contenuti non abbiamo alcuna influenza. Pertanto, non possiamo assumere alcuna responsabilit\u00e0 per questi contenuti esterni. Il rispettivo fornitore o operatore delle pagine \u00e8 sempre responsabile del contenuto delle pagine collegate. Le pagine collegate sono state controllate per eventuali violazioni legali al momento del collegamento. I contenuti illegali non erano riconoscibili al momento del collegamento. Tuttavia, un controllo permanente dei contenuti delle pagine collegate non \u00e8 ragionevole senza indicazioni concrete di una violazione della legge. Se veniamo a conoscenza di violazioni della legge, rimuoveremo immediatamente tali link.<\/p>\n<h3>Copyright<\/h3>\n<p class=\"hyp hyphenate\">I contenuti e i lavori creati dagli operatori del sito su queste pagine sono soggetti al diritto d&#8217;autore tedesco. La riproduzione, l&#8217;editing, la distribuzione e qualsiasi tipo di utilizzo al di fuori dei limiti della legge sul copyright richiedono il consenso scritto del rispettivo autore o creatore. I download e le copie di questa pagina sono permessi solo per uso privato e non commerciale. Nella misura in cui il contenuto di questa pagina non \u00e8 stato creato dall&#8217;operatore, i diritti d&#8217;autore di terzi sono rispettati. In particolare, i contenuti di terzi sono identificati come tali. Se tuttavia dovesse venire a conoscenza di una violazione del copyright, la preghiamo di informarci. Se veniamo a conoscenza di violazioni, rimuoveremo immediatamente tali contenuti.<\/p>\n<h3>Crediti d&#8217;immagine<\/h3>\n<p class=\"hyp hyphenate\">Immagini proprie, Photodune.net, iStockphoto.com, \u00a9Kadmy &#8211; Fotolia.de<\/p>\n<h3>Piattaforma di risoluzione delle controversie online (Piattaforma ODR)<\/h3>\n<p class=\"hyp hyphenate\">La Commissione europea ha creato un sito web per la risoluzione delle controversie online tra imprenditori e consumatori (piattaforma ODR), a cui si pu\u00f2 accedere all&#8217;indirizzo <a href=\"http:\/\/ec.europa.eu\/consumers\/odr\/\" target=\"_blank\" rel=\"noopener noreferrer\">http:\/\/ec.europa.eu\/consumers\/odr\/<\/a>.<\/p>\n<p>[\/vc_column_text][\/vc_column][\/vc_row]<\/p>\n<\/div>","protected":false},"excerpt":{"rendered":"<p>[vc_row row_type=&#8221;row&#8221; use_row_as_full_screen_section=&#8221;no&#8221; type=&#8221;full_width&#8221; text_align=&#8221;left&#8221; background_animation=&#8221;none&#8221; padding_bottom=&#8221;45&#8243; css_animation=&#8221;&#8221;][vc_column][vc_column_text] Impronta SICC Coatings GmbH Wackenbergstra\u00dfe 78 &#8211; 82 DE-13156 Berlino Tel.: +49 (0) 30 \/ 50 01 96-0 Fax: +49 (0) 30 \/ 50 01 96-20 E-mail: info@sicc.de Amministratore delegato: Waldemar Walczok Tribunale delregistro: tribunale locale di&#8230;<\/p>\n","protected":false},"author":1,"featured_media":0,"parent":42024,"menu_order":810,"comment_status":"closed","ping_status":"closed","template":"","meta":{"footnotes":""},"class_list":["post-42025","page","type-page","status-publish","hentry"],"_links":{"self":[{"href":"https:\/\/www.climatecoating.com\/it\/wp-json\/wp\/v2\/pages\/42025","targetHints":{"allow":["GET"]}}],"collection":[{"href":"https:\/\/www.climatecoating.com\/it\/wp-json\/wp\/v2\/pages"}],"about":[{"href":"https:\/\/www.climatecoating.com\/it\/wp-json\/wp\/v2\/types\/page"}],"author":[{"embeddable":true,"href":"https:\/\/www.climatecoating.com\/it\/wp-json\/wp\/v2\/users\/1"}],"replies":[{"embeddable":true,"href":"https:\/\/www.climatecoating.com\/it\/wp-json\/wp\/v2\/comments?post=42025"}],"version-history":[{"count":0,"href":"https:\/\/www.climatecoating.com\/it\/wp-json\/wp\/v2\/pages\/42025\/revisions"}],"up":[{"embeddable":true,"href":"https:\/\/www.climatecoating.com\/it\/wp-json\/wp\/v2\/pages\/42024"}],"wp:attachment":[{"href":"https:\/\/www.climatecoating.com\/it\/wp-json\/wp\/v2\/media?parent=42025"}],"curies":[{"name":"wp","href":"https:\/\/api.w.org\/{rel}","templated":true}]}}