{"id":42059,"date":"2022-03-29T19:08:08","date_gmt":"2022-03-29T17:08:08","guid":{"rendered":"https:\/\/www.climatecoating.com\/legale\/agb\/"},"modified":"2022-03-29T19:08:16","modified_gmt":"2022-03-29T17:08:16","slug":"agb","status":"publish","type":"page","link":"https:\/\/www.climatecoating.com\/it\/legale\/agb\/","title":{"rendered":"AGB"},"content":{"rendered":"<div class=\"wpb-content-wrapper\"><p>[vc_row row_type=&#8221;row&#8221; use_row_as_full_screen_section=&#8221;no&#8221; type=&#8221;full_width&#8221; text_align=&#8221;left&#8221; background_animation=&#8221;none&#8221; padding_bottom=&#8221;45&#8243; css_animation=&#8221;&#8221;][vc_column][vc_column_text]<\/p>\n<h1>AGB<\/h1>\n<p>Condizioni generali di vendita di SICC Coatings GmbH &#8211; Berlino \/ Germania<\/p>\n<p><strong>\u00a7 1 Generale<\/strong><\/p>\n<p>(1) I seguenti termini e condizioni sono parte integrante del contratto concluso con noi.<br \/>\n(2) Le nostre condizioni generali di vendita si applicano nella loro ultima versione anche a tutte le transazioni successive senza che ci\u00f2 debba essere espressamente menzionato o concordato al momento della loro conclusione.<br \/>\n(3) Ci opponiamo a qualsiasi contro-conferma, contro-offerta o altri riferimenti fatti dall&#8217;acquirente con riferimento ai suoi termini e condizioni; eventuali termini e condizioni divergenti dell&#8217;acquirente si applicano solo se sono stati confermati da noi per iscritto.<br \/>\n(4) L&#8217;acquirente pu\u00f2 cedere i crediti derivanti dai negozi giuridici conclusi con noi, in particolare i crediti dovuti a difetti, solo con il nostro esplicito consenso.<\/p>\n<p><strong>\u00a7 2 Offerte; Ordini<\/strong><\/p>\n<p>(1) Le nostre offerte sono &#8211; in particolare per quanto riguarda la quantit\u00e0, il prezzo e il tempo di consegna &#8211; sempre soggette a modifiche.<br \/>\n(2) Gli ordini effettuati dall&#8217;acquirente sono considerati accettati solo quando li abbiamo confermati per iscritto. Se non confermiamo specificamente per iscritto un contratto concluso oralmente o per telefono, la fattura da noi emessa sar\u00e0 considerata la conferma.<\/p>\n<p><strong>\u00a7 3 Prezzi<\/strong><\/p>\n<p>(1) I nostri prezzi sono al netto dell&#8217;imposta sul valore aggiunto applicabile al momento della consegna.<br \/>\n(2) Se tra la stipula del contratto e la consegna sorgono oneri aggiuntivi o maggiori &#8211; in particolare dazi doganali, imposte, compensazioni valutarie &#8211; a causa di modifiche delle norme giuridiche, siamo autorizzati ad aumentare di conseguenza il prezzo di acquisto concordato. Lo stesso vale per le spese di investigazione.<br \/>\n(3) Il listino prezzi valido al momento \u00e8 decisivo per il nostro calcolo del prezzo d&#8217;acquisto.<\/p>\n<p><strong>\u00a7 4 Quantit\u00e0; Qualit\u00e0; Etichettatura<\/strong><\/p>\n<p>(1) Siamo sempre autorizzati a consegnare fino al 5% in pi\u00f9 o in meno di quanto concordato.<br \/>\n(2) La qualit\u00e0 della merce si basa sulla pratica commerciale, a meno che non sia stato concordato diversamente nei singoli casi o confermato da noi.<\/p>\n<p><strong>\u00a7 5 Spedizione; Consegna<\/strong><\/p>\n<p>(1) La merce viaggia sempre non assicurata e in ogni caso a rischio dell&#8217;acquirente. Ci\u00f2 vale anche in caso di consegna in porto franco e indipendentemente dal mezzo di trasporto utilizzato. L&#8217;assicurazione sul trasporto sar\u00e0 stipulata solo su espressa richiesta dell&#8217;acquirente. Tutti i costi che ne derivano sono esclusivamente a carico dell&#8217;acquirente.<br \/>\n(2) In assenza di un accordo scritto contrario, sceglieremo il luogo di spedizione, il percorso e il mezzo di trasporto a nostra discrezione, senza assumerci alcuna responsabilit\u00e0 per il trasporto pi\u00f9 economico e veloce.<br \/>\n(3) Se l&#8217;acquirente mette a disposizione il mezzo di trasporto, \u00e8 responsabile della sua messa a disposizione puntuale. Eventuali ritardi devono esserci notificati in tempo utile. Tutti i costi che ne derivano sono a carico dell&#8217;acquirente.<br \/>\n(4) Siamo autorizzati ad effettuare consegne parziali ragionevoli.<br \/>\n(5) Il nostro obbligo di consegna \u00e8 sempre subordinato alla consegna puntuale e corretta da parte dei nostri fornitori.<br \/>\n(6) I tempi di consegna e scarico indicati sono sempre non vincolanti, a meno che non sia stato espressamente concordato diversamente per iscritto.<br \/>\n(7) Impedimenti alla consegna dovuti a cause di forza maggiore o a eventi imprevisti di cui non siamo responsabili, come interruzioni dell&#8217;attivit\u00e0, scioperi, serrate, direttive ufficiali, perdita successiva delle possibilit\u00e0 di esportazione o importazione nonch\u00e9 la nostra riserva di consegna ai sensi del \u00a7 7. Paragrafo precedente. (5) ci esonerano dall&#8217;obbligo di rispettare i tempi di consegna o di scarico concordati per la durata e la portata dei loro effetti. Ci danno anche il diritto di recedere dal contratto senza che l&#8217;acquirente abbia diritto a danni o altre pretese come conseguenza.<br \/>\n(8) Se un tempo di consegna o di scarico concordato viene superato senza che vi sia un impedimento alla consegna in conformit\u00e0 con il \u00a7 8. comma precedente. (7) esiste, l&#8217;acquirente deve concederci per iscritto un ragionevole periodo di grazia di almeno due settimane. Se non rispettiamo colpevolmente anche questo termine, l&#8217;acquirente ha il diritto di recedere dal contratto, ma non di far valere i diritti di risarcimento dei danni derivanti dall&#8217;inadempimento o dalla mora, a meno che non siamo colpevoli di dolo o negligenza grave.<br \/>\n(9) Se non diversamente concordato, la merce viene consegnata contestualmente al pagamento del prezzo di acquisto, in caso di spedizione solo dopo il ricevimento dell&#8217;intero prezzo di acquisto da parte nostra.<br \/>\nIl rispetto dei nostri obblighi di consegna e di prestazione presuppone l&#8217;adempimento puntuale e corretto degli obblighi dell&#8217;acquirente.<br \/>\n(10) Se l&#8217;acquirente \u00e8 in ritardo con l&#8217;accettazione, abbiamo il diritto di chiedere il risarcimento dei danni da noi subiti; il rischio di deterioramento accidentale e di perdita accidentale passa all&#8217;acquirente al verificarsi del ritardo dell&#8217;accettazione.<\/p>\n<p><strong>\u00a7 6 Trasferimento del rischio<\/strong><\/p>\n<p>Il rischio passa all&#8217;acquirente non appena la spedizione \u00e8 stata consegnata alle persone che effettuano il trasporto o quando i prodotti hanno lasciato il nostro magazzino per la spedizione.<br \/>\nSe la spedizione viene ritardata su richiesta dell&#8217;acquirente, il rischio passa all&#8217;acquirente al momento della notifica della disponibilit\u00e0 della spedizione.<\/p>\n<p><strong>\u00a7 7 Obbligo di esaminare e notificare i difetti<\/strong><\/p>\n<p>(1) L&#8217;acquirente \u00e8 obbligato a controllare la merce immediatamente dopo la consegna alla destinazione concordata o, in caso di ritiro in proprio, al momento dell&#8217;accettazione per i difetti evidenti che sarebbero facilmente visibili a un cliente medio. I difetti evidenti includono anche l&#8217;assenza di bolla di consegna, documenti di trasporto o simili, nonch\u00e9 danni considerevoli e facilmente visibili alla merce.<br \/>\n(2) Questo include anche le deviazioni nel numero di pezzi, nel peso e nell&#8217;imballaggio. L&#8217;acquirente deve annotare immediatamente qualsiasi reclamo a questo proposito sulla bolla di consegna originale o sulla lettera di vettura o sull&#8217;avviso di ricevimento.<br \/>\n(3) L&#8217;acquirente ha inoltre l&#8217;obbligo di effettuare un controllo rappresentativo della qualit\u00e0 almeno su base casuale e, a tal fine, di prendere adeguati<br \/>\naprire gli imballaggi (cartoni, sacchetti, lattine, pellicole, ecc.) e controllare la merce stessa per verificarne lo stato esterno e l&#8217;odore.<br \/>\n(4) Le forme e i termini seguenti devono essere rispettati per la notifica dei difetti sopra descritti, nella misura in cui la notifica del difetto non deve essere fatta immediatamente alla consegna sulla bolla di consegna, sulla lettera di vettura o sull&#8217;avviso di ricevimento:<br \/>\na) Il reclamo deve essere fatto entro la fine del giorno lavorativo successivo alla consegna della merce alla destinazione concordata o alla sua accettazione. Nel caso di un reclamo per un difetto nascosto che \u00e8 stato scoperto nonostante una corretta ispezione iniziale in conformit\u00e0 con il codice civile tedesco (BGB). comma precedente. (1) \u00e8 rimasto inizialmente scoperto, si applica un termine diverso, secondo il quale il reclamo deve essere presentato entro la fine del giorno lavorativo successivo alla scoperta, ma al pi\u00f9 tardi entro due settimane dalla consegna della merce o dalla sua accettazione.<br \/>\nb) Il reclamo dettagliato deve pervenirci entro i termini summenzionati per iscritto, per telegrafo, telex o fax. Un avviso di difetti per telefono non \u00e8 sufficiente. Avvisi di difetti contro agenti commerciali, broker o<br \/>\nGli agenti sono irrilevanti.<br \/>\nc) La natura e la portata del presunto difetto devono essere chiaramente evidenti dal reclamo.<br \/>\nd) L&#8217;acquirente \u00e8 obbligato a tenere la merce rifiutata a disposizione nel luogo dell&#8217;ispezione per il controllo da parte nostra, del nostro fornitore o di esperti da noi incaricati.<br \/>\n(5) I reclami relativi al numero di pezzi, ai pesi e all&#8217;imballaggio della merce sono esclusi, a condizione che l&#8217;ordine del cliente in conformit\u00e0 al Para. (1) Manca la nota richiesta sulla bolla di consegna o sulla lettera di vettura o sulla ricevuta.<br \/>\nNon appena l&#8217;acquirente ha mescolato, riutilizzato o rivenduto la merce consegnata o ha iniziato a lavorarla, \u00e8 escluso da qualsiasi reclamo nella misura in cui riguarda circostanze che non sono conformi alle disposizioni del presente paragrafo.<br \/>\ne l&#8217;obbligo di notificare i difetti.<br \/>\n(6) Le merci che non vengono reclamate nella forma e nel tempo dovuti sono considerate approvate e accettate.<\/p>\n<p><strong>\u00a7 8 Responsabilit\u00e0<\/strong><\/p>\n<p>(1) Le richieste di risarcimento danni sono escluse indipendentemente dal tipo di violazione degli obblighi, compresi gli atti illeciti, tranne nel caso di dolo o colpa grave.<br \/>\n(2) In caso di violazione di obblighi contrattuali sostanziali, il venditore \u00e8 responsabile per qualsiasi negligenza, ma solo fino all&#8217;ammontare del danno prevedibile. Richieste di perdita di profitto, di spese risparmiate, di richieste di danni da parte di terzi cos\u00ec come di altri danni indiretti e consequenziali non possono essere richiesti, a meno che una caratteristica di qualit\u00e0 garantita dal venditore abbia lo scopo specifico di proteggere l&#8217;acquirente da tali danni.<br \/>\n(3) Le limitazioni e le esclusioni di responsabilit\u00e0 di cui ai paragrafi 1 e 2 non si applicano alle rivendicazioni che sono sorte a causa di un comportamento fraudolento da parte del venditore o, in caso di responsabilit\u00e0 per caratteristiche garantite, alle rivendicazioni ai sensi della legge sulla responsabilit\u00e0 del prodotto o ai danni derivanti da lesioni alla vita, al corpo o alla salute.<br \/>\n(4) Nella misura in cui la responsabilit\u00e0 del venditore \u00e8 esclusa o limitata, ci\u00f2 vale anche per i dipendenti, i rappresentanti e gli ausiliari del venditore.<\/p>\n<p><strong>\u00a7 9 Pagamento<\/strong><\/p>\n<p>(1) Le nostre richieste di prezzo d&#8217;acquisto sono in linea di principio &#8220;net cash&#8221; e devono essere pagate senza alcuna detrazione immediatamente al ricevimento della fattura e\/o alla notifica di disponibilit\u00e0 alla spedizione, a meno che non sia stato concordato per iscritto un diverso termine di pagamento.<br \/>\nSiamo autorizzati, nonostante qualsiasi disposizione contraria dell&#8217;acquirente, a compensare prima i pagamenti con i debiti pi\u00f9 vecchi dell&#8217;acquirente; informeremo l&#8217;acquirente del tipo di compensazione che ha avuto luogo.<br \/>\nSe i costi e gli interessi sono gi\u00e0 stati sostenuti, abbiamo il diritto di compensare il pagamento prima con i costi, poi con gli interessi e infine con il credito principale.<br \/>\n(2) Accettiamo cambiali o assegni solo sulla base di accordi speciali e sempre solo in pagamento. Le spese di sconto e di fattura sono a carico dell&#8217;acquirente e sono dovute immediatamente.<br \/>\n(3) Se l&#8217;importo della fattura non viene saldato entro un massimo di 10 giorni di calendario dalla data della fattura o entro l&#8217;altra data di scadenza, siamo autorizzati ad addebitare gli interessi di mora nell&#8217;importo provato, ma almeno l&#8217;8% sopra il tasso d&#8217;interesse di base della BCE, senza bisogno di un sollecito speciale.<br \/>\n(4) Se gli affari dell&#8217;acquirente non si svolgono pi\u00f9 in modo ordinato, in particolare se l&#8217;acquirente viene sequestrato, un assegno o una cambiale viene protestato o i pagamenti vengono sospesi, o se l&#8217;acquirente avvia una procedura di composizione giudiziale o extragiudiziale o un accordo che riguarda l&#8217;acquirente.<br \/>\nSe viene presentata una procedura fallimentare o se viene richiesta una procedura ai sensi del codice tedesco sull&#8217;insolvenza, siamo autorizzati a dichiarare immediatamente esigibili tutti i nostri crediti derivanti dal rapporto d&#8217;affari,<br \/>\nanche se abbiamo accettato cambiali o assegni.<br \/>\nLo stesso vale se l&#8217;acquirente \u00e8 inadempiente nei suoi pagamenti nei nostri confronti o se si viene a conoscenza di altre circostanze che rendono dubbia la sua affidabilit\u00e0 creditizia. Inoltre, in questo caso abbiamo il diritto di esigere pagamenti anticipati o garanzie o di recedere dal contratto.<br \/>\ndimettersi.<br \/>\n(5) L&#8217;acquirente ha diritto alla compensazione, alla ritenzione o alla riduzione solo se le contropretese da lui fatte valere in tal senso sono state legalmente stabilite o espressamente riconosciute da noi.<\/p>\n<p><strong>\u00a7 10 Conservazione del titolo<\/strong><\/p>\n<p>(1) La merce da noi consegnata rimane di nostra propriet\u00e0 fino a quando l&#8217;acquirente non ha saldato tutti i crediti derivanti dal rapporto d&#8217;affari &#8211; compresi i crediti di saldo dal conto corrente cos\u00ec come dal rifinanziamento o dalla cambiale.<br \/>\n(2) L&#8217;acquirente \u00e8 autorizzato a vendere la merce da noi consegnata nel corso dell&#8217;ordinaria amministrazione. Il diritto concesso in virt\u00f9 del presente documento si estingue in particolare nei casi menzionati sopra al \u00a7 9 (4). Inoltre, abbiamo il diritto di limitare il diritto di disposizione dell&#8217;acquirente attraverso<br \/>\ndichiarazione scritta se \u00e8 in mora con l&#8217;adempimento dei suoi obblighi nei nostri confronti e in particolare con i suoi pagamenti o se si conoscono altre circostanze che rendono dubbia la sua affidabilit\u00e0 creditizia.<br \/>\n(3) Le restrizioni del paragrafo precedente si applicano al diritto dell&#8217;acquirente di lavorare la merce da noi consegnata. (2) di conseguenza. Attraverso la lavorazione, l&#8217;acquirente non acquisisce la propriet\u00e0 degli oggetti interamente o parzialmente prodotti; la lavorazione viene eseguita gratuitamente esclusivamente per noi come produttore ai sensi del \u00a7 950 BGB. Se la nostra riserva di propriet\u00e0 dovesse tuttavia decadere a causa di qualsiasi circostanza, l&#8217;acquirente e noi concordiamo fin d&#8217;ora che la propriet\u00e0 degli oggetti passer\u00e0 a noi al momento della lavorazione, noi accetteremo il passaggio di propriet\u00e0 e l&#8217;acquirente rimarr\u00e0 il custode degli oggetti gratuitamente.<br \/>\n(4) Se la nostra merce riservata viene lavorata o mescolata in modo inseparabile con merce ancora di propriet\u00e0 di terzi, acquisiamo la compropriet\u00e0 dei nuovi articoli o delle scorte miste. L&#8217;entit\u00e0 della compropriet\u00e0 \u00e8 determinata dal rapporto tra il valore della fattura della merce fornita da noi e il valore della fattura della merce fornita da noi.<br \/>\nmerce con riserva di propriet\u00e0 al valore della fattura della merce rimanente.<br \/>\n(5) Merci in cui deteniamo un interesse ai sensi del \u00a7 5. del paragrafo precedente. (3) e (4) acquisiscono la propriet\u00e0 o la compropriet\u00e0, cos\u00ec come i diritti concessi a noi ai sensi dei \u00a7\u00a7 3 e 4. comma precedente. (1) le merci consegnate con riserva di propriet\u00e0, come beni soggetti a riserva di propriet\u00e0 ai sensi delle seguenti disposizioni.<br \/>\n(6) L&#8217;acquirente ci cede gi\u00e0 ora i crediti derivanti da una rivendita della merce riservata. I crediti di una rivendita includono anche il credito nei confronti della banca che ha aperto o confermato una lettera di credito a favore dell&#8217;acquirente (= rivenditore) nel contesto della rivendita. Con la presente accettiamo questo incarico.<br \/>\nSe la merce soggetta a riserva di propriet\u00e0 \u00e8 un prodotto lavorato o uno stock misto in cui, oltre alla merce da noi fornita, sono inclusi solo quegli oggetti che appartenevano all&#8217;acquirente o che gli sono stati consegnati da terzi solo sotto la cosiddetta riserva di propriet\u00e0 semplice, l&#8217;acquirente ci cede l&#8217;intero credito dalla rivendita della merce. Nell&#8217;altro caso, cio\u00e8 in caso di concorso di cessioni anticipate a noi e ad altri fornitori, avremo diritto a una frazione del ricavato della vendita secondo<br \/>\nil rapporto tra il valore della fattura delle nostre merci e il valore della fattura delle altre merci lavorate o miste.<br \/>\n(7) Nella misura in cui i nostri crediti nel loro complesso sono garantiti oltre il 125% dalle cessioni o dalle riserve sopra dichiarate, l&#8217;eccedenza degli importi in sospeso o della merce con riserva sar\u00e0 svincolata a nostra discrezione su richiesta dell&#8217;acquirente.<br \/>\n(8) L&#8217;acquirente \u00e8 autorizzato a riscuotere i debiti insoluti dalla rivendita della merce. Questo<br \/>\nL&#8217;autorizzazione all&#8217;addebito diretto decade se l&#8217;acquirente non si trova pi\u00f9 nel regolare svolgimento dell&#8217;attivit\u00e0 commerciale ai sensi della disposizione del \u00a7 9 (4). Inoltre, possiamo revocare l&#8217;autorizzazione all&#8217;incasso dell&#8217;acquirente se \u00e8 in ritardo con l&#8217;adempimento dei suoi obblighi nei nostri confronti, in particolare con i suoi pagamenti, o se altre circostanze<br \/>\nche fanno apparire dubbia la sua affidabilit\u00e0 creditizia. Se l&#8217;autorizzazione a riscuotere decade o \u00e8 revocata da noi, l&#8217;acquirente deve, su nostra richiesta, darci<br \/>\ninformarci immediatamente dei debitori dei crediti ceduti e fornirci le informazioni e i documenti necessari per la riscossione.<br \/>\n(9) In caso di accesso da parte di terzi alla nostra merce riservata o ai crediti in sospeso a noi ceduti, l&#8217;acquirente \u00e8 obbligato a segnalare la nostra propriet\u00e0\/nostro diritto e a comunicarci senza indugio<br \/>\nnotificare. I costi di un intervento sono a carico dell&#8217;acquirente.<br \/>\n(10) In caso di comportamento in violazione del contratto, in particolare in caso di ritardo nel pagamento, l&#8217;acquirente \u00e8 tenuto a consegnarci, alla nostra prima richiesta, la merce soggetta a riserva di propriet\u00e0 ancora in suo possesso e a cederci eventuali diritti di riscatto nei confronti di terzi in relazione alla merce soggetta a riserva di propriet\u00e0. La nostra ripresa o il sequestro della merce soggetta a riserva di propriet\u00e0 non costituisce un recesso dal contratto.<br \/>\n(11) Nei casi del \u00a7 9 (4) possiamo esigere dall&#8217;acquirente che ci paghi i costi derivanti dalla rivendita e che ci sono dovuti secondo il \u00a7 9 (4). \u00a7 10 (6) dei crediti ceduti a noi e ai loro debitori. Saremo quindi autorizzati a divulgare l&#8217;incarico a nostra discrezione.<\/p>\n<p><strong>\u00a7 11 Vuoti\/imballaggi<\/strong><\/p>\n<p>L&#8217;acquirente \u00e8 obbligato a restituirci i vuoti (eurocasse, pallet, contenitori ecc.) nello stesso tipo, quantit\u00e0 e valore che ha ricevuto ai fini della consegna. I vuoti devono essere restituiti in uno stato pulito in conformit\u00e0 con le norme igieniche. Se non \u00e8 possibile per l&#8217;acquirente restituirci la merce al momento della consegna della nostra merce, egli deve immediatamente e a sue spese assicurare che il conto dei vuoti sia bilanciato (obbligo di portare). Se l&#8217;acquirente \u00e8 inadempiente nella restituzione della merce vuota, possiamo rifiutarci di riprendere la merce dopo aver stabilito un periodo di grazia ragionevole e chiedere un risarcimento monetario all&#8217;acquirente.<\/p>\n<p><strong>\u00a7 12 Disposizioni finali<\/strong><\/p>\n<p>(1) Il luogo di adempimento per la consegna della merce \u00e8 il rispettivo luogo di destinazione.<br \/>\n(2) Nella misura in cui il partner contrattuale \u00e8 un commerciante o una persona giuridica di diritto pubblico o un fondo speciale di diritto pubblico, Berlino \u00e8 il foro esclusivo per tutte le controversie derivanti direttamente o indirettamente da questo rapporto contrattuale. In caso di competenza del tribunale locale, il tribunale locale di Pankow-Wei\u00dfensee a Berlino avr\u00e0 competenza esclusiva.<br \/>\n(3) Si applica il diritto della Repubblica Federale di Germania, ad esclusione di qualsiasi diritto internazionale applicabile. La validit\u00e0 del diritto di vendita internazionale (CISG &#8211; diritto di vendita delle Nazioni Unite) \u00e8 anche espressamente esclusa.<br \/>\n(4) L&#8217;invalidit\u00e0 di singole disposizioni delle presenti condizioni generali di vendita non pregiudica la validit\u00e0 delle restanti disposizioni. Le disposizioni inefficaci sono considerate sostituite da quelle efficaci che sono adatte a realizzare, per quanto possibile, lo scopo economico delle disposizioni omesse.<br \/>\nAbbiamo memorizzato i dati dell&#8217;acquirente in conformit\u00e0 con la legge sulla protezione dei dati.<\/p>\n<p>Berlino, febbraio 2021<\/p>\n<p>SICC Coatings GmbH<br \/>\nWackenbergstrasse 78-82<br \/>\n13156 Berlino \/ Germania[\/vc_column_text][vc_separator type=&#8221;transparent&#8221; border_style=&#8221;&#8221; up=&#8221;20&#8243; down=&#8221;0&#8243; icon_pack=&#8221;font_awesome&#8221;][vc_column_text]<\/p>\n<h2 class=\"\">DISCLAIMER<\/h2>\n<h3 class=\"\">Responsabilit\u00e0 per i contenuti<\/h3>\n<p class=\"hyp hyphenate\">I contenuti delle nostre pagine sono stati creati con la massima cura. Tuttavia, non possiamo assumere alcuna responsabilit\u00e0 per la correttezza, la completezza e l&#8217;attualit\u00e0 dei contenuti. Come fornitore di servizi, siamo responsabili del nostro contenuto su queste pagine in conformit\u00e0 con le leggi generali. Tuttavia, come fornitore di servizi, non siamo obbligati a monitorare le informazioni trasmesse o memorizzate da terzi o a indagare su circostanze che indicano attivit\u00e0 illegali. Gli obblighi di rimuovere o bloccare l&#8217;uso di informazioni in conformit\u00e0 con le leggi generali rimangono inalterati da questo. Tuttavia, la responsabilit\u00e0 in questo senso \u00e8 possibile solo dal momento della conoscenza di una violazione concreta. Se veniamo a conoscenza di tali violazioni, rimuoveremo immediatamente tali contenuti.<\/p>\n<h3>Responsabilit\u00e0 per i link<\/h3>\n<p class=\"hyp hyphenate\">La nostra offerta contiene link a siti web esterni di terzi, sui cui contenuti non abbiamo alcuna influenza. Pertanto, non possiamo assumere alcuna responsabilit\u00e0 per questi contenuti esterni. Il rispettivo fornitore o operatore delle pagine \u00e8 sempre responsabile del contenuto delle pagine collegate. Le pagine collegate sono state controllate per eventuali violazioni legali al momento del collegamento. I contenuti illegali non erano riconoscibili al momento del collegamento. Tuttavia, un controllo permanente dei contenuti delle pagine collegate non \u00e8 ragionevole senza indicazioni concrete di una violazione della legge. Se veniamo a conoscenza di violazioni della legge, rimuoveremo immediatamente tali link.<\/p>\n<h3>Copyright<\/h3>\n<p class=\"hyp hyphenate\">I contenuti e i lavori creati dagli operatori del sito su queste pagine sono soggetti al diritto d&#8217;autore tedesco. La riproduzione, l&#8217;editing, la distribuzione e qualsiasi tipo di utilizzo al di fuori dei limiti della legge sul copyright richiedono il consenso scritto del rispettivo autore o creatore. I download e le copie di questa pagina sono permessi solo per uso privato e non commerciale. Nella misura in cui il contenuto di questa pagina non \u00e8 stato creato dall&#8217;operatore, i diritti d&#8217;autore di terzi sono rispettati. In particolare, i contenuti di terzi sono identificati come tali. Se tuttavia dovesse venire a conoscenza di una violazione del copyright, la preghiamo di informarci. Se veniamo a conoscenza di violazioni, rimuoveremo immediatamente tali contenuti.<\/p>\n<h3>Crediti d&#8217;immagine<\/h3>\n<p class=\"hyp hyphenate\">Immagini proprie, Photodune.net, iStockphoto.com, \u00a9Kadmy &#8211; Fotolia.de<\/p>\n<h3>Piattaforma di risoluzione delle controversie online (Piattaforma ODR)<\/h3>\n<p class=\"hyp hyphenate\">La Commissione europea ha creato un sito web per la risoluzione delle controversie online tra imprenditori e consumatori (piattaforma ODR), a cui si pu\u00f2 accedere all&#8217;indirizzo <a href=\"http:\/\/ec.europa.eu\/consumers\/odr\/\" target=\"_blank\" rel=\"noopener noreferrer\">http:\/\/ec.europa.eu\/consumers\/odr\/<\/a>.<\/p>\n<p>[\/vc_column_text][\/vc_column][\/vc_row]<\/p>\n<\/div>","protected":false},"excerpt":{"rendered":"<p>[vc_row row_type=&#8221;row&#8221; use_row_as_full_screen_section=&#8221;no&#8221; type=&#8221;full_width&#8221; text_align=&#8221;left&#8221; background_animation=&#8221;none&#8221; padding_bottom=&#8221;45&#8243; css_animation=&#8221;&#8221;][vc_column][vc_column_text] AGB Condizioni generali di vendita di SICC Coatings GmbH &#8211; Berlino \/ Germania \u00a7 1 Generale (1) I seguenti termini e condizioni sono parte integrante del contratto concluso con noi. (2) Le nostre condizioni generali di vendita&#8230;<\/p>\n","protected":false},"author":1,"featured_media":0,"parent":42024,"menu_order":870,"comment_status":"closed","ping_status":"closed","template":"","meta":{"footnotes":""},"class_list":["post-42059","page","type-page","status-publish","hentry"],"_links":{"self":[{"href":"https:\/\/www.climatecoating.com\/it\/wp-json\/wp\/v2\/pages\/42059","targetHints":{"allow":["GET"]}}],"collection":[{"href":"https:\/\/www.climatecoating.com\/it\/wp-json\/wp\/v2\/pages"}],"about":[{"href":"https:\/\/www.climatecoating.com\/it\/wp-json\/wp\/v2\/types\/page"}],"author":[{"embeddable":true,"href":"https:\/\/www.climatecoating.com\/it\/wp-json\/wp\/v2\/users\/1"}],"replies":[{"embeddable":true,"href":"https:\/\/www.climatecoating.com\/it\/wp-json\/wp\/v2\/comments?post=42059"}],"version-history":[{"count":0,"href":"https:\/\/www.climatecoating.com\/it\/wp-json\/wp\/v2\/pages\/42059\/revisions"}],"up":[{"embeddable":true,"href":"https:\/\/www.climatecoating.com\/it\/wp-json\/wp\/v2\/pages\/42024"}],"wp:attachment":[{"href":"https:\/\/www.climatecoating.com\/it\/wp-json\/wp\/v2\/media?parent=42059"}],"curies":[{"name":"wp","href":"https:\/\/api.w.org\/{rel}","templated":true}]}}