{"id":42081,"date":"2022-03-29T19:08:13","date_gmt":"2022-03-29T17:08:13","guid":{"rendered":"https:\/\/www.climatecoating.com\/legale\/informativa-sulla-privacy-ue\/"},"modified":"2022-03-29T19:08:16","modified_gmt":"2022-03-29T17:08:16","slug":"informativa-sulla-privacy-ue","status":"publish","type":"page","link":"https:\/\/www.climatecoating.com\/it\/legale\/informativa-sulla-privacy-ue\/","title":{"rendered":"Informativa sulla privacy (UE)"},"content":{"rendered":"<div class=\"wpb-content-wrapper\"><p>[vc_row row_type=&#8221;row&#8221; use_row_as_full_screen_section=&#8221;no&#8221; type=&#8221;full_width&#8221; text_align=&#8221;left&#8221; background_animation=&#8221;none&#8221; css_animation=&#8221;&#8221;][vc_column][vc_column_text]<\/p>\n<h1>Informativa sulla privacy (UE)<\/h1>\n<p>\n<!-- Legal document generated by Complianz | GDPR\/CCPA Cookie Consent https:\/\/wordpress.org\/plugins\/complianz-gdpr -->\n<div id=\"cmplz-document\" class=\"cmplz-document privacy-statement cmplz-document-eu\"><p><i>Questa dichiarazione sulla privacy \u00e8 stata aggiornata l'ultima volta il 13 Gennaio 2026 e si applica ai cittadini e ai residenti permanenti legali dello Spazio Economico Europeo e della Svizzera.<\/i><br \/><br \/><\/p><p><p>In questa dichiarazione sulla privacy, spieghiamo cosa facciamo con i tuoi dati che otteniamo attraverso <a href=\"https:\/\/www.climatecoating.com\/it\/\">https:\/\/www.climatecoating.com\/it\/<\/a>. Ti consigliamo di leggere attentamente la dichiarazione. Durante l'elaborazione rispettiamo i requisiti della legislazione sulla privacy. Ci\u00f2 significa, tra le altre cose, che:<\/p><ul>\n                <li>comunichiamo chiaramente il motivo per il quale processiamo dati personali. Facciamo questo per mezzo di questa dichiarazione sulla privacy;<\/li>\n                <li>miriamo a limitare la raccolta di dati personali solo ai dati personali richiesti per scopi legittimi;<\/li>\n                <li>prima chiediamo il tuo esplicito consenso per processare i tuoi dati personali nei casi che richiedono il tuo consenso;<\/li>\n                <li>adottiamo misure di sicurezza appropriate per proteggere i tuoi dati personali e lo richiediamo anche da parti che elaborano dati personali per nostro conto;<\/li>\n                <li>rispettiamo il tuo diritto di accesso ai tuoi dati personali o di averli corretti o cancellati, su tua richiesta.<\/li>\n            <\/ul><p>Se hai domande o vuoi sapere esattamente quali dati conserviamo, contattaci.<\/p><\/p><h2>1. Scopo, dati e periodo di conservazione<\/h2>Possiamo raccogliere o ricevere informazioni personali per una serie di scopi legati alle nostre operazioni commerciali che possono includere quanto segue: (clicca per espandere)<details class=\"cmplz-dropdown dropdown-privacy-statement\"><summary><div><h3>1.1 Contatto - Tramite telefono, posta, email e\/o moduli web<\/h3><\/div><\/summary><p class=\"cmplz-subtitle\">Per questo scopo usiamo i seguenti dati:<\/p><p><ul><li>Un nome e cognome<\/li><li>Nome account o alias<\/li><li>Una casa oppure un differente indirizzo fisico, incluso nome della via e citt\u00e0<\/li><li>Un indirizzo email<\/li><li>Un numero di telefono<\/li><li>Indirizzo IP<\/li><li>Sesso<\/li><\/ul><\/p><p class=\"cmplz-subtitle\">La base con la quale processiamo i dati \u00e8:<\/p><p><a target=\"_blank\" rel=\"noopener noreferrer nofollow\" href=\"https:\/\/cookiedatabase.org\/legal-bases\/#consent\">Su disposizione del consenso.<\/a><\/p><p class=\"cmplz-subtitle\">Periodo di conservazione<\/p><p>Conserviamo questi dati fino al termine del servizio.<\/p><\/details><details class=\"cmplz-dropdown dropdown-privacy-statement\"><summary><div><h3>1.2 Pagamenti<\/h3><\/div><\/summary><p class=\"cmplz-subtitle\">Per questo scopo usiamo i seguenti dati:<\/p><p><ul><li>Un nome e cognome<\/li><li>Una casa oppure un differente indirizzo fisico, incluso nome della via e citt\u00e0<\/li><li>Un indirizzo email<\/li><li>Nome account o alias<\/li><li>Sesso<\/li><li>Indirizzo IP<\/li><li>Un numero di telefono<\/li><\/ul><\/p><p class=\"cmplz-subtitle\">La base con la quale processiamo i dati \u00e8:<\/p><p><a target=\"_blank\" rel=\"noopener noreferrer nofollow\" href=\"https:\/\/cookiedatabase.org\/legal-bases\/#consent\">Su disposizione del consenso.<\/a><\/p><p class=\"cmplz-subtitle\">Periodo di conservazione<\/p><p>Conserviamo questi dati fino al termine del servizio.<\/p><\/details><details class=\"cmplz-dropdown dropdown-privacy-statement\"><summary><div><h3>1.3 Registrazione account<\/h3><\/div><\/summary><p class=\"cmplz-subtitle\">Per questo scopo usiamo i seguenti dati:<\/p><p><ul><li>Un nome e cognome<\/li><li>Una casa oppure un differente indirizzo fisico, incluso nome della via e citt\u00e0<\/li><li>Un indirizzo email<\/li><li>Nome account o alias<\/li><li>Sesso<\/li><li>Indirizzo IP<\/li><li>Un numero di telefono<\/li><\/ul><\/p><p class=\"cmplz-subtitle\">La base con la quale processiamo i dati \u00e8:<\/p><p><a target=\"_blank\" rel=\"noopener noreferrer nofollow\" href=\"https:\/\/cookiedatabase.org\/legal-bases\/#consent\">Su disposizione del consenso.<\/a><\/p><p class=\"cmplz-subtitle\">Periodo di conservazione<\/p><p>Conserviamo questi dati fino al termine del servizio.<\/p><\/details><details class=\"cmplz-dropdown dropdown-privacy-statement\"><summary><div><h3>1.4 Per supportare servizi o prodotti che un cliente vogliono o hanno comprato<\/h3><\/div><\/summary><p class=\"cmplz-subtitle\">Per questo scopo usiamo i seguenti dati:<\/p><p><ul><li>Un nome e cognome<\/li><li>Nome account o alias<\/li><li>Una casa oppure un differente indirizzo fisico, incluso nome della via e citt\u00e0<\/li><li>Un indirizzo email<\/li><li>Un numero di telefono<\/li><li>Indirizzo IP<\/li><li>Data di nascita<\/li><li>Sesso<\/li><\/ul><\/p><p class=\"cmplz-subtitle\">La base con la quale processiamo i dati \u00e8:<\/p><p><a target=\"_blank\" rel=\"noopener noreferrer nofollow\" href=\"https:\/\/cookiedatabase.org\/legal-bases\/#consent\">Su disposizione del consenso.<\/a><\/p><p class=\"cmplz-subtitle\">Periodo di conservazione<\/p><p>Conserviamo questi dati fino al termine del servizio.<\/p><\/details><details class=\"cmplz-dropdown dropdown-privacy-statement\"><summary><div><h3>1.5 Per essere in grado di rispettare gli obblighi legali<\/h3><\/div><\/summary><p class=\"cmplz-subtitle\">Per questo scopo usiamo i seguenti dati:<\/p><p><ul><li>Un nome e cognome<\/li><li>Una casa oppure un differente indirizzo fisico, incluso nome della via e citt\u00e0<\/li><li>Un indirizzo email<\/li><li>Un numero di telefono<\/li><\/ul><\/p><p class=\"cmplz-subtitle\">La base con la quale processiamo i dati \u00e8:<\/p><p><a target=\"_blank\" rel=\"noopener noreferrer nofollow\" href=\"https:\/\/cookiedatabase.org\/legal-bases\/#consent\">Su disposizione del consenso.<\/a><\/p><p class=\"cmplz-subtitle\">Periodo di conservazione<\/p><p>Conserviamo questi dati fino al termine del servizio.<\/p><\/details><details class=\"cmplz-dropdown dropdown-privacy-statement\"><summary><div><h3>1.6 Recapiti<\/h3><\/div><\/summary><p class=\"cmplz-subtitle\">Per questo scopo usiamo i seguenti dati:<\/p><p><ul><li>Un nome e cognome<\/li><li>Una casa oppure un differente indirizzo fisico, incluso nome della via e citt\u00e0<\/li><li>Un indirizzo email<\/li><li>Nome account o alias<\/li><li>Sesso<\/li><li>Un numero di telefono<\/li><\/ul><\/p><p class=\"cmplz-subtitle\">La base con la quale processiamo i dati \u00e8:<\/p><p><a target=\"_blank\" rel=\"noopener noreferrer nofollow\" href=\"https:\/\/cookiedatabase.org\/legal-bases\/#consent\">Su disposizione del consenso.<\/a><\/p><p class=\"cmplz-subtitle\">Periodo di conservazione<\/p><p>Conserviamo questi dati fino al termine del servizio.<\/p><\/details><h2>2. Condivisione con altre parti<\/h2><p>Condividiamo o rilasciamo questi dati per i processori esclusivamente per i seguenti motivi:<\/p><p class=\"cmplz-subtitle\">Processori<\/p><p><b>Nome:<\/b>&nbsp;<br \/>\n            <b>Paese:<\/b>&nbsp;<br \/>\n            <b>Scopo:<\/b>&nbsp;<br \/>\n            <\/p><h2>3. Cookie<\/h2><p>Il nostro sito web usa cookie. Per ulteriori informazioni riguardo i cookie, per favore fai riferimento alla nostra <a href=\"https:\/\/www.climatecoating.com\/it\/legale\/direttiva-sui-cookie-ue\/\">Cookie Policy<\/a>.&nbsp;<\/p><h2>4. Pratiche di divulgazione<\/h2><p><p>Comunichiamo informazioni personali se ci viene richiesto dalla legge o da un ordine del tribunale, in risposta a un'autorit\u00e0 incaricata dell'applicazione della legge, nella misura consentita da altre disposizioni di legge, per fornire informazioni o per un'indagine su una questione relativa alla sicurezza pubblica.<\/p><p>Se il nostro sito Web o organizzazione viene rilevato, venduto o coinvolto in una fusione o acquisizione, i tuoi dati potrebbero essere divulgati ai nostri consulenti e a eventuali potenziali acquirenti e saranno trasmessi ai nuovi proprietari.<\/p><\/p><p>Abbiamo concluso un accordo di elaborazione dei dati con Google.<\/p><p>Google non pu\u00f2 utilizzare i dati per altri servizi di Google.<\/p><p>L'inclusione di indirizzi IP interi \u00e8 bloccato da noi.<\/p><h2>5. Sicurezza<\/h2><p>Ci impegniamo per la sicurezza dei dati personali. Prendiamo adeguate misure di sicurezza per limitare l'abuso e l'accesso non autorizzato ai dati personali. Ci\u00f2 garantisce che solo le persone necessarie abbiano accesso ai tuoi dati, che l'accesso ai dati sia protetto e che le nostre misure di sicurezza vengano regolarmente riviste.<\/p><h2>6. Siti web di terze parti<\/h2><p>Questa dichiarazione sulla privacy non si applica ai siti web di terzi collegati tramite link sul nostro sito web. Non possiamo garantire che queste terze parti gestiscano i vostri dati personali in modo affidabile e sicuro. Vi consigliamo di leggere le dichiarazioni sulla privacy di questi siti web prima di utilizzarli.<\/p><h2>7. Ammende riguardo questa dichiarazione della privacy<\/h2><p>Ci riserviamo il diritto di apportare modifiche alla presente dichiarazione sulla privacy. Si raccomanda di consultare regolarmente questa dichiarazione sulla privacy per essere a conoscenza di eventuali modifiche. Inoltre, ti informeremo attivamente laddove possibile.<\/p><h2>8. Accesso e modifica dei tuoi dati<\/h2><p>Se hai domande o vuoi sapere esattamente quali tuoi dati sono in nostro possesso, contattaci. Potrai contattarci usando le informazioni presenti qui sotto. Hai i seguenti diritti:<\/p><ul>\n                <li>Hai il diritto di sapere quando i tuoi dati personali sono necessari, cosa succede ad essi, quanto a lungo verranno mantenuti.<\/li>\n                <li>Diritto di accesso: hai il diritto ad accedere ai tuoi dati personali dei quali siamo a conoscenza.<\/li>\n                <li>Diritto di rettifica: hai il diritto di completare, correggere, cancellare o bloccare i tuoi dati personali quando lo desideri.<\/li>\n                <li>Se hai domande o problemi relativi al accessibilit\u00e0 del sito web, per favore non esitare a contattarci.<\/li>\n                <li>Diritto di trasferire i tuoi dati: hai il diritto di richiedere tutti i tuoi dati dal controllore e trasferirli tutti quanti ad un altro controllore.<\/li>\n                <li>Diritto di obiezione: hai il diritto di obiezione verso il processo dei tuoi dati. Noi rispetteremo questa scelta, a meno che non ci siano delle basi valide per il processo.<\/li>\n            <\/ul><p>Assicurati di segnalare sempre in modo chiaro chi sei, cos\u00ec da essere certi di non cancellare o modificare i dati di un una persona sbagliata.<\/p><h2>9. Invio di un reclamo<\/h2><p>Se non sei soddisfatto di come gestiamo (una lamentela su) il processo dei tuoi dati personali, hai il diritto di spedire un reclamo al Garante per la protezione dei dati personali.<\/p><h2>10. Responsabile della protezione dei dati<\/h2><p>Il nostro responsabile della protezione dei dati \u00e8 stato registrato presso l'autorit\u00e0 per la protezione dei dati in uno Stato membro dell'UE. Se hai domande o richieste rispetto a questa dichiarazione sulla privacy o per il responsabile della protezione dei dati, \u00e8 possibile contattare STR Rechtssicher.Org UG (haftungsbeschr\u00e4nkt), via https:\/\/www.rechtssicher.org o extdsb@rechtssicher.org o per telefono tramite +49 4537 701185<\/p><h2>11. Dettagli contatti<\/h2><p>SICC Coatings GmbH<br \/>\n        Wackenbergstra\u00dfe 78 \u2013 82<br \/>\r\nDE-13156 Berlin<br \/>\n        Germania<br \/>\n        Sito web: <a href=\"https:\/\/www.climatecoating.com\/it\/\">https:\/\/www.climatecoating.com\/it\/<\/a> <br \/>\n        Email: <span class=\"cmplz-obfuscate\">in&#102;o@<span class=\"cmplz-fmail-domain\">&#101;x.&#099;&#111;m<\/span>&#115;&#105;&#099;&#099;.de<\/span> <br \/>\n        Numero di telefono: +49 (0) 30 \/ 50 01 96-0<\/p><h2>Annesso<\/h2><p><h3>WPML<\/h3>\r\nWPML verwendet Cookies zur Feststellung der aktuellen Sprache des Besuchers, der zuletzt besuchten Sprache und der Sprache der Benutzer, die sich eingeloggt haben.\r\n\r\nW\u00e4hrend Sie das Plugin verwenden, wird WPML die Daten bez\u00fcglich der Seite \u00fcber den Installer teilen. Dabei werden keine Daten vom Benutzer selbst geteilt.\r\n<h3>WooCommerce<\/h3>\r\n<div class=\"wp-suggested-text\">\r\n<p class=\"privacy-policy-tutorial\">Dieses Beispiel zeigt grundlegende Informationen dar\u00fcber, welche personenbezogenen Daten dein Shop erfassen, speichern und weitergeben sowie wer Zugriff auf diese Daten haben k\u00f6nnte. Abh\u00e4ngig von den aktivierten Einstellungen und den zus\u00e4tzlich genutzten Plugins werden sich die spezifischen Informationen unterscheiden, die dein Shop nutzt. Wir empfehlen eine Rechtsberatung, um zu kl\u00e4ren, welche Informationen deine Datenschutzerkl\u00e4rung enthalten sollte.<\/p>\r\nWir sammeln Informationen \u00fcber Dich w\u00e4hrend des Bestellvorgangs in unserem Shop.\r\n<h2>Was wir sammeln und speichern<\/h2>\r\nW\u00e4hrend du unsere Website besuchst, zeichnen wir auf:\r\n<ul>\r\n \t<li>Angesehene Produkte: Hier zeigen wir dir Produkte, die du vor Kurzem angesehen hast.<\/li>\r\n \t<li>Standort, IP-Adresse und Browser-Typ: Wir verwenden dies f\u00fcr Zwecke wie die Sch\u00e4tzung von Steuern und Versandkosten<\/li>\r\n \t<li>Versandadresse: Wir werden dich auffordern, diese anzugeben, um beispielsweise die Versandkosten bestimmen zu k\u00f6nnen, bevor du eine Bestellung aufgibst, und dir die Bestellung zusenden zu k\u00f6nnen.<\/li>\r\n<\/ul>\r\nWir nutzen auch Cookies, um den Inhalt deines Warenkorbs zu verfolgen, w\u00e4hrend du unsere Website besuchst.\r\n<p class=\"privacy-policy-tutorial\">Hinweis: Du solltest deine Cookie-Richtlinie mit weiteren Details erg\u00e4nzen und hier einen Link zu diesem Bereich setzen.<\/p>\r\nWenn du bei uns einkaufst, werden wir dich auffordern, Informationen wie deinen Namen, deine Rechnungs- und Versandadresse, deine E-Mail-Adresse und deine Telefonnummer, Kreditkartendaten\/Zahlungsdetails sowie optionale Kontoinformationen wie Benutzername und Kennwort anzugeben. Wir nutzen diese Informationen f\u00fcr folgende Zwecke:\r\n<ul>\r\n \t<li>Zusenden von Informationen \u00fcber dein Konto und Bestellung<\/li>\r\n \t<li>Antwort auf deine Anfragen, inklusive Erstattungen und Beschwerden<\/li>\r\n \t<li>Bearbeitung von Zahlungsvorg\u00e4ngen und Verhinderung von Betrug<\/li>\r\n \t<li>Richten Sie Ihr Konto f\u00fcr unseren Shop ein<\/li>\r\n \t<li>Einhaltung aller rechtlichen Verpflichtungen, beispielsweise die Steuerberechnung<\/li>\r\n \t<li>Verbesserung unsere Shop-Angebote<\/li>\r\n \t<li>Senden von Marketing-Nachrichten, wenn du diese erhalten m\u00f6chtest<\/li>\r\n<\/ul>\r\nWenn du ein Konto bei uns erstellst, speichern wir deinen Namen, deine Adresse, deine E-Mail-Adresse und deine Telefonnummer. Diese Angaben werden bei k\u00fcnftigen Bestellungen zum Ausf\u00fcllen der Bezahlinformationen verwendet.\r\n\r\nWir speichern Informationen \u00fcber dich \u00fcblicherweise so lange, wie wir sie f\u00fcr den Zweck der Erfassung und Nutzung ben\u00f6tigen und verpflichtet sind, sie zu speichern. Beispielsweise speichern wir Bestellinformationen f\u00fcr XXX\u00a0Jahre aus Steuer- und Abrechnungsgr\u00fcnden. Dazu geh\u00f6rt dein Name, deine E-Mail-Adresse sowie deine Rechnungs- und Versandadresse.\r\n\r\nWir speichern auch Kommentare oder Bewertungen, wenn du dich dazu entscheidest diese zu hinterlassen.\r\n<h2>Wer aus unserem Team hat Zugang<\/h2>\r\nMitglieder unseres Teams haben Zugang zu den Informationen, die du uns zur Verf\u00fcgung stellst. Zum Beispiel k\u00f6nnen sowohl Administratoren als auch Shop-Manager auf Folgendes zugreifen:\r\n<ul>\r\n \t<li>Bestellinformationen wie gekaufte Produkte, der Zeitpunkt des Kaufs sowie die Versandadresse und<\/li>\r\n \t<li>Kundeninformationen wie dein Name, E-Mail-Adresse, sowie Rechnungs- und Versandinformationen.<\/li>\r\n<\/ul>\r\nUnsere Teammitglieder haben Zugriff auf diese Informationen, um Bestellungen zu bearbeiten, R\u00fcckerstattungen vorzunehmen und Dich zu unterst\u00fctzen.\r\n<h2>Was wir mit anderen teilen<\/h2>\r\n<p class=\"privacy-policy-tutorial\">In diesem Bereich solltest du auff\u00fchren, an wen und zu welchem Zweck du Daten weitergibst. Dies kann unter anderem Analysen, Marketing, Zahlungs-Gateways, Versandanbieter und Drittanbieter-Elemente umfassen.<\/p>\r\nWir teilen Informationen mit Dritten, die uns helfen, Ihnen unsere Bestellungen und Dienstleistungen anzubieten. Beispielsweise --\r\n<h3>Zahlungen<\/h3>\r\n<p class=\"privacy-policy-tutorial\">In diesem Unterbereich solltest du auflisten, welche externen Zahlungsabwickler die Zahlungen in deinem Shop verarbeiten, da diese Kundendaten verarbeiten k\u00f6nnen. Wir verwenden PayPal als Beispiel, wenn du PayPal aber nicht nutzt, solltest du dies entfernen.<\/p>\r\nWir akzeptieren Zahlungen mit PayPal. Bei der Zahlungsabwicklung werden einige deiner Daten an PayPal weitergegeben. Hierbei werden ausschlie\u00dflich erforderliche Informationen f\u00fcr die Verarbeitung oder Durchf\u00fchrung der Zahlung weitergegeben wie beispielsweise Gesamtkaufpreis und Zahlungsinformationen.\r\n\r\nHier kannst du dir die <a href=\"https:\/\/www.paypal.com\/us\/webapps\/mpp\/ua\/privacy-full\">PayPal Datenschutzerkl\u00e4rung<\/a> ansehen.\r\n\r\n<\/div>\r\n<h3>WPML Media Translation<\/h3>\r\nWPML Media Translation wird die E-Mail-Adresse und den Namen jedes Managers, des zugeteilten \u00dcbersetzers sowie den Inhalt selbst an den erweiterten Translation Editor und die beauftragten \u00dcbersetzungsdienste senden.\r\n<h3>WooCommerce Multilingual<\/h3>\r\nWooCommerce Multilingual verwendet Cookies, um bei der Nutzung von Sprachen in Domains die Infos im Einkaufswagen zu verstehen und um Daten zwischen den Domains zu \u00fcbertragen.\r\n\r\nWooCommerce Multilingual verwendet au\u00dferdem Cookies, um die Sprache und W\u00e4hrung der jeweiligen Kundenbestellung zu identifizieren, sowie die Sprache der Berichte, die von WooCommerce erstellt werden. WooCommerce Multilingual erweitert diese Berichte, indem es Informationen zur W\u00e4hrung hinzuf\u00fcgt.\r\n<h3>WPML Translation Management<\/h3>\r\nWPML Translation Management wird die E-Mail-Adresse und den Namen jedes Managers sowie des zugeordneten \u00dcbersetzers und den Inhalt selbst an den erweiterten Translation Editor und die eingesetzten \u00dcbersetzungsdienste senden.\r\n<h3>WPML String Translation<\/h3>\r\nWPML String Translation wird alle Strings an WPMLs erweiterten Translation Editor und an die eingesetzten \u00dcbersetzungsdienste senden.\r\n<h3>Really Simple SSL<\/h3>\r\nReally Simple SSL und Really Simple SSL Add-ons verarbeiten keine personenbezogenen Daten, so dass die DSGVO bei diesen Plugins oder die Benutzung dieser Plugins auf deiner Website keine Anwendung findet. Du findest unsere Datenschutzerkl\u00e4rung <a href=\"https:\/\/really-simple-ssl.com\/privacy-statement\/\" target=\"_blank\" rel=\"noopener\">hier<\/a>.<\/p><\/div>[\/vc_column_text][\/vc_column][\/vc_row]<\/p>\n<\/div>","protected":false},"excerpt":{"rendered":"<p>[vc_row row_type=&#8221;row&#8221; use_row_as_full_screen_section=&#8221;no&#8221; type=&#8221;full_width&#8221; text_align=&#8221;left&#8221; background_animation=&#8221;none&#8221; css_animation=&#8221;&#8221;][vc_column][vc_column_text] Informativa sulla privacy (UE) [\/vc_column_text][\/vc_column][\/vc_row]<\/p>\n","protected":false},"author":1,"featured_media":0,"parent":42024,"menu_order":820,"comment_status":"closed","ping_status":"closed","template":"","meta":{"footnotes":""},"class_list":["post-42081","page","type-page","status-publish","hentry"],"_links":{"self":[{"href":"https:\/\/www.climatecoating.com\/it\/wp-json\/wp\/v2\/pages\/42081","targetHints":{"allow":["GET"]}}],"collection":[{"href":"https:\/\/www.climatecoating.com\/it\/wp-json\/wp\/v2\/pages"}],"about":[{"href":"https:\/\/www.climatecoating.com\/it\/wp-json\/wp\/v2\/types\/page"}],"author":[{"embeddable":true,"href":"https:\/\/www.climatecoating.com\/it\/wp-json\/wp\/v2\/users\/1"}],"replies":[{"embeddable":true,"href":"https:\/\/www.climatecoating.com\/it\/wp-json\/wp\/v2\/comments?post=42081"}],"version-history":[{"count":0,"href":"https:\/\/www.climatecoating.com\/it\/wp-json\/wp\/v2\/pages\/42081\/revisions"}],"up":[{"embeddable":true,"href":"https:\/\/www.climatecoating.com\/it\/wp-json\/wp\/v2\/pages\/42024"}],"wp:attachment":[{"href":"https:\/\/www.climatecoating.com\/it\/wp-json\/wp\/v2\/media?parent=42081"}],"curies":[{"name":"wp","href":"https:\/\/api.w.org\/{rel}","templated":true}]}}