{"id":42091,"date":"2022-03-30T08:51:53","date_gmt":"2022-03-30T06:51:53","guid":{"rendered":"https:\/\/www.climatecoating.com\/aree-di-applicazione\/raffreddamento-e-riduzione-dei-costi-di-raffreddamento\/"},"modified":"2022-03-30T08:52:08","modified_gmt":"2022-03-30T06:52:08","slug":"raffreddamento-e-riduzione-dei-costi-di-raffreddamento","status":"publish","type":"page","link":"https:\/\/www.climatecoating.com\/it\/aree-di-applicazione\/raffreddamento-e-riduzione-dei-costi-di-raffreddamento\/","title":{"rendered":"Raffreddamento e riduzione dei costi di raffreddamento"},"content":{"rendered":"<div class=\"wpb-content-wrapper\"><p>[vc_row row_type=&#8221;row&#8221; use_row_as_full_screen_section=&#8221;no&#8221; type=&#8221;full_width&#8221; text_align=&#8221;left&#8221; background_animation=&#8221;none&#8221; padding_bottom=&#8221;45&#8243; css_animation=&#8221;&#8221;][vc_column][vc_column_text css=&#8221;.vc_custom_1605177899210{padding-bottom: 30px !important;}&#8221;]<\/p>\n<h1>Raffreddamento e riduzione dei costi di raffreddamento<\/h1>\n<p>[\/vc_column_text][vc_single_image image=&#8221;40952&#8243; img_size=&#8221;full&#8221; qode_css_animation=&#8221;&#8221; css=&#8221;.vc_custom_1603351461583{padding-bottom: 30px !important;}&#8221;][\/vc_column][\/vc_row][vc_row row_type=&#8221;row&#8221; use_row_as_full_screen_section=&#8221;no&#8221; type=&#8221;full_width&#8221; text_align=&#8221;left&#8221; background_animation=&#8221;none&#8221; padding_bottom=&#8221;45&#8243; css_animation=&#8221;&#8221; el_class=&#8221;reverse_order&#8221;][vc_column width=&#8221;1\/4&#8243;]<div class=\"ult_row_spacer\"><div class=\"ult-sticky-anchor\"><div class=\"ult-sticky-section ult-sticky \"  data-gutter= '100' data-stick_behaviour= 'stick_with_scroll_row'  data-sticky_position= 'top' data-mobile='no' data-support='no'>[vc_raw_html]PGRpdiBpZD0ibGVmdG1lbnUiPgo8dWwgY2xhc3M9InN1Yi1tZW51IHN1Yi1tZW51c21hbGwiPgoJPGxpIGlkPSJtZW51LWl0ZW0tMjI4NzIiIGNsYXNzPSJtZW51LWl0ZW0gbWVudS1pdGVtLXR5cGUtcG9zdF90eXBlIG1lbnUtaXRlbS1vYmplY3QtcGFnZSBjbXctbGV2ZWwtMiBtZW51LWl0ZW0tMjI4NzIiPjxhIGhyZWY9IiMxIj5BbHRpIHZhbG9yaSBkaSByaWZsZXNzaW9uZSAtIHF1YXNpIGNvbWUgbGEgbmV2ZTwvYT48L2xpPgoJPGxpIGlkPSJtZW51LWl0ZW0tMjI4NzUiIGNsYXNzPSJtZW51LWl0ZW0gbWVudS1pdGVtLXR5cGUtcG9zdF90eXBlIG1lbnUtaXRlbS1vYmplY3QtcGFnZSBjbXctbGV2ZWwtMiBtZW51LWl0ZW0tMjI4NzUiPjxhIGhyZWY9IiMyIj5SaWR1emlvbmUgZGVpIGNvc3RpIGF0dHJhdmVyc28gbGEgY2xpbWF0aXp6YXppb25lIHBhc3NpdmE8L2E+PC9saT4KCTxsaSBpZD0ibWVudS1pdGVtLTIyODc5IiBjbGFzcz0ibWVudS1pdGVtIG1lbnUtaXRlbS10eXBlLXBvc3RfdHlwZSBtZW51LWl0ZW0tb2JqZWN0LXBhZ2UgY213LWxldmVsLTIgbWVudS1pdGVtLTIyODc5Ij48YSBocmVmPSIjMyI+TWFnZ2lvcmUgZHVyYXRhIGRlbGxhIHN0cnV0dHVyYSBkZWwgdGV0dG88L2E+PC9saT4KPC91bD4KPC9kaXY+[\/vc_raw_html]<\/div><div class=\"ult-space\"><\/div><\/div><\/div>[\/vc_column][vc_column width=&#8221;3\/4&#8243;][vc_raw_html]PGEgY2xhc3M9ImFuY2hvciIgbmFtZT0iMSI+PC9hPg==[\/vc_raw_html][vc_separator type=&#8221;normal&#8221; border_style=&#8221;&#8221; down=&#8221;30&#8243;][vc_column_text css=&#8221;.vc_custom_1603884116230{padding-bottom: 30px !important;}&#8221;]<\/p>\n<h2>Alti valori di riflessione &#8211; quasi come la neve<\/h2>\n<p>Il rivestimento del tetto ThermoActive \u00e8 in grado di riflettere oltre il 91% della luce solare. Questo \u00e8 un valore di picco dimostrato. La neve pura riflette il 100% della luce solare.[\/vc_column_text][vc_raw_html]PGEgY2xhc3M9ImFuY2hvciIgbmFtZT0iMiI+PC9hPg==[\/vc_raw_html][vc_separator type=&#8221;normal&#8221; border_style=&#8221;&#8221; down=&#8221;30&#8243;][vc_column_text css=&#8221;.vc_custom_1603884147764{padding-bottom: 30px !important;}&#8221;]<\/p>\n<h2>Riduzione dei costi attraverso la climatizzazione passiva<\/h2>\n<p>Il rivestimento riflettente ThermoActive assorbe l&#8217;umidit\u00e0 che evapora dalla luce del sole e si raffredda. Il tetto non deve necessariamente essere rivestito di bianco. Con le tonalit\u00e0 pi\u00f9 scure si ottengono anche capacit\u00e0 di raffreddamento relativamente alte attraverso l&#8217;evaporazione. Cos\u00ec<br \/>\nil consumo di energia per il raffreddamento pu\u00f2 essere ridotto in ogni caso e un contributo alla riduzione di CO2.[\/vc_column_text][vc_raw_html]PGEgY2xhc3M9ImFuY2hvciIgbmFtZT0iMyI+PC9hPg==[\/vc_raw_html][vc_separator type=&#8221;normal&#8221; border_style=&#8221;&#8221; down=&#8221;30&#8243;][vc_column_text css=&#8221;.vc_custom_1603884182317{padding-bottom: 30px !important;}&#8221;]<\/p>\n<h2>Maggiore durata della struttura del tetto<\/h2>\n<p>L&#8217;eccellente elasticit\u00e0 di ThermoActive permette di superare senza problemi le transizioni di materiale e questo a temperature da -40\u00b0C a +150\u00b0C. Il tetto rimane impermeabile.<br \/>\nIl rivestimento \u00e8 molto robusto e insensibile alle influenze ambientali come acidi, alcali, ozono, ossidi di azoto e di zolfo. Inoltre, il rivestimento \u00e8 estremamente resistente ai raggi UV. Nessun infragilimento, nessuno sfaldamento della vernice, nessun invecchiamento e questo a lungo termine.<\/p>\n<p>Tutto insieme, questo prolunga la vita della struttura del tetto e riduce i costi di manutenzione.<\/p>\n<p><strong>Volete saperne di pi\u00f9?<\/strong><br \/>\n<a href=\"https:\/\/www.climatecoating.com\/it\/contatta\/\"><strong>Mettetevi in contatto!<\/strong><\/a>[\/vc_column_text][vc_video link=&#8221;https:\/\/www.youtube.com\/watch?v=Lilz-969SIo&#8221;][\/vc_column][\/vc_row][vc_row row_type=&#8221;row&#8221; use_row_as_full_screen_section=&#8221;no&#8221; type=&#8221;full_width&#8221; text_align=&#8221;left&#8221; background_animation=&#8221;none&#8221; css_animation=&#8221;&#8221;][vc_column][vc_column_text]<\/p>\n<h3>Prodotti<\/h3>\n<p>[\/vc_column_text][vc_separator type=&#8221;small&#8221; position=&#8221;left&#8221; border_style=&#8221;&#8221; up=&#8221;18&#8243; down=&#8221;20&#8243; color=&#8221;#d6202d&#8221;]<div class=\"woocommerce columns-4 \"><ul class=\"products columns-4 clearfix default\">        <li class=\"product type-product post-41990 status-publish first instock product_cat-costruire-e-vivere product_cat-fuori product_cat-aree-di-applicazione product_cat-industria-alimentare product_cat-industria-manifatturiera product_cat-edifici-pubblici product_cat-agricoltura-e-zootecnia has-post-thumbnail taxable shipping-taxable purchasable product-type-variable\">\n\n                        <div class=\"top-product-section\">\n\n                <a class=\"product_list_thumb_link\" href=\"https:\/\/www.climatecoating.com\/it\/produkt\/thermoactive\/\">\n                    <span class=\"image-wrapper\">\n                    <img loading=\"lazy\" decoding=\"async\" width=\"300\" height=\"300\" src=\"https:\/\/www.climatecoating.com\/wp-content\/uploads\/2025\/10\/12L500ml_THERMOACTIVE_m_frei-2-3-300x300.png\" class=\"attachment-woocommerce_thumbnail size-woocommerce_thumbnail\" alt=\"Rivestimento per tetti rinfrescanti ThermoActive contro il calore, contenitore da 12,5 litri\" srcset=\"https:\/\/www.climatecoating.com\/wp-content\/uploads\/2025\/10\/12L500ml_THERMOACTIVE_m_frei-2-3-300x300.png 300w, https:\/\/www.climatecoating.com\/wp-content\/uploads\/2025\/10\/12L500ml_THERMOACTIVE_m_frei-2-3-100x100.png 100w, https:\/\/www.climatecoating.com\/wp-content\/uploads\/2025\/10\/12L500ml_THERMOACTIVE_m_frei-2-3-600x600.png 600w, https:\/\/www.climatecoating.com\/wp-content\/uploads\/2025\/10\/12L500ml_THERMOACTIVE_m_frei-2-3-1024x1024.png 1024w, https:\/\/www.climatecoating.com\/wp-content\/uploads\/2025\/10\/12L500ml_THERMOACTIVE_m_frei-2-3-150x150.png 150w, https:\/\/www.climatecoating.com\/wp-content\/uploads\/2025\/10\/12L500ml_THERMOACTIVE_m_frei-2-3-768x768.png 768w, https:\/\/www.climatecoating.com\/wp-content\/uploads\/2025\/10\/12L500ml_THERMOACTIVE_m_frei-2-3-1536x1536.png 1536w, https:\/\/www.climatecoating.com\/wp-content\/uploads\/2025\/10\/12L500ml_THERMOACTIVE_m_frei-2-3-550x550.png 550w, https:\/\/www.climatecoating.com\/wp-content\/uploads\/2025\/10\/12L500ml_THERMOACTIVE_m_frei-2-3-500x500.png 500w, https:\/\/www.climatecoating.com\/wp-content\/uploads\/2025\/10\/12L500ml_THERMOACTIVE_m_frei-2-3-1000x1000.png 1000w, https:\/\/www.climatecoating.com\/wp-content\/uploads\/2025\/10\/12L500ml_THERMOACTIVE_m_frei-2-3-700x700.png 700w, https:\/\/www.climatecoating.com\/wp-content\/uploads\/2025\/10\/12L500ml_THERMOACTIVE_m_frei-2-3-1100x1100.png 1100w, https:\/\/www.climatecoating.com\/wp-content\/uploads\/2025\/10\/12L500ml_THERMOACTIVE_m_frei-2-3.png 1920w\" sizes=\"auto, (max-width: 300px) 100vw, 300px\" \/>                    <\/span>\n                <\/a>\n\n                <div class=\"add-to-cart-button-outer\"><div class=\"add-to-cart-button-inner\"><div class=\"add-to-cart-button-inner2\"><a href=\"https:\/\/www.climatecoating.com\/it\/produkt\/thermoactive\/\" aria-describedby=\"woocommerce_loop_add_to_cart_link_describedby_41990\" data-quantity=\"1\" class=\"qbutton add-to-cart-button button product_type_variable add_to_cart_button\" data-product_id=\"41990\" data-product_sku=\"\" aria-label=\"Seleziona le opzioni per &ldquo;ThermoActive&rdquo;\" rel=\"nofollow\">Optionen w\u00e4hlen<\/a><\/div><\/div><\/div>\t<span id=\"woocommerce_loop_add_to_cart_link_describedby_41990\" class=\"screen-reader-text\">\n\t\tQuesto prodotto ha pi\u00f9 varianti. Le opzioni possono essere scelte nella pagina del prodotto\t<\/span>\n\n            <\/div>\n\n            <div class=\"product_info_box\">\n\t            <span class=\"product-categories\"><a href=\"https:\/\/www.climatecoating.com\/it\/aree-di-applicazione\/costruire-e-vivere\/\" rel=\"tag\">Costruire e vivere<\/a>, <a href=\"https:\/\/www.climatecoating.com\/it\/prodotti\/fuori\/\" rel=\"tag\">Fuori<\/a>, <a href=\"https:\/\/www.climatecoating.com\/it\/aree-di-applicazione\/\" rel=\"tag\">Aree di applicazione<\/a>, <a href=\"https:\/\/www.climatecoating.com\/it\/aree-di-applicazione\/industria-alimentare\/\" rel=\"tag\">Industria alimentare<\/a>, <a href=\"https:\/\/www.climatecoating.com\/it\/aree-di-applicazione\/industria-manifatturiera\/\" rel=\"tag\">Industria manifatturiera<\/a>, <a href=\"https:\/\/www.climatecoating.com\/it\/aree-di-applicazione\/edifici-pubblici\/\" rel=\"tag\">Edifici pubblici<\/a>, <a href=\"https:\/\/www.climatecoating.com\/it\/aree-di-applicazione\/agricoltura-e-zootecnia\/\" rel=\"tag\">Agricoltura e zootecnia<\/a><\/span>\n                <a href=\"https:\/\/www.climatecoating.com\/it\/produkt\/thermoactive\/\" class=\"product-category\">\n                    <span class=\"product-title\">ThermoActive<\/span>\n\n                    \n\n\t<span class=\"price\">ab <span class=\"woocommerce-Price-amount amount\"><bdi>117,95&nbsp;<span class=\"woocommerce-Price-currencySymbol\">&euro;<\/span><\/bdi><\/span><\/span>\n\n\t<p class=\"price price-unit smaller wc-gzd-additional-info wc-gzd-additional-info-loop\"><span class=\"woocommerce-Price-amount amount\">23,59&nbsp;<span class=\"woocommerce-Price-currencySymbol\">&euro;<\/span><\/span> \/  <span class=\"unit\">l<\/span><\/p>\n\n                <\/a>\n            <\/div>\n\n            \n\t<p class=\"wc-gzd-additional-info wc-gzd-additional-info-loop tax-info\">incl. VAT<\/p>\n\n\t<p class=\"wc-gzd-additional-info wc-gzd-additional-info-loop shipping-costs-info\">zzgl. <a href=\"https:\/\/www.climatecoating.com\/shop\/versand\/\" target=\"_blank\">Versandkosten<\/a><\/p>\n\n\n\t<p class=\"wc-gzd-additional-info wc-gzd-additional-info-loop product-units-wrapper product-units\">Produkt enth\u00e4lt: 5 <span class=\"unit\">l<\/span> &ndash; 12,5 <span class=\"unit\">l<\/span> <\/p>\n<div class=\"add-to-cart-button-outer\"><div class=\"add-to-cart-button-inner\"><div class=\"add-to-cart-button-inner2\"><a href=\"https:\/\/www.climatecoating.com\/it\/produkt\/thermoactive\/\" aria-describedby=\"woocommerce_loop_add_to_cart_link_describedby_41990\" data-quantity=\"1\" class=\"qbutton add-to-cart-button button product_type_variable add_to_cart_button\" data-product_id=\"41990\" data-product_sku=\"\" aria-label=\"Seleziona le opzioni per &ldquo;ThermoActive&rdquo;\" rel=\"nofollow\">Optionen w\u00e4hlen<\/a><\/div><\/div><\/div>\t<span id=\"woocommerce_loop_add_to_cart_link_describedby_41990\" class=\"screen-reader-text\">\n\t\tQuesto prodotto ha pi\u00f9 varianti. Le opzioni possono essere scelte nella pagina del prodotto\t<\/span>\n        <\/li>\n\n        <\/ul>\n<\/div>[\/vc_column][\/vc_row][vc_row row_type=&#8221;row&#8221; use_row_as_full_screen_section=&#8221;no&#8221; type=&#8221;full_width&#8221; text_align=&#8221;left&#8221; background_animation=&#8221;none&#8221; css_animation=&#8221;&#8221; css=&#8221;.vc_custom_1605014654715{padding-bottom: 30px !important;}&#8221;][vc_column][vc_column_text]<\/p>\n<h3>Riferimenti<\/h3>\n<p>[\/vc_column_text][vc_separator type=&#8221;small&#8221; position=&#8221;left&#8221; border_style=&#8221;&#8221; up=&#8221;18&#8243; down=&#8221;20&#8243; color=&#8221;#d6202d&#8221;]<div class='projects_holder_outer v4 portfolio_with_space portfolio_standard  qode-filter-position-top'>\n\t    \t<div class='projects_holder clearfix v4 standard portfolio_default_image '>\n\t\t<article class=\"mix portfolio_category_2585\">\n    <div class='image_holder default_hover'>\n        \n<span class='image'><img loading=\"lazy\" decoding=\"async\" width=\"550\" height=\"498\" src=\"https:\/\/www.climatecoating.com\/wp-content\/uploads\/2020\/07\/Wohnhaus-in-Beringe-NL_03-550x498.jpg\" class=\"attachment-portfolio-default size-portfolio-default wp-post-image\" alt=\"Casa residenziale in Beringe NL 03\" srcset=\"https:\/\/www.climatecoating.com\/wp-content\/uploads\/2020\/07\/Wohnhaus-in-Beringe-NL_03-550x498.jpg 550w, https:\/\/www.climatecoating.com\/wp-content\/uploads\/2020\/07\/Wohnhaus-in-Beringe-NL_03-480x434.jpg 480w, https:\/\/www.climatecoating.com\/wp-content\/uploads\/2020\/07\/Wohnhaus-in-Beringe-NL_03-125x112.jpg 125w\" sizes=\"auto, (max-width: 550px) 100vw, 550px\" \/><\/span>\n                    <a class='portfolio_link_class' href='https:\/\/www.climatecoating.com\/it\/riferimenti\/riferimenti\/casa-residenziale-a-beringe-nl\/' target='_self'><\/a>\n\t\t\n        <div class=\"portfolio_shader\"><\/div>\n\t\t<div class=\"icons_holder\">\n\t<div class=\"icons_holder_inner\">\n\t\t\t\t\t<a class='portfolio_lightbox' title='Raffreddamento e riduzione dei costi di raffreddamento' href='https:\/\/www.climatecoating.com\/wp-content\/uploads\/2020\/07\/Wohnhaus-in-Beringe-NL_03.jpg' data-rel='prettyPhoto[pretty_photo_gallery]'><\/a>\n\t\t\t\t\t<\/div>\n<\/div>\n    <\/div>\n\n    <div class='portfolio_description ' >\n            <h4 class=\"portfolio_title\" ><a href=\"https:\/\/www.climatecoating.com\/it\/riferimenti\/riferimenti\/casa-residenziale-a-beringe-nl\/\" target=\"_self\"> Casa residenziale a Beringe (NL)<\/a><\/h4>\n<h6 class=\"portfolio_subtitle\"> <\/h6>    <\/div>\n<\/article>\n<article class=\"mix portfolio_category_2585\">\n    <div class='image_holder default_hover'>\n        \n<span class='image'><img loading=\"lazy\" decoding=\"async\" width=\"550\" height=\"498\" src=\"https:\/\/www.climatecoating.com\/wp-content\/uploads\/2021\/02\/Wohnbloecke-in-Perleberg_01-550x498.jpg\" class=\"attachment-portfolio-default size-portfolio-default wp-post-image\" alt=\"Appartamenti a Perleberg 01\" srcset=\"https:\/\/www.climatecoating.com\/wp-content\/uploads\/2021\/02\/Wohnbloecke-in-Perleberg_01-550x498.jpg 550w, https:\/\/www.climatecoating.com\/wp-content\/uploads\/2021\/02\/Wohnbloecke-in-Perleberg_01-480x434.jpg 480w, https:\/\/www.climatecoating.com\/wp-content\/uploads\/2021\/02\/Wohnbloecke-in-Perleberg_01-125x112.jpg 125w\" sizes=\"auto, (max-width: 550px) 100vw, 550px\" \/><\/span>\n                    <a class='portfolio_link_class' href='https:\/\/www.climatecoating.com\/it\/riferimenti\/riferimenti\/appartamenti-a-perleberg\/' target='_self'><\/a>\n\t\t\n        <div class=\"portfolio_shader\"><\/div>\n\t\t<div class=\"icons_holder\">\n\t<div class=\"icons_holder_inner\">\n\t\t\t\t\t<a class='portfolio_lightbox' title='Blocos de apartamentos em Perleberg 01' href='https:\/\/www.climatecoating.com\/wp-content\/uploads\/2021\/02\/Wohnbloecke-in-Perleberg_01.jpg' data-rel='prettyPhoto[pretty_photo_gallery]'><\/a>\n\t\t\t\t\t<\/div>\n<\/div>\n    <\/div>\n\n    <div class='portfolio_description ' >\n            <h4 class=\"portfolio_title\" ><a href=\"https:\/\/www.climatecoating.com\/it\/riferimenti\/riferimenti\/appartamenti-a-perleberg\/\" target=\"_self\"> Appartamenti a Perleberg<\/a><\/h4>\n<h6 class=\"portfolio_subtitle\"> <\/h6>    <\/div>\n<\/article>\n<article class=\"mix portfolio_category_2585\">\n    <div class='image_holder default_hover'>\n        \n<span class='image'><img loading=\"lazy\" decoding=\"async\" width=\"550\" height=\"498\" src=\"https:\/\/www.climatecoating.com\/wp-content\/uploads\/2020\/07\/Das-Schwarze-Haus-in-Holland_01-550x498.jpg\" class=\"attachment-portfolio-default size-portfolio-default wp-post-image\" alt=\"La casa nera in Olanda 01\" srcset=\"https:\/\/www.climatecoating.com\/wp-content\/uploads\/2020\/07\/Das-Schwarze-Haus-in-Holland_01-550x498.jpg 550w, https:\/\/www.climatecoating.com\/wp-content\/uploads\/2020\/07\/Das-Schwarze-Haus-in-Holland_01-480x434.jpg 480w, https:\/\/www.climatecoating.com\/wp-content\/uploads\/2020\/07\/Das-Schwarze-Haus-in-Holland_01-125x112.jpg 125w\" sizes=\"auto, (max-width: 550px) 100vw, 550px\" \/><\/span>\n                    <a class='portfolio_link_class' href='https:\/\/www.climatecoating.com\/it\/riferimenti\/riferimenti\/la-casa-nera-in-olanda\/' target='_self'><\/a>\n\t\t\n        <div class=\"portfolio_shader\"><\/div>\n\t\t<div class=\"icons_holder\">\n\t<div class=\"icons_holder_inner\">\n\t\t\t\t\t<a class='portfolio_lightbox' title='Raffreddamento e riduzione dei costi di raffreddamento' href='https:\/\/www.climatecoating.com\/wp-content\/uploads\/2020\/07\/Das-Schwarze-Haus-in-Holland_01.jpg' data-rel='prettyPhoto[pretty_photo_gallery]'><\/a>\n\t\t\t\t\t<\/div>\n<\/div>\n    <\/div>\n\n    <div class='portfolio_description ' >\n            <h4 class=\"portfolio_title\" ><a href=\"https:\/\/www.climatecoating.com\/it\/riferimenti\/riferimenti\/la-casa-nera-in-olanda\/\" target=\"_self\"> La casa nera in Olanda<\/a><\/h4>\n<h6 class=\"portfolio_subtitle\"> <\/h6>    <\/div>\n<\/article>\n<article class=\"mix portfolio_category_2585\">\n    <div class='image_holder default_hover'>\n        \n<span class='image'><img loading=\"lazy\" decoding=\"async\" width=\"550\" height=\"498\" src=\"https:\/\/www.climatecoating.com\/wp-content\/uploads\/2020\/07\/Mehrfamilienhaus-in-Spremberg_08-550x498.jpg\" class=\"attachment-portfolio-default size-portfolio-default wp-post-image\" alt=\"Casa appartamento in Spremberg 08\" srcset=\"https:\/\/www.climatecoating.com\/wp-content\/uploads\/2020\/07\/Mehrfamilienhaus-in-Spremberg_08-550x498.jpg 550w, https:\/\/www.climatecoating.com\/wp-content\/uploads\/2020\/07\/Mehrfamilienhaus-in-Spremberg_08-480x434.jpg 480w, https:\/\/www.climatecoating.com\/wp-content\/uploads\/2020\/07\/Mehrfamilienhaus-in-Spremberg_08-125x112.jpg 125w\" sizes=\"auto, (max-width: 550px) 100vw, 550px\" \/><\/span>\n                    <a class='portfolio_link_class' href='https:\/\/www.climatecoating.com\/it\/riferimenti\/riferimenti\/casa-appartamento-a-spremberg\/' target='_self'><\/a>\n\t\t\n        <div class=\"portfolio_shader\"><\/div>\n\t\t<div class=\"icons_holder\">\n\t<div class=\"icons_holder_inner\">\n\t\t\t\t\t<a class='portfolio_lightbox' title='Raffreddamento e riduzione dei costi di raffreddamento' href='https:\/\/www.climatecoating.com\/wp-content\/uploads\/2020\/07\/Mehrfamilienhaus-in-Spremberg_08.jpg' data-rel='prettyPhoto[pretty_photo_gallery]'><\/a>\n\t\t\t\t\t<\/div>\n<\/div>\n    <\/div>\n\n    <div class='portfolio_description ' >\n            <h4 class=\"portfolio_title\" ><a href=\"https:\/\/www.climatecoating.com\/it\/riferimenti\/riferimenti\/casa-appartamento-a-spremberg\/\" target=\"_self\"> Casa appartamento a Spremberg<\/a><\/h4>\n<h6 class=\"portfolio_subtitle\"> <\/h6>    <\/div>\n<\/article>\n\t\t\t\t\t<div class='filler'><\/div>\n\t\t\t\t\t\t\t\t\t<div class='filler'><\/div>\n\t\t\t\t\t\t\t\t\t<div class='filler'><\/div>\n\t\t\t\t\t\t\t\t\t<div class='filler'><\/div>\n\t\t\t\t\t<\/div>\n\n    \n\t\t\t<div class=\"portfolio_paging\"><span rel=\"10\" class=\"load_more\"><a href=\"https:\/\/www.climatecoating.com\/it\/wp-json\/wp\/v2\/pages\/42091\/page\/2\/\" >Mostra di pi\u00f9<\/a><\/span><\/div>\n\t\t<div class=\"portfolio_paging_loading\"><a href=\"javascript: void(0)\" class=\"qbutton\">Loading...<\/a><\/div>\n\t<\/div>\n[\/vc_column][\/vc_row][vc_row row_type=&#8221;row&#8221; use_row_as_full_screen_section=&#8221;no&#8221; type=&#8221;full_width&#8221; text_align=&#8221;left&#8221; background_animation=&#8221;none&#8221; css_animation=&#8221;&#8221;][vc_column][\/vc_column][\/vc_row]<\/p>\n<\/div>","protected":false},"excerpt":{"rendered":"In questa casa unifamiliare, la combinazione di una costruzione solida con ClimateCoating\u00ae ThermoProtect e il riscaldamento a infrarossi con ClimateCoating\u00ae ThermoPlus assicura un clima esemplare e una straordinaria efficienza energetica. Le valutazioni di misurazione provano l'effetto dei guadagni solari. L'Energy Master House si trova a...","protected":false},"author":1,"featured_media":0,"parent":42044,"menu_order":9999,"comment_status":"closed","ping_status":"closed","template":"","meta":{"footnotes":""},"class_list":["post-42091","page","type-page","status-publish","hentry"],"_links":{"self":[{"href":"https:\/\/www.climatecoating.com\/it\/wp-json\/wp\/v2\/pages\/42091","targetHints":{"allow":["GET"]}}],"collection":[{"href":"https:\/\/www.climatecoating.com\/it\/wp-json\/wp\/v2\/pages"}],"about":[{"href":"https:\/\/www.climatecoating.com\/it\/wp-json\/wp\/v2\/types\/page"}],"author":[{"embeddable":true,"href":"https:\/\/www.climatecoating.com\/it\/wp-json\/wp\/v2\/users\/1"}],"replies":[{"embeddable":true,"href":"https:\/\/www.climatecoating.com\/it\/wp-json\/wp\/v2\/comments?post=42091"}],"version-history":[{"count":0,"href":"https:\/\/www.climatecoating.com\/it\/wp-json\/wp\/v2\/pages\/42091\/revisions"}],"up":[{"embeddable":true,"href":"https:\/\/www.climatecoating.com\/it\/wp-json\/wp\/v2\/pages\/42044"}],"wp:attachment":[{"href":"https:\/\/www.climatecoating.com\/it\/wp-json\/wp\/v2\/media?parent=42091"}],"curies":[{"name":"wp","href":"https:\/\/api.w.org\/{rel}","templated":true}]}}