{"id":42094,"date":"2022-03-30T08:51:53","date_gmt":"2022-03-30T06:51:53","guid":{"rendered":"https:\/\/www.climatecoating.com\/aree-di-applicazione\/industria-manifatturiera\/"},"modified":"2026-02-16T10:55:58","modified_gmt":"2026-02-16T09:55:58","slug":"industria-manifatturiera","status":"publish","type":"page","link":"https:\/\/www.climatecoating.com\/it\/aree-di-applicazione\/industria-manifatturiera\/","title":{"rendered":"Industria manifatturiera"},"content":{"rendered":"<div class=\"wpb-content-wrapper\"><p>[vc_row row_type=&#8221;row&#8221; use_row_as_full_screen_section=&#8221;no&#8221; type=&#8221;full_width&#8221; text_align=&#8221;left&#8221; background_animation=&#8221;none&#8221; padding_bottom=&#8221;45&#8243; css_animation=&#8221;&#8221;][vc_column][vc_single_image image=&#8221;41009&#8243; img_size=&#8221;full&#8221; css=&#8221;.vc_custom_1605018310308{padding-bottom: 30px !important;}&#8221; qode_css_animation=&#8221;&#8221;][vc_column_text]<\/p>\n<h1>Industria manifatturiera<\/h1>\n<p>[\/vc_column_text][vc_column_text css=&#8221;.vc_custom_1771235747485{padding-bottom: 30px !important;}&#8221;]<span style=\"font-size: 20px;\">Con ClimateCoating<sup>\u00ae<\/sup><sup>\u00a0<\/sup><\/span><span style=\"font-size: 20px;\">&#8211; Temperatura ambiente bilanciata. Risparmio energetico. Superfici industriali resistenti. <\/span><\/p>\n<p>I capannoni delle fabbriche, le sale di produzione e gli studi di registrazione richiedono requisiti elevati per le pareti, i soffitti, le facciate e i tetti. Le pitture funzionali ClimateCoating<sup>\u00ae<\/sup> offrono <em>soluzioni funzionali e durature<\/em>: dalle robuste pitture per pareti ai rivestimenti per tetti e facciate ad alta efficienza energetica. Aiutano a <em>ridurre le perdite di calore<\/em>, a <em>diminuire i costi energetici e operativi<\/em> e a garantire un <em>clima interno stabile<\/em>. Allo stesso tempo, sono <em>altamente durevoli<\/em>, <em>richiedono poca manutenzione<\/em> e contribuiscono in modo significativo alla <em>protezione dell&#8217;ambiente e alla conservazione delle risorse<\/em>. Uniscono <em>funzionalit\u00e0, economicit\u00e0 e sostenibilit\u00e0<\/em> in un unico sistema.[\/vc_column_text][vc_row_inner row_type=&#8221;row&#8221; type=&#8221;full_width&#8221; use_row_as_full_screen_section_slide=&#8221;no&#8221; text_align=&#8221;left&#8221; css_animation=&#8221;&#8221;][vc_column_inner width=&#8221;1\/3&#8243;][vc_column_text]APPLICAZIONI ALL&#8217;INTERNO[\/vc_column_text][vc_gallery interval=&#8221;3&#8243; images=&#8221;41063,63714,63715&#8243; img_size=&#8221;full&#8221; onclick=&#8221;&#8221; css=&#8221;&#8221; el_class=&#8221;flex-noarrows&#8221;][vc_separator type=&#8221;small&#8221; position=&#8221;left&#8221; border_style=&#8221;&#8221; up=&#8221;18&#8243; down=&#8221;20&#8243; color=&#8221;#d6202d&#8221;][vc_column_text]Prevenzione della condensa<\/p>\n<p>Regolazione dell&#8217;umidit\u00e0<\/p>\n<p>Neutralit\u00e0 degli odori<\/p>\n<p>Resistenza allo sporco<\/p>\n<p>Risparmio energetico<\/p>\n<p>Miglioramento acustico<\/p>\n<p>Rimozione dello sporco tramite fotocatalisi<\/p>\n<p>Illuminazione degli ambienti attraverso il riflesso della luce<\/p>\n<p>Rinfrescanti piastrelle per soffitti[\/vc_column_text][\/vc_column_inner][vc_column_inner width=&#8221;1\/3&#8243;][vc_column_text]ESTERNO DELL&#8217;EDIFICIO[\/vc_column_text][vc_gallery interval=&#8221;3&#8243; images=&#8221;40878,40899,41027&#8243; img_size=&#8221;full&#8221; onclick=&#8221;&#8221; el_class=&#8221;flex-noarrows&#8221;][vc_separator type=&#8221;small&#8221; position=&#8221;left&#8221; border_style=&#8221;&#8221; up=&#8221;18&#8243; down=&#8221;20&#8243; color=&#8221;#d6202d&#8221;][vc_column_text]Risparmio energetico<\/p>\n<p>Longevit\u00e0<\/p>\n<p>Senza crepe<\/p>\n<p>Robustezza<\/p>\n<p>Repellenza allo sporco<\/p>\n<p>Gestione dell&#8217;umidit\u00e0<\/p>\n<p>Ritardo al fuoco<\/p>\n<p>Protezione a lungo termine dagli agenti atmosferici per il legno[\/vc_column_text][\/vc_column_inner][vc_column_inner width=&#8221;1\/3&#8243;][vc_column_text]COSTRUZIONI DI TETTI[\/vc_column_text][vc_gallery interval=&#8221;3&#8243; images=&#8221;40880,41060,41061&#8243; img_size=&#8221;full&#8221; onclick=&#8221;&#8221; el_class=&#8221;flex-noarrows&#8221;][vc_separator type=&#8221;small&#8221; position=&#8221;left&#8221; border_style=&#8221;&#8221; up=&#8221;18&#8243; down=&#8221;20&#8243; color=&#8221;#d6202d&#8221;][vc_column_text]Raffreddamento e riduzione dei costi di raffreddamento<\/p>\n<p>Protezione dagli agenti atmosferici<\/p>\n<p>Strettezza<\/p>\n<p>Rilassamento termico[\/vc_column_text][\/vc_column_inner][\/vc_row_inner][\/vc_column][\/vc_row][vc_row row_type=&#8221;row&#8221; use_row_as_full_screen_section=&#8221;no&#8221; type=&#8221;full_width&#8221; text_align=&#8221;left&#8221; background_animation=&#8221;none&#8221; css_animation=&#8221;&#8221;][vc_column][\/vc_column][\/vc_row]<\/p>\n<\/div>","protected":false},"excerpt":{"rendered":"Industria manifatturiera Con ClimateCoating\u00ae\u00a0- Temperatura ambiente bilanciata. Risparmio energetico. Superfici industriali resistenti. I capannoni delle fabbriche, le sale di produzione e gli studi di registrazione richiedono requisiti elevati per le pareti, i soffitti, le facciate e i tetti. Le pitture funzionali ClimateCoating\u00ae offrono soluzioni funzionali...","protected":false},"author":1,"featured_media":0,"parent":42044,"menu_order":120,"comment_status":"closed","ping_status":"closed","template":"","meta":{"footnotes":""},"class_list":["post-42094","page","type-page","status-publish","hentry"],"_links":{"self":[{"href":"https:\/\/www.climatecoating.com\/it\/wp-json\/wp\/v2\/pages\/42094","targetHints":{"allow":["GET"]}}],"collection":[{"href":"https:\/\/www.climatecoating.com\/it\/wp-json\/wp\/v2\/pages"}],"about":[{"href":"https:\/\/www.climatecoating.com\/it\/wp-json\/wp\/v2\/types\/page"}],"author":[{"embeddable":true,"href":"https:\/\/www.climatecoating.com\/it\/wp-json\/wp\/v2\/users\/1"}],"replies":[{"embeddable":true,"href":"https:\/\/www.climatecoating.com\/it\/wp-json\/wp\/v2\/comments?post=42094"}],"version-history":[{"count":13,"href":"https:\/\/www.climatecoating.com\/it\/wp-json\/wp\/v2\/pages\/42094\/revisions"}],"predecessor-version":[{"id":63916,"href":"https:\/\/www.climatecoating.com\/it\/wp-json\/wp\/v2\/pages\/42094\/revisions\/63916"}],"up":[{"embeddable":true,"href":"https:\/\/www.climatecoating.com\/it\/wp-json\/wp\/v2\/pages\/42044"}],"wp:attachment":[{"href":"https:\/\/www.climatecoating.com\/it\/wp-json\/wp\/v2\/media?parent=42094"}],"curies":[{"name":"wp","href":"https:\/\/api.w.org\/{rel}","templated":true}]}}