{"id":42172,"date":"2022-03-30T08:52:12","date_gmt":"2022-03-30T06:52:12","guid":{"rendered":"https:\/\/www.climatecoating.com\/aree-di-applicazione\/giardino-e-tempo-libero\/"},"modified":"2026-02-10T15:51:53","modified_gmt":"2026-02-10T14:51:53","slug":"giardino-e-tempo-libero","status":"publish","type":"page","link":"https:\/\/www.climatecoating.com\/it\/aree-di-applicazione\/giardino-e-tempo-libero\/","title":{"rendered":"Giardino e tempo libero"},"content":{"rendered":"<div class=\"wpb-content-wrapper\"><p>[vc_row row_type=&#8221;row&#8221; use_row_as_full_screen_section=&#8221;no&#8221; type=&#8221;full_width&#8221; text_align=&#8221;left&#8221; background_animation=&#8221;none&#8221; padding_bottom=&#8221;45&#8243; css_animation=&#8221;&#8221;][vc_column][vc_single_image image=&#8221;41003&#8243; img_size=&#8221;full&#8221; css=&#8221;.vc_custom_1605018940325{padding-bottom: 30px !important;}&#8221; qode_css_animation=&#8221;&#8221;][vc_column_text]<\/p>\n<h1>Giardino e tempo libero<\/h1>\n<p>[\/vc_column_text][vc_column_text css=&#8221;.vc_custom_1770735077003{padding-bottom: 30px !important;}&#8221;]<span style=\"font-size: 20px;\">Con ClimateCoating<sup>\u00ae<\/sup><sup>\u00a0<\/sup><\/span><span style=\"font-size: 20px;\">&#8211; Protezione del legno. Resistenza ai raggi UV. Protezione della superficie. <\/span><\/p>\n<p>I rivestimenti high-tech di ClimateCoating\u00ae per i componenti in legno da esterno ottengono ci\u00f2 che gli altri spesso non ottengono: una protezione a lungo termine superiore alla media che non si sfalda. La <em>finitura perfetta per pergole, recinzioni, capanne finlandesi e mobili da giardino.<\/em><\/p>\n<p><strong>Il materiale pi\u00f9 bello del mondo <\/strong><br \/>\nNessun altro materiale combina pi\u00f9 vantaggi in termini di variet\u00e0, design, funzionalit\u00e0, emozione, ecologia e qualit\u00e0 della vita del legno. Il legno \u00e8 il materiale da costruzione pi\u00f9 antico e naturale che l&#8217;uomo conosca. Tuttavia, essendo cos\u00ec vivo, il legno reagisce in modo sensibile agli agenti atmosferici come l&#8217;umidit\u00e0, i raggi UV, l&#8217;inquinamento atmosferico e i funghi, i parassiti e gli insetti presenti nelle aree esterne. Il legno ha quindi bisogno di cure regolari per mantenere la sua bellezza e la sua funzionalit\u00e0 a lungo termine.<\/p>\n<p><strong>Esempi di applicazione<br \/>\n<\/strong>Offriamo rivestimenti opachi e trasparenti per tutti i componenti in legno a stabilit\u00e0 dimensionale limitata e non dimensionale nelle aree esterne. Ad esempio, <em>proteggiamo e abbelliamo<\/em> tavole a maschio e femmina, cornici in legno, persiane, parapetti di balconi, tegole, mobili da giardino, pergole e recinzioni. Vuoi saperne di pi\u00f9? Dai un&#8217;occhiata a questi <a href=\"https:\/\/www.climatecoating.com\/it\/riferimenti\/casa-di-legno\/\" target=\"_blank\" rel=\"noopener\">progetti<\/a> o inviaci la tua <a href=\"https:\/\/www.climatecoating.com\/it\/produkt\/nature\/\" target=\"_blank\" rel=\"noopener\">richiesta di informazioni su ClimateCoating<sup>\u00ae<\/sup>\u00a0&#8211; Nature. <\/a>[\/vc_column_text][vc_row_inner row_type=&#8221;row&#8221; type=&#8221;full_width&#8221; use_row_as_full_screen_section_slide=&#8221;no&#8221; text_align=&#8221;left&#8221; css_animation=&#8221;&#8221;][vc_column_inner width=&#8221;1\/4&#8243;][vc_column_text]PROTEZIONE DEL LEGNO COLORATO[\/vc_column_text][vc_gallery interval=&#8221;3&#8243; images=&#8221;41027,41026,41028&#8243; img_size=&#8221;full&#8221; onclick=&#8221;&#8221; el_class=&#8221;flex-noarrows&#8221;][vc_separator type=&#8221;small&#8221; position=&#8221;left&#8221; border_style=&#8221;&#8221; up=&#8221;18&#8243; down=&#8221;20&#8243; color=&#8221;#d6202d&#8221;][\/vc_column_inner][vc_column_inner width=&#8221;3\/4&#8243;][\/vc_column_inner][\/vc_row_inner][vc_column_text]Protezione a lungo termine dagli agenti atmosferici per il legno[\/vc_column_text][\/vc_column][\/vc_row][vc_row row_type=&#8221;row&#8221; use_row_as_full_screen_section=&#8221;no&#8221; type=&#8221;full_width&#8221; text_align=&#8221;left&#8221; background_animation=&#8221;none&#8221; css_animation=&#8221;&#8221;][vc_column][\/vc_column][\/vc_row]<\/p>\n<\/div>","protected":false},"excerpt":{"rendered":"Giardino e tempo libero Con ClimateCoating\u00ae\u00a0- Protezione del legno. Resistenza ai raggi UV. Protezione della superficie. I rivestimenti high-tech di ClimateCoating\u00ae per i componenti in legno da esterno ottengono ci\u00f2 che gli altri spesso non ottengono: una protezione a lungo termine superiore alla media che...","protected":false},"author":1,"featured_media":0,"parent":42044,"menu_order":135,"comment_status":"closed","ping_status":"closed","template":"","meta":{"footnotes":""},"class_list":["post-42172","page","type-page","status-publish","hentry"],"_links":{"self":[{"href":"https:\/\/www.climatecoating.com\/it\/wp-json\/wp\/v2\/pages\/42172","targetHints":{"allow":["GET"]}}],"collection":[{"href":"https:\/\/www.climatecoating.com\/it\/wp-json\/wp\/v2\/pages"}],"about":[{"href":"https:\/\/www.climatecoating.com\/it\/wp-json\/wp\/v2\/types\/page"}],"author":[{"embeddable":true,"href":"https:\/\/www.climatecoating.com\/it\/wp-json\/wp\/v2\/users\/1"}],"replies":[{"embeddable":true,"href":"https:\/\/www.climatecoating.com\/it\/wp-json\/wp\/v2\/comments?post=42172"}],"version-history":[{"count":6,"href":"https:\/\/www.climatecoating.com\/it\/wp-json\/wp\/v2\/pages\/42172\/revisions"}],"predecessor-version":[{"id":63839,"href":"https:\/\/www.climatecoating.com\/it\/wp-json\/wp\/v2\/pages\/42172\/revisions\/63839"}],"up":[{"embeddable":true,"href":"https:\/\/www.climatecoating.com\/it\/wp-json\/wp\/v2\/pages\/42044"}],"wp:attachment":[{"href":"https:\/\/www.climatecoating.com\/it\/wp-json\/wp\/v2\/media?parent=42172"}],"curies":[{"name":"wp","href":"https:\/\/api.w.org\/{rel}","templated":true}]}}