{"id":42173,"date":"2022-03-30T08:52:12","date_gmt":"2022-03-30T06:52:12","guid":{"rendered":"https:\/\/www.climatecoating.com\/aree-di-applicazione\/industria-alimentare\/"},"modified":"2026-02-16T10:48:40","modified_gmt":"2026-02-16T09:48:40","slug":"industria-alimentare","status":"publish","type":"page","link":"https:\/\/www.climatecoating.com\/it\/aree-di-applicazione\/industria-alimentare\/","title":{"rendered":"Industria alimentare"},"content":{"rendered":"<div class=\"wpb-content-wrapper\"><p>[vc_row row_type=&#8221;row&#8221; use_row_as_full_screen_section=&#8221;no&#8221; type=&#8221;full_width&#8221; text_align=&#8221;left&#8221; background_animation=&#8221;none&#8221; padding_bottom=&#8221;45&#8243; css_animation=&#8221;&#8221;][vc_column][vc_single_image image=&#8221;41007&#8243; img_size=&#8221;full&#8221; css=&#8221;.vc_custom_1605018080810{padding-bottom: 30px !important;}&#8221; qode_css_animation=&#8221;&#8221;][vc_column_text]<\/p>\n<h1>Industria alimentare<\/h1>\n<p>[\/vc_column_text][vc_column_text css=&#8221;.vc_custom_1771235287900{padding-bottom: 30px !important;}&#8221;]<span style=\"font-size: 20px;\">Con ClimateCoating<sup>\u00ae<\/sup><sup>\u00a0<\/sup><\/span><span style=\"font-size: 20px;\">&#8211; Elevata igiene. Riduzione dei costi di raffreddamento. Resistenza superficiale. <\/span><\/p>\n<p>L&#8217;igiene \u00e8 una priorit\u00e0 assoluta nell&#8217;industria alimentare: tutte le superfici devono soddisfare i pi\u00f9 elevati requisiti di pulizia e disinfezione. I rivestimenti funzionali ClimateCoating<sup>\u00ae<\/sup> ti aiutano a <em>soddisfare in modo affidabile<\/em> questi <em>standard<\/em>. Riducono l&#8217;accumulo di sporco e umidit\u00e0 e facilitano la pulizia. Allo stesso tempo, aiutano a <em>ridurre i costi di raffreddamento e di energia a lungo termine<\/em>, minimizzando la perdita di calore e riducendo il consumo di elettricit\u00e0. I nostri rivestimenti durevoli sono resistenti ai detergenti aggressivi, all&#8217;umidit\u00e0 e alle temperature estreme, consentendo <em>operazioni sicure, pulite ed efficienti dal punto di vista energetico<\/em>. Lasciati consigliare e scopri come ClimateCoating<sup>\u00ae<\/sup> pu\u00f2 rendere la tua <em>azienda pi\u00f9 igienica ed economica a lungo termine.<\/em>[\/vc_column_text][vc_row_inner row_type=&#8221;row&#8221; type=&#8221;full_width&#8221; use_row_as_full_screen_section_slide=&#8221;no&#8221; text_align=&#8221;left&#8221; css_animation=&#8221;&#8221;][vc_column_inner width=&#8221;1\/2&#8243;][vc_column_text]IGIENE[\/vc_column_text][vc_gallery interval=&#8221;3&#8243; images=&#8221;41063,41016,40879&#8243; img_size=&#8221;full&#8221; onclick=&#8221;&#8221; css=&#8221;&#8221; el_class=&#8221;flex-noarrows&#8221;][vc_separator type=&#8221;small&#8221; position=&#8221;left&#8221; border_style=&#8221;&#8221; up=&#8221;18&#8243; down=&#8221;20&#8243; color=&#8221;#d6202d&#8221;][vc_column_text css=&#8221;&#8221;]<a href=\"https:\/\/www.climatecoating.com\/it\/aree-di-applicazione\/protezione-dalla-muffa\/\" target=\"_blank\" rel=\"noopener\">Protezione contro la muffa<\/a><\/p>\n<p>Igiene della camera<\/p>\n<p>Prevenzione della condensa<\/p>\n<p>Regolazione dell&#8217;umidit\u00e0<\/p>\n<p>Neutralit\u00e0 degli odori<\/p>\n<p>Resistenza allo sporco<\/p>\n<p>Risparmio energetico<\/p>\n<p>Rimozione dello sporco tramite fotocatalisi<\/p>\n<p>Illuminazione degli ambienti attraverso il riflesso della luce<\/p>\n<p>Rinfrescanti piastrelle per soffitti[\/vc_column_text][\/vc_column_inner][vc_column_inner width=&#8221;1\/2&#8243;][vc_column_text]RAFFREDDAMENTO DEGLI EDIFICI[\/vc_column_text][vc_gallery interval=&#8221;3&#8243; images=&#8221;40880,40878,40899&#8243; img_size=&#8221;full&#8221; onclick=&#8221;&#8221; css=&#8221;&#8221; el_class=&#8221;flex-noarrows&#8221;][vc_separator type=&#8221;small&#8221; position=&#8221;left&#8221; border_style=&#8221;&#8221; up=&#8221;18&#8243; down=&#8221;20&#8243; color=&#8221;#d6202d&#8221;][vc_column_text]Risparmio energetico<\/p>\n<p>Longevit\u00e0<\/p>\n<p>Senza crepe<\/p>\n<p>Robustezza<\/p>\n<p>Repellente allo sporco<\/p>\n<p>Gestione dell&#8217;umidit\u00e0<\/p>\n<p>Ritardo al fuoco<\/p>\n<p>Raffreddamento e riduzione dei costi di raffreddamento<\/p>\n<p>Protezione dagli agenti atmosferici<\/p>\n<p>Tenuta<\/p>\n<p>Rilassamento termico[\/vc_column_text][\/vc_column_inner][\/vc_row_inner][\/vc_column][\/vc_row][vc_row row_type=&#8221;row&#8221; use_row_as_full_screen_section=&#8221;no&#8221; type=&#8221;full_width&#8221; text_align=&#8221;left&#8221; background_animation=&#8221;none&#8221; css_animation=&#8221;&#8221;][vc_column][\/vc_column][\/vc_row]<\/p>\n<\/div>","protected":false},"excerpt":{"rendered":"Industria alimentare Con ClimateCoating\u00ae\u00a0- Elevata igiene. Riduzione dei costi di raffreddamento. Resistenza superficiale. L'igiene \u00e8 una priorit\u00e0 assoluta nell'industria alimentare: tutte le superfici devono soddisfare i pi\u00f9 elevati requisiti di pulizia e disinfezione. I rivestimenti funzionali ClimateCoating\u00ae ti aiutano a soddisfare in modo affidabile questi...","protected":false},"author":1,"featured_media":0,"parent":42044,"menu_order":115,"comment_status":"closed","ping_status":"closed","template":"","meta":{"footnotes":""},"class_list":["post-42173","page","type-page","status-publish","hentry"],"_links":{"self":[{"href":"https:\/\/www.climatecoating.com\/it\/wp-json\/wp\/v2\/pages\/42173","targetHints":{"allow":["GET"]}}],"collection":[{"href":"https:\/\/www.climatecoating.com\/it\/wp-json\/wp\/v2\/pages"}],"about":[{"href":"https:\/\/www.climatecoating.com\/it\/wp-json\/wp\/v2\/types\/page"}],"author":[{"embeddable":true,"href":"https:\/\/www.climatecoating.com\/it\/wp-json\/wp\/v2\/users\/1"}],"replies":[{"embeddable":true,"href":"https:\/\/www.climatecoating.com\/it\/wp-json\/wp\/v2\/comments?post=42173"}],"version-history":[{"count":10,"href":"https:\/\/www.climatecoating.com\/it\/wp-json\/wp\/v2\/pages\/42173\/revisions"}],"predecessor-version":[{"id":63908,"href":"https:\/\/www.climatecoating.com\/it\/wp-json\/wp\/v2\/pages\/42173\/revisions\/63908"}],"up":[{"embeddable":true,"href":"https:\/\/www.climatecoating.com\/it\/wp-json\/wp\/v2\/pages\/42044"}],"wp:attachment":[{"href":"https:\/\/www.climatecoating.com\/it\/wp-json\/wp\/v2\/media?parent=42173"}],"curies":[{"name":"wp","href":"https:\/\/api.w.org\/{rel}","templated":true}]}}