{"id":62693,"date":"2026-02-02T18:56:46","date_gmt":"2026-02-02T17:56:46","guid":{"rendered":"https:\/\/www.climatecoating.com\/glossario\/blog\/"},"modified":"2026-02-19T13:28:44","modified_gmt":"2026-02-19T12:28:44","slug":"blog","status":"publish","type":"page","link":"https:\/\/www.climatecoating.com\/it\/area-clienti\/blog\/","title":{"rendered":"Blog"},"content":{"rendered":"<div class=\"wpb-content-wrapper\"><p>[vc_row row_type=&#8221;row&#8221; use_row_as_full_screen_section=&#8221;no&#8221; type=&#8221;full_width&#8221; text_align=&#8221;left&#8221; background_animation=&#8221;none&#8221; css_animation=&#8221;&#8221;][vc_column][vc_single_image image=&#8221;62704&#8243; img_size=&#8221;full&#8221; css=&#8221;.vc_custom_1765980611037{padding-bottom: 30px !important;}&#8221; qode_css_animation=&#8221;&#8221;][\/vc_column][\/vc_row][vc_row row_type=&#8221;row&#8221; use_row_as_full_screen_section=&#8221;no&#8221; type=&#8221;full_width&#8221; text_align=&#8221;left&#8221; background_animation=&#8221;none&#8221; padding_bottom=&#8221;45&#8243; css_animation=&#8221;&#8221;][vc_column][vc_column_text css=&#8221;&#8221;]<\/p>\n<h1>Blog<\/h1>\n<p>[\/vc_column_text][vc_separator type=&#8221;normal&#8221; border_style=&#8221;&#8221; down=&#8221;30&#8243;]<div class='latest_post_holder boxes three_columns six_rows'><ul><li class=\"clearfix\"><div class=\"boxes_image\"><a href=\"https:\/\/www.climatecoating.com\/it\/previene-efficacemente-la-muffa-in-inverno\/\"><img loading=\"lazy\" decoding=\"async\" width=\"550\" height=\"498\" src=\"https:\/\/www.climatecoating.com\/wp-content\/uploads\/2026\/01\/Schimmel-in-der-Wohnung-1-550x498.png\" class=\"attachment-portfolio-default size-portfolio-default wp-post-image\" alt=\"Muffa in casa\" srcset=\"https:\/\/www.climatecoating.com\/wp-content\/uploads\/2026\/01\/Schimmel-in-der-Wohnung-1-550x498.png 550w, https:\/\/www.climatecoating.com\/wp-content\/uploads\/2026\/01\/Schimmel-in-der-Wohnung-1-480x434.png 480w, https:\/\/www.climatecoating.com\/wp-content\/uploads\/2026\/01\/Schimmel-in-der-Wohnung-1-125x112.png 125w\" sizes=\"auto, (max-width: 550px) 100vw, 550px\" \/><span class=\"latest_post_overlay\"><i class=\"icon_plus\" aria-hidden=\"true\"><\/i><\/span><\/a><\/div><div class=\"latest_post\" ><div class=\"latest_post_text\"><span class=\"date_holder post_info_section\"><span class=\"date\">19 Febbraio 2026<\/span><\/span><h2 class=\"latest_post_title \"><a href=\"https:\/\/www.climatecoating.com\/it\/previene-efficacemente-la-muffa-in-inverno\/\">Previene efficacemente la muffa in inverno<\/a><\/h2><p class=\"excerpt\">Analisi delle cause e prevenzione con colori funzionali La formazione di muffa negli spazi abitativi e lavorativi si verifica soprattutto nei mesi autunnali e invernali. Anche con un riscaldamento regolare, possono comparire tracce di umidit\u00e0 o macchie di muffa su pareti, soffitti e angoli delle......<\/p><\/div><\/div><\/li><li class=\"clearfix\"><div class=\"boxes_image\"><a href=\"https:\/\/www.climatecoating.com\/it\/perche-le-stanze-sembrano-fredde-nonostante-il-riscaldamento\/\"><img loading=\"lazy\" decoding=\"async\" width=\"550\" height=\"498\" src=\"https:\/\/www.climatecoating.com\/wp-content\/uploads\/2025\/12\/PS_Kalter-Raum-1-550x498.png\" class=\"attachment-portfolio-default size-portfolio-default wp-post-image\" alt=\"Cella frigorifera\" srcset=\"https:\/\/www.climatecoating.com\/wp-content\/uploads\/2025\/12\/PS_Kalter-Raum-1-550x498.png 550w, https:\/\/www.climatecoating.com\/wp-content\/uploads\/2025\/12\/PS_Kalter-Raum-1-480x434.png 480w, https:\/\/www.climatecoating.com\/wp-content\/uploads\/2025\/12\/PS_Kalter-Raum-1-125x112.png 125w\" sizes=\"auto, (max-width: 550px) 100vw, 550px\" \/><span class=\"latest_post_overlay\"><i class=\"icon_plus\" aria-hidden=\"true\"><\/i><\/span><\/a><\/div><div class=\"latest_post\" ><div class=\"latest_post_text\"><span class=\"date_holder post_info_section\"><span class=\"date\">19 Febbraio 2026<\/span><\/span><h2 class=\"latest_post_title \"><a href=\"https:\/\/www.climatecoating.com\/it\/perche-le-stanze-sembrano-fredde-nonostante-il-riscaldamento\/\">Perch\u00e9 le stanze sembrano fredde nonostante il riscaldamento?<\/a><\/h2><p class=\"excerpt\">Cause fisiche e soluzioni con colori funzionali La sensazione soggettiva di freddo in ambienti riscaldati \u00e8 un problema molto diffuso. Non pu\u00f2 essere spiegata dalla sola temperatura dell&#8217;aria misurata. Piuttosto, \u00e8 la temperatura media radiante delle superfici della stanza a essere determinante. Anche se la......<\/p><\/div><\/div><\/li><li class=\"clearfix\"><div class=\"boxes_image\"><a href=\"https:\/\/www.climatecoating.com\/it\/protezione-intelligente-contro-il-freddo-invernale\/\"><img loading=\"lazy\" decoding=\"async\" width=\"550\" height=\"498\" src=\"https:\/\/www.climatecoating.com\/wp-content\/uploads\/2025\/12\/GPT-PS_Winterlicher-Waermeschutz_2-550x498.png\" class=\"attachment-portfolio-default size-portfolio-default wp-post-image\" alt=\"Isolamento termico invernale\" srcset=\"https:\/\/www.climatecoating.com\/wp-content\/uploads\/2025\/12\/GPT-PS_Winterlicher-Waermeschutz_2-550x498.png 550w, https:\/\/www.climatecoating.com\/wp-content\/uploads\/2025\/12\/GPT-PS_Winterlicher-Waermeschutz_2-480x434.png 480w, https:\/\/www.climatecoating.com\/wp-content\/uploads\/2025\/12\/GPT-PS_Winterlicher-Waermeschutz_2-125x112.png 125w\" sizes=\"auto, (max-width: 550px) 100vw, 550px\" \/><span class=\"latest_post_overlay\"><i class=\"icon_plus\" aria-hidden=\"true\"><\/i><\/span><\/a><\/div><div class=\"latest_post\" ><div class=\"latest_post_text\"><span class=\"date_holder post_info_section\"><span class=\"date\">19 Febbraio 2026<\/span><\/span><h2 class=\"latest_post_title \"><a href=\"https:\/\/www.climatecoating.com\/it\/protezione-intelligente-contro-il-freddo-invernale\/\">Protezione intelligente contro il freddo invernale<\/a><\/h2><p class=\"excerpt\">Isolamento termico invernale degli interni: soluzioni ad alta efficienza energetica con colori funzionali L&#8217;isolamento termico invernale \u00e8 una componente centrale della progettazione di edifici ad alta efficienza energetica. L&#8217;obiettivo \u00e8 quello di minimizzare le perdite di calore nella stagione fredda, ridurre il fabbisogno di energia......<\/p><\/div><\/div><\/li><\/ul><\/div>[\/vc_column][\/vc_row]<\/p>\n<\/div>","protected":false},"excerpt":{"rendered":"<p>[vc_row row_type=&#8221;row&#8221; use_row_as_full_screen_section=&#8221;no&#8221; type=&#8221;full_width&#8221; text_align=&#8221;left&#8221; background_animation=&#8221;none&#8221; css_animation=&#8221;&#8221;][vc_column][vc_single_image image=&#8221;62704&#8243; img_size=&#8221;full&#8221; css=&#8221;.vc_custom_1765980611037{padding-bottom: 30px !important;}&#8221; qode_css_animation=&#8221;&#8221;][\/vc_column][\/vc_row][vc_row row_type=&#8221;row&#8221; use_row_as_full_screen_section=&#8221;no&#8221; type=&#8221;full_width&#8221; text_align=&#8221;left&#8221; background_animation=&#8221;none&#8221; padding_bottom=&#8221;45&#8243; css_animation=&#8221;&#8221;][vc_column][vc_column_text css=&#8221;&#8221;] Blog [\/vc_column_text][vc_separator type=&#8221;normal&#8221; border_style=&#8221;&#8221; down=&#8221;30&#8243;][\/vc_column][\/vc_row]<\/p>\n","protected":false},"author":1,"featured_media":0,"parent":61499,"menu_order":670,"comment_status":"closed","ping_status":"closed","template":"","meta":{"footnotes":""},"class_list":["post-62693","page","type-page","status-publish","hentry"],"_links":{"self":[{"href":"https:\/\/www.climatecoating.com\/it\/wp-json\/wp\/v2\/pages\/62693","targetHints":{"allow":["GET"]}}],"collection":[{"href":"https:\/\/www.climatecoating.com\/it\/wp-json\/wp\/v2\/pages"}],"about":[{"href":"https:\/\/www.climatecoating.com\/it\/wp-json\/wp\/v2\/types\/page"}],"author":[{"embeddable":true,"href":"https:\/\/www.climatecoating.com\/it\/wp-json\/wp\/v2\/users\/1"}],"replies":[{"embeddable":true,"href":"https:\/\/www.climatecoating.com\/it\/wp-json\/wp\/v2\/comments?post=62693"}],"version-history":[{"count":6,"href":"https:\/\/www.climatecoating.com\/it\/wp-json\/wp\/v2\/pages\/62693\/revisions"}],"predecessor-version":[{"id":64110,"href":"https:\/\/www.climatecoating.com\/it\/wp-json\/wp\/v2\/pages\/62693\/revisions\/64110"}],"up":[{"embeddable":true,"href":"https:\/\/www.climatecoating.com\/it\/wp-json\/wp\/v2\/pages\/61499"}],"wp:attachment":[{"href":"https:\/\/www.climatecoating.com\/it\/wp-json\/wp\/v2\/media?parent=62693"}],"curies":[{"name":"wp","href":"https:\/\/api.w.org\/{rel}","templated":true}]}}