{"id":41952,"date":"2020-05-26T19:37:20","date_gmt":"2020-05-26T17:37:20","guid":{"rendered":"https:\/\/www.climatecoating.com\/produkte\/thermoprotect\/"},"modified":"2026-01-26T11:35:29","modified_gmt":"2026-01-26T10:35:29","slug":"thermoprotect","status":"publish","type":"product","link":"https:\/\/www.climatecoating.com\/it\/produkt\/thermoprotect\/","title":{"rendered":"ThermoProtect"},"content":{"rendered":"<p><strong>Tecnologia a membrana riflettente &#8211; il fulcro di ThermoProtect<br \/>\n<\/strong>ThermoProtect non \u00e8 un classico isolante per facciate, ma un innovativo rivestimento funzionale e una protezione di lunga durata per le facciate. La sua esclusiva <a href=\"https:\/\/www.climatecoating.com\/it\/azienda\/glossario\/\" target=\"_blank\" rel=\"noopener\">tecnologia a membrana riflettente<\/a> combina una dispersione di poliacrilato estremamente adesiva e appositamente sviluppata con <a href=\"https:\/\/www.climatecoating.com\/it\/azienda\/glossario\/\" target=\"_blank\" rel=\"noopener\">particelle di vetroceramica cave<\/a> e attivatori. Una volta applicato, il rivestimento forma una membrana traspirante e riflettente che regola l&#8217;umidit\u00e0, protegge la muratura e allo stesso tempo riduce il consumo energetico. In questo modo la facciata rimane asciutta, resistente e facile da mantenere a lungo termine, ottimizzando l&#8217;effetto isolante naturale.<\/p>\n<p><strong>Regolazione dell&#8217;umidit\u00e0 e clima interno sano<br \/>\n<\/strong>Quando piove, la membrana riflettente agisce come una barriera protettiva contro le precipitazioni e la condensa. Impedisce all&#8217;umidit\u00e0 di penetrare nella muratura formando uno strato barriera. Allo stesso tempo, la muratura viene deumidificata in maniera regolata. Grazie alla sua speciale struttura capillare, la tecnologia ThermoProtect permette all&#8217;umidit\u00e0 di essere trasportata solo in una direzione: dall&#8217;interno verso l&#8217;esterno. Questo permette all&#8217;umidit\u00e0 di fuoriuscire verso l&#8217;esterno, ma non di penetrare nella muratura. I muri asciutti isolano meglio di quelli umidi, accumulano calore pi\u00f9 a lungo e aumentano l&#8217;efficienza energetica. Inoltre, l&#8217;effetto deumidificante elimina il terreno di coltura di muffe, alghe e muschi, impedendone la crescita sulla facciata esterna.<\/p>\n<p><img loading=\"lazy\" decoding=\"async\" class=\"aligncenter wp-image-56197 size-full\" title=\"Regolazione dell'umidit\u00e0 ThermoProtect\" src=\"https:\/\/www.climatecoating.com\/wp-content\/uploads\/2025\/12\/ThermoProtect_Wetterbestaendiger-Wandaufbau_IT.png\" alt=\"Regolazione dell'umidit\u00e0 ThermoProtect\" width=\"1536\" height=\"1024\" \/><\/p>\n<p><strong>Protezione dal calore estivo e raffreddamento evaporativo<br \/>\n<\/strong>ThermoProtect riflette i raggi solari sulla parete esterna in estate, proteggendo efficacemente dal surriscaldamento. In questo modo gli interni rimangono piacevolmente freschi anche nelle giornate pi\u00f9 calde, senza dover ricorrere all&#8217;aria condizionata. La combinazione di riflessione ed evaporazione mirata garantisce un efficace <a href=\"https:\/\/www.climatecoating.com\/it\/azienda\/glossario\/\" target=\"_blank\" rel=\"noopener\">isolamento termico in estate<\/a> e un clima interno sano che contribuisce notevolmente al benessere. Allo stesso tempo, il consumo di energia e i costi sono notevolmente ridotti.<\/p>\n<p>Allo stesso tempo, la facciata rimane asciutta e ci\u00f2 impedisce la crescita delle alghe, particolarmente importante per le facciate isolate (vedi <a href=\"https:\/\/www.climatecoating.com\/pressemitteilung-innovative-fassadenbeschichtung-hilft-beim-sparen\/\" target=\"_blank\" rel=\"noopener\">progetto Perleberg<\/a>)<strong>.<\/strong> Se utilizzata in climi caldi, si riduce anche il trasferimento di calore dall&#8217;esterno all&#8217;interno.<\/p>\n<p><img loading=\"lazy\" decoding=\"async\" class=\"alignnone wp-image-57162 size-full\" title=\"Raffreddamento evaporativo ThermoProtect\" src=\"https:\/\/www.climatecoating.com\/wp-content\/uploads\/2025\/12\/ThermoProtect_Verdunstungskuehlung_IT.png\" alt=\"Raffreddamento evaporativo ThermoProtect\" width=\"1500\" height=\"1024\" \/><\/p>\n<p><strong>Isolamento termico invernale ed efficienza energetica<br \/>\n<\/strong>La muratura a secco immagazzina i guadagni solari in modo pi\u00f9 efficiente, riduce la perdita di calore e ottimizza l&#8217;effetto isolante naturale. Un efficace <a href=\"https:\/\/www.climatecoating.com\/it\/azienda\/glossario\/\" target=\"_blank\" rel=\"noopener\">isolamento termico invernale<\/a> mantiene gli interni sensibilmente pi\u00f9 caldi, riduce il fabbisogno di riscaldamento e crea un clima interno accogliente che aumenta il tuo benessere. Questo ti fa risparmiare sui costi di riscaldamento, sull&#8217;elettricit\u00e0 e sull&#8217;energia e allo stesso tempo contribuisce alla protezione del clima. <a href=\"https:\/\/www.climatecoating.com\/it\/riferimenti\/riferimenti\/appartamenti-a-botkyrka\/\" target=\"_blank\" rel=\"noopener\">Un esempio dalla Svezia con un risparmio energetico del 12%.<\/a><\/p>\n<p><strong>Proteggi la tua facciata a lungo termine, risparmia sui costi di riscaldamento, sull&#8217;elettricit\u00e0 e sull&#8217;energia: con ThermoProtect, la pittura funzionale per esterni.<\/strong><\/p>\n<p><a href=\"https:\/\/www.climatecoating.com\/it\/calcolo\/\" target=\"_blank\" rel=\"noopener\"><strong><img loading=\"lazy\" decoding=\"async\" class=\"size-full wp-image-44757 alignleft\" title=\"Calcolo\" src=\"https:\/\/www.climatecoating.com\/wp-content\/uploads\/2023\/02\/Calculus_Button_80px.png\" alt=\"Calcolo\" width=\"80\" height=\"80\" \/><\/strong>Al calcolatore di temperatura Calculus<sup><strong>\u00ae<\/strong>, <\/sup><\/a>lo strumento web basato sull&#8217;intelligenza artificiale per prevedere la differenza di temperatura interna e ricavare il potenziale risparmio energetico quando le pareti e\/o i tetti vengono rivestiti con i prodotti ClimateCoating<sup>\u00ae<\/sup> ThermoProtect e ThermoActive.<\/p>\n<p>&nbsp;<\/p>\n","protected":false},"excerpt":{"rendered":"<hr \/>\n<p><strong>Protezione a lungo termine per la tua facciata<br \/>\n<\/strong>La pittura a risparmio energetico ThermoProtect, pronta all&#8217;uso, protegge in modo affidabile la tua facciata dall&#8217;umidit\u00e0 e dalle infestazioni di alghe, muschi e funghi, regola la temperatura e migliora il bilancio energetico dell&#8217;edificio durante tutto l&#8217;anno. \u00c8 efficiente dal punto di vista energetico, risparmia sui costi, \u00e8 durevole ed estremamente robusto e resiste a tutte le condizioni atmosferiche. Inoltre, \u00e8 resistente ai raggi UV, per cui i colori non sbiadiscono a lungo termine.<\/p>\n<p><strong>I vantaggi pi\u00f9 importanti in sintesi: <\/strong><\/p>\n<blockquote>\n<div><img loading=\"lazy\" decoding=\"async\" class=\"alignnone wp-image-59777\" title=\"Icona umidit\u00e0 e regolazione della temperatura verde 2\" src=\"https:\/\/www.climatecoating.com\/wp-content\/uploads\/2025\/11\/Icon_humidity-and-temperature-regulating_green_2-1.png\" alt=\"Icona umidit\u00e0 e regolazione della temperatura verde 2\" width=\"50\" height=\"50\" srcset=\"https:\/\/www.climatecoating.com\/wp-content\/uploads\/2025\/11\/Icon_humidity-and-temperature-regulating_green_2-1.png 242w, https:\/\/www.climatecoating.com\/wp-content\/uploads\/2025\/11\/Icon_humidity-and-temperature-regulating_green_2-1-150x150.png 150w, https:\/\/www.climatecoating.com\/wp-content\/uploads\/2025\/11\/Icon_humidity-and-temperature-regulating_green_2-1-100x100.png 100w\" sizes=\"auto, (max-width: 50px) 100vw, 50px\" \/> regolazione dell&#8217;umidit\u00e0 e della temperatura<\/div>\n<div><img loading=\"lazy\" decoding=\"async\" class=\"alignnone wp-image-59778\" title=\"Icona risparmio energetico verde\" src=\"https:\/\/www.climatecoating.com\/wp-content\/uploads\/2025\/11\/Icon_energy-saving_green-1.png\" alt=\"Icona risparmio energetico verde\" width=\"50\" height=\"50\" srcset=\"https:\/\/www.climatecoating.com\/wp-content\/uploads\/2025\/11\/Icon_energy-saving_green-1.png 242w, https:\/\/www.climatecoating.com\/wp-content\/uploads\/2025\/11\/Icon_energy-saving_green-1-150x150.png 150w, https:\/\/www.climatecoating.com\/wp-content\/uploads\/2025\/11\/Icon_energy-saving_green-1-100x100.png 100w\" sizes=\"auto, (max-width: 50px) 100vw, 50px\" \/> efficienza energetica e risparmio economico<\/div>\n<div><img loading=\"lazy\" decoding=\"async\" class=\"alignnone wp-image-60030\" title=\"Icona robusta e durevole di colore verde\" src=\"https:\/\/www.climatecoating.com\/wp-content\/uploads\/2020\/05\/Icon_robust_and_durable_green_2.png\" alt=\"Icona robusta e durevole di colore verde\" width=\"50\" height=\"50\" srcset=\"https:\/\/www.climatecoating.com\/wp-content\/uploads\/2020\/05\/Icon_robust_and_durable_green_2.png 242w, https:\/\/www.climatecoating.com\/wp-content\/uploads\/2020\/05\/Icon_robust_and_durable_green_2-150x150.png 150w, https:\/\/www.climatecoating.com\/wp-content\/uploads\/2020\/05\/Icon_robust_and_durable_green_2-100x100.png 100w\" sizes=\"auto, (max-width: 50px) 100vw, 50px\" \/> estremamente robusto e durevole<\/div>\n<div><img loading=\"lazy\" decoding=\"async\" class=\"alignnone wp-image-60031\" title=\"L'icona riflette i raggi UV in verde\" src=\"https:\/\/www.climatecoating.com\/wp-content\/uploads\/2020\/05\/Icon_reflects_UV-radiation_green_2.png\" alt=\"L'icona riflette i raggi UV in verde\" width=\"50\" height=\"50\" srcset=\"https:\/\/www.climatecoating.com\/wp-content\/uploads\/2020\/05\/Icon_reflects_UV-radiation_green_2.png 242w, https:\/\/www.climatecoating.com\/wp-content\/uploads\/2020\/05\/Icon_reflects_UV-radiation_green_2-150x150.png 150w, https:\/\/www.climatecoating.com\/wp-content\/uploads\/2020\/05\/Icon_reflects_UV-radiation_green_2-100x100.png 100w\" sizes=\"auto, (max-width: 50px) 100vw, 50px\" \/> resistente ai raggi UV di lunga durata<\/div>\n<div><img loading=\"lazy\" decoding=\"async\" class=\"alignnone wp-image-60498\" title=\"Icon protection algae, mold and weather green\" src=\"https:\/\/www.climatecoating.com\/wp-content\/uploads\/2020\/05\/Icon_protection-algae-mold-and-weather_green.png\" alt=\"Icon protection algae, mold and weather green\" width=\"50\" height=\"50\" srcset=\"https:\/\/www.climatecoating.com\/wp-content\/uploads\/2020\/05\/Icon_protection-algae-mold-and-weather_green.png 242w, https:\/\/www.climatecoating.com\/wp-content\/uploads\/2020\/05\/Icon_protection-algae-mold-and-weather_green-150x150.png 150w, https:\/\/www.climatecoating.com\/wp-content\/uploads\/2020\/05\/Icon_protection-algae-mold-and-weather_green-100x100.png 100w\" sizes=\"auto, (max-width: 50px) 100vw, 50px\" \/> protegge da alghe, muschio, funghi e agenti atmosferici<\/div>\n<\/blockquote>\n","protected":false},"featured_media":40878,"template":"","meta":[],"product_brand":[],"product_cat":[2650,2644,2647,2649,2651],"product_tag":[],"class_list":{"0":"post-41952","1":"product","2":"type-product","3":"status-publish","4":"has-post-thumbnail","6":"product_cat-fuori","7":"product_cat-aree-di-applicazione","8":"product_cat-costruire-e-vivere","9":"product_cat-edifici-pubblici","10":"product_cat-industria-alberghiera-e-gastronomia","12":"first","13":"instock","14":"taxable","15":"shipping-taxable","16":"purchasable","17":"product-type-variable"},"_links":{"self":[{"href":"https:\/\/www.climatecoating.com\/it\/wp-json\/wp\/v2\/product\/41952","targetHints":{"allow":["GET"]}}],"collection":[{"href":"https:\/\/www.climatecoating.com\/it\/wp-json\/wp\/v2\/product"}],"about":[{"href":"https:\/\/www.climatecoating.com\/it\/wp-json\/wp\/v2\/types\/product"}],"wp:featuredmedia":[{"embeddable":true,"href":"https:\/\/www.climatecoating.com\/it\/wp-json\/wp\/v2\/media\/40878"}],"wp:attachment":[{"href":"https:\/\/www.climatecoating.com\/it\/wp-json\/wp\/v2\/media?parent=41952"}],"wp:term":[{"taxonomy":"product_brand","embeddable":true,"href":"https:\/\/www.climatecoating.com\/it\/wp-json\/wp\/v2\/product_brand?post=41952"},{"taxonomy":"product_cat","embeddable":true,"href":"https:\/\/www.climatecoating.com\/it\/wp-json\/wp\/v2\/product_cat?post=41952"},{"taxonomy":"product_tag","embeddable":true,"href":"https:\/\/www.climatecoating.com\/it\/wp-json\/wp\/v2\/product_tag?post=41952"}],"curies":[{"name":"wp","href":"https:\/\/api.w.org\/{rel}","templated":true}]}}