{"id":41955,"date":"2020-07-22T22:26:08","date_gmt":"2020-07-22T20:26:08","guid":{"rendered":"https:\/\/www.climatecoating.com\/produkte\/storia\/"},"modified":"2025-12-10T12:26:42","modified_gmt":"2025-12-10T11:26:42","slug":"history","status":"publish","type":"product","link":"https:\/\/www.climatecoating.com\/it\/produkt\/history\/","title":{"rendered":"History"},"content":{"rendered":"<p><strong>Asciugatura capillare delicata &#8211; protezione con un sistema<br \/>\n<\/strong>Quasi tutti i substrati minerali degli edifici antichi contengono acqua e sali. Per questo motivo, la protezione dei monumenti richiede un rivestimento ottimale, capillare e aperto alla diffusione. In questo modo si evita l&#8217;accumulo di sale e umidit\u00e0 e allo stesso tempo si resiste a tutte le sollecitazioni ambientali moderne. La protezione delle facciate degli edifici tutelati non solo soddisfa i requisiti visivi, ma regola anche delicatamente l&#8217;umidit\u00e0 in modo che l&#8217;edificio rimanga protetto a lungo termine.<\/p>\n<p>Il meccanismo di deumidificazione pi\u00f9 efficace \u00e8 l&#8217;<a href=\"tecnologia a membrana riflettente.\" target=\"_blank\" rel=\"noopener\">asciugatura capillare<\/a>, in cui le forze capillari trasportano l&#8217;acqua e il sale dall&#8217;interno all&#8217;esterno della superficie della parete. History offre una tecnologia che consente una deumidificazione pi\u00f9 delicata fino al livello di umidit\u00e0 di equilibrio dell&#8217;edificio e impedisce l&#8217;ingresso di nuova umidit\u00e0 attraverso i <a href=\"tecnologia a membrana riflettente.\">diodi igrici<\/a>.<\/p>\n<p>Alghe, muschi e funghi non trovano pi\u00f9 un terreno di coltura e le facciate mantengono il loro aspetto prezioso per molti anni: un contributo decisivo per preservare il valore degli edifici tutelati grazie a una regolazione dell&#8217;umidit\u00e0 sempre funzionante.<\/p>\n<p><img loading=\"lazy\" decoding=\"async\" class=\"alignnone wp-image-57174 size-full\" title=\"History deumidificazione della muratura\" src=\"https:\/\/www.climatecoating.com\/wp-content\/uploads\/2025\/12\/History_Mauerwerksentfeuchtung_IT.png\" alt=\"History deumidificazione della muratura\" width=\"1500\" height=\"1024\" \/><\/p>\n<p><strong>Riduzione dei costi di riscaldamento e dei consumi energetici<br \/>\n<\/strong>La muratura asciutta immagazzina il calore in modo significativamente migliore rispetto alle pareti umide. La deumidificazione controllata con History riduce le perdite di calore, riducendo i costi di riscaldamento e il consumo energetico dell&#8217;edificio. Allo stesso tempo, l&#8217;asciugatura capillare riduce l&#8217;uso di sistemi di riscaldamento e condizionamento, fa risparmiare energia e rende il funzionamento dell&#8217;edificio pi\u00f9 sostenibile. History combina quindi la conservazione dei monumenti con una moderna gestione energetica, per un clima interno sano e un&#8217;efficiente conservazione del calore per molti anni.<\/p>\n<p><strong>Proteggi la tua facciata storica a lungo termine, conserva il suo aspetto prezioso e risparmia sui costi di riscaldamento, elettricit\u00e0 ed energia &#8211; con History, il colore funzionale per gli edifici tutelati.<\/strong><\/p>\n","protected":false},"excerpt":{"rendered":"<hr \/>\n<p><strong>L&#8217;alta tecnologia incontra la protezione dei monumenti<br \/>\n<\/strong>L&#8217;innovativa pittura funzionale History combina la tecnologia pi\u00f9 avanzata con i requisiti della protezione dei monumenti. Grazie alla delicata asciugatura capillare e all&#8217;equalizzazione dell&#8217;umidit\u00e0, garantisce facciate asciutte, pulite ed esteticamente gradevoli sugli edifici tutelati. Allo stesso tempo, previene efficacemente l&#8217;ingresso di nuova umidit\u00e0, ad esempio attraverso la pioggia, in modo naturale e puramente fisico, senza alcun additivo chimico.<\/p>\n<p><strong>I vantaggi pi\u00f9 importanti in sintesi:<\/strong><\/p>\n<div><img loading=\"lazy\" decoding=\"async\" class=\"alignnone wp-image-60446\" title=\"Icon raffreddamento evaporativo regolazione dell'umidit\u00e0 verde\" src=\"https:\/\/www.climatecoating.com\/wp-content\/uploads\/2020\/08\/Icon_evaporative-cooling_moisture-regulating_green.png\" alt=\"Icon raffreddamento evaporativo regolazione dell'umidit\u00e0 verde\" width=\"50\" height=\"50\" srcset=\"https:\/\/www.climatecoating.com\/wp-content\/uploads\/2020\/08\/Icon_evaporative-cooling_moisture-regulating_green.png 242w, https:\/\/www.climatecoating.com\/wp-content\/uploads\/2020\/08\/Icon_evaporative-cooling_moisture-regulating_green-150x150.png 150w, https:\/\/www.climatecoating.com\/wp-content\/uploads\/2020\/08\/Icon_evaporative-cooling_moisture-regulating_green-100x100.png 100w\" sizes=\"auto, (max-width: 50px) 100vw, 50px\" \/> gestione equilibrata dell&#8217;umidit\u00e0 e asciugatura capillare delicata<\/div>\n<div><img loading=\"lazy\" decoding=\"async\" class=\"alignnone wp-image-60500\" title=\"Icon resistant to acids, alkalis, ozone green\" src=\"https:\/\/www.climatecoating.com\/wp-content\/uploads\/2020\/07\/Icon_resistant-to-acids-alkalis-ozone_green.png\" alt=\"Icon resistant to acids, alkalis, ozone green\" width=\"50\" height=\"50\" srcset=\"https:\/\/www.climatecoating.com\/wp-content\/uploads\/2020\/07\/Icon_resistant-to-acids-alkalis-ozone_green.png 242w, https:\/\/www.climatecoating.com\/wp-content\/uploads\/2020\/07\/Icon_resistant-to-acids-alkalis-ozone_green-150x150.png 150w, https:\/\/www.climatecoating.com\/wp-content\/uploads\/2020\/07\/Icon_resistant-to-acids-alkalis-ozone_green-100x100.png 100w\" sizes=\"auto, (max-width: 50px) 100vw, 50px\" \/> robusto contro acidi, alcali, ozono, ossidi di azoto e di zolfo<\/div>\n<div><img loading=\"lazy\" decoding=\"async\" class=\"alignnone wp-image-60470\" title=\"Icon dirt repellent green\" src=\"https:\/\/www.climatecoating.com\/wp-content\/uploads\/2020\/07\/Icon_dirt-repellent_green.png\" alt=\"Icon dirt repellent green\" width=\"50\" height=\"50\" srcset=\"https:\/\/www.climatecoating.com\/wp-content\/uploads\/2020\/07\/Icon_dirt-repellent_green.png 242w, https:\/\/www.climatecoating.com\/wp-content\/uploads\/2020\/07\/Icon_dirt-repellent_green-150x150.png 150w, https:\/\/www.climatecoating.com\/wp-content\/uploads\/2020\/07\/Icon_dirt-repellent_green-100x100.png 100w\" sizes=\"auto, (max-width: 50px) 100vw, 50px\" \/> repellente allo sporco<\/div>\n<div><img loading=\"lazy\" decoding=\"async\" class=\"alignnone wp-image-59778\" title=\"Icona risparmio energetico verde\" src=\"https:\/\/www.climatecoating.com\/wp-content\/uploads\/2025\/11\/Icon_energy-saving_green-1.png\" alt=\"Icona risparmio energetico verde\" width=\"50\" height=\"50\" srcset=\"https:\/\/www.climatecoating.com\/wp-content\/uploads\/2025\/11\/Icon_energy-saving_green-1.png 242w, https:\/\/www.climatecoating.com\/wp-content\/uploads\/2025\/11\/Icon_energy-saving_green-1-150x150.png 150w, https:\/\/www.climatecoating.com\/wp-content\/uploads\/2025\/11\/Icon_energy-saving_green-1-100x100.png 100w\" sizes=\"auto, (max-width: 50px) 100vw, 50px\" \/> efficienza energetica e risparmio economico<\/div>\n<div><img loading=\"lazy\" decoding=\"async\" class=\"alignnone wp-image-60471\" title=\"Icon works physically green\" src=\"https:\/\/www.climatecoating.com\/wp-content\/uploads\/2020\/07\/Icon_works-physically_green.png\" alt=\"Icon works physically green\" width=\"50\" height=\"50\" srcset=\"https:\/\/www.climatecoating.com\/wp-content\/uploads\/2020\/07\/Icon_works-physically_green.png 242w, https:\/\/www.climatecoating.com\/wp-content\/uploads\/2020\/07\/Icon_works-physically_green-150x150.png 150w, https:\/\/www.climatecoating.com\/wp-content\/uploads\/2020\/07\/Icon_works-physically_green-100x100.png 100w\" sizes=\"auto, (max-width: 50px) 100vw, 50px\" \/> funziona fisicamente invece che chimicamente<\/div>\n","protected":false},"featured_media":40884,"template":"","meta":[],"product_brand":[],"product_cat":[2644,2648,2650,2646],"product_tag":[],"class_list":{"0":"post-41955","1":"product","2":"type-product","3":"status-publish","4":"has-post-thumbnail","6":"product_cat-aree-di-applicazione","7":"product_cat-protezione-delle-facciate-storiche","8":"product_cat-fuori","9":"product_cat-protezione-del-monumento","11":"first","12":"instock","13":"taxable","14":"shipping-taxable","15":"purchasable","16":"product-type-variable"},"_links":{"self":[{"href":"https:\/\/www.climatecoating.com\/it\/wp-json\/wp\/v2\/product\/41955","targetHints":{"allow":["GET"]}}],"collection":[{"href":"https:\/\/www.climatecoating.com\/it\/wp-json\/wp\/v2\/product"}],"about":[{"href":"https:\/\/www.climatecoating.com\/it\/wp-json\/wp\/v2\/types\/product"}],"wp:featuredmedia":[{"embeddable":true,"href":"https:\/\/www.climatecoating.com\/it\/wp-json\/wp\/v2\/media\/40884"}],"wp:attachment":[{"href":"https:\/\/www.climatecoating.com\/it\/wp-json\/wp\/v2\/media?parent=41955"}],"wp:term":[{"taxonomy":"product_brand","embeddable":true,"href":"https:\/\/www.climatecoating.com\/it\/wp-json\/wp\/v2\/product_brand?post=41955"},{"taxonomy":"product_cat","embeddable":true,"href":"https:\/\/www.climatecoating.com\/it\/wp-json\/wp\/v2\/product_cat?post=41955"},{"taxonomy":"product_tag","embeddable":true,"href":"https:\/\/www.climatecoating.com\/it\/wp-json\/wp\/v2\/product_tag?post=41955"}],"curies":[{"name":"wp","href":"https:\/\/api.w.org\/{rel}","templated":true}]}}