{"id":41963,"date":"2020-08-26T09:46:31","date_gmt":"2020-08-26T07:46:31","guid":{"rendered":"https:\/\/www.climatecoating.com\/produkte\/lumen\/"},"modified":"2026-01-26T11:24:41","modified_gmt":"2026-01-26T10:24:41","slug":"lumen","status":"publish","type":"product","link":"https:\/\/www.climatecoating.com\/it\/produkt\/lumen\/","title":{"rendered":"Lumen"},"content":{"rendered":"<p><strong>Tecnologia a membrana riflettente per la massima luminosit\u00e0<br \/>\n<\/strong>L&#8217;innovazione speciale di Lumen \u00e8 la <a href=\"https:\/\/www.climatecoating.com\/it\/azienda\/glossario\/\" target=\"_blank\" rel=\"noopener\">tecnologia a membrana riflettente<\/a>. Milioni di minuscole <a href=\"https:\/\/www.climatecoating.com\/it\/azienda\/glossario\/\" target=\"_blank\" rel=\"noopener\">perle cave di vetroceramica<\/a> aumentano la riflessione della luce diffusa &#8211; del 6% per il bianco e fino al 420% per il nero. Lumen distribuisce la luce in modo uniforme nell&#8217;ambiente, riduce le ombre fastidiose e permette ai colori scuri di mantenere la loro profondit\u00e0: per ambienti luminosi e armoniosi con un effetto luminoso ottimale.tecnologia a membrana riflettente.<\/p>\n<p>Test indipendenti dimostrano che: L&#8217;effettivo valore di riflessione misurato in ogni tonalit\u00e0 di colore \u00e8 significativamente superiore ai valori standard dei programmi professionali di calcolo della luce come <a href=\"https:\/\/www.dialux.com\/de-DE\/\" target=\"_blank\" rel=\"noopener\">Dialux<\/a>. Questo permette ad architetti e designer di utilizzare i colori scuri in modo creativo senza sacrificare la luminosit\u00e0.<\/p>\n<p><img loading=\"lazy\" decoding=\"async\" class=\"alignnone wp-image-57143 size-full\" title=\"Valori di riflessione dei lumen\" src=\"https:\/\/www.climatecoating.com\/wp-content\/uploads\/2025\/12\/Lumen-Reflexionswerte_IT_2025-scaled.png\" alt=\"Valori di riflessione dei lumen \" width=\"2560\" height=\"1244\" \/><\/p>\n<p>L&#8217;innovativa pittura murale combina la massima funzionalit\u00e0 con una tecnologia innovativa e un&#8217;ampia gamma di colori. Viene utilizzata in tutti i casi in cui \u00e8 fondamentale un&#8217;emissione luminosa ottimale:<\/p>\n<ul>\n<li>Uffici, scuole, strutture di assistenza,<\/li>\n<li>Studi, laboratori, musei<\/li>\n<li>Parcheggi sotterranei, metropolitane<\/li>\n<li>E anche a casa, ovviamente.<\/li>\n<\/ul>\n<p data-start=\"2127\" data-end=\"2298\">Un esempio particolarmente impressionante \u00e8 la <a href=\"https:\/\/www.climatecoating.com\/it\/comunicato-stampa-arte-sotto-i-riflettori\/?hilite=Lumen\" target=\"_blank\" rel=\"noopener\">fondazione artistica e culturale Opelvillen di R\u00fcsselsheim<\/a>.<br \/>\nLumen allestisce la scena per le mostre.<\/p>\n<p data-start=\"2300\" data-end=\"2535\">&#8220;<em>Grazie a &#8216;Lumen&#8217; abbiamo avuto enormi possibilit\u00e0 di giocare con la luce durante la progettazione della mostra&#8221;,<\/em> afferma la dott.ssa Beate Kemfert, curatrice e direttrice della Fondazione d&#8217;Arte e Cultura Opelvillen R\u00fcsselsheim. L&#8217;elevata riflessione permette di esporre le opere in modo mirato, in modo che i visitatori possano percepire l&#8217;arte in modo pi\u00f9 intenso e allo stesso tempo la stanza risulti armoniosa.<\/p>\n<p><strong>Lumen fa letteralmente brillare le stanze, per un ambiente di vita e di lavoro piacevole, sano e stimolante.<\/strong><\/p>\n","protected":false},"excerpt":{"rendered":"<hr \/>\n<p><strong>Pi\u00f9 luminosit\u00e0 e benessere per gli interni<br \/>\n<\/strong>Lumen \u00e8 pi\u00f9 di una semplice pittura per pareti e soffitti interni: \u00e8 un potente amplificatore di luce per gli interni. Questa pittura funzionale altamente efficace garantisce un equilibrio ottimale di luminosit\u00e0 e fa apparire gli ambienti visibilmente pi\u00f9 luminosi, anche con tonalit\u00e0 di colore scure. Questo crea un effetto di illuminazione naturale, un&#8217;atmosfera armoniosa e un ambiente sano e accogliente. Allo stesso tempo, Lumen migliora l&#8217;acustica degli ambienti e favorisce un senso di benessere.<\/p>\n<p data-start=\"639\" data-end=\"688\"><strong data-start=\"643\" data-end=\"688\">I vantaggi pi\u00f9 importanti in sintesi:<\/strong><\/p>\n<div><img loading=\"lazy\" decoding=\"async\" class=\"alignnone wp-image-59776\" title=\"Icona clima interno sano e verde\" src=\"https:\/\/www.climatecoating.com\/wp-content\/uploads\/2025\/11\/Icon_healthy-indoor-climate_green.png\" alt=\"Icona clima interno sano e verde\" width=\"50\" height=\"50\" srcset=\"https:\/\/www.climatecoating.com\/wp-content\/uploads\/2025\/11\/Icon_healthy-indoor-climate_green.png 242w, https:\/\/www.climatecoating.com\/wp-content\/uploads\/2025\/11\/Icon_healthy-indoor-climate_green-150x150.png 150w, https:\/\/www.climatecoating.com\/wp-content\/uploads\/2025\/11\/Icon_healthy-indoor-climate_green-100x100.png 100w\" sizes=\"auto, (max-width: 50px) 100vw, 50px\" \/> un clima interno sano<\/div>\n<div><img loading=\"lazy\" decoding=\"async\" class=\"alignnone wp-image-59777\" title=\"Icona umidit\u00e0 e regolazione della temperatura verde 2\" src=\"https:\/\/www.climatecoating.com\/wp-content\/uploads\/2025\/11\/Icon_humidity-and-temperature-regulating_green_2-1.png\" alt=\"Icona umidit\u00e0 e regolazione della temperatura verde 2\" width=\"50\" height=\"50\" srcset=\"https:\/\/www.climatecoating.com\/wp-content\/uploads\/2025\/11\/Icon_humidity-and-temperature-regulating_green_2-1.png 242w, https:\/\/www.climatecoating.com\/wp-content\/uploads\/2025\/11\/Icon_humidity-and-temperature-regulating_green_2-1-150x150.png 150w, https:\/\/www.climatecoating.com\/wp-content\/uploads\/2025\/11\/Icon_humidity-and-temperature-regulating_green_2-1-100x100.png 100w\" sizes=\"auto, (max-width: 50px) 100vw, 50px\" \/> regolazione dell&#8217;umidit\u00e0 e della temperatura<\/div>\n<div><img loading=\"lazy\" decoding=\"async\" class=\"alignnone wp-image-59778\" title=\"Icona risparmio energetico verde\" src=\"https:\/\/www.climatecoating.com\/wp-content\/uploads\/2025\/11\/Icon_energy-saving_green-1.png\" alt=\"Icona risparmio energetico verde\" width=\"50\" height=\"50\" srcset=\"https:\/\/www.climatecoating.com\/wp-content\/uploads\/2025\/11\/Icon_energy-saving_green-1.png 242w, https:\/\/www.climatecoating.com\/wp-content\/uploads\/2025\/11\/Icon_energy-saving_green-1-150x150.png 150w, https:\/\/www.climatecoating.com\/wp-content\/uploads\/2025\/11\/Icon_energy-saving_green-1-100x100.png 100w\" sizes=\"auto, (max-width: 50px) 100vw, 50px\" \/> efficienza energetica e risparmio economico<\/div>\n<div><img loading=\"lazy\" decoding=\"async\" class=\"alignnone wp-image-59779\" title=\"Icon repellente allo sporco e alla nicotina\" src=\"https:\/\/www.climatecoating.com\/wp-content\/uploads\/2025\/11\/Icon_dirt-nicotine-repellent.png\" alt=\"Icon repellente allo sporco e alla nicotina\" width=\"50\" height=\"50\" srcset=\"https:\/\/www.climatecoating.com\/wp-content\/uploads\/2025\/11\/Icon_dirt-nicotine-repellent.png 242w, https:\/\/www.climatecoating.com\/wp-content\/uploads\/2025\/11\/Icon_dirt-nicotine-repellent-150x150.png 150w, https:\/\/www.climatecoating.com\/wp-content\/uploads\/2025\/11\/Icon_dirt-nicotine-repellent-100x100.png 100w\" sizes=\"auto, (max-width: 50px) 100vw, 50px\" \/>\u00a0 repellente per lo sporco e la nicotina<\/div>\n<div><img loading=\"lazy\" decoding=\"async\" class=\"alignnone wp-image-59780\" title=\"Icona Intervalli di rinnovo verde\" src=\"https:\/\/www.climatecoating.com\/wp-content\/uploads\/2025\/11\/Icon_renovation-intervals_green.png\" alt=\"Icona Intervalli di rinnovo verde\" width=\"50\" height=\"50\" srcset=\"https:\/\/www.climatecoating.com\/wp-content\/uploads\/2025\/11\/Icon_renovation-intervals_green.png 242w, https:\/\/www.climatecoating.com\/wp-content\/uploads\/2025\/11\/Icon_renovation-intervals_green-150x150.png 150w, https:\/\/www.climatecoating.com\/wp-content\/uploads\/2025\/11\/Icon_renovation-intervals_green-100x100.png 100w\" sizes=\"auto, (max-width: 50px) 100vw, 50px\" \/> estende gli intervalli di ristrutturazione<\/div>\n<div><img loading=\"lazy\" decoding=\"async\" class=\"alignnone wp-image-59791\" title=\"Icona 100 000 colori verde 2\" src=\"https:\/\/www.climatecoating.com\/wp-content\/uploads\/2020\/08\/Icon_100-000-colors_green_2.png\" alt=\"Icona 100 000 colori verde 2\" width=\"50\" height=\"50\" srcset=\"https:\/\/www.climatecoating.com\/wp-content\/uploads\/2020\/08\/Icon_100-000-colors_green_2.png 242w, https:\/\/www.climatecoating.com\/wp-content\/uploads\/2020\/08\/Icon_100-000-colors_green_2-150x150.png 150w, https:\/\/www.climatecoating.com\/wp-content\/uploads\/2020\/08\/Icon_100-000-colors_green_2-100x100.png 100w\" sizes=\"auto, (max-width: 50px) 100vw, 50px\" \/> &gt; 100.000 sfumature di colore<\/div>\n","protected":false},"featured_media":40882,"template":"","meta":[],"product_brand":[],"product_cat":[2644,2647,2698,2649,2651],"product_tag":[],"class_list":{"0":"post-41963","1":"product","2":"type-product","3":"status-publish","4":"has-post-thumbnail","6":"product_cat-aree-di-applicazione","7":"product_cat-costruire-e-vivere","8":"product_cat-allinterno-di","9":"product_cat-edifici-pubblici","10":"product_cat-industria-alberghiera-e-gastronomia","12":"first","13":"instock","14":"taxable","15":"shipping-taxable","16":"purchasable","17":"product-type-variable"},"_links":{"self":[{"href":"https:\/\/www.climatecoating.com\/it\/wp-json\/wp\/v2\/product\/41963","targetHints":{"allow":["GET"]}}],"collection":[{"href":"https:\/\/www.climatecoating.com\/it\/wp-json\/wp\/v2\/product"}],"about":[{"href":"https:\/\/www.climatecoating.com\/it\/wp-json\/wp\/v2\/types\/product"}],"wp:featuredmedia":[{"embeddable":true,"href":"https:\/\/www.climatecoating.com\/it\/wp-json\/wp\/v2\/media\/40882"}],"wp:attachment":[{"href":"https:\/\/www.climatecoating.com\/it\/wp-json\/wp\/v2\/media?parent=41963"}],"wp:term":[{"taxonomy":"product_brand","embeddable":true,"href":"https:\/\/www.climatecoating.com\/it\/wp-json\/wp\/v2\/product_brand?post=41963"},{"taxonomy":"product_cat","embeddable":true,"href":"https:\/\/www.climatecoating.com\/it\/wp-json\/wp\/v2\/product_cat?post=41963"},{"taxonomy":"product_tag","embeddable":true,"href":"https:\/\/www.climatecoating.com\/it\/wp-json\/wp\/v2\/product_tag?post=41963"}],"curies":[{"name":"wp","href":"https:\/\/api.w.org\/{rel}","templated":true}]}}