{"id":41968,"date":"2020-07-22T22:40:07","date_gmt":"2020-07-22T20:40:07","guid":{"rendered":"https:\/\/www.climatecoating.com\/produkte\/stuccotex-80\/"},"modified":"2026-03-16T11:24:33","modified_gmt":"2026-03-16T10:24:33","slug":"stuccotex-80","status":"publish","type":"product","link":"https:\/\/www.climatecoating.com\/it\/produkt\/stuccotex-80\/","title":{"rendered":"StuccoTex 80"},"content":{"rendered":"<p><strong>Struttura innovativa per substrati esigenti<\/strong><\/p>\n<p>Leggero, veloce da applicare ed estremamente resistente agli agenti atmosferici: ecco come dovrebbe essere un intonaco in termini di applicazione e propriet\u00e0. StuccoTex 80 pu\u00f2 fare ancora di pi\u00f9, perch\u00e9 \u00e8 altamente elastico e riduce le sollecitazioni termiche in modo da poter essere applicato anche su substrati difficili come il legno. Questo \u00e8 possibile grazie all&#8217;innovativa tecnologia della <a href=\"https:\/\/www.climatecoating.com\/it\/azienda\/glossario\/\" target=\"_blank\" rel=\"noopener\">membrana riflettente<\/a>. Con <a href=\"https:\/\/www.climatecoating.com\/it\/product\/stuccoprimer\/\" target=\"_blank\" rel=\"noopener\">StuccoPrimer<\/a>, il substrato viene preparato in modo ottimale, l&#8217;assorbenza viene ridotta e l&#8217;adesione di StuccoTex 80 a quasi tutti i substrati \u00e8 assicurata.<\/p>\n<p><strong>Progetta in base ai tuoi gusti<\/strong><\/p>\n<p>La struttura a grana fine di circa 1,0 mm crea una superficie decorativa e dalla texture omogenea. Puoi scegliere tra il classico bianco e i bellissimi e moderni colori pastello. Con la pittura a risparmio energetico <a href=\"https:\/\/www.climatecoating.com\/it\/product\/thermoprotect\/\" target=\"_blank\" rel=\"noopener\">ThermoProtect<\/a> puoi creare accenti di colore forti. Questa pittura funzionale mantiene tutte le propriet\u00e0 funzionali di StuccoTex 80 senza che tu debba preoccuparti dei valori cromatici chiari.<\/p>\n<p><img loading=\"lazy\" decoding=\"async\" class=\"alignnone wp-image-0 size-full\" title=\"StuccoTex Putz System Funktionsweise\" src=\"https:\/\/www.climatecoating.com\/wp-content\/uploads\/2025\/12\/StuccoTex-Putz-System_Funktionsweise_IT_1500x110px.png\" alt=\"StuccoTex Putz System Funktionsweise \" width=\"1600\" height=\"1150\" \/><\/p>\n<p><strong>Facile da usare<\/strong><\/p>\n<p>StuccoTex 80 si applica a spruzzo a una pressione di 3,5 bar e non deve essere lisciato. Il materiale \u00e8 pronto all&#8217;uso e, se necessario, pu\u00f2 essere regolato con acqua per ottenere la viscosit\u00e0 di applicazione desiderata.<\/p>\n","protected":false},"excerpt":{"rendered":"<hr \/>\n<p><strong>Il primo intonaco leggero e flessibile<\/strong><\/p>\n<p>Con un peso a secco di soli 0,85 kg\/dm\u00b3, l&#8217;intonaco leggero strutturato StuccoTex 80 \u00e8 cos\u00ec leggero da non influire sulle condizioni strutturali della facciata. Grazie alla sua elevata elasticit\u00e0, le sollecitazioni termiche sono notevolmente ridotte, anche su substrati difficili come il legno. Questo intonaco leggero si adatta ai movimenti del substrato. Puoi praticamente piegare questo intonaco leggero!<\/p>\n<p><strong>I vantaggi pi\u00f9 importanti in sintesi:<\/strong><\/p>\n<div><img loading=\"lazy\" decoding=\"async\" class=\"alignnone wp-image-60501\" title=\"Icon lightweight facade plaster 2 green\" src=\"https:\/\/www.climatecoating.com\/wp-content\/uploads\/2020\/07\/Icon_lightweight-facade-plaster_2_green.png\" alt=\"Icon lightweight facade plaster 2 green\" width=\"50\" height=\"50\" srcset=\"https:\/\/www.climatecoating.com\/wp-content\/uploads\/2020\/07\/Icon_lightweight-facade-plaster_2_green.png 242w, https:\/\/www.climatecoating.com\/wp-content\/uploads\/2020\/07\/Icon_lightweight-facade-plaster_2_green-150x150.png 150w, https:\/\/www.climatecoating.com\/wp-content\/uploads\/2020\/07\/Icon_lightweight-facade-plaster_2_green-100x100.png 100w\" sizes=\"auto, (max-width: 50px) 100vw, 50px\" \/> 0,85 kg\/dm\u00b3 leggero<\/div>\n<div><img loading=\"lazy\" decoding=\"async\" class=\"alignnone wp-image-60480\" title=\"Icon elastica e robusta verde 2\" src=\"https:\/\/www.climatecoating.com\/wp-content\/uploads\/2020\/08\/Icon_elastic-and-robust_green_2-1.png\" alt=\"Icon elastica e robusta verde 2\" width=\"50\" height=\"50\" srcset=\"https:\/\/www.climatecoating.com\/wp-content\/uploads\/2020\/08\/Icon_elastic-and-robust_green_2-1.png 242w, https:\/\/www.climatecoating.com\/wp-content\/uploads\/2020\/08\/Icon_elastic-and-robust_green_2-1-150x150.png 150w, https:\/\/www.climatecoating.com\/wp-content\/uploads\/2020\/08\/Icon_elastic-and-robust_green_2-1-100x100.png 100w\" sizes=\"auto, (max-width: 50px) 100vw, 50px\" \/> massima elasticit\u00e0 contro le sollecitazioni della temperatura<\/div>\n<div><img loading=\"lazy\" decoding=\"async\" class=\"alignnone wp-image-60449\" title=\"Stampo di protezione Icon verde\" src=\"https:\/\/www.climatecoating.com\/wp-content\/uploads\/2020\/08\/Icon_protection-mold_green.png\" alt=\"Stampo di protezione Icon verde\" width=\"50\" height=\"50\" srcset=\"https:\/\/www.climatecoating.com\/wp-content\/uploads\/2020\/08\/Icon_protection-mold_green.png 242w, https:\/\/www.climatecoating.com\/wp-content\/uploads\/2020\/08\/Icon_protection-mold_green-150x150.png 150w, https:\/\/www.climatecoating.com\/wp-content\/uploads\/2020\/08\/Icon_protection-mold_green-100x100.png 100w\" sizes=\"auto, (max-width: 50px) 100vw, 50px\" \/> previene la crescita di licheni, alghe, muschi e funghi<\/div>\n<div><img loading=\"lazy\" decoding=\"async\" class=\"alignnone wp-image-60470\" title=\"Icon dirt repellent green\" src=\"https:\/\/www.climatecoating.com\/wp-content\/uploads\/2020\/07\/Icon_dirt-repellent_green.png\" alt=\"Icon dirt repellent green\" width=\"50\" height=\"50\" srcset=\"https:\/\/www.climatecoating.com\/wp-content\/uploads\/2020\/07\/Icon_dirt-repellent_green.png 242w, https:\/\/www.climatecoating.com\/wp-content\/uploads\/2020\/07\/Icon_dirt-repellent_green-150x150.png 150w, https:\/\/www.climatecoating.com\/wp-content\/uploads\/2020\/07\/Icon_dirt-repellent_green-100x100.png 100w\" sizes=\"auto, (max-width: 50px) 100vw, 50px\" \/> repellente allo sporco<\/div>\n<div><img loading=\"lazy\" decoding=\"async\" class=\"alignnone wp-image-59778\" title=\"Icona risparmio energetico verde\" src=\"https:\/\/www.climatecoating.com\/wp-content\/uploads\/2025\/11\/Icon_energy-saving_green-1.png\" alt=\"Icona risparmio energetico verde\" width=\"50\" height=\"50\" srcset=\"https:\/\/www.climatecoating.com\/wp-content\/uploads\/2025\/11\/Icon_energy-saving_green-1.png 242w, https:\/\/www.climatecoating.com\/wp-content\/uploads\/2025\/11\/Icon_energy-saving_green-1-150x150.png 150w, https:\/\/www.climatecoating.com\/wp-content\/uploads\/2025\/11\/Icon_energy-saving_green-1-100x100.png 100w\" sizes=\"auto, (max-width: 50px) 100vw, 50px\" \/> risparmia sui costi del riscaldamento, sull&#8217;elettricit\u00e0 e sull&#8217;energia in inverno<\/div>\n","protected":false},"featured_media":40886,"template":"","meta":[],"product_brand":[],"product_cat":[4321,2644,2647,2650,2698,2649],"product_tag":[],"class_list":{"0":"post-41968","1":"product","2":"type-product","3":"status-publish","4":"has-post-thumbnail","6":"product_cat-intonaci-esterni-interni","7":"product_cat-aree-di-applicazione","8":"product_cat-costruire-e-vivere","9":"product_cat-fuori","10":"product_cat-allinterno-di","11":"product_cat-edifici-pubblici","13":"first","14":"instock","15":"taxable","16":"shipping-taxable","17":"purchasable","18":"product-type-variable"},"_links":{"self":[{"href":"https:\/\/www.climatecoating.com\/it\/wp-json\/wp\/v2\/product\/41968","targetHints":{"allow":["GET"]}}],"collection":[{"href":"https:\/\/www.climatecoating.com\/it\/wp-json\/wp\/v2\/product"}],"about":[{"href":"https:\/\/www.climatecoating.com\/it\/wp-json\/wp\/v2\/types\/product"}],"wp:featuredmedia":[{"embeddable":true,"href":"https:\/\/www.climatecoating.com\/it\/wp-json\/wp\/v2\/media\/40886"}],"wp:attachment":[{"href":"https:\/\/www.climatecoating.com\/it\/wp-json\/wp\/v2\/media?parent=41968"}],"wp:term":[{"taxonomy":"product_brand","embeddable":true,"href":"https:\/\/www.climatecoating.com\/it\/wp-json\/wp\/v2\/product_brand?post=41968"},{"taxonomy":"product_cat","embeddable":true,"href":"https:\/\/www.climatecoating.com\/it\/wp-json\/wp\/v2\/product_cat?post=41968"},{"taxonomy":"product_tag","embeddable":true,"href":"https:\/\/www.climatecoating.com\/it\/wp-json\/wp\/v2\/product_tag?post=41968"}],"curies":[{"name":"wp","href":"https:\/\/api.w.org\/{rel}","templated":true}]}}