{"id":41969,"date":"2020-08-09T15:05:04","date_gmt":"2020-08-09T13:05:04","guid":{"rendered":"https:\/\/www.climatecoating.com\/produkte\/riempimento-sicuro-in-pu\/"},"modified":"2026-02-16T12:50:27","modified_gmt":"2026-02-16T11:50:27","slug":"pu-safe-filler","status":"publish","type":"product","link":"https:\/\/www.climatecoating.com\/it\/produkt\/pu-safe-filler\/","title":{"rendered":"PU Safe Filler"},"content":{"rendered":"<p>L&#8217;apertura di diffusione variabile di PU Safe Filler permette di utilizzarlo sia all&#8217;interno che all&#8217;esterno. PU Safe Filler asciuga in modo plasto-elastico, impermeabile, chimicamente neutro e inodore. L&#8217;alta flessibilit\u00e0 dello stucco \u00e8 particolarmente importante nel caso di movimenti termici e strutturali degli elementi di costruzione, perch\u00e9 questo assicura una superficie di tenuta ininterrotta. PU Safe Filler aderisce bene a tutti i materiali da costruzione convenzionali, come il PVC e l&#8217;alluminio rivestito di vernice o di pellicola plastica colorata. Il sigillante \u00e8 classicamente usato nell&#8217;assemblaggio di porte e finestre quando si lavora con la schiuma PU.<\/p>\n","protected":false},"excerpt":{"rendered":"<hr \/>\n<p>PU Safe Filler \u00e8 un sigillante o riempitivo da applicare sulla schiuma di poliuretano. Il filler chiude i pori della schiuma PU e crea una superficie omogenea per la successiva lavorazione con PU Safe Coating.<\/p>\n","protected":false},"featured_media":41066,"template":"","meta":[],"product_brand":[],"product_cat":[2647,2689,2644,2694,2700,2649,2651],"product_tag":[],"class_list":{"0":"post-41969","1":"product","2":"type-product","3":"status-publish","4":"has-post-thumbnail","6":"product_cat-costruire-e-vivere","7":"product_cat-applicazioni-allesterno","8":"product_cat-aree-di-applicazione","9":"product_cat-prodotti","10":"product_cat-sigillatura-delle-finestre","11":"product_cat-edifici-pubblici","12":"product_cat-industria-alberghiera-e-gastronomia","14":"first","15":"instock","16":"taxable","17":"shipping-taxable","18":"purchasable","19":"product-type-simple"},"_links":{"self":[{"href":"https:\/\/www.climatecoating.com\/it\/wp-json\/wp\/v2\/product\/41969","targetHints":{"allow":["GET"]}}],"collection":[{"href":"https:\/\/www.climatecoating.com\/it\/wp-json\/wp\/v2\/product"}],"about":[{"href":"https:\/\/www.climatecoating.com\/it\/wp-json\/wp\/v2\/types\/product"}],"wp:featuredmedia":[{"embeddable":true,"href":"https:\/\/www.climatecoating.com\/it\/wp-json\/wp\/v2\/media\/41066"}],"wp:attachment":[{"href":"https:\/\/www.climatecoating.com\/it\/wp-json\/wp\/v2\/media?parent=41969"}],"wp:term":[{"taxonomy":"product_brand","embeddable":true,"href":"https:\/\/www.climatecoating.com\/it\/wp-json\/wp\/v2\/product_brand?post=41969"},{"taxonomy":"product_cat","embeddable":true,"href":"https:\/\/www.climatecoating.com\/it\/wp-json\/wp\/v2\/product_cat?post=41969"},{"taxonomy":"product_tag","embeddable":true,"href":"https:\/\/www.climatecoating.com\/it\/wp-json\/wp\/v2\/product_tag?post=41969"}],"curies":[{"name":"wp","href":"https:\/\/api.w.org\/{rel}","templated":true}]}}