{"id":41985,"date":"2020-08-26T09:54:18","date_gmt":"2020-08-26T07:54:18","guid":{"rendered":"https:\/\/www.climatecoating.com\/produkte\/fixplus\/"},"modified":"2026-02-19T10:30:49","modified_gmt":"2026-02-19T09:30:49","slug":"fixplus","status":"publish","type":"product","link":"https:\/\/www.climatecoating.com\/it\/produkt\/fixplus\/","title":{"rendered":"FixPlus"},"content":{"rendered":"<p>FixPlus consolida tutti i supporti di intonaco secondo la norma DIN 18500 se la loro capacit\u00e0 portante \u00e8 insufficiente e regola la loro assorbenza. FixPlus ha un&#8217;ottima penetrazione del substrato, asciuga rapidamente, \u00e8 aperto alla diffusione, non contiene solventi e ha un&#8217;alta resistenza finale.<\/p>\n","protected":false},"excerpt":{"rendered":"<hr \/>\n<p>Una buona preparazione \u00e8 met\u00e0 della battaglia.<\/p>\n","protected":false},"featured_media":40892,"template":"","meta":[],"product_brand":[],"product_cat":[2644,2647,2721],"product_tag":[],"class_list":{"0":"post-41985","1":"product","2":"type-product","3":"status-publish","4":"has-post-thumbnail","6":"product_cat-aree-di-applicazione","7":"product_cat-costruire-e-vivere","8":"product_cat-altri-prodotti","10":"first","11":"instock","12":"taxable","13":"shipping-taxable","14":"purchasable","15":"product-type-variable"},"_links":{"self":[{"href":"https:\/\/www.climatecoating.com\/it\/wp-json\/wp\/v2\/product\/41985","targetHints":{"allow":["GET"]}}],"collection":[{"href":"https:\/\/www.climatecoating.com\/it\/wp-json\/wp\/v2\/product"}],"about":[{"href":"https:\/\/www.climatecoating.com\/it\/wp-json\/wp\/v2\/types\/product"}],"wp:featuredmedia":[{"embeddable":true,"href":"https:\/\/www.climatecoating.com\/it\/wp-json\/wp\/v2\/media\/40892"}],"wp:attachment":[{"href":"https:\/\/www.climatecoating.com\/it\/wp-json\/wp\/v2\/media?parent=41985"}],"wp:term":[{"taxonomy":"product_brand","embeddable":true,"href":"https:\/\/www.climatecoating.com\/it\/wp-json\/wp\/v2\/product_brand?post=41985"},{"taxonomy":"product_cat","embeddable":true,"href":"https:\/\/www.climatecoating.com\/it\/wp-json\/wp\/v2\/product_cat?post=41985"},{"taxonomy":"product_tag","embeddable":true,"href":"https:\/\/www.climatecoating.com\/it\/wp-json\/wp\/v2\/product_tag?post=41985"}],"curies":[{"name":"wp","href":"https:\/\/api.w.org\/{rel}","templated":true}]}}